{"id":9954,"date":"2023-06-24T18:13:26","date_gmt":"2023-06-24T16:13:26","guid":{"rendered":"https:\/\/vivasem.ro\/?post_type=product&#038;p=9954"},"modified":"2024-03-25T12:59:48","modified_gmt":"2024-03-25T10:59:48","slug":"fasole-goldfield-golden-gate-100g","status":"publish","type":"product","link":"https:\/\/vivasem.ro\/?product=fasole-goldfield-golden-gate-100g","title":{"rendered":"\u201e\u201eFasole  GOLDFIELD GOLDEN GATE 100g"},"content":{"rendered":"<h6><span style=\"color: #ff0000;\"><strong><u>FASOLE GOLDFIELD GOLDEN GATE &#8211; Ambalat\u0103 de\u00a0 :Agrosem T\u00e2rgu Mure\u0219,<\/u><\/strong><\/span><\/h6>\n<h6><span style=\"color: #ff6600;\">SEMIN\u021aE TRATATE,PRODUSE \u00ceN Olanda.<\/span><\/h6>\n<h6><span style=\"color: #0000ff;\"><strong>SOI TIMPURIU DE ARAC, DEOSEBIT DE PRODUCTIV, AV\u00c2ND\u00a0 P\u0102STAIA GALBEN\u0102 FOARTE LAT\u0102, DE 24-25 mm \u0218I FOARTE LUNG\u0102, DE CIRCA 25 cm ., <\/strong><\/span>\u00a0<span style=\"color: #0000ff;\">FRAGED\u0102 \u0218I F\u0102R\u0102 A\u021aE.\u00a0<\/span><\/h6>\n<h6><span style=\"color: #0000ff;\">PLANTELE SUNT <strong>FOARTE VIGUROASE , CE POT DEP\u0102\u0218I 4 m LUNGIME, <\/strong>AU UN PORT DESCHIS.<\/span><\/h6>\n<h6><span style=\"color: #0000ff;\">SE CULTIV\u0102 CU REZULTATE FOARTE BUNE \u00ceN C\u00c2MP \u0218I EXCEP\u021aIONALE \u00ceN SOLAR.<\/span><\/h6>\n<h6>\u00cen\u00a0 cultura protejat\u0103 se cultiv\u0103 350 plante\/100 mp, iar \u00een c\u00e2mp 600\/100 mp.<\/h6>\n<h6>Maturitate \u00een 65 de zile.<\/h6>\n<h6>Este rezistent\u0103 la Virusul mozaicului fasolei V1.<\/h6>\n<h6>Pentru FRUCTIFICARE TIMPURIE ,SE RECOMAND\u0102 C\u00c2RNITUL PLANTEI LA 0,5m, 1m. \u0219i la 1,5 m.<\/h6>\n<h6><span style=\"color: #0000ff;\"><span style=\"color: #ff6600;\">Semintele sunt tratate cu<\/span> <\/span><span style=\"color: #ff6600;\">Biostim , un tratament organic de \u00eembun\u0103t\u0103\u021bire a semin\u021belor care protejeaz\u0103 \u0219i hr\u0103ne\u0219te semin\u021bele, datorit\u0103 filmului organic \u0219i nutrien\u021bilor ad\u0103uga\u021bi. <\/span><span style=\"color: #ff6600;\">Stimuleaz\u0103 semin\u021bele \u0219i nu d\u0103uneaz\u0103 mediului.<\/span><\/h6>\n<h6><span style=\"color: #ff6600;\">Biostim este lipsit de efectele secundare negative care sunt comune tratamentelor chimice.<\/span><\/h6>\n<h6><span style=\"color: #ff6600;\">De asemenea, nu con\u021bine microplastice ad\u0103ugate inten\u021bionat, adic\u0103 semin\u021bele se usuc\u0103 mai repede. Ca atare, semin\u021bele tratate cu Biostim r\u0103m\u00e2n viguroase mult mai mult timp dec\u00e2t cele tratate cu chimicale tradi\u021bionale. Rezultatele testelor pe teren au ar\u0103tat c\u0103 semin\u021bele tratate cu Biostim dau un randament mai mare. Rezultatele au mai ar\u0103tat c\u0103 semin\u021bele tratate au o toleran\u021b\u0103 foarte bun\u0103 la d\u0103un\u0103tori \u0219i boli.<\/span><\/h6>\n<h6><\/h6>\n<h6><span style=\"color: #ff6600;\">\u00a0\u00a0<\/span><\/h6>\n<h6><\/h6>\n","protected":false},"excerpt":{"rendered":"<h6><span style=\"color: #0000ff;\">100 grame\/220-225 SEMIN\u021aE<\/span><\/h6>\n<h6><span style=\"color: #ff00ff;\">PRODUCTIVITATE \u00ceNALT\u0102, P\u0102ST\u0102I DE CALITATE.<\/span><\/h6>\n","protected":false},"featured_media":9953,"comment_status":"open","ping_status":"closed","template":"","meta":{"site-sidebar-layout":"default","site-content-layout":"default","ast-site-content-layout":"default","site-content-style":"default","site-sidebar-style":"default","ast-global-header-display":"","ast-banner-title-visibility":"","ast-main-header-display":"","ast-hfb-above-header-display":"","ast-hfb-below-header-display":"","ast-hfb-mobile-header-display":"","site-post-title":"","ast-breadcrumbs-content":"","ast-featured-img":"","footer-sml-layout":"","ast-disable-related-posts":"","theme-transparent-header-meta":"default","adv-header-id-meta":"","stick-header-meta":"","header-above-stick-meta":"","header-main-stick-meta":"","header-below-stick-meta":"","astra-migrate-meta-layouts":"set","ast-page-background-enabled":"default","ast-page-background-meta":{"desktop":{"background-color":"var(--ast-global-color-4)","background-image":"","background-repeat":"repeat","background-position":"center center","background-size":"auto","background-attachment":"scroll","background-type":"","background-media":"","overlay-type":"","overlay-color":"","overlay-opacity":"","overlay-gradient":""},"tablet":{"background-color":"","background-image":"","background-repeat":"repeat","background-position":"center center","background-size":"auto","background-attachment":"scroll","background-type":"","background-media":"","overlay-type":"","overlay-color":"","overlay-opacity":"","overlay-gradient":""},"mobile":{"background-color":"","background-image":"","background-repeat":"repeat","background-position":"center center","background-size":"auto","background-attachment":"scroll","background-type":"","background-media":"","overlay-type":"","overlay-color":"","overlay-opacity":"","overlay-gradient":""}},"ast-content-background-meta":{"desktop":{"background-color":"var(--ast-global-color-5)","background-image":"","background-repeat":"repeat","background-position":"center center","background-size":"auto","background-attachment":"scroll","background-type":"","background-media":"","overlay-type":"","overlay-color":"","overlay-opacity":"","overlay-gradient":""},"tablet":{"background-color":"var(--ast-global-color-5)","background-image":"","background-repeat":"repeat","background-position":"center center","background-size":"auto","background-attachment":"scroll","background-type":"","background-media":"","overlay-type":"","overlay-color":"","overlay-opacity":"","overlay-gradient":""},"mobile":{"background-color":"var(--ast-global-color-5)","background-image":"","background-repeat":"repeat","background-position":"center center","background-size":"auto","background-attachment":"scroll","background-type":"","background-media":"","overlay-type":"","overlay-color":"","overlay-opacity":"","overlay-gradient":""}}},"product_brand":[],"product_cat":[85],"product_tag":[],"class_list":{"0":"post-9954","1":"product","2":"type-product","3":"status-publish","4":"has-post-thumbnail","6":"product_cat-fasole","7":"desktop-align-left","8":"tablet-align-left","9":"mobile-align-left","11":"first","12":"outofstock","13":"taxable","14":"shipping-taxable","15":"purchasable","16":"product-type-simple"},"_links":{"self":[{"href":"https:\/\/vivasem.ro\/index.php?rest_route=\/wp\/v2\/product\/9954","targetHints":{"allow":["GET"]}}],"collection":[{"href":"https:\/\/vivasem.ro\/index.php?rest_route=\/wp\/v2\/product"}],"about":[{"href":"https:\/\/vivasem.ro\/index.php?rest_route=\/wp\/v2\/types\/product"}],"replies":[{"embeddable":true,"href":"https:\/\/vivasem.ro\/index.php?rest_route=%2Fwp%2Fv2%2Fcomments&post=9954"}],"wp:featuredmedia":[{"embeddable":true,"href":"https:\/\/vivasem.ro\/index.php?rest_route=\/wp\/v2\/media\/9953"}],"wp:attachment":[{"href":"https:\/\/vivasem.ro\/index.php?rest_route=%2Fwp%2Fv2%2Fmedia&parent=9954"}],"wp:term":[{"taxonomy":"product_brand","embeddable":true,"href":"https:\/\/vivasem.ro\/index.php?rest_route=%2Fwp%2Fv2%2Fproduct_brand&post=9954"},{"taxonomy":"product_cat","embeddable":true,"href":"https:\/\/vivasem.ro\/index.php?rest_route=%2Fwp%2Fv2%2Fproduct_cat&post=9954"},{"taxonomy":"product_tag","embeddable":true,"href":"https:\/\/vivasem.ro\/index.php?rest_route=%2Fwp%2Fv2%2Fproduct_tag&post=9954"}],"curies":[{"name":"wp","href":"https:\/\/api.w.org\/{rel}","templated":true}]}}