{"id":9923,"date":"2023-06-09T16:23:52","date_gmt":"2023-06-09T14:23:52","guid":{"rendered":"https:\/\/vivasem.ro\/?post_type=product&#038;p=9923"},"modified":"2023-06-23T17:46:52","modified_gmt":"2023-06-23T15:46:52","slug":"fasole-golden-mary-goldmarie-50g","status":"publish","type":"product","link":"https:\/\/vivasem.ro\/?product=fasole-golden-mary-goldmarie-50g","title":{"rendered":"Fasole GOLDEN MARY 150g"},"content":{"rendered":"<h6><span style=\"color: #ff6600;\"><strong><u>GOLDEN MARY-<\/u><\/strong><\/span><span style=\"color: #ff6600;\"><strong><u>Agrosem T\u00e2rgu Mure\u0219<\/u><\/strong><\/span><span style=\"color: #ff6600;\"><strong><u>,<\/u><\/strong><\/span><\/h6>\n<h6>Semin\u021be produse \u00een Italia \u0219i tratate cu biostimulator Saphhire.<\/h6>\n<h6><span style=\"color: #0000ff;\"><strong>Soi timpuriu, urc\u0103tor, de fasole lat\u0103, cu \u00eenflorire continu\u0103 .<\/strong><\/span><\/h6>\n<h6><span style=\"color: #0000ff;\"><strong>Produce p\u0103stai de culoare galben\u0103, cu lungime 20-25 cm \u0219i l\u0103\u021bime de 2-<\/strong><\/span><strong style=\"color: #0000ff; font-size: 17.6px;\">\u00a02,2 cm, c\u0103rnoase, fragede \u0219i f\u0103r\u0103 a\u021be.<\/strong><\/h6>\n<h6><strong>Boabele sunt de culoare alb\u0103. <\/strong><\/h6>\n<h6><strong>Coacerea este concentrat\u0103 , cu rezultate foarte bune at\u00e2t \u00een gr\u0103din\u0103, c\u00e2t \u0219i \u00een solar.<\/strong><\/h6>\n<h6><strong>Perioad\u0103 optim\u0103 de sem\u0103nat:Aprilie- Mai, la o ad\u00e2ncime de 4-5 cm.<\/strong><\/h6>\n<h6><strong>Perioada de vegetatie 65-68 zile.<\/strong><\/h6>\n<h6><strong>Schem\u0103 de sem\u0103nat: 20 cm \u00eentre plante pe r\u00e2nd \u0219i 100 cm \u00eentre r\u00e2nduri, consum \u00een stare proaspat\u0103. <\/strong><\/h6>\n<h6><span style=\"color: #0000ff;\"><strong>Rezisten\u021b\u0103 la: <\/strong><\/span><\/h6>\n<h6><span style=\"color: #0000ff;\"><strong>-BCMV &#8211; Bean common mosaic virus (Virusul comun al\u00a0 fasolei)<br \/>\n\u2013 A &#8211; Antracnoz\u0103<br \/>\n\u2013 Psp &#8211; Pseudomonas syringae phaseolicolaArsura aureolar\u0103 (Pseudomonas syringae phaseolicola), <\/strong><\/span><\/h6>\n<h6><span style=\"color: #0000ff;\"><strong>-Mozaicul comun al fasolei<\/strong><\/span><\/h6>\n<h6>Se poate utiliza in stare proaspat\u0103 sau se poate conserva prin fierbere sau congelare.<\/h6>\n<h6>Pentru FRUCTIFICARE TIMPURIE ,SE RECOMAND\u0102 C\u00c2RNITUL PLANTEI LA 0,5m, 1m. \u0219i la 1,5 m.<\/h6>\n","protected":false},"excerpt":{"rendered":"<h6><span style=\"color: #0000ff;\">450 SEMIN\u021aE\/<\/span><span style=\"color: #0000ff;\">150 grame<\/span><\/h6>\n<h6><span style=\"color: #ff6600;\">SOI\u00a0 TIMPURIU, FOARTE PRODUCTIV\u00a0<\/span><\/h6>\n<p>&nbsp;<\/p>\n","protected":false},"featured_media":9926,"comment_status":"open","ping_status":"closed","template":"","meta":{"site-sidebar-layout":"default","site-content-layout":"default","ast-site-content-layout":"default","site-content-style":"default","site-sidebar-style":"default","ast-global-header-display":"","ast-banner-title-visibility":"","ast-main-header-display":"","ast-hfb-above-header-display":"","ast-hfb-below-header-display":"","ast-hfb-mobile-header-display":"","site-post-title":"","ast-breadcrumbs-content":"","ast-featured-img":"","footer-sml-layout":"","ast-disable-related-posts":"","theme-transparent-header-meta":"default","adv-header-id-meta":"","stick-header-meta":"","header-above-stick-meta":"","header-main-stick-meta":"","header-below-stick-meta":"","astra-migrate-meta-layouts":"default","ast-page-background-enabled":"default","ast-page-background-meta":{"desktop":{"background-color":"var(--ast-global-color-4)","background-image":"","background-repeat":"repeat","background-position":"center center","background-size":"auto","background-attachment":"scroll","background-type":"","background-media":"","overlay-type":"","overlay-color":"","overlay-opacity":"","overlay-gradient":""},"tablet":{"background-color":"","background-image":"","background-repeat":"repeat","background-position":"center center","background-size":"auto","background-attachment":"scroll","background-type":"","background-media":"","overlay-type":"","overlay-color":"","overlay-opacity":"","overlay-gradient":""},"mobile":{"background-color":"","background-image":"","background-repeat":"repeat","background-position":"center center","background-size":"auto","background-attachment":"scroll","background-type":"","background-media":"","overlay-type":"","overlay-color":"","overlay-opacity":"","overlay-gradient":""}},"ast-content-background-meta":{"desktop":{"background-color":"var(--ast-global-color-5)","background-image":"","background-repeat":"repeat","background-position":"center center","background-size":"auto","background-attachment":"scroll","background-type":"","background-media":"","overlay-type":"","overlay-color":"","overlay-opacity":"","overlay-gradient":""},"tablet":{"background-color":"var(--ast-global-color-5)","background-image":"","background-repeat":"repeat","background-position":"center center","background-size":"auto","background-attachment":"scroll","background-type":"","background-media":"","overlay-type":"","overlay-color":"","overlay-opacity":"","overlay-gradient":""},"mobile":{"background-color":"var(--ast-global-color-5)","background-image":"","background-repeat":"repeat","background-position":"center center","background-size":"auto","background-attachment":"scroll","background-type":"","background-media":"","overlay-type":"","overlay-color":"","overlay-opacity":"","overlay-gradient":""}}},"product_brand":[],"product_cat":[149],"product_tag":[],"class_list":{"0":"post-9923","1":"product","2":"type-product","3":"status-publish","4":"has-post-thumbnail","6":"product_cat-33-produse-epuizate","7":"desktop-align-left","8":"tablet-align-left","9":"mobile-align-left","11":"first","12":"outofstock","13":"taxable","14":"shipping-taxable","15":"purchasable","16":"product-type-simple"},"_links":{"self":[{"href":"https:\/\/vivasem.ro\/index.php?rest_route=\/wp\/v2\/product\/9923","targetHints":{"allow":["GET"]}}],"collection":[{"href":"https:\/\/vivasem.ro\/index.php?rest_route=\/wp\/v2\/product"}],"about":[{"href":"https:\/\/vivasem.ro\/index.php?rest_route=\/wp\/v2\/types\/product"}],"replies":[{"embeddable":true,"href":"https:\/\/vivasem.ro\/index.php?rest_route=%2Fwp%2Fv2%2Fcomments&post=9923"}],"wp:featuredmedia":[{"embeddable":true,"href":"https:\/\/vivasem.ro\/index.php?rest_route=\/wp\/v2\/media\/9926"}],"wp:attachment":[{"href":"https:\/\/vivasem.ro\/index.php?rest_route=%2Fwp%2Fv2%2Fmedia&parent=9923"}],"wp:term":[{"taxonomy":"product_brand","embeddable":true,"href":"https:\/\/vivasem.ro\/index.php?rest_route=%2Fwp%2Fv2%2Fproduct_brand&post=9923"},{"taxonomy":"product_cat","embeddable":true,"href":"https:\/\/vivasem.ro\/index.php?rest_route=%2Fwp%2Fv2%2Fproduct_cat&post=9923"},{"taxonomy":"product_tag","embeddable":true,"href":"https:\/\/vivasem.ro\/index.php?rest_route=%2Fwp%2Fv2%2Fproduct_tag&post=9923"}],"curies":[{"name":"wp","href":"https:\/\/api.w.org\/{rel}","templated":true}]}}