{"id":9757,"date":"2023-04-20T12:19:01","date_gmt":"2023-04-20T10:19:01","guid":{"rendered":"https:\/\/vivasem.ro\/?post_type=product&#038;p=9757"},"modified":"2026-02-20T17:00:18","modified_gmt":"2026-02-20T15:00:18","slug":"ardei-capia-de-plovdiv-plovdiska-kapia-opal-zi-bulgaria5g","status":"publish","type":"product","link":"https:\/\/vivasem.ro\/?product=ardei-capia-de-plovdiv-plovdiska-kapia-opal-zi-bulgaria5g","title":{"rendered":"\u201e\u201eArdei CAPIA DE PLOVDIV\/PLOVDISKA KAPIA (Opal ZI-Bulgaria) (5g)"},"content":{"rendered":"<h6><span style=\"color: #ff0000;\"><strong><u>ARDEI C<\/u><\/strong><strong>APIA DE DE PLOVDIV\/PLOVDISKA KAPIA<\/strong><\/span><\/h6>\n<h6><span style=\"color: #ff0000;\"><strong>Produc\u0103tor :Opal ZI-Bulgaria<\/strong><\/span><\/h6>\n<h6><strong>\u00a0<span style=\"color: #0000ff;\">SOI DE ARDEI CAPIA CU FRUCTE MARI ,<\/span><\/strong><span style=\"color: #0000ff;\"><strong>\u00ceN GREUTATE MEDIE DE 150-200 grame\u00a0 ,DAR AJUNGE P\u00c2N\u0102 LA\u00a0 250 grame \u0218I O LUNGIME MEDIE DE 20cm .<\/strong><\/span><\/h6>\n<h6><span style=\"color: #0000ff;\"><strong>L\u0102\u021aIMEA LA CODI\u021a\u0102, ESTE DE <\/strong>9-10 cm.<\/span><\/h6>\n<h6>PULPA ESTE GROAS\u0102 DE 5-6 mm, FOARTE DULCE.<\/h6>\n<h6>La maturitatea tehnica culoarea ardeiului este verde inchis, iar la coacere, culoarea este rosu aprins.<\/h6>\n<h6>ARDEII SUNT DE FORM\u0102 APLATIZAT\u0102 \u00ceN 2 MUCHII, DREP\u021aI .FOARTE C\u0102RNO\u0218I .<\/h6>\n<h6><span style=\"color: #0000ff;\">PLANTELE SUNT VIGUROASE, TUFA AJUNG\u00c2ND \u0218A 65-70 cm \u00ceN\u0102L\u021aIME !<\/span><\/h6>\n<h6><span style=\"color: #ff0000;\"><strong>SOI FOARTE PRODUCTIV<\/strong> ,POATE ATINGE 50- 60 tone\/hectar.<\/span><\/h6>\n<h6><span style=\"color: #0000ff;\">FOARTE REZISTENT LA\u00a0 TEMPERATURILE RIDICATE DE VAR\u0102 \u0218I LA DIVERSE BOLI<\/span><\/h6>\n<h6>Soi semitimpuriu cu randament foarte mare.<br \/>\n<span style=\"color: #0000ff;\">Recomandat pentru cultura in camp si in spatii protejate, sere si solarii.<\/span><br \/>\nSe cultiva in randuri 70\/15-20 cm.<\/h6>\n<h6>\u00a0Este potrivit pentru\u00a0 consum proasp\u0103t, pentru, copt ,marinare,etc.<\/h6>\n","protected":false},"excerpt":{"rendered":"<h6><span style=\"color: #0000ff;\">5 GRAME\/ 750 SEMIN\u021aE<\/span><\/h6>\n<h6><span style=\"color: #ff00ff;\">TIP URECHE DE ELEFANT, \u00ceN 2 MUCHII, DEOSEBIT DE PRODUCTIV, 50-60 TO\/HA,<\/span><\/h6>\n<h6><span style=\"color: #ff00ff;\">DE 200-250 GR., LUNGI DE 20CM.<\/span><\/h6>\n","protected":false},"featured_media":8131,"comment_status":"open","ping_status":"closed","template":"","meta":{"site-sidebar-layout":"default","site-content-layout":"default","ast-site-content-layout":"default","site-content-style":"default","site-sidebar-style":"default","ast-global-header-display":"","ast-banner-title-visibility":"","ast-main-header-display":"","ast-hfb-above-header-display":"","ast-hfb-below-header-display":"","ast-hfb-mobile-header-display":"","site-post-title":"","ast-breadcrumbs-content":"","ast-featured-img":"","footer-sml-layout":"","ast-disable-related-posts":"","theme-transparent-header-meta":"default","adv-header-id-meta":"","stick-header-meta":"","header-above-stick-meta":"","header-main-stick-meta":"","header-below-stick-meta":"","astra-migrate-meta-layouts":"set","ast-page-background-enabled":"default","ast-page-background-meta":{"desktop":{"background-color":"var(--ast-global-color-4)","background-image":"","background-repeat":"repeat","background-position":"center center","background-size":"auto","background-attachment":"scroll","background-type":"","background-media":"","overlay-type":"","overlay-color":"","overlay-opacity":"","overlay-gradient":""},"tablet":{"background-color":"","background-image":"","background-repeat":"repeat","background-position":"center center","background-size":"auto","background-attachment":"scroll","background-type":"","background-media":"","overlay-type":"","overlay-color":"","overlay-opacity":"","overlay-gradient":""},"mobile":{"background-color":"","background-image":"","background-repeat":"repeat","background-position":"center center","background-size":"auto","background-attachment":"scroll","background-type":"","background-media":"","overlay-type":"","overlay-color":"","overlay-opacity":"","overlay-gradient":""}},"ast-content-background-meta":{"desktop":{"background-color":"var(--ast-global-color-5)","background-image":"","background-repeat":"repeat","background-position":"center center","background-size":"auto","background-attachment":"scroll","background-type":"","background-media":"","overlay-type":"","overlay-color":"","overlay-opacity":"","overlay-gradient":""},"tablet":{"background-color":"var(--ast-global-color-5)","background-image":"","background-repeat":"repeat","background-position":"center center","background-size":"auto","background-attachment":"scroll","background-type":"","background-media":"","overlay-type":"","overlay-color":"","overlay-opacity":"","overlay-gradient":""},"mobile":{"background-color":"var(--ast-global-color-5)","background-image":"","background-repeat":"repeat","background-position":"center center","background-size":"auto","background-attachment":"scroll","background-type":"","background-media":"","overlay-type":"","overlay-color":"","overlay-opacity":"","overlay-gradient":""}}},"product_brand":[],"product_cat":[84,146],"product_tag":[],"class_list":{"0":"post-9757","1":"product","2":"type-product","3":"status-publish","4":"has-post-thumbnail","6":"product_cat-ardei","7":"product_cat-ardei-soi","8":"desktop-align-left","9":"tablet-align-left","10":"mobile-align-left","12":"first","13":"outofstock","14":"sale","15":"taxable","16":"shipping-taxable","17":"purchasable","18":"product-type-simple"},"_links":{"self":[{"href":"https:\/\/vivasem.ro\/index.php?rest_route=\/wp\/v2\/product\/9757","targetHints":{"allow":["GET"]}}],"collection":[{"href":"https:\/\/vivasem.ro\/index.php?rest_route=\/wp\/v2\/product"}],"about":[{"href":"https:\/\/vivasem.ro\/index.php?rest_route=\/wp\/v2\/types\/product"}],"replies":[{"embeddable":true,"href":"https:\/\/vivasem.ro\/index.php?rest_route=%2Fwp%2Fv2%2Fcomments&post=9757"}],"wp:featuredmedia":[{"embeddable":true,"href":"https:\/\/vivasem.ro\/index.php?rest_route=\/wp\/v2\/media\/8131"}],"wp:attachment":[{"href":"https:\/\/vivasem.ro\/index.php?rest_route=%2Fwp%2Fv2%2Fmedia&parent=9757"}],"wp:term":[{"taxonomy":"product_brand","embeddable":true,"href":"https:\/\/vivasem.ro\/index.php?rest_route=%2Fwp%2Fv2%2Fproduct_brand&post=9757"},{"taxonomy":"product_cat","embeddable":true,"href":"https:\/\/vivasem.ro\/index.php?rest_route=%2Fwp%2Fv2%2Fproduct_cat&post=9757"},{"taxonomy":"product_tag","embeddable":true,"href":"https:\/\/vivasem.ro\/index.php?rest_route=%2Fwp%2Fv2%2Fproduct_tag&post=9757"}],"curies":[{"name":"wp","href":"https:\/\/api.w.org\/{rel}","templated":true}]}}