{"id":9726,"date":"2023-04-15T05:57:39","date_gmt":"2023-04-15T03:57:39","guid":{"rendered":"https:\/\/vivasem.ro\/?post_type=product&#038;p=9726"},"modified":"2023-06-16T06:34:22","modified_gmt":"2023-06-16T04:34:22","slug":"fasole-pitica-lata-supernano-giallo-100g","status":"publish","type":"product","link":"https:\/\/vivasem.ro\/?product=fasole-pitica-lata-supernano-giallo-100g","title":{"rendered":"\u201eFASOLE PITICA LATA SUPERNANO GIALLO (100g)"},"content":{"rendered":"<h6><span style=\"color: #ff6600;\"><strong><u>FASOLE PITIC\u0102 SUPERNANO GIALLO-Agrosem Tg.Mure\u0219,<\/u><\/strong><\/span><\/h6>\n<h6><strong>SOI FOARTE PRODUCTIV DE FASOLE PITIC\u0102, CU P\u0102STAIA LAT\u0102 ,CE PRODUCE\u00a0 P\u0102STAI GALBENE, U\u0218OR CURBATE, LUNGI DE 15-18 centimetrii, DIAMETRU DE 1,2-1,7 cm.,\u00a0 C\u0102RNOASE, F\u0102R\u0102 A\u021aE \u0218I FOARTE GUSTOASE.<\/strong><\/h6>\n<h6><strong>TUFA PITIC\u0102,AJUNGE LA 40 centimetrii IN\u0102L\u021aIME.<\/strong><\/h6>\n<h6><strong>BOABELE USCATE SUNT CAFENII.<\/strong><\/h6>\n<h6>\u00a0Se consuma in stare proaspata sau congelata.<\/h6>\n<h6>Soi semitimpuriu, perioada de vegetatie 55-60 zile.<\/h6>\n<h6>Sem\u0103nat \u00een aer liber: aprilie-iulie.<\/h6>\n<h6>Distan\u021ba \u00eentre plante: 50&#215;10 cm.<\/h6>\n<h6>Recolt\u0103: iulie-septembrie.<\/h6>\n<h6><\/h6>\n","protected":false},"excerpt":{"rendered":"<h6><span style=\"color: #0000ff;\">100 grame\/270 SEMIN\u021aE<\/span><\/h6>\n","protected":false},"featured_media":7881,"comment_status":"open","ping_status":"closed","template":"","meta":{"site-sidebar-layout":"default","site-content-layout":"default","ast-site-content-layout":"default","site-content-style":"default","site-sidebar-style":"default","ast-global-header-display":"","ast-banner-title-visibility":"","ast-main-header-display":"","ast-hfb-above-header-display":"","ast-hfb-below-header-display":"","ast-hfb-mobile-header-display":"","site-post-title":"","ast-breadcrumbs-content":"","ast-featured-img":"","footer-sml-layout":"","ast-disable-related-posts":"","theme-transparent-header-meta":"default","adv-header-id-meta":"","stick-header-meta":"","header-above-stick-meta":"","header-main-stick-meta":"","header-below-stick-meta":"","astra-migrate-meta-layouts":"default","ast-page-background-enabled":"default","ast-page-background-meta":{"desktop":{"background-color":"var(--ast-global-color-4)","background-image":"","background-repeat":"repeat","background-position":"center center","background-size":"auto","background-attachment":"scroll","background-type":"","background-media":"","overlay-type":"","overlay-color":"","overlay-opacity":"","overlay-gradient":""},"tablet":{"background-color":"","background-image":"","background-repeat":"repeat","background-position":"center center","background-size":"auto","background-attachment":"scroll","background-type":"","background-media":"","overlay-type":"","overlay-color":"","overlay-opacity":"","overlay-gradient":""},"mobile":{"background-color":"","background-image":"","background-repeat":"repeat","background-position":"center center","background-size":"auto","background-attachment":"scroll","background-type":"","background-media":"","overlay-type":"","overlay-color":"","overlay-opacity":"","overlay-gradient":""}},"ast-content-background-meta":{"desktop":{"background-color":"var(--ast-global-color-5)","background-image":"","background-repeat":"repeat","background-position":"center center","background-size":"auto","background-attachment":"scroll","background-type":"","background-media":"","overlay-type":"","overlay-color":"","overlay-opacity":"","overlay-gradient":""},"tablet":{"background-color":"var(--ast-global-color-5)","background-image":"","background-repeat":"repeat","background-position":"center center","background-size":"auto","background-attachment":"scroll","background-type":"","background-media":"","overlay-type":"","overlay-color":"","overlay-opacity":"","overlay-gradient":""},"mobile":{"background-color":"var(--ast-global-color-5)","background-image":"","background-repeat":"repeat","background-position":"center center","background-size":"auto","background-attachment":"scroll","background-type":"","background-media":"","overlay-type":"","overlay-color":"","overlay-opacity":"","overlay-gradient":""}}},"product_brand":[],"product_cat":[149],"product_tag":[],"class_list":{"0":"post-9726","1":"product","2":"type-product","3":"status-publish","4":"has-post-thumbnail","6":"product_cat-33-produse-epuizate","7":"desktop-align-left","8":"tablet-align-left","9":"mobile-align-left","11":"first","12":"outofstock","13":"taxable","14":"shipping-taxable","15":"purchasable","16":"product-type-simple"},"_links":{"self":[{"href":"https:\/\/vivasem.ro\/index.php?rest_route=\/wp\/v2\/product\/9726","targetHints":{"allow":["GET"]}}],"collection":[{"href":"https:\/\/vivasem.ro\/index.php?rest_route=\/wp\/v2\/product"}],"about":[{"href":"https:\/\/vivasem.ro\/index.php?rest_route=\/wp\/v2\/types\/product"}],"replies":[{"embeddable":true,"href":"https:\/\/vivasem.ro\/index.php?rest_route=%2Fwp%2Fv2%2Fcomments&post=9726"}],"wp:featuredmedia":[{"embeddable":true,"href":"https:\/\/vivasem.ro\/index.php?rest_route=\/wp\/v2\/media\/7881"}],"wp:attachment":[{"href":"https:\/\/vivasem.ro\/index.php?rest_route=%2Fwp%2Fv2%2Fmedia&parent=9726"}],"wp:term":[{"taxonomy":"product_brand","embeddable":true,"href":"https:\/\/vivasem.ro\/index.php?rest_route=%2Fwp%2Fv2%2Fproduct_brand&post=9726"},{"taxonomy":"product_cat","embeddable":true,"href":"https:\/\/vivasem.ro\/index.php?rest_route=%2Fwp%2Fv2%2Fproduct_cat&post=9726"},{"taxonomy":"product_tag","embeddable":true,"href":"https:\/\/vivasem.ro\/index.php?rest_route=%2Fwp%2Fv2%2Fproduct_tag&post=9726"}],"curies":[{"name":"wp","href":"https:\/\/api.w.org\/{rel}","templated":true}]}}