{"id":9663,"date":"2023-04-01T08:12:02","date_gmt":"2023-04-01T06:12:02","guid":{"rendered":"https:\/\/vivasem.ro\/?post_type=product&#038;p=9663"},"modified":"2024-01-14T23:38:07","modified_gmt":"2024-01-14T21:38:07","slug":"busuioc-italiano-classico7g","status":"publish","type":"product","link":"https:\/\/vivasem.ro\/?product=busuioc-italiano-classico7g","title":{"rendered":"\u201e\u201eBUSUIOC ITALIANO CLASSICO(6g)"},"content":{"rendered":"<h6><span style=\"color: #008000;\"><strong><u>BUSUIOC VERDE ITALIANO CLASSICO<\/u><\/strong><\/span><\/h6>\n<h6><span style=\"color: #008000;\"><strong><u>Produc\u0103tor:GREEN PARADISE-ITALIA,<\/u><\/strong><\/span><\/h6>\n<p><strong>PLANT\u0102 VIGUROAS\u0102, CU FRUNZE INTENS PARFUMATE, U\u0218OR DE CULTIVAT, \u00ceN GR\u0102DIN\u0102 , DAR \u0218I \u00ceN GHIVECE.<\/strong><\/p>\n<ul>\n<li>\n<h6>Denumire latina: Ocimum basilicum L.<\/h6>\n<\/li>\n<li>\n<h6>varietate semi-timpurie<\/h6>\n<\/li>\n<li>\n<h6>planta viguroasa, cu frunze verzi stralucitoare, intens parfumate<\/h6>\n<\/li>\n<li>\n<h6>usor de cultivat<\/h6>\n<\/li>\n<li>\n<h6>ideal pentru cultivarea la ghivece<\/h6>\n<\/li>\n<li>\n<h6>se utilizeaza in prepararea &#8222;pesto&#8221;<\/h6>\n<\/li>\n<li>\n<h6>germinatie minima 65%<\/h6>\n<\/li>\n<li>\n<h6>puritate 97%<\/h6>\n<\/li>\n<li>\n<h6>cca 800 seminte\/gram<\/h6>\n<\/li>\n<li>\n<h6>semanare in camp: aprilie-iunie<\/h6>\n<\/li>\n<li>\n<h6>semanare in rasadnita: februarie-aprilie<\/h6>\n<\/li>\n<li>\n<h6>repicare: aprilie-iunie<\/h6>\n<\/li>\n<li>\n<h6>rarire: mai-iulie<\/h6>\n<\/li>\n<li>\n<h6>recoltare: iulie-octombrie<\/h6>\n<\/li>\n<\/ul>\n","protected":false},"excerpt":{"rendered":"<h6><span style=\"color: #0000ff;\">6 GRAME\/4800 SEMIN\u021aE<\/span><\/h6>\n","protected":false},"featured_media":9648,"comment_status":"open","ping_status":"closed","template":"","meta":{"site-sidebar-layout":"default","site-content-layout":"default","ast-site-content-layout":"default","site-content-style":"default","site-sidebar-style":"default","ast-global-header-display":"","ast-banner-title-visibility":"","ast-main-header-display":"","ast-hfb-above-header-display":"","ast-hfb-below-header-display":"","ast-hfb-mobile-header-display":"","site-post-title":"","ast-breadcrumbs-content":"","ast-featured-img":"","footer-sml-layout":"","ast-disable-related-posts":"","theme-transparent-header-meta":"default","adv-header-id-meta":"","stick-header-meta":"","header-above-stick-meta":"","header-main-stick-meta":"","header-below-stick-meta":"","astra-migrate-meta-layouts":"set","ast-page-background-enabled":"default","ast-page-background-meta":{"desktop":{"background-color":"var(--ast-global-color-4)","background-image":"","background-repeat":"repeat","background-position":"center center","background-size":"auto","background-attachment":"scroll","background-type":"","background-media":"","overlay-type":"","overlay-color":"","overlay-opacity":"","overlay-gradient":""},"tablet":{"background-color":"","background-image":"","background-repeat":"repeat","background-position":"center center","background-size":"auto","background-attachment":"scroll","background-type":"","background-media":"","overlay-type":"","overlay-color":"","overlay-opacity":"","overlay-gradient":""},"mobile":{"background-color":"","background-image":"","background-repeat":"repeat","background-position":"center center","background-size":"auto","background-attachment":"scroll","background-type":"","background-media":"","overlay-type":"","overlay-color":"","overlay-opacity":"","overlay-gradient":""}},"ast-content-background-meta":{"desktop":{"background-color":"var(--ast-global-color-5)","background-image":"","background-repeat":"repeat","background-position":"center center","background-size":"auto","background-attachment":"scroll","background-type":"","background-media":"","overlay-type":"","overlay-color":"","overlay-opacity":"","overlay-gradient":""},"tablet":{"background-color":"var(--ast-global-color-5)","background-image":"","background-repeat":"repeat","background-position":"center center","background-size":"auto","background-attachment":"scroll","background-type":"","background-media":"","overlay-type":"","overlay-color":"","overlay-opacity":"","overlay-gradient":""},"mobile":{"background-color":"var(--ast-global-color-5)","background-image":"","background-repeat":"repeat","background-position":"center center","background-size":"auto","background-attachment":"scroll","background-type":"","background-media":"","overlay-type":"","overlay-color":"","overlay-opacity":"","overlay-gradient":""}}},"product_brand":[],"product_cat":[90],"product_tag":[],"class_list":{"0":"post-9663","1":"product","2":"type-product","3":"status-publish","4":"has-post-thumbnail","6":"product_cat-plante-aromatice","7":"desktop-align-left","8":"tablet-align-left","9":"mobile-align-left","11":"first","12":"outofstock","13":"taxable","14":"shipping-taxable","15":"purchasable","16":"product-type-simple"},"_links":{"self":[{"href":"https:\/\/vivasem.ro\/index.php?rest_route=\/wp\/v2\/product\/9663","targetHints":{"allow":["GET"]}}],"collection":[{"href":"https:\/\/vivasem.ro\/index.php?rest_route=\/wp\/v2\/product"}],"about":[{"href":"https:\/\/vivasem.ro\/index.php?rest_route=\/wp\/v2\/types\/product"}],"replies":[{"embeddable":true,"href":"https:\/\/vivasem.ro\/index.php?rest_route=%2Fwp%2Fv2%2Fcomments&post=9663"}],"wp:featuredmedia":[{"embeddable":true,"href":"https:\/\/vivasem.ro\/index.php?rest_route=\/wp\/v2\/media\/9648"}],"wp:attachment":[{"href":"https:\/\/vivasem.ro\/index.php?rest_route=%2Fwp%2Fv2%2Fmedia&parent=9663"}],"wp:term":[{"taxonomy":"product_brand","embeddable":true,"href":"https:\/\/vivasem.ro\/index.php?rest_route=%2Fwp%2Fv2%2Fproduct_brand&post=9663"},{"taxonomy":"product_cat","embeddable":true,"href":"https:\/\/vivasem.ro\/index.php?rest_route=%2Fwp%2Fv2%2Fproduct_cat&post=9663"},{"taxonomy":"product_tag","embeddable":true,"href":"https:\/\/vivasem.ro\/index.php?rest_route=%2Fwp%2Fv2%2Fproduct_tag&post=9663"}],"curies":[{"name":"wp","href":"https:\/\/api.w.org\/{rel}","templated":true}]}}