{"id":9570,"date":"2023-03-15T08:41:42","date_gmt":"2023-03-15T06:41:42","guid":{"rendered":"https:\/\/vivasem.ro\/?post_type=product&#038;p=9570"},"modified":"2024-01-12T01:02:38","modified_gmt":"2024-01-11T23:02:38","slug":"fuji-pink-f1-1s","status":"publish","type":"product","link":"https:\/\/vivasem.ro\/?product=fuji-pink-f1-1s","title":{"rendered":"\u201e\u201eFUJI PINK F1 (Sakata Vegetable) 25s"},"content":{"rendered":"<h6><span style=\"color: #ff0000;\">FUJI PINK F1 -Sakata Vegetable,<\/span><\/h6>\n<h6><span style=\"color: #0000ff;\">UN HIBRID CU MULTIPLE CALIT\u0102\u021aI, \u00ceN PRIMUL R\u00c2ND , FRUCTELE\u00a0 AU UN GUST EXCELENT, UNIC, SUNT FOARTE DULCI, CU O AROM\u0102 PUTERNIC\u0102 DE RO\u0218IE CLASIC\u0102. <\/span><\/h6>\n<h6>ACESTA PRODUCE FRUCTE MARI , \u00ceN MEDIE \u00ceNTRE 180-200 grame, CE CRESC \u00ceN\u00a0 CIORCHINI DE C\u0102TE 4-5 BUC\u0102\u021aI .<\/h6>\n<h6>TOMATELE ROTUND-TURTITE, DE CULOARE ROZ, LA CARE PULPA ESTE FERM\u0102, REZISTENT\u0102 LA TRANSPORT, FOARTE C\u0102RNOAS\u0102, CE POATE FI FELIAT\u0102 \u0218I FOLOSIT\u0102 \u00ceN SANDVI\u0218URI, SALATE,ETC.<\/h6>\n<h6><span style=\"color: #0000ff;\">HIBRID NEDETERMINAT, FOARTE PRODUCTIV, CU FOARTE BUNE REZULTATE ,\u00a0 \u00ceN GR\u0102DIN\u0102, DAR \u0218I \u00ceN SOLAR.<\/span><\/h6>\n<h6>VIGOAREA ESTE BUN\u0102 \u0218I ESTE ADAPTAT\u0102 LA O DENSITATE MARE, \u00ceN CULTURA PROTEJAT\u0102.<\/h6>\n<h6>FRUCTELE SE COC \u00ceN 70\u00a0 ZILE DE LA PLANTARE.<\/h6>\n<h6><span style=\"color: #0000ff;\">SE P\u0102STREAZ\u0102 FOARTE BINE DUP\u0102 RECOLTARE , CARACTERISTIC\u0102 GENERAL\u0102 A TOMATELOR ROZ !<\/span><\/h6>\n<h6>REZISTEN\u021a\u0102 FOARTE BUN\u0102 LA URM\u0102TOARELE BOLI : Virusul mozaic al tomatelor ToMV: 0-2 ; Fulvia Fulva Ff : A-E\u00a0 ; Fusarium Fol: 0,1 \/; Stemphhylium Ss ; Verticilium Vd: 0 ; Nematozi Mi.<\/h6>\n<h6>Sensibilitate la excesul de azot.<\/h6>\n<h6><\/h6>\n<h6><\/h6>\n<h6><\/h6>\n<h6><\/h6>\n<h6><\/h6>\n","protected":false},"excerpt":{"rendered":"<h6>25 semin\u021be<\/h6>\n<h6><span style=\"color: #ff00ff;\">GUST EXCEP\u021aIONAL!<\/span><\/h6>\n","protected":false},"featured_media":6359,"comment_status":"open","ping_status":"closed","template":"","meta":{"site-sidebar-layout":"default","site-content-layout":"default","ast-site-content-layout":"default","site-content-style":"default","site-sidebar-style":"default","ast-global-header-display":"","ast-banner-title-visibility":"","ast-main-header-display":"","ast-hfb-above-header-display":"","ast-hfb-below-header-display":"","ast-hfb-mobile-header-display":"","site-post-title":"","ast-breadcrumbs-content":"","ast-featured-img":"","footer-sml-layout":"","ast-disable-related-posts":"","theme-transparent-header-meta":"default","adv-header-id-meta":"","stick-header-meta":"","header-above-stick-meta":"","header-main-stick-meta":"","header-below-stick-meta":"","astra-migrate-meta-layouts":"set","ast-page-background-enabled":"default","ast-page-background-meta":{"desktop":{"background-color":"var(--ast-global-color-4)","background-image":"","background-repeat":"repeat","background-position":"center center","background-size":"auto","background-attachment":"scroll","background-type":"","background-media":"","overlay-type":"","overlay-color":"","overlay-opacity":"","overlay-gradient":""},"tablet":{"background-color":"","background-image":"","background-repeat":"repeat","background-position":"center center","background-size":"auto","background-attachment":"scroll","background-type":"","background-media":"","overlay-type":"","overlay-color":"","overlay-opacity":"","overlay-gradient":""},"mobile":{"background-color":"","background-image":"","background-repeat":"repeat","background-position":"center center","background-size":"auto","background-attachment":"scroll","background-type":"","background-media":"","overlay-type":"","overlay-color":"","overlay-opacity":"","overlay-gradient":""}},"ast-content-background-meta":{"desktop":{"background-color":"var(--ast-global-color-5)","background-image":"","background-repeat":"repeat","background-position":"center center","background-size":"auto","background-attachment":"scroll","background-type":"","background-media":"","overlay-type":"","overlay-color":"","overlay-opacity":"","overlay-gradient":""},"tablet":{"background-color":"var(--ast-global-color-5)","background-image":"","background-repeat":"repeat","background-position":"center center","background-size":"auto","background-attachment":"scroll","background-type":"","background-media":"","overlay-type":"","overlay-color":"","overlay-opacity":"","overlay-gradient":""},"mobile":{"background-color":"var(--ast-global-color-5)","background-image":"","background-repeat":"repeat","background-position":"center center","background-size":"auto","background-attachment":"scroll","background-type":"","background-media":"","overlay-type":"","overlay-color":"","overlay-opacity":"","overlay-gradient":""}}},"product_brand":[],"product_cat":[110],"product_tag":[],"class_list":{"0":"post-9570","1":"product","2":"type-product","3":"status-publish","4":"has-post-thumbnail","6":"product_cat-tomate-hibrid","7":"pa_z-cantitate-10-seminte","8":"pa_z-cantitate-100-seminte","9":"pa_z-cantitate-200-seminte","10":"pa_z-cantitate-25-seminte","11":"pa_z-cantitate-50-seminte","12":"desktop-align-left","13":"tablet-align-left","14":"mobile-align-left","16":"first","17":"outofstock","18":"taxable","19":"shipping-taxable","20":"purchasable","21":"product-type-simple"},"_links":{"self":[{"href":"https:\/\/vivasem.ro\/index.php?rest_route=\/wp\/v2\/product\/9570","targetHints":{"allow":["GET"]}}],"collection":[{"href":"https:\/\/vivasem.ro\/index.php?rest_route=\/wp\/v2\/product"}],"about":[{"href":"https:\/\/vivasem.ro\/index.php?rest_route=\/wp\/v2\/types\/product"}],"replies":[{"embeddable":true,"href":"https:\/\/vivasem.ro\/index.php?rest_route=%2Fwp%2Fv2%2Fcomments&post=9570"}],"wp:featuredmedia":[{"embeddable":true,"href":"https:\/\/vivasem.ro\/index.php?rest_route=\/wp\/v2\/media\/6359"}],"wp:attachment":[{"href":"https:\/\/vivasem.ro\/index.php?rest_route=%2Fwp%2Fv2%2Fmedia&parent=9570"}],"wp:term":[{"taxonomy":"product_brand","embeddable":true,"href":"https:\/\/vivasem.ro\/index.php?rest_route=%2Fwp%2Fv2%2Fproduct_brand&post=9570"},{"taxonomy":"product_cat","embeddable":true,"href":"https:\/\/vivasem.ro\/index.php?rest_route=%2Fwp%2Fv2%2Fproduct_cat&post=9570"},{"taxonomy":"product_tag","embeddable":true,"href":"https:\/\/vivasem.ro\/index.php?rest_route=%2Fwp%2Fv2%2Fproduct_tag&post=9570"}],"curies":[{"name":"wp","href":"https:\/\/api.w.org\/{rel}","templated":true}]}}