{"id":9489,"date":"2023-03-03T07:52:52","date_gmt":"2023-03-03T05:52:52","guid":{"rendered":"https:\/\/vivasem.ro\/?post_type=product&#038;p=9489"},"modified":"2025-11-28T21:10:18","modified_gmt":"2025-11-28T19:10:18","slug":"canestrino","status":"publish","type":"product","link":"https:\/\/vivasem.ro\/?product=canestrino","title":{"rendered":"CANESTRINO"},"content":{"rendered":"<h6 class=\"page-title\"><span class=\"base\" style=\"color: #ff0000;\" data-ui-id=\"page-title-wrapper\">CANESTRINO ,<\/span><\/h6>\n<h6 class=\"page-title\"><span style=\"color: #ff0000;\">-Produc\u0103tor :La Semiorto Sementi ITALIA<a href=\"https:\/\/vivasem.ro\/wp-content\/uploads\/2022\/12\/LA-SEMIORTO-2.jpg\"><img loading=\"lazy\" decoding=\"async\" class=\"alignnone size-medium wp-image-8634\" src=\"https:\/\/vivasem.ro\/wp-content\/uploads\/2022\/12\/LA-SEMIORTO-2-300x83.jpg\" alt=\"\" width=\"300\" height=\"83\" srcset=\"https:\/\/vivasem.ro\/wp-content\/uploads\/2022\/12\/LA-SEMIORTO-2-300x83.jpg 300w, https:\/\/vivasem.ro\/wp-content\/uploads\/2022\/12\/LA-SEMIORTO-2-248x69.jpg 248w, https:\/\/vivasem.ro\/wp-content\/uploads\/2022\/12\/LA-SEMIORTO-2.jpg 523w\" sizes=\"auto, (max-width: 300px) 100vw, 300px\" \/><\/a>\u00a0 \u00a0 \u00a0 \u00a0 \u00a0 \u00a0 \u00a0 \u00a0 \u00a0 \u00a0 \u00a0 \u00a0 \u00a0 \u00a0 \u00a0 \u00a0 \u00a0 \u00a0 \u00a0 \u00a0 \u00a0 \u00a0 \u00a0 \u00a0 \u00a0 \u00a0 \u00a0 \u00a0<\/span><\/h6>\n<h6><strong><span style=\"color: #0000ff;\">SOI\u00a0 MEDITERANEEAN ITALIAN , DIN REGIUNEA TOSCANA, RUSTIC,\u00a0 PUTERNIC COSTAT, \u00ceN FORM\u0102 DE P\u0102R\u0102.<\/span><\/strong><\/h6>\n<h6><span style=\"color: #ff0000;\"><strong>UNA DIN PRINCIPALELE CARACTERISTICI, CONST\u0102 \u00ceN DEOSEBITA ADAPTABILITATE LA DIVERSE TIPURI DE SOL .<\/strong><\/span><\/h6>\n<h6><span style=\"color: #000000;\">FRUCTELE SUNT <strong>C\u0102RNOASE , CU PULPA DENS\u0102, <\/strong>CU SEMIN\u021aE PU\u021aINE ,<\/span><span style=\"color: #ff0000;\"><strong> MARI, \u00ceN MEDIE DE 150-200 gr.,DAR <\/strong>POT DEP\u0102\u0218II 300 grame !<\/span><\/h6>\n<h6><span style=\"color: #000000;\">CULOAREA FOARTE FRUMOAS\u0102,\u00a0 RO\u0218U-APRINS,CU UN ASPECT COMERCIAL EXCELENT.<\/span><\/h6>\n<h6><strong><span style=\"color: #0000ff;\">GUST EXCELENT ,DE RO\u0218IE \u021a\u0102R\u0102NEASC\u0102, FOARTE DULCE , CU AROM\u0102 PUTERNIC\u0102, PE CARE \u0218I-O P\u0102STREAZ\u0102 \u0218I C\u00c2ND ESTE G\u0102TIT\u0102.<\/span><\/strong><\/h6>\n<h6><strong><span style=\"color: #0000ff;\">DE UTILIZAT\u00a0 \u00ceN BUC\u0102T\u0102RIE, \u0218I \u00ceN FORM\u0102 PROASP\u0102T\u0102, DATORIT\u0102 CALIT\u0102\u021aILOR ORGANOLEPTICE DEOSEBITE, DAR \u0218I PENTRU SOSURI, SALSA, PASTE .<\/span><\/strong><\/h6>\n<h6><span style=\"color: #ff0000;\">RODE\u0218TE FOARTE MULT, FIIND CARACTERIZAT CU PRODUC\u021aIE MARE, \u00ceN SPECIAL C\u00c2ND SE CULTIV\u0102 PE DOU\u0102 BRA\u021aE.<\/span><\/h6>\n<h6>DE\u0218I ESTE DESTINAT DE A FI CULTIVAT \u00ceN C\u00c2MP \u0218I GR\u0102DIN\u0102 , D\u0102 REZULTATE FOARTE BUNE \u00ceN SOLARII SAU SERE.<\/h6>\n<h6><span style=\"color: #ff0000;\"><strong>REZIST\u0102 FOARTE BINE LA TEMPERATURI RIDICATE, DAR CU IRIGARE CORESPUNZ\u0102TOARE.<\/strong><\/span><\/h6>\n<h6><span style=\"color: #ff0000;\">Soi nedeterminat,semitimpuriu, u\u0219or de crescut \u00een solarii sau \u00een gr\u0103dini.<\/span><\/h6>\n","protected":false},"excerpt":{"rendered":"<h6><span style=\"color: #0000ff;\">25 SEMIN\u021aE<\/span><\/h6>\n<h6><span style=\"color: #ff00ff;\">SOI FOARTE REZISTENT, FOARTE PRODUCTIV !<\/span><\/h6>\n","protected":false},"featured_media":9494,"comment_status":"open","ping_status":"closed","template":"","meta":{"site-sidebar-layout":"default","site-content-layout":"default","ast-site-content-layout":"default","site-content-style":"default","site-sidebar-style":"default","ast-global-header-display":"","ast-banner-title-visibility":"","ast-main-header-display":"","ast-hfb-above-header-display":"","ast-hfb-below-header-display":"","ast-hfb-mobile-header-display":"","site-post-title":"","ast-breadcrumbs-content":"","ast-featured-img":"","footer-sml-layout":"","ast-disable-related-posts":"","theme-transparent-header-meta":"default","adv-header-id-meta":"","stick-header-meta":"","header-above-stick-meta":"","header-main-stick-meta":"","header-below-stick-meta":"","astra-migrate-meta-layouts":"set","ast-page-background-enabled":"default","ast-page-background-meta":{"desktop":{"background-color":"var(--ast-global-color-4)","background-image":"","background-repeat":"repeat","background-position":"center center","background-size":"auto","background-attachment":"scroll","background-type":"","background-media":"","overlay-type":"","overlay-color":"","overlay-opacity":"","overlay-gradient":""},"tablet":{"background-color":"","background-image":"","background-repeat":"repeat","background-position":"center center","background-size":"auto","background-attachment":"scroll","background-type":"","background-media":"","overlay-type":"","overlay-color":"","overlay-opacity":"","overlay-gradient":""},"mobile":{"background-color":"","background-image":"","background-repeat":"repeat","background-position":"center center","background-size":"auto","background-attachment":"scroll","background-type":"","background-media":"","overlay-type":"","overlay-color":"","overlay-opacity":"","overlay-gradient":""}},"ast-content-background-meta":{"desktop":{"background-color":"var(--ast-global-color-5)","background-image":"","background-repeat":"repeat","background-position":"center center","background-size":"auto","background-attachment":"scroll","background-type":"","background-media":"","overlay-type":"","overlay-color":"","overlay-opacity":"","overlay-gradient":""},"tablet":{"background-color":"var(--ast-global-color-5)","background-image":"","background-repeat":"repeat","background-position":"center center","background-size":"auto","background-attachment":"scroll","background-type":"","background-media":"","overlay-type":"","overlay-color":"","overlay-opacity":"","overlay-gradient":""},"mobile":{"background-color":"var(--ast-global-color-5)","background-image":"","background-repeat":"repeat","background-position":"center center","background-size":"auto","background-attachment":"scroll","background-type":"","background-media":"","overlay-type":"","overlay-color":"","overlay-opacity":"","overlay-gradient":""}}},"product_brand":[],"product_cat":[151,142,144,15],"product_tag":[],"class_list":{"0":"post-9489","1":"product","2":"type-product","3":"status-publish","4":"has-post-thumbnail","6":"product_cat-soiuri-italiene","7":"product_cat-soiuri-rosii-roz","8":"product_cat-soiuri-tip-inima-de-bou","9":"product_cat-tomate-soi","10":"desktop-align-left","11":"tablet-align-left","12":"mobile-align-left","14":"first","15":"instock","16":"taxable","17":"shipping-taxable","18":"purchasable","19":"product-type-simple"},"_links":{"self":[{"href":"https:\/\/vivasem.ro\/index.php?rest_route=\/wp\/v2\/product\/9489","targetHints":{"allow":["GET"]}}],"collection":[{"href":"https:\/\/vivasem.ro\/index.php?rest_route=\/wp\/v2\/product"}],"about":[{"href":"https:\/\/vivasem.ro\/index.php?rest_route=\/wp\/v2\/types\/product"}],"replies":[{"embeddable":true,"href":"https:\/\/vivasem.ro\/index.php?rest_route=%2Fwp%2Fv2%2Fcomments&post=9489"}],"wp:featuredmedia":[{"embeddable":true,"href":"https:\/\/vivasem.ro\/index.php?rest_route=\/wp\/v2\/media\/9494"}],"wp:attachment":[{"href":"https:\/\/vivasem.ro\/index.php?rest_route=%2Fwp%2Fv2%2Fmedia&parent=9489"}],"wp:term":[{"taxonomy":"product_brand","embeddable":true,"href":"https:\/\/vivasem.ro\/index.php?rest_route=%2Fwp%2Fv2%2Fproduct_brand&post=9489"},{"taxonomy":"product_cat","embeddable":true,"href":"https:\/\/vivasem.ro\/index.php?rest_route=%2Fwp%2Fv2%2Fproduct_cat&post=9489"},{"taxonomy":"product_tag","embeddable":true,"href":"https:\/\/vivasem.ro\/index.php?rest_route=%2Fwp%2Fv2%2Fproduct_tag&post=9489"}],"curies":[{"name":"wp","href":"https:\/\/api.w.org\/{rel}","templated":true}]}}