{"id":9418,"date":"2023-02-24T20:03:07","date_gmt":"2023-02-24T18:03:07","guid":{"rendered":"https:\/\/vivasem.ro\/?post_type=product&#038;p=9418"},"modified":"2023-11-20T13:35:00","modified_gmt":"2023-11-20T11:35:00","slug":"fasole-pitica-dior-80g","status":"publish","type":"product","link":"https:\/\/vivasem.ro\/?product=fasole-pitica-dior-80g","title":{"rendered":"\u201eFASOLE PITIC\u0102 DIOR (80g)"},"content":{"rendered":"<h6 style=\"text-align: left;\"><span style=\"color: #ff0000;\"><strong><u>FASOLE DIOR-Agrosem Tg.Mure\u0219,<\/u><\/strong><\/span><\/h6>\n<h6><span style=\"color: #0000ff;\">Acest soi, are toleran\u021b\u0103 mare fa\u021b\u0103 de temperaturi ridicate.<\/span><\/h6>\n<h6><span style=\"color: #0000ff;\"> Este rezistent la bolile comune cum ar fi antracnoza, virusul mozaic \u0219i arsura aureolat\u0103 a fasolei.<\/span><\/h6>\n<h6><span style=\"color: #ff0000;\"><strong>SOI TIMPURIU, FOARTE PRODUCTIV DE FASOLE PITIC\u0102, CU P\u0102STAIA TIP FIDELU\u021a\u0102 CE PRODUCE\u00a0 P\u0102STAI GALBENE-AURII, LUNGI DE 16-17 centimetrii, DIAMETRU DE 8- 9 mm.<\/strong><\/span><\/h6>\n<h6><span style=\"color: #ff0000;\"><strong>TECILE SUNT ROTUNDE, CILINDRICE,C\u0102RNOASE, F\u0102R\u0102 A\u021aE \u0218I FOARTE GUSTOASE, BOABELE USCATE SUNT ALBE,U\u0218OR CURBATE.<\/strong><\/span><\/h6>\n<h6>Planta are o inaltime de 45-50 cm, cu frunze de culoare verzuie, productiva.<\/h6>\n<h6>Semintele se seamana din 01 aprilie pana in 15 mai cand temperatura solului este peste 12 gradeC.<\/h6>\n<h6>Perioada de vegetatie medie de 50 zile.<\/h6>\n<h6>\u00a0Se consuma in stare proaspata sau congelata.<\/h6>\n<h6><\/h6>\n","protected":false},"excerpt":{"rendered":"<h6><span style=\"color: #0000ff;\">80 grame\/550-560 SEMIN\u021aE<\/span><\/h6>\n<h6><span style=\"color: #ff00ff;\"> SOI CU P\u0102ST\u0102I LUNGI, REZISTENT LA TEMPERATURI RIDICATE \u0218I LA BOLI<\/span><\/h6>\n","protected":false},"featured_media":9420,"comment_status":"open","ping_status":"closed","template":"","meta":{"site-sidebar-layout":"default","site-content-layout":"default","ast-site-content-layout":"default","site-content-style":"default","site-sidebar-style":"default","ast-global-header-display":"","ast-banner-title-visibility":"","ast-main-header-display":"","ast-hfb-above-header-display":"","ast-hfb-below-header-display":"","ast-hfb-mobile-header-display":"","site-post-title":"","ast-breadcrumbs-content":"","ast-featured-img":"","footer-sml-layout":"","ast-disable-related-posts":"","theme-transparent-header-meta":"default","adv-header-id-meta":"","stick-header-meta":"","header-above-stick-meta":"","header-main-stick-meta":"","header-below-stick-meta":"","astra-migrate-meta-layouts":"set","ast-page-background-enabled":"default","ast-page-background-meta":{"desktop":{"background-color":"var(--ast-global-color-4)","background-image":"","background-repeat":"repeat","background-position":"center center","background-size":"auto","background-attachment":"scroll","background-type":"","background-media":"","overlay-type":"","overlay-color":"","overlay-opacity":"","overlay-gradient":""},"tablet":{"background-color":"","background-image":"","background-repeat":"repeat","background-position":"center center","background-size":"auto","background-attachment":"scroll","background-type":"","background-media":"","overlay-type":"","overlay-color":"","overlay-opacity":"","overlay-gradient":""},"mobile":{"background-color":"","background-image":"","background-repeat":"repeat","background-position":"center center","background-size":"auto","background-attachment":"scroll","background-type":"","background-media":"","overlay-type":"","overlay-color":"","overlay-opacity":"","overlay-gradient":""}},"ast-content-background-meta":{"desktop":{"background-color":"var(--ast-global-color-5)","background-image":"","background-repeat":"repeat","background-position":"center center","background-size":"auto","background-attachment":"scroll","background-type":"","background-media":"","overlay-type":"","overlay-color":"","overlay-opacity":"","overlay-gradient":""},"tablet":{"background-color":"var(--ast-global-color-5)","background-image":"","background-repeat":"repeat","background-position":"center center","background-size":"auto","background-attachment":"scroll","background-type":"","background-media":"","overlay-type":"","overlay-color":"","overlay-opacity":"","overlay-gradient":""},"mobile":{"background-color":"var(--ast-global-color-5)","background-image":"","background-repeat":"repeat","background-position":"center center","background-size":"auto","background-attachment":"scroll","background-type":"","background-media":"","overlay-type":"","overlay-color":"","overlay-opacity":"","overlay-gradient":""}}},"product_brand":[],"product_cat":[112],"product_tag":[],"class_list":{"0":"post-9418","1":"product","2":"type-product","3":"status-publish","4":"has-post-thumbnail","6":"product_cat-fasole-oloaga-fasole-pitica","7":"desktop-align-left","8":"tablet-align-left","9":"mobile-align-left","11":"first","12":"outofstock","13":"taxable","14":"shipping-taxable","15":"purchasable","16":"product-type-simple"},"_links":{"self":[{"href":"https:\/\/vivasem.ro\/index.php?rest_route=\/wp\/v2\/product\/9418","targetHints":{"allow":["GET"]}}],"collection":[{"href":"https:\/\/vivasem.ro\/index.php?rest_route=\/wp\/v2\/product"}],"about":[{"href":"https:\/\/vivasem.ro\/index.php?rest_route=\/wp\/v2\/types\/product"}],"replies":[{"embeddable":true,"href":"https:\/\/vivasem.ro\/index.php?rest_route=%2Fwp%2Fv2%2Fcomments&post=9418"}],"wp:featuredmedia":[{"embeddable":true,"href":"https:\/\/vivasem.ro\/index.php?rest_route=\/wp\/v2\/media\/9420"}],"wp:attachment":[{"href":"https:\/\/vivasem.ro\/index.php?rest_route=%2Fwp%2Fv2%2Fmedia&parent=9418"}],"wp:term":[{"taxonomy":"product_brand","embeddable":true,"href":"https:\/\/vivasem.ro\/index.php?rest_route=%2Fwp%2Fv2%2Fproduct_brand&post=9418"},{"taxonomy":"product_cat","embeddable":true,"href":"https:\/\/vivasem.ro\/index.php?rest_route=%2Fwp%2Fv2%2Fproduct_cat&post=9418"},{"taxonomy":"product_tag","embeddable":true,"href":"https:\/\/vivasem.ro\/index.php?rest_route=%2Fwp%2Fv2%2Fproduct_tag&post=9418"}],"curies":[{"name":"wp","href":"https:\/\/api.w.org\/{rel}","templated":true}]}}