{"id":9298,"date":"2023-02-18T12:42:01","date_gmt":"2023-02-18T10:42:01","guid":{"rendered":"https:\/\/vivasem.ro\/?post_type=product&#038;p=9298"},"modified":"2026-03-11T10:48:36","modified_gmt":"2026-03-11T08:48:36","slug":"morcovi-berlicum-2","status":"publish","type":"product","link":"https:\/\/vivasem.ro\/?product=morcovi-berlicum-2","title":{"rendered":"MORCOVI BERLICUM 2"},"content":{"rendered":"<h6><u><span style=\"color: #ff6600;\"><b>MORCOVI\u00a0 BERLICUM 2\u00a0 &#8211; RACI Sementi Italia<\/b><\/span>,<\/u><\/h6>\n<h6>Un<strong>\u00a0soi de morcov<\/strong> semitardiv,care se cultiv\u0103 tot anul, dar, in special pentru a fi recoltat toamna, datorita rezisten\u021bei la depozitare pe timpul iernii.<\/h6>\n<ul>\n<li>\n<h6>Radacina cilindrica lunga, de culoare rosu intens, fara cilindru central, cu varf ascutit<\/h6>\n<\/li>\n<li>\n<h6>Dulce, aromat, recomandat\u00a0pentru pastrare<\/h6>\n<\/li>\n<li>\n<h6>DE CONSUMAT \u00ceN STARE PROASP\u0102T\u0102, SAU CONSERVA\u021aI, INCLUSIV PRIN USCARE.<\/h6>\n<\/li>\n<li>\n<h6>M\u0102RIMEA MEDIE ESTE DE 18-22 centimetrii,<\/h6>\n<\/li>\n<\/ul>\n<h6>Densitatea recomandata pentru semanat: 1,3-2,8 mil. sem.\/ha<\/h6>\n<p><strong><em>Cantitate de seminte recomandata pentru semanat: 1,5 gr-3,5 gr\/10 mp.<\/em><\/strong><\/p>\n<h6><\/h6>\n","protected":false},"excerpt":{"rendered":"<h6><span style=\"color: #0000ff;\">9 grame(circa 20.000 semin\u021be)<\/span><\/h6>\n","protected":false},"featured_media":9299,"comment_status":"open","ping_status":"closed","template":"","meta":{"site-sidebar-layout":"default","site-content-layout":"default","ast-site-content-layout":"default","site-content-style":"default","site-sidebar-style":"default","ast-global-header-display":"","ast-banner-title-visibility":"","ast-main-header-display":"","ast-hfb-above-header-display":"","ast-hfb-below-header-display":"","ast-hfb-mobile-header-display":"","site-post-title":"","ast-breadcrumbs-content":"","ast-featured-img":"","footer-sml-layout":"","ast-disable-related-posts":"","theme-transparent-header-meta":"default","adv-header-id-meta":"","stick-header-meta":"","header-above-stick-meta":"","header-main-stick-meta":"","header-below-stick-meta":"","astra-migrate-meta-layouts":"set","ast-page-background-enabled":"default","ast-page-background-meta":{"desktop":{"background-color":"var(--ast-global-color-4)","background-image":"","background-repeat":"repeat","background-position":"center center","background-size":"auto","background-attachment":"scroll","background-type":"","background-media":"","overlay-type":"","overlay-color":"","overlay-opacity":"","overlay-gradient":""},"tablet":{"background-color":"","background-image":"","background-repeat":"repeat","background-position":"center center","background-size":"auto","background-attachment":"scroll","background-type":"","background-media":"","overlay-type":"","overlay-color":"","overlay-opacity":"","overlay-gradient":""},"mobile":{"background-color":"","background-image":"","background-repeat":"repeat","background-position":"center center","background-size":"auto","background-attachment":"scroll","background-type":"","background-media":"","overlay-type":"","overlay-color":"","overlay-opacity":"","overlay-gradient":""}},"ast-content-background-meta":{"desktop":{"background-color":"var(--ast-global-color-5)","background-image":"","background-repeat":"repeat","background-position":"center center","background-size":"auto","background-attachment":"scroll","background-type":"","background-media":"","overlay-type":"","overlay-color":"","overlay-opacity":"","overlay-gradient":""},"tablet":{"background-color":"var(--ast-global-color-5)","background-image":"","background-repeat":"repeat","background-position":"center center","background-size":"auto","background-attachment":"scroll","background-type":"","background-media":"","overlay-type":"","overlay-color":"","overlay-opacity":"","overlay-gradient":""},"mobile":{"background-color":"var(--ast-global-color-5)","background-image":"","background-repeat":"repeat","background-position":"center center","background-size":"auto","background-attachment":"scroll","background-type":"","background-media":"","overlay-type":"","overlay-color":"","overlay-opacity":"","overlay-gradient":""}}},"product_brand":[],"product_cat":[89],"product_tag":[],"class_list":{"0":"post-9298","1":"product","2":"type-product","3":"status-publish","4":"has-post-thumbnail","6":"product_cat-radacinoase","7":"desktop-align-left","8":"tablet-align-left","9":"mobile-align-left","11":"first","12":"instock","13":"sale","14":"taxable","15":"shipping-taxable","16":"purchasable","17":"product-type-simple"},"_links":{"self":[{"href":"https:\/\/vivasem.ro\/index.php?rest_route=\/wp\/v2\/product\/9298","targetHints":{"allow":["GET"]}}],"collection":[{"href":"https:\/\/vivasem.ro\/index.php?rest_route=\/wp\/v2\/product"}],"about":[{"href":"https:\/\/vivasem.ro\/index.php?rest_route=\/wp\/v2\/types\/product"}],"replies":[{"embeddable":true,"href":"https:\/\/vivasem.ro\/index.php?rest_route=%2Fwp%2Fv2%2Fcomments&post=9298"}],"wp:featuredmedia":[{"embeddable":true,"href":"https:\/\/vivasem.ro\/index.php?rest_route=\/wp\/v2\/media\/9299"}],"wp:attachment":[{"href":"https:\/\/vivasem.ro\/index.php?rest_route=%2Fwp%2Fv2%2Fmedia&parent=9298"}],"wp:term":[{"taxonomy":"product_brand","embeddable":true,"href":"https:\/\/vivasem.ro\/index.php?rest_route=%2Fwp%2Fv2%2Fproduct_brand&post=9298"},{"taxonomy":"product_cat","embeddable":true,"href":"https:\/\/vivasem.ro\/index.php?rest_route=%2Fwp%2Fv2%2Fproduct_cat&post=9298"},{"taxonomy":"product_tag","embeddable":true,"href":"https:\/\/vivasem.ro\/index.php?rest_route=%2Fwp%2Fv2%2Fproduct_tag&post=9298"}],"curies":[{"name":"wp","href":"https:\/\/api.w.org\/{rel}","templated":true}]}}