{"id":9285,"date":"2023-02-18T08:53:29","date_gmt":"2023-02-18T06:53:29","guid":{"rendered":"https:\/\/vivasem.ro\/?post_type=product&#038;p=9285"},"modified":"2025-04-09T11:37:57","modified_gmt":"2025-04-09T09:37:57","slug":"pepene-rosu-mramorna-opal-zi-bulgaria-2","status":"publish","type":"product","link":"https:\/\/vivasem.ro\/?product=pepene-rosu-mramorna-opal-zi-bulgaria-2","title":{"rendered":"PEPENE ROSU MRAMORNA (FLORIAN-Bulgaria)"},"content":{"rendered":"<h6><span style=\"color: #ff0000;\"><strong><u>PEPENE RO\u0218U MRAMORNA\/MARMORAT\/DE MARMUR\u0102,<\/u><\/strong><\/span>\u00a0 \u00a0 \u00a0 \u00a0 \u00a0 <span style=\"color: #ff0000;\"><strong><u><a href=\"https:\/\/vivasem.ro\/wp-content\/uploads\/2023\/02\/FLORIAN-logo.jpg\"><img loading=\"lazy\" decoding=\"async\" class=\"alignnone wp-image-11691\" src=\"https:\/\/vivasem.ro\/wp-content\/uploads\/2023\/02\/FLORIAN-logo-300x159.jpg\" alt=\"\" width=\"155\" height=\"82\" srcset=\"https:\/\/vivasem.ro\/wp-content\/uploads\/2023\/02\/FLORIAN-logo-300x159.jpg 300w, https:\/\/vivasem.ro\/wp-content\/uploads\/2023\/02\/FLORIAN-logo-original-248x131.jpg 248w, https:\/\/vivasem.ro\/wp-content\/uploads\/2023\/02\/FLORIAN-logo-original-590x313.jpg 590w, https:\/\/vivasem.ro\/wp-content\/uploads\/2023\/02\/FLORIAN-logo-original.jpg 655w\" sizes=\"auto, (max-width: 155px) 100vw, 155px\" \/><\/a><\/u><\/strong><\/span><\/h6>\n<h6><span style=\"color: #ff0000;\"><span class=\"post-meta-key\">Produs \u0219i ambalat de :Florian-Bulgaria<\/span><\/span><\/h6>\n<h6><span style=\"color: #0000ff;\">Soi bulgaresc timpuriu, denumit a\u0219a datorit\u0103 aspectului exterior marmorat, verde deschis cu dungi \u00eentrerupte verde \u00eenchis, mult cultivat pentru\u00a0 calita\u021bile sale gustative.<\/span><\/h6>\n<h6><span style=\"color: #ff0000;\">Fructele sunt \u00a0mari , sferice, cu o greutate medie de 4-6 kg . <\/span><\/h6>\n<h6>Coaja fructului este sub\u021bire , neted\u0103.<\/h6>\n<h6>Pulpa este de culoare ro\u0219ie,este foarte dulce .<\/h6>\n<h6>Formeaz\u0103 tulpini lungi, cu multe frunze \u0219i o r\u0103d\u0103cin\u0103 puternic\u0103, .<\/h6>\n<h6>Perioada de vegetatie este de 75-80 de zile.<\/h6>\n<h6>\u2013 Prezinta capacitate buna de pastrare<\/h6>\n<h6><span style=\"color: #0000ff;\">\u2013 Potential de productie\u00a0 ridicat<\/span><\/h6>\n<h6>Specificatii tehnice:<\/h6>\n<ul>\n<li>\n<h6>Semanat direct:15-30 aprilie, adancime 4-7 cm.<br \/>\nRecoltare: iulie \u2013 august<br \/>\nNorma de semanat: 40 g\/100 mp<\/h6>\n<div class=\"ff7\">\n<div class=\"ff20\">\n<div class=\"ff20\">\n<div id=\"pageContainer5\" class=\"page\" data-page-number=\"5\" data-loaded=\"true\"><\/div>\n<\/div>\n<\/div>\n<\/div>\n<\/li>\n<\/ul>\n","protected":false},"excerpt":{"rendered":"<h6><span style=\"color: #0000ff;\">5 grame\/70-85 semin\u021be<\/span><\/h6>\n","protected":false},"featured_media":11692,"comment_status":"open","ping_status":"closed","template":"","meta":{"site-sidebar-layout":"default","site-content-layout":"default","ast-site-content-layout":"default","site-content-style":"default","site-sidebar-style":"default","ast-global-header-display":"","ast-banner-title-visibility":"","ast-main-header-display":"","ast-hfb-above-header-display":"","ast-hfb-below-header-display":"","ast-hfb-mobile-header-display":"","site-post-title":"","ast-breadcrumbs-content":"","ast-featured-img":"","footer-sml-layout":"","ast-disable-related-posts":"","theme-transparent-header-meta":"default","adv-header-id-meta":"","stick-header-meta":"","header-above-stick-meta":"","header-main-stick-meta":"","header-below-stick-meta":"","astra-migrate-meta-layouts":"set","ast-page-background-enabled":"default","ast-page-background-meta":{"desktop":{"background-color":"var(--ast-global-color-4)","background-image":"","background-repeat":"repeat","background-position":"center center","background-size":"auto","background-attachment":"scroll","background-type":"","background-media":"","overlay-type":"","overlay-color":"","overlay-opacity":"","overlay-gradient":""},"tablet":{"background-color":"","background-image":"","background-repeat":"repeat","background-position":"center center","background-size":"auto","background-attachment":"scroll","background-type":"","background-media":"","overlay-type":"","overlay-color":"","overlay-opacity":"","overlay-gradient":""},"mobile":{"background-color":"","background-image":"","background-repeat":"repeat","background-position":"center center","background-size":"auto","background-attachment":"scroll","background-type":"","background-media":"","overlay-type":"","overlay-color":"","overlay-opacity":"","overlay-gradient":""}},"ast-content-background-meta":{"desktop":{"background-color":"var(--ast-global-color-5)","background-image":"","background-repeat":"repeat","background-position":"center center","background-size":"auto","background-attachment":"scroll","background-type":"","background-media":"","overlay-type":"","overlay-color":"","overlay-opacity":"","overlay-gradient":""},"tablet":{"background-color":"var(--ast-global-color-5)","background-image":"","background-repeat":"repeat","background-position":"center center","background-size":"auto","background-attachment":"scroll","background-type":"","background-media":"","overlay-type":"","overlay-color":"","overlay-opacity":"","overlay-gradient":""},"mobile":{"background-color":"var(--ast-global-color-5)","background-image":"","background-repeat":"repeat","background-position":"center center","background-size":"auto","background-attachment":"scroll","background-type":"","background-media":"","overlay-type":"","overlay-color":"","overlay-opacity":"","overlay-gradient":""}}},"product_brand":[],"product_cat":[87],"product_tag":[],"class_list":{"0":"post-9285","1":"product","2":"type-product","3":"status-publish","4":"has-post-thumbnail","6":"product_cat-dovlecei","7":"desktop-align-left","8":"tablet-align-left","9":"mobile-align-left","11":"first","12":"instock","13":"taxable","14":"shipping-taxable","15":"purchasable","16":"product-type-simple"},"_links":{"self":[{"href":"https:\/\/vivasem.ro\/index.php?rest_route=\/wp\/v2\/product\/9285","targetHints":{"allow":["GET"]}}],"collection":[{"href":"https:\/\/vivasem.ro\/index.php?rest_route=\/wp\/v2\/product"}],"about":[{"href":"https:\/\/vivasem.ro\/index.php?rest_route=\/wp\/v2\/types\/product"}],"replies":[{"embeddable":true,"href":"https:\/\/vivasem.ro\/index.php?rest_route=%2Fwp%2Fv2%2Fcomments&post=9285"}],"wp:featuredmedia":[{"embeddable":true,"href":"https:\/\/vivasem.ro\/index.php?rest_route=\/wp\/v2\/media\/11692"}],"wp:attachment":[{"href":"https:\/\/vivasem.ro\/index.php?rest_route=%2Fwp%2Fv2%2Fmedia&parent=9285"}],"wp:term":[{"taxonomy":"product_brand","embeddable":true,"href":"https:\/\/vivasem.ro\/index.php?rest_route=%2Fwp%2Fv2%2Fproduct_brand&post=9285"},{"taxonomy":"product_cat","embeddable":true,"href":"https:\/\/vivasem.ro\/index.php?rest_route=%2Fwp%2Fv2%2Fproduct_cat&post=9285"},{"taxonomy":"product_tag","embeddable":true,"href":"https:\/\/vivasem.ro\/index.php?rest_route=%2Fwp%2Fv2%2Fproduct_tag&post=9285"}],"curies":[{"name":"wp","href":"https:\/\/api.w.org\/{rel}","templated":true}]}}