{"id":9281,"date":"2023-02-18T08:22:00","date_gmt":"2023-02-18T06:22:00","guid":{"rendered":"https:\/\/vivasem.ro\/?post_type=product&#038;p=9281"},"modified":"2023-05-29T12:35:21","modified_gmt":"2023-05-29T10:35:21","slug":"fasole-pentru-boabe-white-egg-31-gratis","status":"publish","type":"product","link":"https:\/\/vivasem.ro\/?product=fasole-pentru-boabe-white-egg-31-gratis","title":{"rendered":"\u201eFASOLE PENTRU BOABE  WHITE EGG (3+1 Gratis)"},"content":{"rendered":"<h6><span style=\"color: #ff6600;\"><strong><u><span style=\"color: #ff0000;\">Fasole pentru boabe WHITE EGG, <\/span><\/u><\/strong><\/span><\/h6>\n<h6><span style=\"color: #ff6600;\"><strong><u><span style=\"color: #ff0000;\">Produc\u0103tor:Pieterpikzonen-Olanda <\/span>,<\/u><\/strong><\/span><\/h6>\n<h6><span style=\"color: #0000ff;\"><strong>S<\/strong>oi de fasole\u00a0 destinat\u0103 produc\u021biei de fasole boabe uscate , ce se recolteaz\u0103 in stadiul in care past\u0103ile s-au ingalbenit \u0219i devin pergamentoase, iar boabele sunt mature. <\/span><\/h6>\n<h6><span style=\"color: #0000ff;\"><span style=\"color: #ff0000;\">Boabele au culoare alb\u0103, de m\u0103rime medie \u0219i forma oval\u0103, asem\u0103n\u0103toare ou\u0103lelor, de unde \u0219i denumirea,\u0219i<\/span> <\/span><span style=\"color: #ff0000;\">sunt \u00een num\u0103r de 280-290 , la 100 de grame.<\/span><\/h6>\n<h6><span style=\"color: #0000ff;\">Pentru a fi p\u0103strate peste iarn\u0103 se recomanda uscarea boabelor, la c\u0103ldur\u0103, \u00een interior.<\/span><\/h6>\n<h6>Au avantajul unei fierberi rapide.<\/h6>\n<h6>Se insamanteaza in perioada Mai &#8211; Iunie, la o adancime de 2-3 cm in sol.<\/h6>\n<h6>Desime:Recomandam 250.000 &#8211; 350.000 plante\/ha (8 cm x 45-50 cm).<\/h6>\n<h6>\u00a0Se preteaza recoltarii mecanizate, tufa fiind pitic\u0103, avand o talie de maxim 55 centimetri.<\/h6>\n","protected":false},"excerpt":{"rendered":"<h6><span style=\"color: #0000ff;\">400 grame\/4 x 290 =1160 SEMIN\u021aE<\/span><\/h6>\n<h6><span style=\"color: #ff00ff;\">OFERT\u0102 !<\/span><\/h6>\n","protected":false},"featured_media":8642,"comment_status":"open","ping_status":"closed","template":"","meta":{"site-sidebar-layout":"default","site-content-layout":"default","ast-site-content-layout":"default","site-content-style":"default","site-sidebar-style":"default","ast-global-header-display":"","ast-banner-title-visibility":"","ast-main-header-display":"","ast-hfb-above-header-display":"","ast-hfb-below-header-display":"","ast-hfb-mobile-header-display":"","site-post-title":"","ast-breadcrumbs-content":"","ast-featured-img":"","footer-sml-layout":"","ast-disable-related-posts":"","theme-transparent-header-meta":"default","adv-header-id-meta":"","stick-header-meta":"","header-above-stick-meta":"","header-main-stick-meta":"","header-below-stick-meta":"","astra-migrate-meta-layouts":"default","ast-page-background-enabled":"default","ast-page-background-meta":{"desktop":{"background-color":"var(--ast-global-color-4)","background-image":"","background-repeat":"repeat","background-position":"center center","background-size":"auto","background-attachment":"scroll","background-type":"","background-media":"","overlay-type":"","overlay-color":"","overlay-opacity":"","overlay-gradient":""},"tablet":{"background-color":"","background-image":"","background-repeat":"repeat","background-position":"center center","background-size":"auto","background-attachment":"scroll","background-type":"","background-media":"","overlay-type":"","overlay-color":"","overlay-opacity":"","overlay-gradient":""},"mobile":{"background-color":"","background-image":"","background-repeat":"repeat","background-position":"center center","background-size":"auto","background-attachment":"scroll","background-type":"","background-media":"","overlay-type":"","overlay-color":"","overlay-opacity":"","overlay-gradient":""}},"ast-content-background-meta":{"desktop":{"background-color":"var(--ast-global-color-5)","background-image":"","background-repeat":"repeat","background-position":"center center","background-size":"auto","background-attachment":"scroll","background-type":"","background-media":"","overlay-type":"","overlay-color":"","overlay-opacity":"","overlay-gradient":""},"tablet":{"background-color":"var(--ast-global-color-5)","background-image":"","background-repeat":"repeat","background-position":"center center","background-size":"auto","background-attachment":"scroll","background-type":"","background-media":"","overlay-type":"","overlay-color":"","overlay-opacity":"","overlay-gradient":""},"mobile":{"background-color":"var(--ast-global-color-5)","background-image":"","background-repeat":"repeat","background-position":"center center","background-size":"auto","background-attachment":"scroll","background-type":"","background-media":"","overlay-type":"","overlay-color":"","overlay-opacity":"","overlay-gradient":""}}},"product_brand":[],"product_cat":[112],"product_tag":[],"class_list":{"0":"post-9281","1":"product","2":"type-product","3":"status-publish","4":"has-post-thumbnail","6":"product_cat-fasole-oloaga-fasole-pitica","7":"desktop-align-left","8":"tablet-align-left","9":"mobile-align-left","11":"first","12":"outofstock","13":"taxable","14":"shipping-taxable","15":"purchasable","16":"product-type-simple"},"_links":{"self":[{"href":"https:\/\/vivasem.ro\/index.php?rest_route=\/wp\/v2\/product\/9281","targetHints":{"allow":["GET"]}}],"collection":[{"href":"https:\/\/vivasem.ro\/index.php?rest_route=\/wp\/v2\/product"}],"about":[{"href":"https:\/\/vivasem.ro\/index.php?rest_route=\/wp\/v2\/types\/product"}],"replies":[{"embeddable":true,"href":"https:\/\/vivasem.ro\/index.php?rest_route=%2Fwp%2Fv2%2Fcomments&post=9281"}],"wp:featuredmedia":[{"embeddable":true,"href":"https:\/\/vivasem.ro\/index.php?rest_route=\/wp\/v2\/media\/8642"}],"wp:attachment":[{"href":"https:\/\/vivasem.ro\/index.php?rest_route=%2Fwp%2Fv2%2Fmedia&parent=9281"}],"wp:term":[{"taxonomy":"product_brand","embeddable":true,"href":"https:\/\/vivasem.ro\/index.php?rest_route=%2Fwp%2Fv2%2Fproduct_brand&post=9281"},{"taxonomy":"product_cat","embeddable":true,"href":"https:\/\/vivasem.ro\/index.php?rest_route=%2Fwp%2Fv2%2Fproduct_cat&post=9281"},{"taxonomy":"product_tag","embeddable":true,"href":"https:\/\/vivasem.ro\/index.php?rest_route=%2Fwp%2Fv2%2Fproduct_tag&post=9281"}],"curies":[{"name":"wp","href":"https:\/\/api.w.org\/{rel}","templated":true}]}}