{"id":9271,"date":"2023-02-16T22:26:28","date_gmt":"2023-02-16T20:26:28","guid":{"rendered":"https:\/\/vivasem.ro\/?post_type=product&#038;p=9271"},"modified":"2024-01-14T00:44:08","modified_gmt":"2024-01-13T22:44:08","slug":"castraveti-cornichon-piccolo-verde-di-parigi-70s","status":"publish","type":"product","link":"https:\/\/vivasem.ro\/?product=castraveti-cornichon-piccolo-verde-di-parigi-70s","title":{"rendered":"\u201e\u201eCastraveti cornichon PICCOLO VERDE DI PARIGI (200s)"},"content":{"rendered":"<h6><span style=\"color: #ff0000;\"><u><b>CASTRAVE\u021aI PICCOLO VERDE DI PARIGI \/PETIT VERT DE PARIS <\/b>,<\/u><\/span><\/h6>\n<h6><span style=\"color: #ff0000;\">Produc\u0103tor :RACI SEMENTI Italia<\/span><\/h6>\n<h6><span style=\"color: #0000ff;\"><strong>POATE CEL MAI CULTIVAT SOI DE CASTRAVE\u021aI CORNI\u0218ON ,\u00ceN TOAT\u0102 LUMEA, DATORIT\u0102 CALIT\u0102\u021aILOR SALE !<\/strong><\/span><\/h6>\n<h6><span style=\"color: #0000ff;\"><strong> PRODUCTIV , SEMITIMPURIU, CU FRUCTE CILINDRICE,SCURTE, CU \u021aEPI, CU GREUTATE DE 70-90 grame \u0218I LUNGIME OPTIM\u0102 DE RECOLTARE, DE 8-12 centimetrii \u0219i 2-3 cm DIAMETRU.<\/strong><\/span><\/h6>\n<h6><span style=\"color: #ff0000;\">Este potrivit pentru cultivat in aer liber si in solarii. <\/span><\/h6>\n<h6><span style=\"color: #0000ff;\">FRUCTELE AU CANELURI, \u021aEPI RARI, SUNT CILINDRICE, <\/span><span style=\"color: #0000ff;\">DE CULOARE VERDE DESCHIS, NEAMARE.<\/span><\/h6>\n<h6><span style=\"color: #0000ff;\">RECOMANDAT PENTRU CULTURA DE VAR\u0102 SI TOAMN\u0102.<\/span><\/h6>\n<h6><span style=\"color: #0000ff;\">Este foarte potrivit pentru conservat.<\/span><\/h6>\n<h6><span style=\"color: #0000ff;\"><strong>Cultura: se seamana direct in camp in cuiburi odata cu trecerea pericolului de inghet (din februarie pana in iunie). <\/strong><\/span><\/h6>\n<h6><span style=\"color: #0000ff;\"><strong>Germineaza in 6 zile la 18\u00baC. In cuiburi se aseaza cateva semnite care se acopera cu un strat de pamant sau mrani\u021b\u0103 bine descompusa. <\/strong><\/span><\/h6>\n<h6><span style=\"color: #0000ff;\"><strong>Dupa aparitia celei de-a III-a sau a IV-a frunze se efectueza \u201cciupitul\u201d plantelor in scopul obtinerii unui numar mai mare de fructe.<\/strong><\/span><\/h6>\n<h6><span style=\"color: #0000ff;\">Perioada de vegetatie este de 40-45 zile.<\/span><\/h6>\n<h6><span style=\"color: #0000ff;\"><strong>Se ud\u0103 regulat aditionand un ingra\u0219amant lichid la fiecare 15 zile de la aparitia fructelor. <\/strong><\/span><\/h6>\n<h6><span style=\"color: #0000ff;\"><strong>Cultura de castraveti nu trebuie sa revina pe aceeasi sol sau dupa alte bostanoase decat dupa minim 3 ani. <\/strong><\/span><\/h6>\n<h6><span style=\"color: #0000ff;\"><strong>Temperatura minima de vegetatie 12-14\u00baC.<br \/>\nSol\/Expunere:prefera soluri usoare, afinate,drenate, bogate in humus, ph=6,5-7,5.<br \/>\nRecoltare: se recolteaza din iunie pana in octombrie.<\/strong><\/span><\/h6>\n<h6><\/h6>\n<p>&nbsp;<\/p>\n","protected":false},"excerpt":{"rendered":"<h6><span style=\"color: #0000ff;\">5 grame \/circa 200 SEMIN\u021aE <\/span><\/h6>\n<h6><span style=\"color: #ff00ff;\">CEL MAI CULTIVAT SOI DE CORNICHON<\/span><\/h6>\n<h6><span style=\"color: #0000ff;\">\u00a0 \u00a0 \u00a0<\/span><\/h6>\n<h6><\/h6>\n","protected":false},"featured_media":9272,"comment_status":"open","ping_status":"closed","template":"","meta":{"site-sidebar-layout":"default","site-content-layout":"default","ast-site-content-layout":"default","site-content-style":"default","site-sidebar-style":"default","ast-global-header-display":"","ast-banner-title-visibility":"","ast-main-header-display":"","ast-hfb-above-header-display":"","ast-hfb-below-header-display":"","ast-hfb-mobile-header-display":"","site-post-title":"","ast-breadcrumbs-content":"","ast-featured-img":"","footer-sml-layout":"","ast-disable-related-posts":"","theme-transparent-header-meta":"default","adv-header-id-meta":"","stick-header-meta":"","header-above-stick-meta":"","header-main-stick-meta":"","header-below-stick-meta":"","astra-migrate-meta-layouts":"set","ast-page-background-enabled":"default","ast-page-background-meta":{"desktop":{"background-color":"var(--ast-global-color-4)","background-image":"","background-repeat":"repeat","background-position":"center center","background-size":"auto","background-attachment":"scroll","background-type":"","background-media":"","overlay-type":"","overlay-color":"","overlay-opacity":"","overlay-gradient":""},"tablet":{"background-color":"","background-image":"","background-repeat":"repeat","background-position":"center center","background-size":"auto","background-attachment":"scroll","background-type":"","background-media":"","overlay-type":"","overlay-color":"","overlay-opacity":"","overlay-gradient":""},"mobile":{"background-color":"","background-image":"","background-repeat":"repeat","background-position":"center center","background-size":"auto","background-attachment":"scroll","background-type":"","background-media":"","overlay-type":"","overlay-color":"","overlay-opacity":"","overlay-gradient":""}},"ast-content-background-meta":{"desktop":{"background-color":"var(--ast-global-color-5)","background-image":"","background-repeat":"repeat","background-position":"center center","background-size":"auto","background-attachment":"scroll","background-type":"","background-media":"","overlay-type":"","overlay-color":"","overlay-opacity":"","overlay-gradient":""},"tablet":{"background-color":"var(--ast-global-color-5)","background-image":"","background-repeat":"repeat","background-position":"center center","background-size":"auto","background-attachment":"scroll","background-type":"","background-media":"","overlay-type":"","overlay-color":"","overlay-opacity":"","overlay-gradient":""},"mobile":{"background-color":"var(--ast-global-color-5)","background-image":"","background-repeat":"repeat","background-position":"center center","background-size":"auto","background-attachment":"scroll","background-type":"","background-media":"","overlay-type":"","overlay-color":"","overlay-opacity":"","overlay-gradient":""}}},"product_brand":[],"product_cat":[147,136],"product_tag":[],"class_list":{"0":"post-9271","1":"product","2":"type-product","3":"status-publish","4":"has-post-thumbnail","6":"product_cat-02-castraveti","7":"product_cat-castraveti-soi","8":"desktop-align-left","9":"tablet-align-left","10":"mobile-align-left","12":"first","13":"outofstock","14":"taxable","15":"shipping-taxable","16":"purchasable","17":"product-type-simple"},"_links":{"self":[{"href":"https:\/\/vivasem.ro\/index.php?rest_route=\/wp\/v2\/product\/9271","targetHints":{"allow":["GET"]}}],"collection":[{"href":"https:\/\/vivasem.ro\/index.php?rest_route=\/wp\/v2\/product"}],"about":[{"href":"https:\/\/vivasem.ro\/index.php?rest_route=\/wp\/v2\/types\/product"}],"replies":[{"embeddable":true,"href":"https:\/\/vivasem.ro\/index.php?rest_route=%2Fwp%2Fv2%2Fcomments&post=9271"}],"wp:featuredmedia":[{"embeddable":true,"href":"https:\/\/vivasem.ro\/index.php?rest_route=\/wp\/v2\/media\/9272"}],"wp:attachment":[{"href":"https:\/\/vivasem.ro\/index.php?rest_route=%2Fwp%2Fv2%2Fmedia&parent=9271"}],"wp:term":[{"taxonomy":"product_brand","embeddable":true,"href":"https:\/\/vivasem.ro\/index.php?rest_route=%2Fwp%2Fv2%2Fproduct_brand&post=9271"},{"taxonomy":"product_cat","embeddable":true,"href":"https:\/\/vivasem.ro\/index.php?rest_route=%2Fwp%2Fv2%2Fproduct_cat&post=9271"},{"taxonomy":"product_tag","embeddable":true,"href":"https:\/\/vivasem.ro\/index.php?rest_route=%2Fwp%2Fv2%2Fproduct_tag&post=9271"}],"curies":[{"name":"wp","href":"https:\/\/api.w.org\/{rel}","templated":true}]}}