{"id":9169,"date":"2023-02-04T08:10:14","date_gmt":"2023-02-04T06:10:14","guid":{"rendered":"https:\/\/vivasem.ro\/?post_type=product&#038;p=9169"},"modified":"2024-01-26T13:43:32","modified_gmt":"2024-01-26T11:43:32","slug":"dovlecei-radu","status":"publish","type":"product","link":"https:\/\/vivasem.ro\/?product=dovlecei-radu","title":{"rendered":"\u201eDOVLECEI RADU"},"content":{"rendered":"<h6><span style=\"color: #ff0000;\"><strong><u>Dovlecei RADU -Agrosem Tg.Mure\u0219<\/u><\/strong>,<\/span><\/h6>\n<h6><strong>S<\/strong>oi rom\u00e2nesc, creat \u0219i dezvoltat \u00een Rom\u00e2nia, rezistent, f\u0103r\u0103 vrej, cu o tulpin\u0103 scurt\u0103, tip tuf\u0103, \u0219i stufoas\u0103.<\/h6>\n<h6><strong><em>Dovlecelul Radu<\/em><\/strong> este un dovlecel clasic de culoare verde deschis, neted \u0219i lucios, form\u0103 cilindric\u0103, u\u0219or curbat\u0103.<\/h6>\n<h6>Culege\u021bi\u00a0<strong>dovleceii <\/strong>la o lungime recomandat\u0103 de 15 cm, cu floarea \u00eenc\u0103 ata\u0219at\u0103 pentru a beneficia la maxim de prospe\u021bimea \u0219i fr\u0103gezimea dovlecelului, dar, acesta poate cre\u0219te p\u00e2n\u0103 la 30 cm lungime \u0219i o greutate de 2 kg.<br \/>\nPulpa \u00a0este alb\u0103 spre galben pal ,la culoare, untoas\u0103 la gust \u0219i textur\u0103 crocant\u0103.<br \/>\n<strong><em>Dovlecelul Radu<\/em><\/strong>\u00a0poate fi folosit at\u00e2t proasp\u0103t c\u00e2t \u0219i conservat.<\/h6>\n<h6>Nu \u00ee\u0219i pierde culoarea sau gustul prin conservare sau g\u0103tire, dar se \u00eenmoaie prin g\u0103tire.<\/h6>\n<h6><strong>Soiul Radu\u00a0<\/strong>este recomandat pentru culturi timpurii ,\u00een solarii sau in tunele ,dar \u0219i in camp.<\/h6>\n<h6>Perioada de semanare in camp este intre aprilie &#8211; iunie, iar perioada de recoltare intre iunie &#8211; septembrie.<\/h6>\n<h6>Poate fi cultivat direct \u00een c\u00e2mp prin \u00eens\u0103m\u00e2n\u021bare direct\u0103, dup\u0103 ultimul \u00eenghe\u021b, sau prin r\u0103sad .<br \/>\nPlanta ajunge la maturitate la 50 &#8211; 60 de zile de la \u00eens\u0103m\u00e2n\u021bare, \u0219i este un soi productiv.<\/h6>\n","protected":false},"excerpt":{"rendered":"<h6><span style=\"color: #0000ff;\">1,5 grame (10 seminte)<\/span><\/h6>\n<h6><span style=\"color: #0000ff;\"><a href=\"https:\/\/vivasem.ro\/wp-content\/uploads\/2021\/11\/RO-1-e1669582350814.jpg\"><img loading=\"lazy\" decoding=\"async\" class=\"alignnone size-full wp-image-7098\" src=\"https:\/\/vivasem.ro\/wp-content\/uploads\/2021\/11\/RO-1-e1669582350814.jpg\" alt=\"\" width=\"297\" height=\"105\" \/><\/a><\/span><\/h6>\n","protected":false},"featured_media":9170,"comment_status":"open","ping_status":"closed","template":"","meta":{"site-sidebar-layout":"default","site-content-layout":"default","ast-site-content-layout":"default","site-content-style":"default","site-sidebar-style":"default","ast-global-header-display":"","ast-banner-title-visibility":"","ast-main-header-display":"","ast-hfb-above-header-display":"","ast-hfb-below-header-display":"","ast-hfb-mobile-header-display":"","site-post-title":"","ast-breadcrumbs-content":"","ast-featured-img":"","footer-sml-layout":"","ast-disable-related-posts":"","theme-transparent-header-meta":"default","adv-header-id-meta":"","stick-header-meta":"","header-above-stick-meta":"","header-main-stick-meta":"","header-below-stick-meta":"","astra-migrate-meta-layouts":"set","ast-page-background-enabled":"default","ast-page-background-meta":{"desktop":{"background-color":"var(--ast-global-color-4)","background-image":"","background-repeat":"repeat","background-position":"center center","background-size":"auto","background-attachment":"scroll","background-type":"","background-media":"","overlay-type":"","overlay-color":"","overlay-opacity":"","overlay-gradient":""},"tablet":{"background-color":"","background-image":"","background-repeat":"repeat","background-position":"center center","background-size":"auto","background-attachment":"scroll","background-type":"","background-media":"","overlay-type":"","overlay-color":"","overlay-opacity":"","overlay-gradient":""},"mobile":{"background-color":"","background-image":"","background-repeat":"repeat","background-position":"center center","background-size":"auto","background-attachment":"scroll","background-type":"","background-media":"","overlay-type":"","overlay-color":"","overlay-opacity":"","overlay-gradient":""}},"ast-content-background-meta":{"desktop":{"background-color":"var(--ast-global-color-5)","background-image":"","background-repeat":"repeat","background-position":"center center","background-size":"auto","background-attachment":"scroll","background-type":"","background-media":"","overlay-type":"","overlay-color":"","overlay-opacity":"","overlay-gradient":""},"tablet":{"background-color":"var(--ast-global-color-5)","background-image":"","background-repeat":"repeat","background-position":"center center","background-size":"auto","background-attachment":"scroll","background-type":"","background-media":"","overlay-type":"","overlay-color":"","overlay-opacity":"","overlay-gradient":""},"mobile":{"background-color":"var(--ast-global-color-5)","background-image":"","background-repeat":"repeat","background-position":"center center","background-size":"auto","background-attachment":"scroll","background-type":"","background-media":"","overlay-type":"","overlay-color":"","overlay-opacity":"","overlay-gradient":""}}},"product_brand":[],"product_cat":[87],"product_tag":[],"class_list":{"0":"post-9169","1":"product","2":"type-product","3":"status-publish","4":"has-post-thumbnail","6":"product_cat-dovlecei","7":"desktop-align-left","8":"tablet-align-left","9":"mobile-align-left","11":"first","12":"outofstock","13":"taxable","14":"shipping-taxable","15":"purchasable","16":"product-type-simple"},"_links":{"self":[{"href":"https:\/\/vivasem.ro\/index.php?rest_route=\/wp\/v2\/product\/9169","targetHints":{"allow":["GET"]}}],"collection":[{"href":"https:\/\/vivasem.ro\/index.php?rest_route=\/wp\/v2\/product"}],"about":[{"href":"https:\/\/vivasem.ro\/index.php?rest_route=\/wp\/v2\/types\/product"}],"replies":[{"embeddable":true,"href":"https:\/\/vivasem.ro\/index.php?rest_route=%2Fwp%2Fv2%2Fcomments&post=9169"}],"wp:featuredmedia":[{"embeddable":true,"href":"https:\/\/vivasem.ro\/index.php?rest_route=\/wp\/v2\/media\/9170"}],"wp:attachment":[{"href":"https:\/\/vivasem.ro\/index.php?rest_route=%2Fwp%2Fv2%2Fmedia&parent=9169"}],"wp:term":[{"taxonomy":"product_brand","embeddable":true,"href":"https:\/\/vivasem.ro\/index.php?rest_route=%2Fwp%2Fv2%2Fproduct_brand&post=9169"},{"taxonomy":"product_cat","embeddable":true,"href":"https:\/\/vivasem.ro\/index.php?rest_route=%2Fwp%2Fv2%2Fproduct_cat&post=9169"},{"taxonomy":"product_tag","embeddable":true,"href":"https:\/\/vivasem.ro\/index.php?rest_route=%2Fwp%2Fv2%2Fproduct_tag&post=9169"}],"curies":[{"name":"wp","href":"https:\/\/api.w.org\/{rel}","templated":true}]}}