{"id":9114,"date":"2023-01-28T01:06:35","date_gmt":"2023-01-27T23:06:35","guid":{"rendered":"https:\/\/vivasem.ro\/?post_type=product&#038;p=9114"},"modified":"2026-03-25T08:19:20","modified_gmt":"2026-03-25T06:19:20","slug":"fenicul-summer-early-agrosem","status":"publish","type":"product","link":"https:\/\/vivasem.ro\/?product=fenicul-summer-early-agrosem","title":{"rendered":"FENICUL SUMMER EARLY (Agrosem)"},"content":{"rendered":"<h6><span style=\"color: #ff0000;\"><strong><u>Fenicul SUMMER EARLY \/M\u0103rar pentru bulbi-AGROSEM Tg.Mure\u0219,<\/u><\/strong><\/span><\/h6>\n<h6>Feniculul sau molura (Foeniculum vulgare) este o specie de plant\u0103 peren\u0103 comestibil\u0103 din genul Foeniculum, familia Apiaceae (Umbelliferae), al c\u0103rei areal natural cuprinde regiunea mediteraneean\u0103 \u0219i sud-vestul Asiei (de la est la vest din Maroc \u0219i Portugalia p\u00e2n\u0103 \u00een Pakistan).<\/h6>\n<h6><span style=\"color: #0000ff;\">Este o plant\u0103 erbacee cu tulpina dreapt\u0103, cilindric\u0103, fin striat\u0103 longitudinal, \u00eenalt\u0103 p\u00e2n\u0103 la doi metri \u0219i ramificat\u0103 \u00eencep\u00e2nd de la baz\u0103.<\/span><\/h6>\n<h6>Frunzele, prev\u0103zute la baz\u0103 cu o teac\u0103 dezvoltat\u0103, sunt alungit-triunghiulare \u0219i multipenat-partite.<\/h6>\n<h6>Florile sunt mici, galben-aurii, dispuse \u00een umbele mari, terminale.<\/h6>\n<h6>Fructele mature sunt de culoare cenu\u0219ie sau brun-verzuie, au miros pl\u0103cut \u0219i gust dulceag.<\/h6>\n<h6><span style=\"color: #ff0000;\">Se aseam\u0103n\u0103 cu m\u0103rarul, cu care poate poleniza \u00eencruci\u0219at.<\/span><\/h6>\n<h6>Uleiul volatil determin\u0103 ac\u021biunea farmacologic\u0103: antispastic\u0103, sedativ\u0103, carminativ\u0103, expectorant\u0103.<\/h6>\n<h6>Dac\u0103 se culege toat\u0103 planta, este necesar\u0103 re\u00eens\u0103m\u00e2n\u021barea.<\/h6>\n<h6><span style=\"color: #0000ff;\">Feniculul este o planta anuala, ale c\u0103i frunze seam\u0103n\u0103 la aspect \u0219i gust, cu m\u0103rarul, doar c\u0103 face un bulb deasupra solului.<\/span><\/h6>\n<h6><span style=\"color: #0000ff;\">Este iubitoare\u00a0 de caldura.Se dezvolta bine pe terenurile insorite, fertile, bogate in humus.<\/span><\/h6>\n<h6>Nu suporta excesul de umiditate.<\/h6>\n<h6>Se seamana esalonat.<\/h6>\n<h6>Se cultiva atit ca planta legumicola si medicinala.<\/h6>\n<h6>Feniculul se seamana direct din martie p\u00e2n\u0103 in august sau prin rasad din iunie pana in iulie.<\/h6>\n<h6>Plantele se sadesc la o distanta de 15 cm una fata de alta.<\/h6>\n<h6>Se recolteaza din aprilie pana in septembrie.<\/h6>\n<h6>Perioada de vegetatie este de 140-175 de zile.<\/h6>\n<h6>Specificatii tehnice:<br \/>\nAdancime 1,5-2 cm<br \/>\nInsamantat incepand cu luna mai-iunie, iulie-august<br \/>\nNorma de insamantat 1,5-2,5 Kg\/hectar<br \/>\nTipuri de productie din seminte, din rasad<br \/>\nGeneralitati:<br \/>\nSunt 200 seminte\/gram<br \/>\nVegetatie: 79 zile<\/h6>\n<h6><\/h6>\n<h6><\/h6>\n","protected":false},"excerpt":{"rendered":"<h6><span style=\"color: #0000ff;\">1,5 grame\/30<\/span><span style=\"color: #0000ff;\">0 SEMIN\u021aE\u00a0<\/span><\/h6>\n<h6><\/h6>\n","protected":false},"featured_media":9116,"comment_status":"open","ping_status":"closed","template":"","meta":{"site-sidebar-layout":"default","site-content-layout":"default","ast-site-content-layout":"default","site-content-style":"default","site-sidebar-style":"default","ast-global-header-display":"","ast-banner-title-visibility":"","ast-main-header-display":"","ast-hfb-above-header-display":"","ast-hfb-below-header-display":"","ast-hfb-mobile-header-display":"","site-post-title":"","ast-breadcrumbs-content":"","ast-featured-img":"","footer-sml-layout":"","ast-disable-related-posts":"","theme-transparent-header-meta":"default","adv-header-id-meta":"","stick-header-meta":"","header-above-stick-meta":"","header-main-stick-meta":"","header-below-stick-meta":"","astra-migrate-meta-layouts":"set","ast-page-background-enabled":"default","ast-page-background-meta":{"desktop":{"background-color":"var(--ast-global-color-4)","background-image":"","background-repeat":"repeat","background-position":"center center","background-size":"auto","background-attachment":"scroll","background-type":"","background-media":"","overlay-type":"","overlay-color":"","overlay-opacity":"","overlay-gradient":""},"tablet":{"background-color":"","background-image":"","background-repeat":"repeat","background-position":"center center","background-size":"auto","background-attachment":"scroll","background-type":"","background-media":"","overlay-type":"","overlay-color":"","overlay-opacity":"","overlay-gradient":""},"mobile":{"background-color":"","background-image":"","background-repeat":"repeat","background-position":"center center","background-size":"auto","background-attachment":"scroll","background-type":"","background-media":"","overlay-type":"","overlay-color":"","overlay-opacity":"","overlay-gradient":""}},"ast-content-background-meta":{"desktop":{"background-color":"var(--ast-global-color-5)","background-image":"","background-repeat":"repeat","background-position":"center center","background-size":"auto","background-attachment":"scroll","background-type":"","background-media":"","overlay-type":"","overlay-color":"","overlay-opacity":"","overlay-gradient":""},"tablet":{"background-color":"var(--ast-global-color-5)","background-image":"","background-repeat":"repeat","background-position":"center center","background-size":"auto","background-attachment":"scroll","background-type":"","background-media":"","overlay-type":"","overlay-color":"","overlay-opacity":"","overlay-gradient":""},"mobile":{"background-color":"var(--ast-global-color-5)","background-image":"","background-repeat":"repeat","background-position":"center center","background-size":"auto","background-attachment":"scroll","background-type":"","background-media":"","overlay-type":"","overlay-color":"","overlay-opacity":"","overlay-gradient":""}}},"product_brand":[],"product_cat":[91,90],"product_tag":[],"class_list":{"0":"post-9114","1":"product","2":"type-product","3":"status-publish","4":"has-post-thumbnail","6":"product_cat-alte-legume","7":"product_cat-plante-aromatice","8":"desktop-align-left","9":"tablet-align-left","10":"mobile-align-left","12":"first","13":"instock","14":"taxable","15":"shipping-taxable","16":"purchasable","17":"product-type-simple"},"_links":{"self":[{"href":"https:\/\/vivasem.ro\/index.php?rest_route=\/wp\/v2\/product\/9114","targetHints":{"allow":["GET"]}}],"collection":[{"href":"https:\/\/vivasem.ro\/index.php?rest_route=\/wp\/v2\/product"}],"about":[{"href":"https:\/\/vivasem.ro\/index.php?rest_route=\/wp\/v2\/types\/product"}],"replies":[{"embeddable":true,"href":"https:\/\/vivasem.ro\/index.php?rest_route=%2Fwp%2Fv2%2Fcomments&post=9114"}],"wp:featuredmedia":[{"embeddable":true,"href":"https:\/\/vivasem.ro\/index.php?rest_route=\/wp\/v2\/media\/9116"}],"wp:attachment":[{"href":"https:\/\/vivasem.ro\/index.php?rest_route=%2Fwp%2Fv2%2Fmedia&parent=9114"}],"wp:term":[{"taxonomy":"product_brand","embeddable":true,"href":"https:\/\/vivasem.ro\/index.php?rest_route=%2Fwp%2Fv2%2Fproduct_brand&post=9114"},{"taxonomy":"product_cat","embeddable":true,"href":"https:\/\/vivasem.ro\/index.php?rest_route=%2Fwp%2Fv2%2Fproduct_cat&post=9114"},{"taxonomy":"product_tag","embeddable":true,"href":"https:\/\/vivasem.ro\/index.php?rest_route=%2Fwp%2Fv2%2Fproduct_tag&post=9114"}],"curies":[{"name":"wp","href":"https:\/\/api.w.org\/{rel}","templated":true}]}}