{"id":9108,"date":"2023-01-28T00:24:11","date_gmt":"2023-01-27T22:24:11","guid":{"rendered":"https:\/\/vivasem.ro\/?post_type=product&#038;p=9108"},"modified":"2026-02-05T16:03:31","modified_gmt":"2026-02-05T14:03:31","slug":"patrunjel-de-radacina-si-frunze-alba","status":"publish","type":"product","link":"https:\/\/vivasem.ro\/?product=patrunjel-de-radacina-si-frunze-alba","title":{"rendered":"\u201e\u201eP\u0102TRUNJEL DE RADACIN\u0102 SI FRUNZE ALBA"},"content":{"rendered":"<h6><span style=\"color: #ff0000;\"><u><b>PATRUNJEL DE RADACIN\u0102 \u0218I FRUNZE -ALBA<\/b><\/u><\/span><\/h6>\n<h6><span style=\"color: #ff0000;\"><span class=\"post-meta-key\">Produc\u0103tor:Agrosem Tg. Mure\u0219,<\/span><\/span><\/h6>\n<h6><strong>Soi semitardiv. Radacina dreapta, semilunga, avand lungimea de 15-18<\/strong><\/h6>\n<h6><strong> cm. , de culoarea r\u0103dacinii, alb\u0103.<\/strong><\/h6>\n<h6><span style=\"color: #0000ff;\">PE L\u00c2NG\u0102 R\u0102D\u0102CINILE INTENS PARFUMATE,DULCEGE\u00a0 , DE LA\u00a0 ACEST SOI SE OB\u021aIN \u0218I FRUNZE MARI, VIGUROASE, AROMATE.<\/span><\/h6>\n<h6><strong>Greutatea radacinii intre 120 &#8211; 150 g.Radacina este foarte aspectuoasa de culoare alba, lungimea 15-18 cm, de forma conic-alungita, gust placut. <\/strong><\/h6>\n<h6><strong>Soi rezistent la fainare si rugina. <\/strong><\/h6>\n<h6><span style=\"color: #0000ff;\"><strong>Potential de productie foarte ridicat. <\/strong><\/span><\/h6>\n<h6><strong>Consum in stare proaspata si procesare. <\/strong><\/h6>\n<h6><span style=\"color: #0000ff;\"><strong>Rezistenta foarte buna la pastrare pe timpul iernii.<\/strong><\/span><\/h6>\n<h6><strong> Metoda de plantare : perioada de semanat martie &#8211; mai. <\/strong><\/h6>\n<h6><strong>Schema de semanat : 8\/15 cm.CE RODE\u0218TE R\u0102D\u0102CINI INTRE 150-250<\/strong> GRAME \u0218I 20-25 centimetrii LUNGIME.<\/h6>\n<ul>\n<li><strong><em>cca 600 seminte\/gram<\/em><\/strong><\/li>\n<\/ul>\n","protected":false},"excerpt":{"rendered":"<h6><span style=\"color: #0000ff;\">5 GRAME\/3000 SEMIN\u021aE<\/span><\/h6>\n","protected":false},"featured_media":9106,"comment_status":"open","ping_status":"closed","template":"","meta":{"site-sidebar-layout":"default","site-content-layout":"default","ast-site-content-layout":"default","site-content-style":"default","site-sidebar-style":"default","ast-global-header-display":"","ast-banner-title-visibility":"","ast-main-header-display":"","ast-hfb-above-header-display":"","ast-hfb-below-header-display":"","ast-hfb-mobile-header-display":"","site-post-title":"","ast-breadcrumbs-content":"","ast-featured-img":"","footer-sml-layout":"","ast-disable-related-posts":"","theme-transparent-header-meta":"default","adv-header-id-meta":"","stick-header-meta":"","header-above-stick-meta":"","header-main-stick-meta":"","header-below-stick-meta":"","astra-migrate-meta-layouts":"set","ast-page-background-enabled":"default","ast-page-background-meta":{"desktop":{"background-color":"var(--ast-global-color-4)","background-image":"","background-repeat":"repeat","background-position":"center center","background-size":"auto","background-attachment":"scroll","background-type":"","background-media":"","overlay-type":"","overlay-color":"","overlay-opacity":"","overlay-gradient":""},"tablet":{"background-color":"","background-image":"","background-repeat":"repeat","background-position":"center center","background-size":"auto","background-attachment":"scroll","background-type":"","background-media":"","overlay-type":"","overlay-color":"","overlay-opacity":"","overlay-gradient":""},"mobile":{"background-color":"","background-image":"","background-repeat":"repeat","background-position":"center center","background-size":"auto","background-attachment":"scroll","background-type":"","background-media":"","overlay-type":"","overlay-color":"","overlay-opacity":"","overlay-gradient":""}},"ast-content-background-meta":{"desktop":{"background-color":"var(--ast-global-color-5)","background-image":"","background-repeat":"repeat","background-position":"center center","background-size":"auto","background-attachment":"scroll","background-type":"","background-media":"","overlay-type":"","overlay-color":"","overlay-opacity":"","overlay-gradient":""},"tablet":{"background-color":"var(--ast-global-color-5)","background-image":"","background-repeat":"repeat","background-position":"center center","background-size":"auto","background-attachment":"scroll","background-type":"","background-media":"","overlay-type":"","overlay-color":"","overlay-opacity":"","overlay-gradient":""},"mobile":{"background-color":"var(--ast-global-color-5)","background-image":"","background-repeat":"repeat","background-position":"center center","background-size":"auto","background-attachment":"scroll","background-type":"","background-media":"","overlay-type":"","overlay-color":"","overlay-opacity":"","overlay-gradient":""}}},"product_brand":[],"product_cat":[89,90],"product_tag":[],"class_list":{"0":"post-9108","1":"product","2":"type-product","3":"status-publish","4":"has-post-thumbnail","6":"product_cat-radacinoase","7":"product_cat-plante-aromatice","8":"desktop-align-left","9":"tablet-align-left","10":"mobile-align-left","12":"first","13":"outofstock","14":"taxable","15":"shipping-taxable","16":"purchasable","17":"product-type-simple"},"_links":{"self":[{"href":"https:\/\/vivasem.ro\/index.php?rest_route=\/wp\/v2\/product\/9108","targetHints":{"allow":["GET"]}}],"collection":[{"href":"https:\/\/vivasem.ro\/index.php?rest_route=\/wp\/v2\/product"}],"about":[{"href":"https:\/\/vivasem.ro\/index.php?rest_route=\/wp\/v2\/types\/product"}],"replies":[{"embeddable":true,"href":"https:\/\/vivasem.ro\/index.php?rest_route=%2Fwp%2Fv2%2Fcomments&post=9108"}],"wp:featuredmedia":[{"embeddable":true,"href":"https:\/\/vivasem.ro\/index.php?rest_route=\/wp\/v2\/media\/9106"}],"wp:attachment":[{"href":"https:\/\/vivasem.ro\/index.php?rest_route=%2Fwp%2Fv2%2Fmedia&parent=9108"}],"wp:term":[{"taxonomy":"product_brand","embeddable":true,"href":"https:\/\/vivasem.ro\/index.php?rest_route=%2Fwp%2Fv2%2Fproduct_brand&post=9108"},{"taxonomy":"product_cat","embeddable":true,"href":"https:\/\/vivasem.ro\/index.php?rest_route=%2Fwp%2Fv2%2Fproduct_cat&post=9108"},{"taxonomy":"product_tag","embeddable":true,"href":"https:\/\/vivasem.ro\/index.php?rest_route=%2Fwp%2Fv2%2Fproduct_tag&post=9108"}],"curies":[{"name":"wp","href":"https:\/\/api.w.org\/{rel}","templated":true}]}}