{"id":9103,"date":"2023-01-27T23:59:50","date_gmt":"2023-01-27T21:59:50","guid":{"rendered":"https:\/\/vivasem.ro\/?post_type=product&#038;p=9103"},"modified":"2026-03-02T11:37:09","modified_gmt":"2026-03-02T09:37:09","slug":"broccoli-calabrese","status":"publish","type":"product","link":"https:\/\/vivasem.ro\/?product=broccoli-calabrese","title":{"rendered":"Broccoli CALABRESE"},"content":{"rendered":"<h6><span style=\"color: #ff0000;\"><strong><u>Broccoli CALABRESE <span style=\"color: #ff0000;\">&#8211;<\/span><\/u><\/strong><span class=\"post-meta-key\">Produc\u0103tor:Agrosem Tg. Mure\u0219<\/span>,<\/span><\/h6>\n<p>\u2013 Soi de broccoli tardiv, pentru cultura \u00een c\u00e2mp deschis.<br \/>\n\u2013 Inflorescen\u021bele sunt fine, de form\u0103 rotund\u0103 \u0219i de culoare verde \u00eenchis cu tente alb\u0103strui.<br \/>\n\u2013 Greutatea medie este cuprins\u0103 \u00eentre 800 &#8211; 1000 g\/inflorescen\u021b\u0103.<br \/>\n\u2013 Gustul specific \u0219i caracteristicile terapeutice deosebite \u00eel recomand\u0103 \u00een special pentru consum \u00een stare proasp\u0103t\u0103.<br \/>\n\u2013 Se preteaz\u0103 \u0219i pentru procesare \u0219i congelare.<\/p>\n<p><span class=\"post-meta-key\">Densitate: <\/span>Recomand\u0103m 40.000 plante\/ha. <span style=\"font-size: 16px;\">(40 cm. \u00eentre plante x 60 cm \u00eentre r\u00e2nduri).<\/span><\/p>\n<p>La 1 gram sunt 250-300 semin\u021be de broccoli.<\/p>\n<p>PLANTARE SI INGRIJIRE<\/p>\n<p>Pentru o crestere buna, este necesar ca locul de plantare sa\u00a0beneficieze de prezenta soarelui cel putin 6 ore pe zi, iar solul sa\u00a0fie bine drenat pentru a impiedica stagnarea apei, fertil si bogat in materie organica.<\/p>\n<p>Mulcirea poate ajuta la mentinerea unei temperaturi reci a solului si a unui grad de umiditate constant. Mulciul se prepara\u00a0din compost, frunze fin macinate sau scoarta\u00a0de copac macinata.<\/p>\n<p>Cele mai bune randamente se pot obtine prin fertilizare cu ingrasaminte pe baza\u00a0de azot sau gunoi de grajd, dar de asemenea si ingrasamantul organic este foarte benefic.<\/p>\n<p>Soi rezistent la frig (pana la -7grade Celsius)<\/p>\n<p>Prima recolta in 60-90\u00a0zile de la plantare<\/p>\n","protected":false},"excerpt":{"rendered":"<h6><span style=\"color: #0000ff;\">2 grame (500 SEMIN\u021aE)<img loading=\"lazy\" decoding=\"async\" class=\"alignnone wp-image-6106\" src=\"https:\/\/vivasem.ro\/wp-content\/uploads\/2021\/12\/NOU3.jpg\" alt=\"\" width=\"72\" height=\"69\" srcset=\"https:\/\/vivasem.ro\/wp-content\/uploads\/2021\/12\/NOU3.jpg 270w, https:\/\/vivasem.ro\/wp-content\/uploads\/2021\/12\/NOU3-248x241.jpg 248w\" sizes=\"auto, (max-width: 72px) 100vw, 72px\" \/><\/span><\/h6>\n","protected":false},"featured_media":6559,"comment_status":"open","ping_status":"closed","template":"","meta":{"site-sidebar-layout":"default","site-content-layout":"default","ast-site-content-layout":"default","site-content-style":"default","site-sidebar-style":"default","ast-global-header-display":"","ast-banner-title-visibility":"","ast-main-header-display":"","ast-hfb-above-header-display":"","ast-hfb-below-header-display":"","ast-hfb-mobile-header-display":"","site-post-title":"","ast-breadcrumbs-content":"","ast-featured-img":"","footer-sml-layout":"","ast-disable-related-posts":"","theme-transparent-header-meta":"default","adv-header-id-meta":"","stick-header-meta":"","header-above-stick-meta":"","header-main-stick-meta":"","header-below-stick-meta":"","astra-migrate-meta-layouts":"set","ast-page-background-enabled":"default","ast-page-background-meta":{"desktop":{"background-color":"var(--ast-global-color-4)","background-image":"","background-repeat":"repeat","background-position":"center center","background-size":"auto","background-attachment":"scroll","background-type":"","background-media":"","overlay-type":"","overlay-color":"","overlay-opacity":"","overlay-gradient":""},"tablet":{"background-color":"","background-image":"","background-repeat":"repeat","background-position":"center center","background-size":"auto","background-attachment":"scroll","background-type":"","background-media":"","overlay-type":"","overlay-color":"","overlay-opacity":"","overlay-gradient":""},"mobile":{"background-color":"","background-image":"","background-repeat":"repeat","background-position":"center center","background-size":"auto","background-attachment":"scroll","background-type":"","background-media":"","overlay-type":"","overlay-color":"","overlay-opacity":"","overlay-gradient":""}},"ast-content-background-meta":{"desktop":{"background-color":"var(--ast-global-color-5)","background-image":"","background-repeat":"repeat","background-position":"center center","background-size":"auto","background-attachment":"scroll","background-type":"","background-media":"","overlay-type":"","overlay-color":"","overlay-opacity":"","overlay-gradient":""},"tablet":{"background-color":"var(--ast-global-color-5)","background-image":"","background-repeat":"repeat","background-position":"center center","background-size":"auto","background-attachment":"scroll","background-type":"","background-media":"","overlay-type":"","overlay-color":"","overlay-opacity":"","overlay-gradient":""},"mobile":{"background-color":"var(--ast-global-color-5)","background-image":"","background-repeat":"repeat","background-position":"center center","background-size":"auto","background-attachment":"scroll","background-type":"","background-media":"","overlay-type":"","overlay-color":"","overlay-opacity":"","overlay-gradient":""}}},"product_brand":[],"product_cat":[148,91],"product_tag":[],"class_list":{"0":"post-9103","1":"product","2":"type-product","3":"status-publish","4":"has-post-thumbnail","6":"product_cat-10-varza-varza-kale","7":"product_cat-alte-legume","8":"desktop-align-left","9":"tablet-align-left","10":"mobile-align-left","12":"first","13":"instock","14":"taxable","15":"shipping-taxable","16":"purchasable","17":"product-type-simple"},"_links":{"self":[{"href":"https:\/\/vivasem.ro\/index.php?rest_route=\/wp\/v2\/product\/9103","targetHints":{"allow":["GET"]}}],"collection":[{"href":"https:\/\/vivasem.ro\/index.php?rest_route=\/wp\/v2\/product"}],"about":[{"href":"https:\/\/vivasem.ro\/index.php?rest_route=\/wp\/v2\/types\/product"}],"replies":[{"embeddable":true,"href":"https:\/\/vivasem.ro\/index.php?rest_route=%2Fwp%2Fv2%2Fcomments&post=9103"}],"wp:featuredmedia":[{"embeddable":true,"href":"https:\/\/vivasem.ro\/index.php?rest_route=\/wp\/v2\/media\/6559"}],"wp:attachment":[{"href":"https:\/\/vivasem.ro\/index.php?rest_route=%2Fwp%2Fv2%2Fmedia&parent=9103"}],"wp:term":[{"taxonomy":"product_brand","embeddable":true,"href":"https:\/\/vivasem.ro\/index.php?rest_route=%2Fwp%2Fv2%2Fproduct_brand&post=9103"},{"taxonomy":"product_cat","embeddable":true,"href":"https:\/\/vivasem.ro\/index.php?rest_route=%2Fwp%2Fv2%2Fproduct_cat&post=9103"},{"taxonomy":"product_tag","embeddable":true,"href":"https:\/\/vivasem.ro\/index.php?rest_route=%2Fwp%2Fv2%2Fproduct_tag&post=9103"}],"curies":[{"name":"wp","href":"https:\/\/api.w.org\/{rel}","templated":true}]}}