{"id":8899,"date":"2023-01-10T22:38:00","date_gmt":"2023-01-10T20:38:00","guid":{"rendered":"https:\/\/vivasem.ro\/?post_type=product&#038;p=8899"},"modified":"2026-03-16T13:30:28","modified_gmt":"2026-03-16T11:30:28","slug":"roze-de-suceava","status":"publish","type":"product","link":"https:\/\/vivasem.ro\/?product=roze-de-suceava","title":{"rendered":".ROZE DE SUCEAVA"},"content":{"rendered":"<h6><span style=\"color: #ff0000;\"><strong><u>ROZE DE SUCEAVA<\/u><\/strong><strong>,<\/strong><\/span><\/h6>\n<h6><span style=\"color: #800000;\"><strong>SOI ROMANESC DEOSEBIT,\u00a0 <\/strong><\/span><span style=\"color: #800000;\"><strong>CU CALIT\u0102\u021aI GUSTATIVE \u00ceNALTE, DAR \u0218I EXTREM DE\u00a0 RODITOR.<\/strong><\/span><\/h6>\n<h6><span style=\"color: #000000;\"><strong>FRUCTELE SUNT DE CULOARE ROZ, C\u0102RNOASE, CU <\/strong><strong>PULPA FIN\u0102, <\/strong>POTRIVIT\u00a0 DE\u00a0 ZEMOAS\u0102,<\/span> <strong><span style=\"color: #0000ff;\">CU<\/span><\/strong><strong><span style=\"color: #0000ff;\"> GUST EXTRAORDINAR,<\/span> <span style=\"color: #0000ff;\">CLASIC DE ROSIE VECHE, PERFECT ECHILIBRAT DULCE-ACRI\u0218OR, INTENS AROMAT.<\/span><\/strong><\/h6>\n<h6><span style=\"color: #0000ff;\"><strong>\u00a0SOI DEOSEBIT DE PRODUCTIV, CE FORMEAZ\u0102 CIORCHINI NUMERO\u0218I DE FRUCTE GRUPATE C\u00c2TE 4-6 LA BUCHET <\/strong><\/span><strong><span style=\"color: #0000ff;\">, \u00ceN GREUTATE MEDIE DE 80-130 grame . FORMA ESTE SFERIC-TURTIT\u0102,\u00a0 CU UMERI U\u0218OR ONDULA\u021aI.<\/span><\/strong><\/h6>\n<h6><span style=\"color: #800000;\">DE SEZON LUNG,RODIND CONSTANT DE LA \u00ceNCEPUTUL VERII,P\u00c2N\u0102 LA \u00ceNGHE\u021a .<\/span><\/h6>\n<h6><span style=\"color: #800000;\">DE\u0218I NU SUNT DE CALIBRU MARE, ASIGUR\u0102 PRODUC\u021aII \u00ceNALTE, DE MULTE ORI, OFERIND \u0218I 1 KG\/PLANT\u0102, LA O SINGUR\u0102 CULEGERE.<\/span><\/h6>\n<h6><span style=\"color: #800000;\">PLANTELE SUNT REZISTENTE, PUTERNICE, FOARTE VIGUROASE, NEDETERMINATE, TIMPURII.<\/span><\/h6>\n<h6><span style=\"color: #800000;\">DE CULTIVAT \u00ceN GR\u0102DIN\u0102 ,DAR \u0218I \u00ceN SOLAR, UNDE ATING PESTE 3 metrii \u00ceN \u00ceN\u0102L\u021aIME.<\/span><\/h6>\n","protected":false},"excerpt":{"rendered":"<h6><span style=\"color: #0000ff;\">25\u00a0 SEMIN\u021aE<\/span><\/h6>\n<h6><span style=\"color: #ff00ff;\">GUST DE EXCEP\u021aIE, DEOSEBIT DE PRODUCTIV!<\/span><\/h6>\n<h6><img loading=\"lazy\" decoding=\"async\" class=\"alignnone size-medium wp-image-17985\" src=\"https:\/\/vivasem.ro\/wp-content\/uploads\/2025\/05\/SOI-ROMANESC-300x106.jpg\" alt=\"\" width=\"300\" height=\"106\" srcset=\"https:\/\/vivasem.ro\/wp-content\/uploads\/2025\/05\/SOI-ROMANESC-300x106.jpg 300w, https:\/\/vivasem.ro\/wp-content\/uploads\/2025\/05\/SOI-ROMANESC-150x53.jpg 150w, https:\/\/vivasem.ro\/wp-content\/uploads\/2025\/05\/SOI-ROMANESC-248x88.jpg 248w, https:\/\/vivasem.ro\/wp-content\/uploads\/2025\/05\/SOI-ROMANESC-590x209.jpg 590w, https:\/\/vivasem.ro\/wp-content\/uploads\/2025\/05\/SOI-ROMANESC.jpg 700w\" sizes=\"auto, (max-width: 300px) 100vw, 300px\" \/><\/h6>\n","protected":false},"featured_media":10306,"comment_status":"open","ping_status":"closed","template":"","meta":{"site-sidebar-layout":"default","site-content-layout":"default","ast-site-content-layout":"default","site-content-style":"default","site-sidebar-style":"default","ast-global-header-display":"","ast-banner-title-visibility":"","ast-main-header-display":"","ast-hfb-above-header-display":"","ast-hfb-below-header-display":"","ast-hfb-mobile-header-display":"","site-post-title":"","ast-breadcrumbs-content":"","ast-featured-img":"","footer-sml-layout":"","ast-disable-related-posts":"","theme-transparent-header-meta":"default","adv-header-id-meta":"","stick-header-meta":"","header-above-stick-meta":"","header-main-stick-meta":"","header-below-stick-meta":"","astra-migrate-meta-layouts":"set","ast-page-background-enabled":"default","ast-page-background-meta":{"desktop":{"background-color":"var(--ast-global-color-4)","background-image":"","background-repeat":"repeat","background-position":"center center","background-size":"auto","background-attachment":"scroll","background-type":"","background-media":"","overlay-type":"","overlay-color":"","overlay-opacity":"","overlay-gradient":""},"tablet":{"background-color":"","background-image":"","background-repeat":"repeat","background-position":"center center","background-size":"auto","background-attachment":"scroll","background-type":"","background-media":"","overlay-type":"","overlay-color":"","overlay-opacity":"","overlay-gradient":""},"mobile":{"background-color":"","background-image":"","background-repeat":"repeat","background-position":"center center","background-size":"auto","background-attachment":"scroll","background-type":"","background-media":"","overlay-type":"","overlay-color":"","overlay-opacity":"","overlay-gradient":""}},"ast-content-background-meta":{"desktop":{"background-color":"var(--ast-global-color-5)","background-image":"","background-repeat":"repeat","background-position":"center center","background-size":"auto","background-attachment":"scroll","background-type":"","background-media":"","overlay-type":"","overlay-color":"","overlay-opacity":"","overlay-gradient":""},"tablet":{"background-color":"var(--ast-global-color-5)","background-image":"","background-repeat":"repeat","background-position":"center center","background-size":"auto","background-attachment":"scroll","background-type":"","background-media":"","overlay-type":"","overlay-color":"","overlay-opacity":"","overlay-gradient":""},"mobile":{"background-color":"var(--ast-global-color-5)","background-image":"","background-repeat":"repeat","background-position":"center center","background-size":"auto","background-attachment":"scroll","background-type":"","background-media":"","overlay-type":"","overlay-color":"","overlay-opacity":"","overlay-gradient":""}}},"product_brand":[],"product_cat":[143,140,142,15],"product_tag":[],"class_list":{"0":"post-8899","1":"product","2":"type-product","3":"status-publish","4":"has-post-thumbnail","6":"product_cat-soiuri-timpurii-cherry","7":"product_cat-soiuri-romanesti","8":"product_cat-soiuri-rosii-roz","9":"product_cat-tomate-soi","10":"desktop-align-left","11":"tablet-align-left","12":"mobile-align-left","14":"first","15":"instock","16":"taxable","17":"shipping-taxable","18":"purchasable","19":"product-type-simple"},"_links":{"self":[{"href":"https:\/\/vivasem.ro\/index.php?rest_route=\/wp\/v2\/product\/8899","targetHints":{"allow":["GET"]}}],"collection":[{"href":"https:\/\/vivasem.ro\/index.php?rest_route=\/wp\/v2\/product"}],"about":[{"href":"https:\/\/vivasem.ro\/index.php?rest_route=\/wp\/v2\/types\/product"}],"replies":[{"embeddable":true,"href":"https:\/\/vivasem.ro\/index.php?rest_route=%2Fwp%2Fv2%2Fcomments&post=8899"}],"wp:featuredmedia":[{"embeddable":true,"href":"https:\/\/vivasem.ro\/index.php?rest_route=\/wp\/v2\/media\/10306"}],"wp:attachment":[{"href":"https:\/\/vivasem.ro\/index.php?rest_route=%2Fwp%2Fv2%2Fmedia&parent=8899"}],"wp:term":[{"taxonomy":"product_brand","embeddable":true,"href":"https:\/\/vivasem.ro\/index.php?rest_route=%2Fwp%2Fv2%2Fproduct_brand&post=8899"},{"taxonomy":"product_cat","embeddable":true,"href":"https:\/\/vivasem.ro\/index.php?rest_route=%2Fwp%2Fv2%2Fproduct_cat&post=8899"},{"taxonomy":"product_tag","embeddable":true,"href":"https:\/\/vivasem.ro\/index.php?rest_route=%2Fwp%2Fv2%2Fproduct_tag&post=8899"}],"curies":[{"name":"wp","href":"https:\/\/api.w.org\/{rel}","templated":true}]}}