{"id":8897,"date":"2023-01-10T22:17:43","date_gmt":"2023-01-10T20:17:43","guid":{"rendered":"https:\/\/vivasem.ro\/?post_type=product&#038;p=8897"},"modified":"2025-07-06T17:45:34","modified_gmt":"2025-07-06T15:45:34","slug":"moneymaker","status":"publish","type":"product","link":"https:\/\/vivasem.ro\/?product=moneymaker","title":{"rendered":"MONEYMAKER"},"content":{"rendered":"<h6><span style=\"color: #ff0000;\">MONEYMAKER,<\/span><\/h6>\n<h6><span style=\"color: #0000ff;\">\u00ceN TRADUCERE, <span style=\"color: #ff0000;\">,,CEL CARE FACE BANI,, <span style=\"color: #0000ff;\">ESTE UNUL DINTRE CELE MAI VECHI \u0218I CULTIVATE <\/span><\/span>SOIURI DIN LUME.<\/span><\/h6>\n<h6><span style=\"color: #ff0000;\">SOI ENGLEZESC, MEDALIAT DE C\u0102TRE Royal Horticultural Society(RHS),din Anglia, PENTRU CALIT\u0102\u021aILE SALE DEOSEBITE, CE PRODUCE CIORCHINI DE 5-8 FRUCTE, DE M\u0102RIMA MEDIE ,IN GREUTATE DE 60-100 grame.<\/span><\/h6>\n<h6><span style=\"color: #0000ff;\">CANTITATEA MARE DE ZAHARURI CON\u021aINUT\u0102 \u00ceI D\u0102 GUSTUL DULCE, EXCELENT, PUTERNIC AROMAT. PREZINT\u0102 UN CON\u021aINUT RIDICAT DE SUBSTAN\u021a\u0102 USCAT\u0102.<\/span><\/h6>\n<h6><span style=\"color: #0000ff;\">SOI TIMPURIU , CU REZISTEN\u021aA LA FRIG,BOLI SI PRODUC\u021aIE RIDICAT\u0102.\u00a0<\/span><\/h6>\n<h6>SE CULTIV\u0102 CU REZULTATE FOARTE BUNE \u0218I \u00ceN GR\u0102DIN\u0102, DAR \u0218I SOLAR.<\/h6>\n","protected":false},"excerpt":{"rendered":"<h6><span style=\"color: #0000ff;\">40 SEMIN\u021aE<\/span><\/h6>\n<h6><span style=\"color: #ff00ff;\">GUST FOARTE DULCE! SOI EXTRATIMPURIU!<\/span><\/h6>\n","protected":false},"featured_media":12461,"comment_status":"open","ping_status":"closed","template":"","meta":{"site-sidebar-layout":"default","site-content-layout":"default","ast-site-content-layout":"default","site-content-style":"default","site-sidebar-style":"default","ast-global-header-display":"","ast-banner-title-visibility":"","ast-main-header-display":"","ast-hfb-above-header-display":"","ast-hfb-below-header-display":"","ast-hfb-mobile-header-display":"","site-post-title":"","ast-breadcrumbs-content":"","ast-featured-img":"","footer-sml-layout":"","ast-disable-related-posts":"","theme-transparent-header-meta":"default","adv-header-id-meta":"","stick-header-meta":"","header-above-stick-meta":"","header-main-stick-meta":"","header-below-stick-meta":"","astra-migrate-meta-layouts":"set","ast-page-background-enabled":"default","ast-page-background-meta":{"desktop":{"background-color":"var(--ast-global-color-4)","background-image":"","background-repeat":"repeat","background-position":"center center","background-size":"auto","background-attachment":"scroll","background-type":"","background-media":"","overlay-type":"","overlay-color":"","overlay-opacity":"","overlay-gradient":""},"tablet":{"background-color":"","background-image":"","background-repeat":"repeat","background-position":"center center","background-size":"auto","background-attachment":"scroll","background-type":"","background-media":"","overlay-type":"","overlay-color":"","overlay-opacity":"","overlay-gradient":""},"mobile":{"background-color":"","background-image":"","background-repeat":"repeat","background-position":"center center","background-size":"auto","background-attachment":"scroll","background-type":"","background-media":"","overlay-type":"","overlay-color":"","overlay-opacity":"","overlay-gradient":""}},"ast-content-background-meta":{"desktop":{"background-color":"var(--ast-global-color-5)","background-image":"","background-repeat":"repeat","background-position":"center center","background-size":"auto","background-attachment":"scroll","background-type":"","background-media":"","overlay-type":"","overlay-color":"","overlay-opacity":"","overlay-gradient":""},"tablet":{"background-color":"var(--ast-global-color-5)","background-image":"","background-repeat":"repeat","background-position":"center center","background-size":"auto","background-attachment":"scroll","background-type":"","background-media":"","overlay-type":"","overlay-color":"","overlay-opacity":"","overlay-gradient":""},"mobile":{"background-color":"var(--ast-global-color-5)","background-image":"","background-repeat":"repeat","background-position":"center center","background-size":"auto","background-attachment":"scroll","background-type":"","background-media":"","overlay-type":"","overlay-color":"","overlay-opacity":"","overlay-gradient":""}}},"product_brand":[],"product_cat":[143,142,15],"product_tag":[],"class_list":{"0":"post-8897","1":"product","2":"type-product","3":"status-publish","4":"has-post-thumbnail","6":"product_cat-soiuri-timpurii-cherry","7":"product_cat-soiuri-rosii-roz","8":"product_cat-tomate-soi","9":"desktop-align-left","10":"tablet-align-left","11":"mobile-align-left","13":"first","14":"instock","15":"taxable","16":"shipping-taxable","17":"purchasable","18":"product-type-simple"},"_links":{"self":[{"href":"https:\/\/vivasem.ro\/index.php?rest_route=\/wp\/v2\/product\/8897","targetHints":{"allow":["GET"]}}],"collection":[{"href":"https:\/\/vivasem.ro\/index.php?rest_route=\/wp\/v2\/product"}],"about":[{"href":"https:\/\/vivasem.ro\/index.php?rest_route=\/wp\/v2\/types\/product"}],"replies":[{"embeddable":true,"href":"https:\/\/vivasem.ro\/index.php?rest_route=%2Fwp%2Fv2%2Fcomments&post=8897"}],"wp:featuredmedia":[{"embeddable":true,"href":"https:\/\/vivasem.ro\/index.php?rest_route=\/wp\/v2\/media\/12461"}],"wp:attachment":[{"href":"https:\/\/vivasem.ro\/index.php?rest_route=%2Fwp%2Fv2%2Fmedia&parent=8897"}],"wp:term":[{"taxonomy":"product_brand","embeddable":true,"href":"https:\/\/vivasem.ro\/index.php?rest_route=%2Fwp%2Fv2%2Fproduct_brand&post=8897"},{"taxonomy":"product_cat","embeddable":true,"href":"https:\/\/vivasem.ro\/index.php?rest_route=%2Fwp%2Fv2%2Fproduct_cat&post=8897"},{"taxonomy":"product_tag","embeddable":true,"href":"https:\/\/vivasem.ro\/index.php?rest_route=%2Fwp%2Fv2%2Fproduct_tag&post=8897"}],"curies":[{"name":"wp","href":"https:\/\/api.w.org\/{rel}","templated":true}]}}