{"id":8895,"date":"2023-01-10T21:58:23","date_gmt":"2023-01-10T19:58:23","guid":{"rendered":"https:\/\/vivasem.ro\/?post_type=product&#038;p=8895"},"modified":"2025-11-11T08:36:53","modified_gmt":"2025-11-11T06:36:53","slug":"giant-oxheart-jungs-giant-oxheart","status":"publish","type":"product","link":"https:\/\/vivasem.ro\/?product=giant-oxheart-jungs-giant-oxheart","title":{"rendered":"Giant Oxheart (Jung\u2019s Giant Oxheart)"},"content":{"rendered":"<h6><span style=\"color: #ff0000;\">Giant Oxheart (Jung\u2019s Giant Oxheart),<\/span><\/h6>\n<h6><span style=\"color: #0000ff;\">Acest soi,a ap\u0103rut descris prima dat\u0103 \u00een Catalogul \u2018Jung J.W. Seed Co.\u2019 din Randolph, Wisconsin, USA \u00een 1995 sub numele de Jung\u2019s Giant Oxheart, fiind acelasi soi cu Giant Oxheart, dup\u0103 World Tomato Society, Ventmarin sau alte surse.<\/span><\/h6>\n<h6><span style=\"color: #ff0000;\">ESTE DEOSEBIT DE REZISTENT LA TEMPERATURI RIDICATE \u0218I UMIDITATE CRESCUT\u0102.<\/span><\/h6>\n<h6><span style=\"color: #0000ff;\">UN SOI DEOSEBIT, DE INIM\u0102 ROZ, CU FRUCTE MARI, CARE <\/span><span style=\"color: #0000ff;\">IN MEDIE ATING 150-500 GRAME, DAR\u00a0 CARE POT AJUNGE <\/span><span style=\"color: #0000ff;\">URIA\u0218E, \u0218I POT DEP\u0102\u0218II 1 kilogram.<\/span><\/h6>\n<h6><span style=\"color: #ff0000;\">TOMATELE SUNT C\u0102RNOASE, DEOSEBIT DE\u00a0 GUSTOASE, DULCI-AROMATE, MIEZUL ESTE FRAGED, MARE,CU TEXTUR\u0102 FIN\u0102,CU PUTINE SEMIN\u021aE ESTE NEZEMOS SI CA ATARE POATE FI FELIAT SI T\u0102IAT CUBURI F\u0102R\u0102 A SE INMUIA.<\/span><\/h6>\n<h6><span style=\"color: #0000ff;\">PLANTELE SUNT \u00a0FOARTE PRODUCTIVE, FRUCTELE RODESC IN BUCHETE DE 2-3 BUC\u0102\u021aI \u0218I DE MULTE ORI SE POT OB\u021aINE PESTE 1 kilograme\/PLANT\u0102\/ LA O RECOLTARE.<\/span><\/h6>\n<h6>SOI\u00a0 VIGUROS, NEDERERMINAT, CU FRUNZE OBI\u0218NUITE, SEMITIMPURIU,90 ZILE.<\/h6>\n","protected":false},"excerpt":{"rendered":"<h6><span style=\"color: #0000ff;\">25 SEMIN\u021aE<\/span><\/h6>\n<h6><span style=\"color: #ff00ff;\">SOI URIA\u0218 EXCEP\u021aIONAL , REZISTENT LA C\u0102LDUR\u0102 \u0218I\u00a0 UMIDITATE !<\/span><\/h6>\n","protected":false},"featured_media":9058,"comment_status":"open","ping_status":"closed","template":"","meta":{"site-sidebar-layout":"default","site-content-layout":"default","ast-site-content-layout":"default","site-content-style":"default","site-sidebar-style":"default","ast-global-header-display":"","ast-banner-title-visibility":"","ast-main-header-display":"","ast-hfb-above-header-display":"","ast-hfb-below-header-display":"","ast-hfb-mobile-header-display":"","site-post-title":"","ast-breadcrumbs-content":"","ast-featured-img":"","footer-sml-layout":"","ast-disable-related-posts":"","theme-transparent-header-meta":"default","adv-header-id-meta":"","stick-header-meta":"","header-above-stick-meta":"","header-main-stick-meta":"","header-below-stick-meta":"","astra-migrate-meta-layouts":"set","ast-page-background-enabled":"default","ast-page-background-meta":{"desktop":{"background-color":"var(--ast-global-color-4)","background-image":"","background-repeat":"repeat","background-position":"center center","background-size":"auto","background-attachment":"scroll","background-type":"","background-media":"","overlay-type":"","overlay-color":"","overlay-opacity":"","overlay-gradient":""},"tablet":{"background-color":"","background-image":"","background-repeat":"repeat","background-position":"center center","background-size":"auto","background-attachment":"scroll","background-type":"","background-media":"","overlay-type":"","overlay-color":"","overlay-opacity":"","overlay-gradient":""},"mobile":{"background-color":"","background-image":"","background-repeat":"repeat","background-position":"center center","background-size":"auto","background-attachment":"scroll","background-type":"","background-media":"","overlay-type":"","overlay-color":"","overlay-opacity":"","overlay-gradient":""}},"ast-content-background-meta":{"desktop":{"background-color":"var(--ast-global-color-5)","background-image":"","background-repeat":"repeat","background-position":"center center","background-size":"auto","background-attachment":"scroll","background-type":"","background-media":"","overlay-type":"","overlay-color":"","overlay-opacity":"","overlay-gradient":""},"tablet":{"background-color":"var(--ast-global-color-5)","background-image":"","background-repeat":"repeat","background-position":"center center","background-size":"auto","background-attachment":"scroll","background-type":"","background-media":"","overlay-type":"","overlay-color":"","overlay-opacity":"","overlay-gradient":""},"mobile":{"background-color":"var(--ast-global-color-5)","background-image":"","background-repeat":"repeat","background-position":"center center","background-size":"auto","background-attachment":"scroll","background-type":"","background-media":"","overlay-type":"","overlay-color":"","overlay-opacity":"","overlay-gradient":""}}},"product_brand":[],"product_cat":[141,142,144,15],"product_tag":[],"class_list":{"0":"post-8895","1":"product","2":"type-product","3":"status-publish","4":"has-post-thumbnail","6":"product_cat-soi-gigant-urias","7":"product_cat-soiuri-rosii-roz","8":"product_cat-soiuri-tip-inima-de-bou","9":"product_cat-tomate-soi","10":"desktop-align-left","11":"tablet-align-left","12":"mobile-align-left","14":"first","15":"instock","16":"taxable","17":"shipping-taxable","18":"purchasable","19":"product-type-simple"},"_links":{"self":[{"href":"https:\/\/vivasem.ro\/index.php?rest_route=\/wp\/v2\/product\/8895","targetHints":{"allow":["GET"]}}],"collection":[{"href":"https:\/\/vivasem.ro\/index.php?rest_route=\/wp\/v2\/product"}],"about":[{"href":"https:\/\/vivasem.ro\/index.php?rest_route=\/wp\/v2\/types\/product"}],"replies":[{"embeddable":true,"href":"https:\/\/vivasem.ro\/index.php?rest_route=%2Fwp%2Fv2%2Fcomments&post=8895"}],"wp:featuredmedia":[{"embeddable":true,"href":"https:\/\/vivasem.ro\/index.php?rest_route=\/wp\/v2\/media\/9058"}],"wp:attachment":[{"href":"https:\/\/vivasem.ro\/index.php?rest_route=%2Fwp%2Fv2%2Fmedia&parent=8895"}],"wp:term":[{"taxonomy":"product_brand","embeddable":true,"href":"https:\/\/vivasem.ro\/index.php?rest_route=%2Fwp%2Fv2%2Fproduct_brand&post=8895"},{"taxonomy":"product_cat","embeddable":true,"href":"https:\/\/vivasem.ro\/index.php?rest_route=%2Fwp%2Fv2%2Fproduct_cat&post=8895"},{"taxonomy":"product_tag","embeddable":true,"href":"https:\/\/vivasem.ro\/index.php?rest_route=%2Fwp%2Fv2%2Fproduct_tag&post=8895"}],"curies":[{"name":"wp","href":"https:\/\/api.w.org\/{rel}","templated":true}]}}