{"id":8894,"date":"2023-01-10T21:12:02","date_gmt":"2023-01-10T19:12:02","guid":{"rendered":"https:\/\/vivasem.ro\/?post_type=product&#038;p=8894"},"modified":"2025-12-06T11:53:45","modified_gmt":"2025-12-06T09:53:45","slug":"prahovene-rosii-de-prahova","status":"publish","type":"product","link":"https:\/\/vivasem.ro\/?product=prahovene-rosii-de-prahova","title":{"rendered":"PRAHOVENE (ROSII DE PRAHOVA)"},"content":{"rendered":"<h6><span style=\"color: #ff0000;\"><strong><u>PRAHOVENE (ROSII DE PRAHOVA),<\/u><\/strong><\/span><\/h6>\n<h6><span style=\"color: #0000ff;\">SOI ROM\u00c2NESC, TRADI\u021aIONAL\u00a0 \u00ceN ZONA DE SUD A JUDE\u021aULUI PRAHOVA \u0218I \u00ceN ILFOV, P\u00c2N\u0102 APROAPE DE BUCURE\u0218TI.<\/span><\/h6>\n<h6><span style=\"color: #ff0000;\">FRUCTELE SUNT\u00a0 MARI , AU MEDIA DE 150-300 grame, \u0218I\u00a0 TREC \u0218I\u00a0 DE 600 grame, UNEORI APROPIINDU-SE DE\u00a0 1 kilogram, DE CULOARE\u00a0 RO\u0218IE .<\/span><\/h6>\n<h6>Forma este globular- turtit\u0103, au o adancitura bine conturata la cotor \u0219i umeri u\u0219or ondula\u021bi.<\/h6>\n<h6><span style=\"color: #0000ff;\">TOMATELE AU GUST EXCELENT, DULCE, FOARTE BINE ECHILIBRAT CU ACID, CU AROM\u0102 INTENS\u0102,DE RO\u0218IE VECHE,<\/span> S<span style=\"color: #0000ff;\">UNT FOARTE SUCULENTE, CU PULP\u0102 FERM\u0102,\u00a0 FOARTE C\u0102RNOAS\u0102, CU SEMIN\u021aE PU\u021aINE, CE SE POT FELIA PERFECT.<\/span><\/h6>\n<h6>DE CONSUMAT PROASPETE, IN SALATE.<\/h6>\n<h6><span style=\"color: #ff0000;\">PLANTELE SUNT NEDETERMINATE, VIGUROASE,\u00a0 PRODUCTIVE , MEDIU-TIMPURII.<\/span><\/h6>\n<h6><span style=\"color: #0000ff;\">FRUNZE NORMALE.<\/span><\/h6>\n<h6><span style=\"color: #0000ff;\">Rezistenta la boli in nota obisnuita<\/span><\/h6>\n","protected":false},"excerpt":{"rendered":"<h6><span style=\"color: #0000ff;\">30 SEMIN\u021aE<\/span><\/h6>\n<p>&nbsp;<\/p>\n<h6><span style=\"color: #ff00ff;\">GUST EXEP\u021aIONAL !<\/span><\/h6>\n<p><img loading=\"lazy\" decoding=\"async\" class=\"alignnone size-medium wp-image-17985\" src=\"https:\/\/vivasem.ro\/wp-content\/uploads\/2025\/05\/SOI-ROMANESC-300x106.jpg\" alt=\"\" width=\"300\" height=\"106\" srcset=\"https:\/\/vivasem.ro\/wp-content\/uploads\/2025\/05\/SOI-ROMANESC-300x106.jpg 300w, https:\/\/vivasem.ro\/wp-content\/uploads\/2025\/05\/SOI-ROMANESC-150x53.jpg 150w, https:\/\/vivasem.ro\/wp-content\/uploads\/2025\/05\/SOI-ROMANESC-248x88.jpg 248w, https:\/\/vivasem.ro\/wp-content\/uploads\/2025\/05\/SOI-ROMANESC-590x209.jpg 590w, https:\/\/vivasem.ro\/wp-content\/uploads\/2025\/05\/SOI-ROMANESC.jpg 700w\" sizes=\"auto, (max-width: 300px) 100vw, 300px\" \/><\/p>\n","protected":false},"featured_media":10329,"comment_status":"open","ping_status":"closed","template":"","meta":{"site-sidebar-layout":"default","site-content-layout":"default","ast-site-content-layout":"default","site-content-style":"default","site-sidebar-style":"default","ast-global-header-display":"","ast-banner-title-visibility":"","ast-main-header-display":"","ast-hfb-above-header-display":"","ast-hfb-below-header-display":"","ast-hfb-mobile-header-display":"","site-post-title":"","ast-breadcrumbs-content":"","ast-featured-img":"","footer-sml-layout":"","ast-disable-related-posts":"","theme-transparent-header-meta":"default","adv-header-id-meta":"","stick-header-meta":"","header-above-stick-meta":"","header-main-stick-meta":"","header-below-stick-meta":"","astra-migrate-meta-layouts":"set","ast-page-background-enabled":"default","ast-page-background-meta":{"desktop":{"background-color":"var(--ast-global-color-4)","background-image":"","background-repeat":"repeat","background-position":"center center","background-size":"auto","background-attachment":"scroll","background-type":"","background-media":"","overlay-type":"","overlay-color":"","overlay-opacity":"","overlay-gradient":""},"tablet":{"background-color":"","background-image":"","background-repeat":"repeat","background-position":"center center","background-size":"auto","background-attachment":"scroll","background-type":"","background-media":"","overlay-type":"","overlay-color":"","overlay-opacity":"","overlay-gradient":""},"mobile":{"background-color":"","background-image":"","background-repeat":"repeat","background-position":"center center","background-size":"auto","background-attachment":"scroll","background-type":"","background-media":"","overlay-type":"","overlay-color":"","overlay-opacity":"","overlay-gradient":""}},"ast-content-background-meta":{"desktop":{"background-color":"var(--ast-global-color-5)","background-image":"","background-repeat":"repeat","background-position":"center center","background-size":"auto","background-attachment":"scroll","background-type":"","background-media":"","overlay-type":"","overlay-color":"","overlay-opacity":"","overlay-gradient":""},"tablet":{"background-color":"var(--ast-global-color-5)","background-image":"","background-repeat":"repeat","background-position":"center center","background-size":"auto","background-attachment":"scroll","background-type":"","background-media":"","overlay-type":"","overlay-color":"","overlay-opacity":"","overlay-gradient":""},"mobile":{"background-color":"var(--ast-global-color-5)","background-image":"","background-repeat":"repeat","background-position":"center center","background-size":"auto","background-attachment":"scroll","background-type":"","background-media":"","overlay-type":"","overlay-color":"","overlay-opacity":"","overlay-gradient":""}}},"product_brand":[],"product_cat":[141,140,142,15],"product_tag":[],"class_list":{"0":"post-8894","1":"product","2":"type-product","3":"status-publish","4":"has-post-thumbnail","6":"product_cat-soi-gigant-urias","7":"product_cat-soiuri-romanesti","8":"product_cat-soiuri-rosii-roz","9":"product_cat-tomate-soi","10":"desktop-align-left","11":"tablet-align-left","12":"mobile-align-left","14":"first","15":"instock","16":"taxable","17":"shipping-taxable","18":"purchasable","19":"product-type-simple"},"_links":{"self":[{"href":"https:\/\/vivasem.ro\/index.php?rest_route=\/wp\/v2\/product\/8894","targetHints":{"allow":["GET"]}}],"collection":[{"href":"https:\/\/vivasem.ro\/index.php?rest_route=\/wp\/v2\/product"}],"about":[{"href":"https:\/\/vivasem.ro\/index.php?rest_route=\/wp\/v2\/types\/product"}],"replies":[{"embeddable":true,"href":"https:\/\/vivasem.ro\/index.php?rest_route=%2Fwp%2Fv2%2Fcomments&post=8894"}],"wp:featuredmedia":[{"embeddable":true,"href":"https:\/\/vivasem.ro\/index.php?rest_route=\/wp\/v2\/media\/10329"}],"wp:attachment":[{"href":"https:\/\/vivasem.ro\/index.php?rest_route=%2Fwp%2Fv2%2Fmedia&parent=8894"}],"wp:term":[{"taxonomy":"product_brand","embeddable":true,"href":"https:\/\/vivasem.ro\/index.php?rest_route=%2Fwp%2Fv2%2Fproduct_brand&post=8894"},{"taxonomy":"product_cat","embeddable":true,"href":"https:\/\/vivasem.ro\/index.php?rest_route=%2Fwp%2Fv2%2Fproduct_cat&post=8894"},{"taxonomy":"product_tag","embeddable":true,"href":"https:\/\/vivasem.ro\/index.php?rest_route=%2Fwp%2Fv2%2Fproduct_tag&post=8894"}],"curies":[{"name":"wp","href":"https:\/\/api.w.org\/{rel}","templated":true}]}}