{"id":8732,"date":"2023-01-01T09:21:55","date_gmt":"2023-01-01T07:21:55","guid":{"rendered":"https:\/\/vivasem.ro\/?post_type=product&#038;p=8732"},"modified":"2024-10-22T07:46:27","modified_gmt":"2024-10-22T05:46:27","slug":"varza-kale-torzella","status":"publish","type":"product","link":"https:\/\/vivasem.ro\/?product=varza-kale-torzella","title":{"rendered":".VARZ\u0102 KALE TORZELLE"},"content":{"rendered":"<h6><span style=\"color: #ff0000;\"><strong><u>VARZ\u0102 KALE TORZELLE,<\/u><\/strong><\/span><\/h6>\n<h6><span style=\"color: #ff0000;\"><strong><u>PRODUC\u0102TOR- La Semiorto Sementi, ITALIA<\/u><\/strong><\/span><\/h6>\n<h6><span style=\"color: #0000ff;\"><strong>Soi Kale <\/strong>din gama Semiorto Sementi , <strong>cu frunze mari, largi,\u00eenalte de 35-40 cm, viguroase de culoare verde -\u00eenchis, cre\u021be pe margini,<\/strong><strong> pe\u021biol scurt .<\/strong><\/span><\/h6>\n<h6>Soi foarte u\u0219or de cultivat, din Mai pana in Iulie in timp ce recoltarea frunzelor se poate face din Noiembrie pana in Februarie.Are\u00a0o excelenta rezisten\u021b\u0103 la temperaturile sc\u0103zute.<\/h6>\n<h6><span style=\"color: #ff0000;\">Dup\u0103 culegerea frunzelor exterioare,se regenereaz\u0103 rapid.<\/span><\/h6>\n<h6>Foarte rezistente la temperaturi sc\u0103zute \u0219i maturare \u00een 60-70 zile.<\/h6>\n<h6>Se poate \u00eens\u0103m\u00e2n\u021ba direct sau se face r\u0103sad care se transplanteaz\u0103 la 45 cm \u00eentre plante.<\/h6>\n<h6><span style=\"color: #0000ff;\">FOARTE REZISTENT LA FRIG,SE POATE CULTIVA IMEDIAT DUPA TOPIREA Z\u0102PEZII.<\/span><\/h6>\n<h6><span style=\"color: #0000ff;\"><strong>Varza Kale este o cultur\u0103 timpurie, minunat\u0103 pentru sezonul rece si de primavara<\/strong> .<\/span><\/h6>\n<h6>\u00a0Gustul \u0219i textura se \u00eembun\u0103t\u0103\u021besc cu frigul de la \u00eenceputul iernii c\u00e2nd acumuleaza zaharuri .<\/h6>\n<h6>Se culeg frunzele exterioare.<\/h6>\n<h6><span style=\"color: #0000ff;\">Se poate consuma crud\u0103,in salate sau g\u0103tit\u0103.<\/span><\/h6>\n<h6><span style=\"color: #ff0000;\">SOI DEOSEBIT DE BENEFIC PENTRU S\u0102N\u0102TATE, DATORIT\u0102 CON\u021aINUTULUI MARE DE ANTIOXIDAN\u021aI.<\/span><\/h6>\n","protected":false},"excerpt":{"rendered":"<h6><span style=\"color: #0000ff;\">4 grame\/10<\/span><span style=\"color: #0000ff;\">00 -1200 SEMIN\u021aE<\/span><\/h6>\n<h6><span style=\"color: #ff00ff;\">SOI\u00a0 REZISTENT LA FRIG,FOARTE ASPECTUOS\u00a0 !<\/span><\/h6>\n","protected":false},"featured_media":10948,"comment_status":"open","ping_status":"closed","template":"","meta":{"site-sidebar-layout":"default","site-content-layout":"default","ast-site-content-layout":"default","site-content-style":"default","site-sidebar-style":"default","ast-global-header-display":"","ast-banner-title-visibility":"","ast-main-header-display":"","ast-hfb-above-header-display":"","ast-hfb-below-header-display":"","ast-hfb-mobile-header-display":"","site-post-title":"","ast-breadcrumbs-content":"","ast-featured-img":"","footer-sml-layout":"","ast-disable-related-posts":"","theme-transparent-header-meta":"default","adv-header-id-meta":"","stick-header-meta":"","header-above-stick-meta":"","header-main-stick-meta":"","header-below-stick-meta":"","astra-migrate-meta-layouts":"set","ast-page-background-enabled":"default","ast-page-background-meta":{"desktop":{"background-color":"var(--ast-global-color-4)","background-image":"","background-repeat":"repeat","background-position":"center center","background-size":"auto","background-attachment":"scroll","background-type":"","background-media":"","overlay-type":"","overlay-color":"","overlay-opacity":"","overlay-gradient":""},"tablet":{"background-color":"","background-image":"","background-repeat":"repeat","background-position":"center center","background-size":"auto","background-attachment":"scroll","background-type":"","background-media":"","overlay-type":"","overlay-color":"","overlay-opacity":"","overlay-gradient":""},"mobile":{"background-color":"","background-image":"","background-repeat":"repeat","background-position":"center center","background-size":"auto","background-attachment":"scroll","background-type":"","background-media":"","overlay-type":"","overlay-color":"","overlay-opacity":"","overlay-gradient":""}},"ast-content-background-meta":{"desktop":{"background-color":"var(--ast-global-color-5)","background-image":"","background-repeat":"repeat","background-position":"center center","background-size":"auto","background-attachment":"scroll","background-type":"","background-media":"","overlay-type":"","overlay-color":"","overlay-opacity":"","overlay-gradient":""},"tablet":{"background-color":"var(--ast-global-color-5)","background-image":"","background-repeat":"repeat","background-position":"center center","background-size":"auto","background-attachment":"scroll","background-type":"","background-media":"","overlay-type":"","overlay-color":"","overlay-opacity":"","overlay-gradient":""},"mobile":{"background-color":"var(--ast-global-color-5)","background-image":"","background-repeat":"repeat","background-position":"center center","background-size":"auto","background-attachment":"scroll","background-type":"","background-media":"","overlay-type":"","overlay-color":"","overlay-opacity":"","overlay-gradient":""}}},"product_brand":[],"product_cat":[148],"product_tag":[],"class_list":{"0":"post-8732","1":"product","2":"type-product","3":"status-publish","4":"has-post-thumbnail","6":"product_cat-10-varza-varza-kale","7":"desktop-align-left","8":"tablet-align-left","9":"mobile-align-left","11":"first","12":"instock","13":"taxable","14":"shipping-taxable","15":"purchasable","16":"product-type-simple"},"_links":{"self":[{"href":"https:\/\/vivasem.ro\/index.php?rest_route=\/wp\/v2\/product\/8732","targetHints":{"allow":["GET"]}}],"collection":[{"href":"https:\/\/vivasem.ro\/index.php?rest_route=\/wp\/v2\/product"}],"about":[{"href":"https:\/\/vivasem.ro\/index.php?rest_route=\/wp\/v2\/types\/product"}],"replies":[{"embeddable":true,"href":"https:\/\/vivasem.ro\/index.php?rest_route=%2Fwp%2Fv2%2Fcomments&post=8732"}],"wp:featuredmedia":[{"embeddable":true,"href":"https:\/\/vivasem.ro\/index.php?rest_route=\/wp\/v2\/media\/10948"}],"wp:attachment":[{"href":"https:\/\/vivasem.ro\/index.php?rest_route=%2Fwp%2Fv2%2Fmedia&parent=8732"}],"wp:term":[{"taxonomy":"product_brand","embeddable":true,"href":"https:\/\/vivasem.ro\/index.php?rest_route=%2Fwp%2Fv2%2Fproduct_brand&post=8732"},{"taxonomy":"product_cat","embeddable":true,"href":"https:\/\/vivasem.ro\/index.php?rest_route=%2Fwp%2Fv2%2Fproduct_cat&post=8732"},{"taxonomy":"product_tag","embeddable":true,"href":"https:\/\/vivasem.ro\/index.php?rest_route=%2Fwp%2Fv2%2Fproduct_tag&post=8732"}],"curies":[{"name":"wp","href":"https:\/\/api.w.org\/{rel}","templated":true}]}}