{"id":8728,"date":"2022-12-31T08:22:39","date_gmt":"2022-12-31T06:22:39","guid":{"rendered":"https:\/\/vivasem.ro\/?post_type=product&#038;p=8728"},"modified":"2023-02-18T08:10:23","modified_gmt":"2023-02-18T06:10:23","slug":"spanac-permanent-mangold-lucullus-kiepenkerl","status":"publish","type":"product","link":"https:\/\/vivasem.ro\/?product=spanac-permanent-mangold-lucullus-kiepenkerl","title":{"rendered":"\u201eSPANAC PERMANENT\/MANGOLD LUCULLUS (KIEPENKERL)"},"content":{"rendered":"<h6><span style=\"color: #008000;\"><strong><u>SPANAC PERMANENT LUCULLUS &#8211; ,<a href=\"https:\/\/vivasem.ro\/wp-content\/uploads\/2022\/12\/KIEPENKERL-2.jpg\"><img loading=\"lazy\" decoding=\"async\" class=\"alignnone wp-image-8702\" src=\"https:\/\/vivasem.ro\/wp-content\/uploads\/2022\/12\/KIEPENKERL-2.jpg\" alt=\"\" width=\"133\" height=\"69\" srcset=\"https:\/\/vivasem.ro\/wp-content\/uploads\/2022\/12\/KIEPENKERL-2.jpg 271w, https:\/\/vivasem.ro\/wp-content\/uploads\/2022\/12\/KIEPENKERL-2-248x128.jpg 248w\" sizes=\"auto, (max-width: 133px) 100vw, 133px\" \/><\/a><\/u><\/strong><\/span><\/h6>\n<h6><span style=\"color: #ff0000;\"><strong><u>MANGOLD\/SWISS CHARD \/BIETOLA\/PERPETUAL SPINACH, <\/u>acestea sunt cele mai cunoscute denumiri ale \u00eenlocuitorului de spanac,folosit de mii de ani \u00een zona mediteraneean\u0103<\/strong>.<\/span><\/h6>\n<h6>Se \u00eens\u0103m\u00e2n\u021bez\u0103 toamna sau prim\u0103vara, dup\u0103 topirea z\u0103pezii, se maturizeaz\u0103 \u00een 52-60 zile, dup\u0103 care se scot plantele sau, se pot culege , mereu, doar frunzele exterioare , planta, regener\u00e2ndu-se astfel.<\/h6>\n<h6><span style=\"color: #0000ff;\">Se folosesc \u0219i frunzele \u0219i pe\u021biolul, care sunt mari, c\u0103rnoase, gustoase , dulcege, \u0219i se pot consuma, \u00een salate sau g\u0103tite .<\/span><\/h6>\n<h6><span style=\"color: #0000ff;\">Plantele ajung la 50 centimetrii \u00een\u0103l\u021bime.<\/span><\/h6>\n<h6>Dac\u0103 nu se scot plantele din sol, ierneaz\u0103 sub z\u0103pad\u0103, \u00een al doilea an ,vara, \u00eenfloresc.<\/h6>\n<h6><span style=\"color: #0000ff;\">MULT MAI PRODUCTIV DEC\u00c2T SPANACUL CLASIC<\/span> .<\/h6>\n<h6><\/h6>\n","protected":false},"excerpt":{"rendered":"<h6><span style=\"color: #0000ff;\">150 SEMIN\u021aE<\/span><\/h6>\n","protected":false},"featured_media":8729,"comment_status":"open","ping_status":"closed","template":"","meta":{"site-sidebar-layout":"default","site-content-layout":"default","ast-site-content-layout":"default","site-content-style":"default","site-sidebar-style":"default","ast-global-header-display":"","ast-banner-title-visibility":"","ast-main-header-display":"","ast-hfb-above-header-display":"","ast-hfb-below-header-display":"","ast-hfb-mobile-header-display":"","site-post-title":"","ast-breadcrumbs-content":"","ast-featured-img":"","footer-sml-layout":"","ast-disable-related-posts":"","theme-transparent-header-meta":"default","adv-header-id-meta":"","stick-header-meta":"","header-above-stick-meta":"","header-main-stick-meta":"","header-below-stick-meta":"","astra-migrate-meta-layouts":"default","ast-page-background-enabled":"default","ast-page-background-meta":{"desktop":{"background-color":"var(--ast-global-color-4)","background-image":"","background-repeat":"repeat","background-position":"center center","background-size":"auto","background-attachment":"scroll","background-type":"","background-media":"","overlay-type":"","overlay-color":"","overlay-opacity":"","overlay-gradient":""},"tablet":{"background-color":"","background-image":"","background-repeat":"repeat","background-position":"center center","background-size":"auto","background-attachment":"scroll","background-type":"","background-media":"","overlay-type":"","overlay-color":"","overlay-opacity":"","overlay-gradient":""},"mobile":{"background-color":"","background-image":"","background-repeat":"repeat","background-position":"center center","background-size":"auto","background-attachment":"scroll","background-type":"","background-media":"","overlay-type":"","overlay-color":"","overlay-opacity":"","overlay-gradient":""}},"ast-content-background-meta":{"desktop":{"background-color":"var(--ast-global-color-5)","background-image":"","background-repeat":"repeat","background-position":"center center","background-size":"auto","background-attachment":"scroll","background-type":"","background-media":"","overlay-type":"","overlay-color":"","overlay-opacity":"","overlay-gradient":""},"tablet":{"background-color":"var(--ast-global-color-5)","background-image":"","background-repeat":"repeat","background-position":"center center","background-size":"auto","background-attachment":"scroll","background-type":"","background-media":"","overlay-type":"","overlay-color":"","overlay-opacity":"","overlay-gradient":""},"mobile":{"background-color":"var(--ast-global-color-5)","background-image":"","background-repeat":"repeat","background-position":"center center","background-size":"auto","background-attachment":"scroll","background-type":"","background-media":"","overlay-type":"","overlay-color":"","overlay-opacity":"","overlay-gradient":""}}},"product_brand":[],"product_cat":[114],"product_tag":[],"class_list":{"0":"post-8728","1":"product","2":"type-product","3":"status-publish","4":"has-post-thumbnail","6":"product_cat-spanac","7":"desktop-align-left","8":"tablet-align-left","9":"mobile-align-left","11":"first","12":"outofstock","13":"taxable","14":"shipping-taxable","15":"purchasable","16":"product-type-simple"},"_links":{"self":[{"href":"https:\/\/vivasem.ro\/index.php?rest_route=\/wp\/v2\/product\/8728","targetHints":{"allow":["GET"]}}],"collection":[{"href":"https:\/\/vivasem.ro\/index.php?rest_route=\/wp\/v2\/product"}],"about":[{"href":"https:\/\/vivasem.ro\/index.php?rest_route=\/wp\/v2\/types\/product"}],"replies":[{"embeddable":true,"href":"https:\/\/vivasem.ro\/index.php?rest_route=%2Fwp%2Fv2%2Fcomments&post=8728"}],"wp:featuredmedia":[{"embeddable":true,"href":"https:\/\/vivasem.ro\/index.php?rest_route=\/wp\/v2\/media\/8729"}],"wp:attachment":[{"href":"https:\/\/vivasem.ro\/index.php?rest_route=%2Fwp%2Fv2%2Fmedia&parent=8728"}],"wp:term":[{"taxonomy":"product_brand","embeddable":true,"href":"https:\/\/vivasem.ro\/index.php?rest_route=%2Fwp%2Fv2%2Fproduct_brand&post=8728"},{"taxonomy":"product_cat","embeddable":true,"href":"https:\/\/vivasem.ro\/index.php?rest_route=%2Fwp%2Fv2%2Fproduct_cat&post=8728"},{"taxonomy":"product_tag","embeddable":true,"href":"https:\/\/vivasem.ro\/index.php?rest_route=%2Fwp%2Fv2%2Fproduct_tag&post=8728"}],"curies":[{"name":"wp","href":"https:\/\/api.w.org\/{rel}","templated":true}]}}