{"id":872,"date":"2021-11-08T20:46:14","date_gmt":"2021-11-08T18:46:14","guid":{"rendered":"https:\/\/vivasem.ro\/?post_type=product&#038;p=872"},"modified":"2025-12-30T09:18:17","modified_gmt":"2025-12-30T07:18:17","slug":"delicious-sua","status":"publish","type":"product","link":"https:\/\/vivasem.ro\/?product=delicious-sua","title":{"rendered":"DELICIOUS (SUA)  (Ofert\u0103 pret\/G. 80-95%)"},"content":{"rendered":"<h6><span style=\"color: #ff0000;\">DELICIOUS-Reimer Seeds SUA,\u00a0 \u00a0 \u00a0 \u00a0 \u00a0 \u00a0 \u00a0 \u00a0 \u00a0 \u00a0 \u00a0 \u00a0 \u00a0 \u00a0 \u00a0 \u00a0 \u00a0 \u00a0 \u00a0<img loading=\"lazy\" decoding=\"async\" class=\"alignnone wp-image-8415\" src=\"https:\/\/vivasem.ro\/wp-content\/uploads\/2022\/12\/REIMER-LOGO-300x278.jpg\" alt=\"\" width=\"96\" height=\"89\" srcset=\"https:\/\/vivasem.ro\/wp-content\/uploads\/2022\/12\/REIMER-LOGO-300x278.jpg 300w, https:\/\/vivasem.ro\/wp-content\/uploads\/2022\/12\/REIMER-LOGO-248x230.jpg 248w, https:\/\/vivasem.ro\/wp-content\/uploads\/2022\/12\/REIMER-LOGO.jpg 408w\" sizes=\"auto, (max-width: 96px) 100vw, 96px\" \/><\/span><\/h6>\n<h6>Lot cu germina\u021bie de 80-95%.<\/h6>\n<h6><span style=\"color: #ff0000;\">SOI EXTRAORDINAR, HEIRLOOM, CE DE\u021aINE RECORDUL MONDIAL DE GREUTATE CU O RO\u0218IE DE PESTE 3,5 kilograme \u0218I PENTRU GUSTUL EXCEP\u021aIONAL, ESTE \u00ceN TOP 10 MONDIAL, AL CELOR MAI BUNE SOIURI.<\/span><\/h6>\n<h6><span style=\"color: #000080;\">GREUTATEA MEDIE, ESTE \u00ceNTRE 200-500 grame, DAR FRECVENT AJUNG LA 1 KILOGRAM \u0218I CHIAR MAI MULT&#8230;.\u0218I NOI AM OB\u021aINUT FRUCTE DE 1 kilogram DIN ACEST SOI&#8230;.<\/span><\/h6>\n<h6><span style=\"color: #ff0000;\">DUP\u0102 CUM LE SPUNE \u0218I NUMELE, ACESTE TOMATE AU GUST DE EXCEP\u021aIE, DELICIOS, DULCE,SLAB ACID, INTENS AROMAT.<\/span><\/h6>\n<h6><span style=\"color: #000080;\">ASPECTUL GENERAL ,EXTERN \u0218I INTERN, SUNT\u00a0 DE TIP\u00a0 BEEFSTEAK, CU PULPA FOARTE C\u0102RNOAS\u0102 ,FERM\u0102,CE SE POATE FELIA ,CU SEMINTE PU\u021aINE, DENS\u0102, CU REZISTEN\u021a\u0102 BUN\u0102 LA TRANSPORT \u0218I O CULOARE RO\u0218IE FOARTE FRUMOAS\u0102.<\/span><\/h6>\n<h6><span style=\"color: #ff0000;\">SOI EXTREM DE PRODUCTIV, DE MULTE ORI AM OB\u021aINUT PESTE 2 kilograme\/PLANT\u0102\/O RECOLTARE.<\/span><\/h6>\n<h6><span style=\"color: #ff0000;\">PLANTE NEDETERMINATE, VIGUROASE, MEDIU-TIMPURII.<\/span><\/h6>\n<p><span style=\"color: #000080;\">SOI ORIGINAR DIN SUA.<\/span><\/p>\n","protected":false},"excerpt":{"rendered":"<h6><span style=\"color: #ff00ff;\">SOI\u00a0 GIGANT CU <\/span><span style=\"color: #ff00ff;\">GUST EXCEP\u021aIONAL<\/span><span style=\"color: #ff00ff;\">! <\/span><span style=\"color: #ff00ff;\">DE\u021aINE RECORDUL CU <\/span><span style=\"color: #ff00ff;\">CEA MAI MARE RO\u0218IE DIN LUME!<\/span><\/h6>\n","protected":false},"featured_media":1015,"comment_status":"open","ping_status":"closed","template":"","meta":{"site-sidebar-layout":"default","site-content-layout":"default","ast-site-content-layout":"default","site-content-style":"default","site-sidebar-style":"default","ast-global-header-display":"","ast-banner-title-visibility":"","ast-main-header-display":"","ast-hfb-above-header-display":"","ast-hfb-below-header-display":"","ast-hfb-mobile-header-display":"","site-post-title":"","ast-breadcrumbs-content":"","ast-featured-img":"","footer-sml-layout":"","ast-disable-related-posts":"","theme-transparent-header-meta":"default","adv-header-id-meta":"","stick-header-meta":"","header-above-stick-meta":"","header-main-stick-meta":"","header-below-stick-meta":"","astra-migrate-meta-layouts":"set","ast-page-background-enabled":"default","ast-page-background-meta":{"desktop":{"background-color":"var(--ast-global-color-4)","background-image":"","background-repeat":"repeat","background-position":"center center","background-size":"auto","background-attachment":"scroll","background-type":"","background-media":"","overlay-type":"","overlay-color":"","overlay-opacity":"","overlay-gradient":""},"tablet":{"background-color":"","background-image":"","background-repeat":"repeat","background-position":"center center","background-size":"auto","background-attachment":"scroll","background-type":"","background-media":"","overlay-type":"","overlay-color":"","overlay-opacity":"","overlay-gradient":""},"mobile":{"background-color":"","background-image":"","background-repeat":"repeat","background-position":"center center","background-size":"auto","background-attachment":"scroll","background-type":"","background-media":"","overlay-type":"","overlay-color":"","overlay-opacity":"","overlay-gradient":""}},"ast-content-background-meta":{"desktop":{"background-color":"var(--ast-global-color-5)","background-image":"","background-repeat":"repeat","background-position":"center center","background-size":"auto","background-attachment":"scroll","background-type":"","background-media":"","overlay-type":"","overlay-color":"","overlay-opacity":"","overlay-gradient":""},"tablet":{"background-color":"var(--ast-global-color-5)","background-image":"","background-repeat":"repeat","background-position":"center center","background-size":"auto","background-attachment":"scroll","background-type":"","background-media":"","overlay-type":"","overlay-color":"","overlay-opacity":"","overlay-gradient":""},"mobile":{"background-color":"var(--ast-global-color-5)","background-image":"","background-repeat":"repeat","background-position":"center center","background-size":"auto","background-attachment":"scroll","background-type":"","background-media":"","overlay-type":"","overlay-color":"","overlay-opacity":"","overlay-gradient":""}}},"product_brand":[],"product_cat":[141,142,15],"product_tag":[],"class_list":{"0":"post-872","1":"product","2":"type-product","3":"status-publish","4":"has-post-thumbnail","6":"product_cat-soi-gigant-urias","7":"product_cat-soiuri-rosii-roz","8":"product_cat-tomate-soi","9":"pa_cantitate-10-seminte","10":"pa_cantitate-100-seminte","11":"pa_cantitate-200-seminte","12":"pa_cantitate-25-seminte","13":"pa_cantitate-250-seminte","14":"pa_cantitate-5-seminte","15":"pa_cantitate-50-seminte","16":"pa_cantitate-500-seminte","17":"desktop-align-left","18":"tablet-align-left","19":"mobile-align-left","21":"first","22":"instock","23":"sale","24":"taxable","25":"shipping-taxable","26":"purchasable","27":"product-type-variable"},"_links":{"self":[{"href":"https:\/\/vivasem.ro\/index.php?rest_route=\/wp\/v2\/product\/872","targetHints":{"allow":["GET"]}}],"collection":[{"href":"https:\/\/vivasem.ro\/index.php?rest_route=\/wp\/v2\/product"}],"about":[{"href":"https:\/\/vivasem.ro\/index.php?rest_route=\/wp\/v2\/types\/product"}],"replies":[{"embeddable":true,"href":"https:\/\/vivasem.ro\/index.php?rest_route=%2Fwp%2Fv2%2Fcomments&post=872"}],"wp:featuredmedia":[{"embeddable":true,"href":"https:\/\/vivasem.ro\/index.php?rest_route=\/wp\/v2\/media\/1015"}],"wp:attachment":[{"href":"https:\/\/vivasem.ro\/index.php?rest_route=%2Fwp%2Fv2%2Fmedia&parent=872"}],"wp:term":[{"taxonomy":"product_brand","embeddable":true,"href":"https:\/\/vivasem.ro\/index.php?rest_route=%2Fwp%2Fv2%2Fproduct_brand&post=872"},{"taxonomy":"product_cat","embeddable":true,"href":"https:\/\/vivasem.ro\/index.php?rest_route=%2Fwp%2Fv2%2Fproduct_cat&post=872"},{"taxonomy":"product_tag","embeddable":true,"href":"https:\/\/vivasem.ro\/index.php?rest_route=%2Fwp%2Fv2%2Fproduct_tag&post=872"}],"curies":[{"name":"wp","href":"https:\/\/api.w.org\/{rel}","templated":true}]}}