{"id":8715,"date":"2022-12-30T09:13:50","date_gmt":"2022-12-30T07:13:50","guid":{"rendered":"https:\/\/vivasem.ro\/?post_type=product&#038;p=8715"},"modified":"2023-02-17T10:17:53","modified_gmt":"2023-02-17T08:17:53","slug":"gogosari-bihar-f1-zki-ungaria-50s","status":"publish","type":"product","link":"https:\/\/vivasem.ro\/?product=gogosari-bihar-f1-zki-ungaria-50s","title":{"rendered":"GOGOSARI BIHAR F1-ZKI Ungaria (50s)"},"content":{"rendered":"<h6 style=\"text-align: left;\"><span style=\"color: #ff0000;\"><u>ARDEI GOGO\u0218ARI BIHAR F1 ,<\/u><\/span>\u00a0 \u00a0\u00a0 \u00a0\u00a0 \u00a0\u00a0 \u00a0\u00a0 \u00a0\u00a0 \u00a0\u00a0 \u00a0\u00a0 \u00a0\u00a0 \u00a0\u00a0 \u00a0\u00a0 \u00a0\u00a0 \u00a0\u00a0 \u00a0\u00a0 \u00a0\u00a0 \u00a0\u00a0 \u00a0\u00a0 \u00a0\u00a0 \u00a0\u00a0 \u00a0\u00a0 \u00a0\u00a0 \u00a0\u00a0 \u00a0\u00a0 \u00a0\u00a0 \u00a0\u00a0 \u00a0<u><\/u><\/h6>\n<h6 style=\"text-align: left;\"><span style=\"color: #ff0000;\"><u>-Produc\u0103tor :ZKI Ungaria,<\/u><\/span><\/h6>\n<h6><span style=\"color: #0000ff;\"><strong>Bihar F1<\/strong>\u00a0este un hibrid profesional de\u00a0<strong>gogo\u0219ar<\/strong> de la Zki, destinat culturilor \u00een c\u00e2mp, intensive \u0219i semi-intensive, dar \u0219i \u00een solarii,fiind <\/span><span style=\"color: #0000ff;\">preferatul multor legumicultori, datorit\u0103 multiplelor performan\u021be.<\/span><\/h6>\n<h6><span style=\"color: #0000ff;\"><span style=\"color: #ff0000;\">E<\/span><\/span><span style=\"color: #ff0000;\">ste caracterizat de o productivitate masiv\u0103 \u0219i calitate a fructelor \u00eenalt\u0103, cu aspect comercial excelent.<\/span><\/h6>\n<h6><span style=\"color: #333399;\">Bihar F1 are\u00a0<strong>internoduri scurte, fructific\u0103<\/strong>\u00a0\u00een toat\u0103 perioada de vegeta\u021bie,\u00a0<strong>f\u0103r\u0103 s\u0103 avorteze<\/strong>\u00a0datorit\u0103 disconfortului termic, cu alte cuvinte planta este extrem de echilibrat\u0103, rezist\u0103 cu brio la condi\u021biile variate de clim\u0103, de stress tehnologic, de la umezeal\u0103\u00a0 la c\u0103ldur\u0103 conferindu-i o produc\u021bie remarcabil\u0103 ce asigur\u0103 profitul scontat de produc\u0103tor.<\/span><\/h6>\n<h6><span style=\"color: #333399;\">Datorit\u0103 productivit\u0103\u021bii, timpuriet\u0103\u021bii, rezisten\u021bei \u0219i calit\u0103\u021bii, conduce la un randament maxim \u00eentre costurile de produc\u021bie \u0219i profiturile generate.<\/span><\/h6>\n<h6><span style=\"color: #333399;\">Bihar F1, palisat pe dou\u0103 bra\u021be conduce la o productivitate m\u0103rit\u0103 cu 20%, sistemul radicul e puternic, iar foliajul abundent asigur\u0103 o bun\u0103 prelucrare a substan\u021belor asimilate \u0219i o bun\u0103 protec\u021bie a plantelor.<\/span><\/h6>\n<h6><span style=\"color: #0000ff;\">Referindu-ne la fructe, consemn\u0103m uniformitatea acestora, fiind \u00eemp\u0103r\u021bi\u021bi \u00een patru lobi perfect egali, cu o form\u0103 bombat\u0103 , grosimea pulpei de 5-6mm, av\u00e2nd o culoare ro\u0219u-grena de un aspect comecial irepro\u0219abil.<\/span><\/h6>\n<h6><span style=\"color: #0000ff;\">Are punct pistilar \u00eenchis, astfel nu este sensibil la muceg\u0103ire interioar\u0103.<\/span><\/h6>\n<h6><span style=\"color: #0000ff;\">Greutatea fructelor se situeaz\u0103 \u00een condi\u021bii de solar la 250-300 gr, gustul dulce, apetisant, deci o calitate incontestabil\u0103 de super-elit\u0103.<\/span><\/h6>\n<h6><span style=\"color: #333399;\">Gogosarul Bihar F1 prezinta o plant\u0103 cu cre\u0219tere nedeterminat\u0103, pretandu-se excelent cultivarii at\u00e2t \u00een solarii, c\u00e2t \u0219i \u00een c\u00e2mp deschis.<\/span><\/h6>\n<h6><span style=\"color: #333399;\"><strong>Bihar F1<\/strong>, pe l\u00e2ng\u0103 calit\u0103\u021bile enumerate mai sus care sprijin\u0103\u00a0<strong>pozi\u021bia de lider al prezentului<\/strong>, trebuie s\u0103 remarc\u0103m \u0219i rezisten\u021bele cu care este dotat, astfel:<\/span><\/h6>\n<ol>\n<li>\n<h6><span style=\"color: #333399;\"><strong>Rezisten\u021ba la xantomonas (p\u0103tarea fructelor \u0219i b\u0103\u0219icarea fructelor) prezint\u0103 o particularitate aparte a hibridului;<\/strong><\/span><\/h6>\n<\/li>\n<li>\n<h6><span style=\"color: #333399;\"><strong>Rezisten\u021ba la factorii de stress tehnologici \u0219i de climat;<\/strong><\/span><\/h6>\n<\/li>\n<li>\n<h6><span style=\"color: #333399;\"><strong>Rezisten\u021ba la ar\u0219i\u021ba solar\u0103 datorit\u0103 foliajului;<\/strong><\/span><\/h6>\n<\/li>\n<\/ol>\n<h6><span style=\"color: #333399;\">Aceste aspecte sunt foarte importante \u00een economia culturilor, conferindu-le plantelor o mare capacitate de autoap\u0103rare \u0219i implict economisirea tratamentelor fitosanitare.<\/span><\/h6>\n<h6><span style=\"color: #ff0000;\">Cu siguran\u021b\u0103 se contureaz\u0103 f\u0103r\u0103 echivoc ideea de a se cultiva \u00een spa\u021bii protejate, desprinz\u00e2ndu-se urm\u0103toarele avantaje:<\/span><\/h6>\n<ol>\n<li>\n<h6><span style=\"color: #ff0000;\"><strong>Timpurietatea \u2013 ceea ce asigur\u0103 o produc\u021bie ce poate fi valorificat\u0103 la pre\u021buri ridicate;<\/strong><\/span><\/h6>\n<\/li>\n<li>\n<h6><span style=\"color: #ff0000;\"><strong>Calitatea \u2013 avantajul ce asigur\u0103 garan\u021bia veniturilor;<\/strong><\/span><\/h6>\n<\/li>\n<li>\n<h6><span style=\"color: #ff0000;\"><strong>Siguran\u021ba \u2013 ce asigur\u0103 echilibrul cantitativ-calitativ;<\/strong><\/span><\/h6>\n<\/li>\n<li>\n<h6><span style=\"color: #ff0000;\"><strong>Protec\u021bia plantelor la solar \u2013 asigur\u0103 implicit \u0219i fructelor fa\u021b\u0103 de condi\u021biile climatice variabile;<\/strong><\/span><\/h6>\n<\/li>\n<li>\n<h6><span style=\"color: #ff0000;\"><strong>Ciclul lung de cultur\u0103 \u2013 constituie recoltarea sistematic\u0103 \u0219i e\u0219alonat\u0103 din var\u0103 p\u00e2n\u0103 toamna t\u00e2rziu.<\/strong><\/span><\/h6>\n<\/li>\n<\/ol>\n<h6><span style=\"color: #0000ff;\">Cultivat in solarii: <\/span><span style=\"color: #0000ff;\">ofer\u0103 timpurietate, calitate remarcabil\u0103 \u0219i produc\u021bii constante.<\/span><\/h6>\n<h6><span style=\"color: #0000ff;\">Prezint\u0103 avantajul unui procent redus de fructe avortate . Se reomanda palisarea pe doua bra\u021be la tehnologia de cultivare in solar.<\/span><\/h6>\n<h6><span style=\"color: #333399;\">Cultivat in c\u00e2mp :hibridul se comport\u0103 excelent, avand o bun\u0103 rezisten\u021b\u0103 la temperaturile ridicate din var\u0103. <\/span><\/h6>\n<h6><span style=\"color: #0000ff;\"><strong style=\"font-size: 16px;\">Gogosarul Bihar F1<\/strong><span style=\"font-size: 16px;\"> prezinta internodii scurte, fructific\u00e2nd la fiecare \u0219i regener\u00e2nd fructe pe tot ciclul de vegeta\u021bie. Se p\u0103teaza foarte greu din cauza lipsei de calciu \u0219i prezint\u0103 rezisten\u021b\u0103 la Xantomonas.<\/span><\/span><\/h6>\n<h6><span style=\"color: #0000ff;\">Un alt avantaj pe care gogosarul Bihar il ofera cultivatorului este dat de produc\u021bia echilibrat\u0103, pe intreaga perioad\u0103 de recoltat, men\u021bin\u00e2nd calitatea p\u00e2n\u0103 la etajele de la v\u00e2rf.<\/span><\/h6>\n<h6><span style=\"color: #0000ff;\">Are radacina puternic\u0103, tulpin\u0103 \u0219i coronament bine dezvoltat \u0219i foliaj bogat.<\/span><\/h6>\n<h6><span style=\"color: #0000ff;\">Leag\u0103 primele fructe aproape de sol, astfel m\u0103rind rezisten\u021ba la rupere si c\u0103dere. Primul buchet la hibridul de <strong style=\"font-size: 16px;\">gogo\u0219ari Bihar F1<\/strong><\/span><span style=\"font-size: 16px;\"><span style=\"color: #0000ff;\"> este format din 5-7\u00a0 fructe, aflate la baza plantei (de aici rezisten\u021ba la rupere si c\u0103dere &#8211; legarea la baza oferind stabilitate).<\/span><\/span><\/h6>\n<h6><span style=\"color: #ff0000;\">\u00cen concluzie, Bihar F1 <strong>este un hibrid de gogo\u0219ar cu cre\u0219tere nedeterminat\u0103, cu un sistem radicular puternic, ramuri puternice \u0219i foliaj rezistent.E<\/strong>ste stabil, echilibrat, r\u0103spunde pozitiv la produc\u021bii semnificative \u0219i calitativ superioare, cunosc\u00e2ndu-se c\u0103 pe pia\u021b\u0103 \u00een primul r\u00e2nd calitatea conteaz\u0103 ceea ce hibridul ofer\u0103 cu generozitate, aduc\u00e2nd cu prisosin\u021b\u0103 benefici substan\u021biale legumicultorilor, men\u021bin\u00e2ndu-l la cea mai \u00eenalt\u0103 \u0219tachet\u0103!<\/span><\/h6>\n<h6><span style=\"color: #ff0000;\"><span style=\"color: #333399;\"><strong>Conform produc\u0103torului ZKI: Bihar F1<\/strong>, fiind cultivat la scar\u0103 larg\u0103 \u00een foarte multe \u021b\u0103ri \u0219i considerat hibridul de top, av\u00e2nd o adaptabilitate excelent\u0103 la cultivarea \u00een spa\u021bii protejate, c\u00e2t \u0219i \u00een c\u00e2mp liber, cu un plus evident de calitate la solar, prin \u00eensu\u0219irile genetice cu care este dotat este considerat <strong>cel mai performant gogo\u0219ar<\/strong>, devenind un adev\u0103rat\u00a0<strong>lider pe pia\u021b\u0103<\/strong>, pozi\u021bie pe care a consolidat-o \u00een prezent \u0219i pe care se va men\u021bine cu certitudine \u0219i pe viitor.<\/span><\/span><\/h6>\n<p>&nbsp;<\/p>\n<h6><span style=\"color: #000080;\">PENTRU VARIANTELE DE CANTITATE , DE MAI JOS, SPECIFICA\u021aI \u00ceN FORMULARUL DE COMAND\u0102, LA RUBRICA *NOT\u0102 DE COMAND\u0102*, CANTITATEA DORIT\u0102:<\/span><\/h6>\n<h6><span style=\"color: #0000ff;\">250 SEMIN\u021aE \/77\u00a0 LEI<\/span><\/h6>\n<h6><span style=\"color: #0000ff;\">100 SEMIN\u021aE \/ 33 LEI<\/span><\/h6>\n<h6><span style=\"color: #0000ff;\">50 SEMIN\u021aE \/20\u00a0 \u00a0LEI<\/span><\/h6>\n<h6><span style=\"color: #0000ff;\">10 SEMIN\u021aE \/5\u00a0 LEI <\/span><\/h6>\n<h6><\/h6>\n<p>&nbsp;<\/p>\n","protected":false},"excerpt":{"rendered":"<h6><span style=\"color: #0000ff;\">50 SEMIN\u021aE \/ 20 LEI<\/span><\/h6>\n<h6><span style=\"color: #ff00ff;\">FOARTE\u00a0 PRODUCTIV, FRUCTE DE CALITATE!<\/span><\/h6>\n<h6><span style=\"color: #0000ff;\">250 SEMIN\u021aE \/77\u00a0 LEI<\/span><\/h6>\n<p>&nbsp;<\/p>\n","protected":false},"featured_media":8713,"comment_status":"open","ping_status":"closed","template":"","meta":{"site-sidebar-layout":"default","site-content-layout":"default","ast-site-content-layout":"default","site-content-style":"default","site-sidebar-style":"default","ast-global-header-display":"","ast-banner-title-visibility":"","ast-main-header-display":"","ast-hfb-above-header-display":"","ast-hfb-below-header-display":"","ast-hfb-mobile-header-display":"","site-post-title":"","ast-breadcrumbs-content":"","ast-featured-img":"","footer-sml-layout":"","ast-disable-related-posts":"","theme-transparent-header-meta":"default","adv-header-id-meta":"","stick-header-meta":"","header-above-stick-meta":"","header-main-stick-meta":"","header-below-stick-meta":"","astra-migrate-meta-layouts":"default","ast-page-background-enabled":"default","ast-page-background-meta":{"desktop":{"background-color":"var(--ast-global-color-4)","background-image":"","background-repeat":"repeat","background-position":"center center","background-size":"auto","background-attachment":"scroll","background-type":"","background-media":"","overlay-type":"","overlay-color":"","overlay-opacity":"","overlay-gradient":""},"tablet":{"background-color":"","background-image":"","background-repeat":"repeat","background-position":"center center","background-size":"auto","background-attachment":"scroll","background-type":"","background-media":"","overlay-type":"","overlay-color":"","overlay-opacity":"","overlay-gradient":""},"mobile":{"background-color":"","background-image":"","background-repeat":"repeat","background-position":"center center","background-size":"auto","background-attachment":"scroll","background-type":"","background-media":"","overlay-type":"","overlay-color":"","overlay-opacity":"","overlay-gradient":""}},"ast-content-background-meta":{"desktop":{"background-color":"var(--ast-global-color-5)","background-image":"","background-repeat":"repeat","background-position":"center center","background-size":"auto","background-attachment":"scroll","background-type":"","background-media":"","overlay-type":"","overlay-color":"","overlay-opacity":"","overlay-gradient":""},"tablet":{"background-color":"var(--ast-global-color-5)","background-image":"","background-repeat":"repeat","background-position":"center center","background-size":"auto","background-attachment":"scroll","background-type":"","background-media":"","overlay-type":"","overlay-color":"","overlay-opacity":"","overlay-gradient":""},"mobile":{"background-color":"var(--ast-global-color-5)","background-image":"","background-repeat":"repeat","background-position":"center center","background-size":"auto","background-attachment":"scroll","background-type":"","background-media":"","overlay-type":"","overlay-color":"","overlay-opacity":"","overlay-gradient":""}}},"product_brand":[],"product_cat":[149],"product_tag":[],"class_list":{"0":"post-8715","1":"product","2":"type-product","3":"status-publish","4":"has-post-thumbnail","6":"product_cat-33-produse-epuizate","7":"desktop-align-left","8":"tablet-align-left","9":"mobile-align-left","11":"first","12":"outofstock","13":"taxable","14":"shipping-taxable","15":"purchasable","16":"product-type-simple"},"_links":{"self":[{"href":"https:\/\/vivasem.ro\/index.php?rest_route=\/wp\/v2\/product\/8715","targetHints":{"allow":["GET"]}}],"collection":[{"href":"https:\/\/vivasem.ro\/index.php?rest_route=\/wp\/v2\/product"}],"about":[{"href":"https:\/\/vivasem.ro\/index.php?rest_route=\/wp\/v2\/types\/product"}],"replies":[{"embeddable":true,"href":"https:\/\/vivasem.ro\/index.php?rest_route=%2Fwp%2Fv2%2Fcomments&post=8715"}],"wp:featuredmedia":[{"embeddable":true,"href":"https:\/\/vivasem.ro\/index.php?rest_route=\/wp\/v2\/media\/8713"}],"wp:attachment":[{"href":"https:\/\/vivasem.ro\/index.php?rest_route=%2Fwp%2Fv2%2Fmedia&parent=8715"}],"wp:term":[{"taxonomy":"product_brand","embeddable":true,"href":"https:\/\/vivasem.ro\/index.php?rest_route=%2Fwp%2Fv2%2Fproduct_brand&post=8715"},{"taxonomy":"product_cat","embeddable":true,"href":"https:\/\/vivasem.ro\/index.php?rest_route=%2Fwp%2Fv2%2Fproduct_cat&post=8715"},{"taxonomy":"product_tag","embeddable":true,"href":"https:\/\/vivasem.ro\/index.php?rest_route=%2Fwp%2Fv2%2Fproduct_tag&post=8715"}],"curies":[{"name":"wp","href":"https:\/\/api.w.org\/{rel}","templated":true}]}}