{"id":8690,"date":"2022-12-29T10:44:35","date_gmt":"2022-12-29T08:44:35","guid":{"rendered":"https:\/\/vivasem.ro\/?post_type=product&#038;p=8690"},"modified":"2024-04-28T09:46:12","modified_gmt":"2024-04-28T07:46:12","slug":"ceapa-de-apa-rossa-lunga-di-firenze-seminte","status":"publish","type":"product","link":"https:\/\/vivasem.ro\/?product=ceapa-de-apa-rossa-lunga-di-firenze-seminte","title":{"rendered":"\u201eCEAP\u0102\u00a0 DE AP\u0102 ROSSA LUNGA DI FIRENZE (SEMINTE) Agrosem"},"content":{"rendered":"<h6><span style=\"color: #ff0000;\"><strong><u>\u201eCEAP\u0102\u00a0 DE AP\u0102 ROSSA LUNGA DI FIRENZE (SEMIN\u021aE)-Agrosem Tg. Mure\u0219,<\/u><\/strong><\/span><\/h6>\n<h6><span style=\"color: #000080;\">Este un soi de ceap\u0103 italian , din zona Floren\u021bei,foarte apreciat \u00een zona mediteraneean\u0103, ce s<strong>e cultiv\u0103 prin sem\u0103nat direct \u00een c\u00e2mp.\u00a0<\/strong><\/span><\/h6>\n<h6><span style=\"color: #000080;\"><strong>In Rom\u00e2nia este cunoscut\u0103 ca ceap\u0103 de ap\u0103 , ce are bulbi mari, lungi, fermi, ce au foile violet-purpurii, cu gust foarte bun, dulceag, pu\u021bin iute, recomandat pentru consum proasp\u0103t.<\/strong><\/span><\/h6>\n<h6><span style=\"color: #ff0000;\">Poten\u021bial ridicat de productie, productivitatea plantei este foarte bun\u0103, mai ales dac\u0103 este irigat\u0103 \u0219i fertilizat\u0103 corespunz\u0103tor, <strong>are cre\u0219tere rapid\u0103 , nu emite timpuriu tije florale.<\/strong><\/span><\/h6>\n<h6>Ceapa\u00a0Rosa Lunga di Firenze\u00a0nu are o p\u0103strabilitate foarte bun\u0103 pe termen lung.<\/h6>\n<h6><strong>Soi mediu timpuriu.<\/strong><\/h6>\n<h6>Sem\u0103nat \u00een aer liber: martie-aprilie.<\/h6>\n<h6>Distan\u021ba \u00eentre plante: 25&#215;5 cm.<\/h6>\n<h6>Recolt\u0103: iunie-septembrie.<\/h6>\n<p>Un gram contine\u00a0 250 -300 semin\u021be.<\/p>\n<h6><\/h6>\n","protected":false},"excerpt":{"rendered":"<h6><span style=\"color: #0000ff;\">2 grame\/<\/span><span style=\"color: #0000ff;\">500-600 SEMIN\u021aE<\/span><\/h6>\n<h6><\/h6>\n","protected":false},"featured_media":10410,"comment_status":"open","ping_status":"closed","template":"","meta":{"site-sidebar-layout":"default","site-content-layout":"default","ast-site-content-layout":"default","site-content-style":"default","site-sidebar-style":"default","ast-global-header-display":"","ast-banner-title-visibility":"","ast-main-header-display":"","ast-hfb-above-header-display":"","ast-hfb-below-header-display":"","ast-hfb-mobile-header-display":"","site-post-title":"","ast-breadcrumbs-content":"","ast-featured-img":"","footer-sml-layout":"","ast-disable-related-posts":"","theme-transparent-header-meta":"default","adv-header-id-meta":"","stick-header-meta":"","header-above-stick-meta":"","header-main-stick-meta":"","header-below-stick-meta":"","astra-migrate-meta-layouts":"set","ast-page-background-enabled":"default","ast-page-background-meta":{"desktop":{"background-color":"var(--ast-global-color-4)","background-image":"","background-repeat":"repeat","background-position":"center center","background-size":"auto","background-attachment":"scroll","background-type":"","background-media":"","overlay-type":"","overlay-color":"","overlay-opacity":"","overlay-gradient":""},"tablet":{"background-color":"","background-image":"","background-repeat":"repeat","background-position":"center center","background-size":"auto","background-attachment":"scroll","background-type":"","background-media":"","overlay-type":"","overlay-color":"","overlay-opacity":"","overlay-gradient":""},"mobile":{"background-color":"","background-image":"","background-repeat":"repeat","background-position":"center center","background-size":"auto","background-attachment":"scroll","background-type":"","background-media":"","overlay-type":"","overlay-color":"","overlay-opacity":"","overlay-gradient":""}},"ast-content-background-meta":{"desktop":{"background-color":"var(--ast-global-color-5)","background-image":"","background-repeat":"repeat","background-position":"center center","background-size":"auto","background-attachment":"scroll","background-type":"","background-media":"","overlay-type":"","overlay-color":"","overlay-opacity":"","overlay-gradient":""},"tablet":{"background-color":"var(--ast-global-color-5)","background-image":"","background-repeat":"repeat","background-position":"center center","background-size":"auto","background-attachment":"scroll","background-type":"","background-media":"","overlay-type":"","overlay-color":"","overlay-opacity":"","overlay-gradient":""},"mobile":{"background-color":"var(--ast-global-color-5)","background-image":"","background-repeat":"repeat","background-position":"center center","background-size":"auto","background-attachment":"scroll","background-type":"","background-media":"","overlay-type":"","overlay-color":"","overlay-opacity":"","overlay-gradient":""}}},"product_brand":[],"product_cat":[91],"product_tag":[],"class_list":{"0":"post-8690","1":"product","2":"type-product","3":"status-publish","4":"has-post-thumbnail","6":"product_cat-alte-legume","7":"desktop-align-left","8":"tablet-align-left","9":"mobile-align-left","11":"first","12":"outofstock","13":"taxable","14":"shipping-taxable","15":"purchasable","16":"product-type-simple"},"_links":{"self":[{"href":"https:\/\/vivasem.ro\/index.php?rest_route=\/wp\/v2\/product\/8690","targetHints":{"allow":["GET"]}}],"collection":[{"href":"https:\/\/vivasem.ro\/index.php?rest_route=\/wp\/v2\/product"}],"about":[{"href":"https:\/\/vivasem.ro\/index.php?rest_route=\/wp\/v2\/types\/product"}],"replies":[{"embeddable":true,"href":"https:\/\/vivasem.ro\/index.php?rest_route=%2Fwp%2Fv2%2Fcomments&post=8690"}],"wp:featuredmedia":[{"embeddable":true,"href":"https:\/\/vivasem.ro\/index.php?rest_route=\/wp\/v2\/media\/10410"}],"wp:attachment":[{"href":"https:\/\/vivasem.ro\/index.php?rest_route=%2Fwp%2Fv2%2Fmedia&parent=8690"}],"wp:term":[{"taxonomy":"product_brand","embeddable":true,"href":"https:\/\/vivasem.ro\/index.php?rest_route=%2Fwp%2Fv2%2Fproduct_brand&post=8690"},{"taxonomy":"product_cat","embeddable":true,"href":"https:\/\/vivasem.ro\/index.php?rest_route=%2Fwp%2Fv2%2Fproduct_cat&post=8690"},{"taxonomy":"product_tag","embeddable":true,"href":"https:\/\/vivasem.ro\/index.php?rest_route=%2Fwp%2Fv2%2Fproduct_tag&post=8690"}],"curies":[{"name":"wp","href":"https:\/\/api.w.org\/{rel}","templated":true}]}}