{"id":869,"date":"2021-11-08T17:13:18","date_gmt":"2021-11-08T15:13:18","guid":{"rendered":"https:\/\/vivasem.ro\/?post_type=product&#038;p=869"},"modified":"2026-01-01T11:49:10","modified_gmt":"2026-01-01T09:49:10","slug":"chinese-giant","status":"publish","type":"product","link":"https:\/\/vivasem.ro\/?product=chinese-giant","title":{"rendered":"CHINESE GIANT (25s)"},"content":{"rendered":"<h6><span style=\"color: #ff0000;\">CHINESE GIANT\/KITAYSKIY VELIKAN,<\/span><\/h6>\n<div class=\"ast-oembed-container \" style=\"height: 100%;\"><iframe loading=\"lazy\" title=\"Tomate mari  si productive Chinese Giant\" width=\"500\" height=\"281\" src=\"https:\/\/www.youtube.com\/embed\/ZF1TiCKA7e8?start=154&#038;feature=oembed\" frameborder=\"0\" allow=\"accelerometer; autoplay; clipboard-write; encrypted-media; gyroscope; picture-in-picture; web-share\" referrerpolicy=\"strict-origin-when-cross-origin\" allowfullscreen><\/iframe><\/div>\n<p>&nbsp;<\/p>\n<h6><strong><span style=\"color: #0000ff;\">SOI EXCEP\u021aIONAL, ACLIMATIZAT \u00ceN UCRAINA , CU FRUCTE FOARTE MARI, \u00ceNTRE 300-500 grame, IAR UNELE DEVIN URIA\u0218E, \u00ceNTRE 700 grame \u0218I PESTE\u00a0 1 kilogram , DE CULOARE ROZ-PURPURIE,<\/span><\/strong><\/h6>\n<h6><strong><span style=\"color: #0000ff;\">TOMATELE SUNT FOARTE GUSTOASE<\/span>, DULCI, U\u0218OR ACIDE, CU AROM\u0102 INTENS\u0102,CLASIC\u0102,DE RO\u0218IE VECHE. PULPA ESTE C\u0102RNOAS\u0102, TIP BEEFSTEAK, CU PULP\u0102 DENS\u0102 \u0218I SEMIN\u021aE PU\u021aINE, FERM\u0102, REZISTENT\u0102 LA TRANSPORT.<\/strong><\/h6>\n<h6><strong>DE CONSUMAT PROASPETE,DE G\u0102TIT DAR \u0218I DE PROCESAT PENTRU CONSERVAT.<\/strong><\/h6>\n<h6><span style=\"color: #0000ff;\">PRODUCTIVITATEA ESTE FOARTE \u00ceNALT\u0102<\/span>, DATORAT\u0102 PLANTELOR \u00ceNALTE, NEDETERMINATE, FOARTE PUTERNICE, ADAPTATE LA VARIA\u021aII TERMICE \u0218I TEMPERATURI SC\u0102ZUTE,CARE FORMEAZ\u0102 CIORCHINI CU 3-6 ,P\u00c2N\u0102 LA 9 FRUCTE MARI.<\/h6>\n<h6>FRECVENT, AM RECOLTAT 1,5-2 kilograme\/ O PLANT\u0102\/O CULEGERE.<\/h6>\n<h6>SOI MEDIU-TIMPURIU<\/h6>\n<h6><\/h6>\n","protected":false},"excerpt":{"rendered":"<h5><span style=\"color: #0000ff;\">25 SEMIN\u021aE <\/span><\/h5>\n<h5><span style=\"color: #ff0000;\">VEZI VIDEOCLIP<\/span><\/h5>\n<h6><span style=\"color: #ff00ff;\">EXTREM DE PRODUCTIV !<\/span><\/h6>\n<h6><span style=\"color: #ff00ff;\">GUST EXCELENT ! <\/span><span style=\"color: #ff00ff;\">SOI GIGANT FOARTE REZISTENT !<\/span><\/h6>\n<p>&nbsp;<\/p>\n","protected":false},"featured_media":2512,"comment_status":"open","ping_status":"closed","template":"","meta":{"site-sidebar-layout":"default","site-content-layout":"default","ast-site-content-layout":"default","site-content-style":"default","site-sidebar-style":"default","ast-global-header-display":"","ast-banner-title-visibility":"","ast-main-header-display":"","ast-hfb-above-header-display":"","ast-hfb-below-header-display":"","ast-hfb-mobile-header-display":"","site-post-title":"","ast-breadcrumbs-content":"","ast-featured-img":"","footer-sml-layout":"","ast-disable-related-posts":"","theme-transparent-header-meta":"default","adv-header-id-meta":"","stick-header-meta":"","header-above-stick-meta":"","header-main-stick-meta":"","header-below-stick-meta":"","astra-migrate-meta-layouts":"set","ast-page-background-enabled":"default","ast-page-background-meta":{"desktop":{"background-color":"var(--ast-global-color-4)","background-image":"","background-repeat":"repeat","background-position":"center center","background-size":"auto","background-attachment":"scroll","background-type":"","background-media":"","overlay-type":"","overlay-color":"","overlay-opacity":"","overlay-gradient":""},"tablet":{"background-color":"","background-image":"","background-repeat":"repeat","background-position":"center center","background-size":"auto","background-attachment":"scroll","background-type":"","background-media":"","overlay-type":"","overlay-color":"","overlay-opacity":"","overlay-gradient":""},"mobile":{"background-color":"","background-image":"","background-repeat":"repeat","background-position":"center center","background-size":"auto","background-attachment":"scroll","background-type":"","background-media":"","overlay-type":"","overlay-color":"","overlay-opacity":"","overlay-gradient":""}},"ast-content-background-meta":{"desktop":{"background-color":"var(--ast-global-color-5)","background-image":"","background-repeat":"repeat","background-position":"center center","background-size":"auto","background-attachment":"scroll","background-type":"","background-media":"","overlay-type":"","overlay-color":"","overlay-opacity":"","overlay-gradient":""},"tablet":{"background-color":"var(--ast-global-color-5)","background-image":"","background-repeat":"repeat","background-position":"center center","background-size":"auto","background-attachment":"scroll","background-type":"","background-media":"","overlay-type":"","overlay-color":"","overlay-opacity":"","overlay-gradient":""},"mobile":{"background-color":"var(--ast-global-color-5)","background-image":"","background-repeat":"repeat","background-position":"center center","background-size":"auto","background-attachment":"scroll","background-type":"","background-media":"","overlay-type":"","overlay-color":"","overlay-opacity":"","overlay-gradient":""}}},"product_brand":[],"product_cat":[141,142,15],"product_tag":[],"class_list":{"0":"post-869","1":"product","2":"type-product","3":"status-publish","4":"has-post-thumbnail","6":"product_cat-soi-gigant-urias","7":"product_cat-soiuri-rosii-roz","8":"product_cat-tomate-soi","9":"desktop-align-left","10":"tablet-align-left","11":"mobile-align-left","13":"first","14":"instock","15":"taxable","16":"shipping-taxable","17":"purchasable","18":"product-type-simple"},"_links":{"self":[{"href":"https:\/\/vivasem.ro\/index.php?rest_route=\/wp\/v2\/product\/869","targetHints":{"allow":["GET"]}}],"collection":[{"href":"https:\/\/vivasem.ro\/index.php?rest_route=\/wp\/v2\/product"}],"about":[{"href":"https:\/\/vivasem.ro\/index.php?rest_route=\/wp\/v2\/types\/product"}],"replies":[{"embeddable":true,"href":"https:\/\/vivasem.ro\/index.php?rest_route=%2Fwp%2Fv2%2Fcomments&post=869"}],"wp:featuredmedia":[{"embeddable":true,"href":"https:\/\/vivasem.ro\/index.php?rest_route=\/wp\/v2\/media\/2512"}],"wp:attachment":[{"href":"https:\/\/vivasem.ro\/index.php?rest_route=%2Fwp%2Fv2%2Fmedia&parent=869"}],"wp:term":[{"taxonomy":"product_brand","embeddable":true,"href":"https:\/\/vivasem.ro\/index.php?rest_route=%2Fwp%2Fv2%2Fproduct_brand&post=869"},{"taxonomy":"product_cat","embeddable":true,"href":"https:\/\/vivasem.ro\/index.php?rest_route=%2Fwp%2Fv2%2Fproduct_cat&post=869"},{"taxonomy":"product_tag","embeddable":true,"href":"https:\/\/vivasem.ro\/index.php?rest_route=%2Fwp%2Fv2%2Fproduct_tag&post=869"}],"curies":[{"name":"wp","href":"https:\/\/api.w.org\/{rel}","templated":true}]}}