{"id":8687,"date":"2022-12-29T10:28:09","date_gmt":"2022-12-29T08:28:09","guid":{"rendered":"https:\/\/vivasem.ro\/?post_type=product&#038;p=8687"},"modified":"2023-04-15T07:30:58","modified_gmt":"2023-04-15T05:30:58","slug":"fasole-verde-pitica-elba-oferta","status":"publish","type":"product","link":"https:\/\/vivasem.ro\/?product=fasole-verde-pitica-elba-oferta","title":{"rendered":"Fasole verde pitic\u0103 ELBA (OFERT\u0102)"},"content":{"rendered":"<h6><span style=\"color: #ff0000;\"><strong><u>Fasole verde pitic\u0103 ELBA,<\/u><\/strong><\/span><\/h6>\n<h6>&#8211;<span style=\"color: #ff0000;\"><span class=\"post-meta-key\">Produc\u0103tor:BAKKER BROTHERS<\/span> -Olanda<\/span><span style=\"color: #ff0000;\">,<a href=\"https:\/\/vivasem.ro\/wp-content\/uploads\/2022\/12\/BAKKER-BROTHERS.jpg\"><img loading=\"lazy\" decoding=\"async\" class=\"alignnone wp-image-8498\" src=\"https:\/\/vivasem.ro\/wp-content\/uploads\/2022\/12\/BAKKER-BROTHERS-300x106.jpg\" alt=\"\" width=\"156\" height=\"55\" srcset=\"https:\/\/vivasem.ro\/wp-content\/uploads\/2022\/12\/BAKKER-BROTHERS-300x106.jpg 300w, https:\/\/vivasem.ro\/wp-content\/uploads\/2022\/12\/BAKKER-BROTHERS-248x88.jpg 248w, https:\/\/vivasem.ro\/wp-content\/uploads\/2022\/12\/BAKKER-BROTHERS.jpg 412w\" sizes=\"auto, (max-width: 156px) 100vw, 156px\" \/><\/a><\/span><\/h6>\n<h6><span style=\"color: #0000ff;\">Varietate profesional\u0103 de fasole pitic\u0103, fidelu\u021b\u0103, extrafin\u0103, cu p\u0103stai lungi, de 12-14 cm.,sub\u021biri \u0219i de culoare verde \u00eenchis. cu poten\u021bial \u00eenalt de produc\u021bie .<\/span><\/h6>\n<h6><span style=\"color: #ff0000;\">Elba depaseste cu mult alte variet\u0103\u021bi de fidelu\u021b\u0103 verde, \u00eenc\u00e2drandu-se ca variant\u0103 profesional\u0103 si fiind preferat\u0103 de mai toti procesatorii de p\u0103stai din Europa.<\/span><\/h6>\n<h6><span style=\"color: #ff0000;\">Grosimea p\u0103st\u0103ilor este de 6.5 &#8211; 8 mm iar culoarea semintelor este alba.<\/span><\/h6>\n<h6><span style=\"color: #0000ff;\">Fasolea <strong>Elba\u00a0<\/strong>este o varietate timpurie ating\u00e2nd maturitatea in aproximativ 65 de zile \u0219i face parte din gama <strong>Bakker Brothers,\u00a0<\/strong>firm\u0103 recunoscut\u0103 pentru varieta\u021bile sale de fasole.<\/span><\/h6>\n<h6><strong>Elba\u00a0<\/strong>este o varietate preferata si folosita de mai toate fabricile din Europa de conserve pentru calita\u021bile sale de murare si congelare.<\/h6>\n<h6>Prezinta rezisten\u021b\u0103, printre altele, la arsura fasolei si virusul mozaicului fasolei.<\/h6>\n<h6><span style=\"color: #0000ff;\"><strong>Rezistente la boli:\u00a0<\/strong><\/span><\/h6>\n<ul>\n<li>\n<h6><span style=\"color: #0000ff;\">BCMV (Virusul mozaicul comun al fasolei)<\/span><\/h6>\n<\/li>\n<li>\n<h6><span style=\"color: #0000ff;\">PsP (Pseudomonas s.p.)<\/span><\/h6>\n<\/li>\n<li>\n<h6><span style=\"color: #0000ff;\">CI (I) (Antracnoza produsa de Colletotrichum lindemuthianum lambda)<\/span><\/h6>\n<\/li>\n<li>\n<h6><span style=\"color: #0000ff;\">Ua (rugina \/ arsura)<\/span><\/h6>\n<\/li>\n<li>\n<h6><span style=\"color: #0000ff;\">BCTV (virusul incretirii sfeclei)<\/span><\/h6>\n<\/li>\n<\/ul>\n<h6>Se insamanteaza in perioada Aprilie &#8211; Iulie, la o adancimea de 2-3 cm<\/h6>\n<ul>\n<li>\n<h6>Desime:Recomandam 350.000 plante\/ha (5-7 cm x 40-45 cm).<\/h6>\n<\/li>\n<\/ul>\n","protected":false},"excerpt":{"rendered":"<h6><span style=\"color: #0000ff;\">4&#215;120=480 semin\u021be(3+1 GRATIS)<\/span><\/h6>\n<h6><span style=\"color: #ff00ff;\">SOI PROFESIONAL<\/span><\/h6>\n","protected":false},"featured_media":8683,"comment_status":"open","ping_status":"closed","template":"","meta":{"site-sidebar-layout":"default","site-content-layout":"default","ast-site-content-layout":"default","site-content-style":"default","site-sidebar-style":"default","ast-global-header-display":"","ast-banner-title-visibility":"","ast-main-header-display":"","ast-hfb-above-header-display":"","ast-hfb-below-header-display":"","ast-hfb-mobile-header-display":"","site-post-title":"","ast-breadcrumbs-content":"","ast-featured-img":"","footer-sml-layout":"","ast-disable-related-posts":"","theme-transparent-header-meta":"default","adv-header-id-meta":"","stick-header-meta":"","header-above-stick-meta":"","header-main-stick-meta":"","header-below-stick-meta":"","astra-migrate-meta-layouts":"default","ast-page-background-enabled":"default","ast-page-background-meta":{"desktop":{"background-color":"var(--ast-global-color-4)","background-image":"","background-repeat":"repeat","background-position":"center center","background-size":"auto","background-attachment":"scroll","background-type":"","background-media":"","overlay-type":"","overlay-color":"","overlay-opacity":"","overlay-gradient":""},"tablet":{"background-color":"","background-image":"","background-repeat":"repeat","background-position":"center center","background-size":"auto","background-attachment":"scroll","background-type":"","background-media":"","overlay-type":"","overlay-color":"","overlay-opacity":"","overlay-gradient":""},"mobile":{"background-color":"","background-image":"","background-repeat":"repeat","background-position":"center center","background-size":"auto","background-attachment":"scroll","background-type":"","background-media":"","overlay-type":"","overlay-color":"","overlay-opacity":"","overlay-gradient":""}},"ast-content-background-meta":{"desktop":{"background-color":"var(--ast-global-color-5)","background-image":"","background-repeat":"repeat","background-position":"center center","background-size":"auto","background-attachment":"scroll","background-type":"","background-media":"","overlay-type":"","overlay-color":"","overlay-opacity":"","overlay-gradient":""},"tablet":{"background-color":"var(--ast-global-color-5)","background-image":"","background-repeat":"repeat","background-position":"center center","background-size":"auto","background-attachment":"scroll","background-type":"","background-media":"","overlay-type":"","overlay-color":"","overlay-opacity":"","overlay-gradient":""},"mobile":{"background-color":"var(--ast-global-color-5)","background-image":"","background-repeat":"repeat","background-position":"center center","background-size":"auto","background-attachment":"scroll","background-type":"","background-media":"","overlay-type":"","overlay-color":"","overlay-opacity":"","overlay-gradient":""}}},"product_brand":[],"product_cat":[149],"product_tag":[],"class_list":{"0":"post-8687","1":"product","2":"type-product","3":"status-publish","4":"has-post-thumbnail","6":"product_cat-33-produse-epuizate","7":"desktop-align-left","8":"tablet-align-left","9":"mobile-align-left","11":"first","12":"outofstock","13":"taxable","14":"shipping-taxable","15":"purchasable","16":"product-type-simple"},"_links":{"self":[{"href":"https:\/\/vivasem.ro\/index.php?rest_route=\/wp\/v2\/product\/8687","targetHints":{"allow":["GET"]}}],"collection":[{"href":"https:\/\/vivasem.ro\/index.php?rest_route=\/wp\/v2\/product"}],"about":[{"href":"https:\/\/vivasem.ro\/index.php?rest_route=\/wp\/v2\/types\/product"}],"replies":[{"embeddable":true,"href":"https:\/\/vivasem.ro\/index.php?rest_route=%2Fwp%2Fv2%2Fcomments&post=8687"}],"wp:featuredmedia":[{"embeddable":true,"href":"https:\/\/vivasem.ro\/index.php?rest_route=\/wp\/v2\/media\/8683"}],"wp:attachment":[{"href":"https:\/\/vivasem.ro\/index.php?rest_route=%2Fwp%2Fv2%2Fmedia&parent=8687"}],"wp:term":[{"taxonomy":"product_brand","embeddable":true,"href":"https:\/\/vivasem.ro\/index.php?rest_route=%2Fwp%2Fv2%2Fproduct_brand&post=8687"},{"taxonomy":"product_cat","embeddable":true,"href":"https:\/\/vivasem.ro\/index.php?rest_route=%2Fwp%2Fv2%2Fproduct_cat&post=8687"},{"taxonomy":"product_tag","embeddable":true,"href":"https:\/\/vivasem.ro\/index.php?rest_route=%2Fwp%2Fv2%2Fproduct_tag&post=8687"}],"curies":[{"name":"wp","href":"https:\/\/api.w.org\/{rel}","templated":true}]}}