{"id":8672,"date":"2022-12-29T09:09:26","date_gmt":"2022-12-29T07:09:26","guid":{"rendered":"https:\/\/vivasem.ro\/?post_type=product&#038;p=8672"},"modified":"2025-11-29T08:52:32","modified_gmt":"2025-11-29T06:52:32","slug":"liguria-isi-sementi","status":"publish","type":"product","link":"https:\/\/vivasem.ro\/?product=liguria-isi-sementi","title":{"rendered":"_LIGURIA F1 (ISI SEMENTI) 25s"},"content":{"rendered":"<h6 class=\"page-title\"><span style=\"color: #ff0000;\">LIGURIA F1\u00a0 ,\u00a0 \u00a0 \u00a0 \u00a0 \u00a0 \u00a0 \u00a0 \u00a0 \u00a0 \u00a0 \u00a0 \u00a0 \u00a0 \u00a0 \u00a0 \u00a0 \u00a0\u00a0<\/span><\/h6>\n<h6 class=\"page-title\"><span style=\"color: #ff0000;\">Produc\u0103tor : ISI SEMENTI-Italia, \u00a0\u00a0 \u00a0\u00a0 \u00a0\u00a0 \u00a0\u00a0 \u00a0\u00a0 \u00a0\u00a0 \u00a0\u00a0 \u00a0<a href=\"https:\/\/vivasem.ro\/wp-content\/uploads\/2022\/12\/ISI.jpg\"><img loading=\"lazy\" decoding=\"async\" class=\"alignnone wp-image-8673\" src=\"https:\/\/vivasem.ro\/wp-content\/uploads\/2022\/12\/ISI-300x99.jpg\" alt=\"\" width=\"197\" height=\"65\" srcset=\"https:\/\/vivasem.ro\/wp-content\/uploads\/2022\/12\/ISI-300x99.jpg 300w, https:\/\/vivasem.ro\/wp-content\/uploads\/2022\/12\/ISI-248x82.jpg 248w, https:\/\/vivasem.ro\/wp-content\/uploads\/2022\/12\/ISI-590x195.jpg 590w, https:\/\/vivasem.ro\/wp-content\/uploads\/2022\/12\/ISI.jpg 595w\" sizes=\"auto, (max-width: 197px) 100vw, 197px\" \/><\/a><\/span><\/h6>\n<h6><strong><span style=\"color: #0000ff;\">HIBRID CE ARE LA ORIGINE CELEBRUL SOI, CE POART\u0102 DENUMIREA REGIUNII ITALIENE CARE A CONSACRAT CATEGORIA <\/span><\/strong><strong><span style=\"color: #0000ff;\">TIP DE INIM\u0102 DE BOU ITALIAN\u0102<\/span><\/strong><\/h6>\n<h6><strong><span style=\"color: #0000ff;\"> \u00ceN FORM\u0102 DE PAR\u0102 COSTAT\u0102 (CUORE DI BUE -LIGURIA).<\/span><\/strong><\/h6>\n<h6><span style=\"color: #000000;\">FRUCTELE SUNT <strong>C\u0102RNOASE , CU PULPA FERM\u0102, <\/strong>CU SEMIN\u021aE PU\u021aINE .<\/span><\/h6>\n<h6><span style=\"color: #ff0000;\"><strong>SUNT\u00a0 MARI, \u0218I FOARTE MARI, \u00ceN MEDIE DE 200-250 gr.,DAR <\/strong>POT AJUNGE LA 500 grame\u00a0 !<\/span><\/h6>\n<h6><span style=\"color: #000000;\">CULOAREA FOARTE FRUMOAS\u0102,\u00a0 RO\u0218U-APRINS , LA COACERE DEPLIN\u0102.<\/span><\/h6>\n<h6><strong><span style=\"color: #0000ff;\">GUST EXCELENT , FOARTE DULCE , CU AROM\u0102 PUTERNIC\u0102.<\/span><\/strong><\/h6>\n<h6><strong><span style=\"color: #0000ff;\">MULT UTILIZAT\u00a0 \u00ceN BUC\u0102T\u0102RIE, \u00ceN FORM\u0102 PROASP\u0102T\u0102, DATORIT\u0102 CALIT\u0102\u021aILOR ORGANOLEPTICE DEOSEBITE.<\/span><\/strong><\/h6>\n<h6><span style=\"color: #ff0000;\">RODE\u0218TE FOARTE MULT, FIIND CARACTERIZAT CU PRODUC\u021aIE MARE.<\/span><\/h6>\n<h6>POATE FI CULTIVAT \u00ceN GR\u0102DIN\u0102 \u0218I \u00ceN SOLARII SAU SERE.<\/h6>\n<h6>NEDETERMINAT,NECESITA SUPORT SOLID .<span class=\"Y2IQFc\" lang=\"ro\">\u00a0<\/span><\/h6>\n","protected":false},"excerpt":{"rendered":"<h6><span style=\"color: #0000ff;\">25 SEMIN\u021aE<\/span><\/h6>\n<h6><span style=\"color: #ff00ff;\">SOI CELEBRU, FOARTE PRODUCTIV !<\/span><\/h6>\n","protected":false},"featured_media":8677,"comment_status":"open","ping_status":"closed","template":"","meta":{"site-sidebar-layout":"default","site-content-layout":"default","ast-site-content-layout":"default","site-content-style":"default","site-sidebar-style":"default","ast-global-header-display":"","ast-banner-title-visibility":"","ast-main-header-display":"","ast-hfb-above-header-display":"","ast-hfb-below-header-display":"","ast-hfb-mobile-header-display":"","site-post-title":"","ast-breadcrumbs-content":"","ast-featured-img":"","footer-sml-layout":"","ast-disable-related-posts":"","theme-transparent-header-meta":"default","adv-header-id-meta":"","stick-header-meta":"","header-above-stick-meta":"","header-main-stick-meta":"","header-below-stick-meta":"","astra-migrate-meta-layouts":"set","ast-page-background-enabled":"default","ast-page-background-meta":{"desktop":{"background-color":"var(--ast-global-color-4)","background-image":"","background-repeat":"repeat","background-position":"center center","background-size":"auto","background-attachment":"scroll","background-type":"","background-media":"","overlay-type":"","overlay-color":"","overlay-opacity":"","overlay-gradient":""},"tablet":{"background-color":"","background-image":"","background-repeat":"repeat","background-position":"center center","background-size":"auto","background-attachment":"scroll","background-type":"","background-media":"","overlay-type":"","overlay-color":"","overlay-opacity":"","overlay-gradient":""},"mobile":{"background-color":"","background-image":"","background-repeat":"repeat","background-position":"center center","background-size":"auto","background-attachment":"scroll","background-type":"","background-media":"","overlay-type":"","overlay-color":"","overlay-opacity":"","overlay-gradient":""}},"ast-content-background-meta":{"desktop":{"background-color":"var(--ast-global-color-5)","background-image":"","background-repeat":"repeat","background-position":"center center","background-size":"auto","background-attachment":"scroll","background-type":"","background-media":"","overlay-type":"","overlay-color":"","overlay-opacity":"","overlay-gradient":""},"tablet":{"background-color":"var(--ast-global-color-5)","background-image":"","background-repeat":"repeat","background-position":"center center","background-size":"auto","background-attachment":"scroll","background-type":"","background-media":"","overlay-type":"","overlay-color":"","overlay-opacity":"","overlay-gradient":""},"mobile":{"background-color":"var(--ast-global-color-5)","background-image":"","background-repeat":"repeat","background-position":"center center","background-size":"auto","background-attachment":"scroll","background-type":"","background-media":"","overlay-type":"","overlay-color":"","overlay-opacity":"","overlay-gradient":""}}},"product_brand":[],"product_cat":[110],"product_tag":[],"class_list":{"0":"post-8672","1":"product","2":"type-product","3":"status-publish","4":"has-post-thumbnail","6":"product_cat-tomate-hibrid","7":"desktop-align-left","8":"tablet-align-left","9":"mobile-align-left","11":"first","12":"instock","13":"taxable","14":"shipping-taxable","15":"purchasable","16":"product-type-simple"},"_links":{"self":[{"href":"https:\/\/vivasem.ro\/index.php?rest_route=\/wp\/v2\/product\/8672","targetHints":{"allow":["GET"]}}],"collection":[{"href":"https:\/\/vivasem.ro\/index.php?rest_route=\/wp\/v2\/product"}],"about":[{"href":"https:\/\/vivasem.ro\/index.php?rest_route=\/wp\/v2\/types\/product"}],"replies":[{"embeddable":true,"href":"https:\/\/vivasem.ro\/index.php?rest_route=%2Fwp%2Fv2%2Fcomments&post=8672"}],"wp:featuredmedia":[{"embeddable":true,"href":"https:\/\/vivasem.ro\/index.php?rest_route=\/wp\/v2\/media\/8677"}],"wp:attachment":[{"href":"https:\/\/vivasem.ro\/index.php?rest_route=%2Fwp%2Fv2%2Fmedia&parent=8672"}],"wp:term":[{"taxonomy":"product_brand","embeddable":true,"href":"https:\/\/vivasem.ro\/index.php?rest_route=%2Fwp%2Fv2%2Fproduct_brand&post=8672"},{"taxonomy":"product_cat","embeddable":true,"href":"https:\/\/vivasem.ro\/index.php?rest_route=%2Fwp%2Fv2%2Fproduct_cat&post=8672"},{"taxonomy":"product_tag","embeddable":true,"href":"https:\/\/vivasem.ro\/index.php?rest_route=%2Fwp%2Fv2%2Fproduct_tag&post=8672"}],"curies":[{"name":"wp","href":"https:\/\/api.w.org\/{rel}","templated":true}]}}