{"id":8667,"date":"2022-12-29T08:17:20","date_gmt":"2022-12-29T06:17:20","guid":{"rendered":"https:\/\/vivasem.ro\/?post_type=product&#038;p=8667"},"modified":"2024-02-01T00:49:08","modified_gmt":"2024-01-31T22:49:08","slug":"siyana-f1-florian-bulgaria-100s","status":"publish","type":"product","link":"https:\/\/vivasem.ro\/?product=siyana-f1-florian-bulgaria-100s","title":{"rendered":"\u201eSIYANA F1  (Florian-Bulgaria) 100s"},"content":{"rendered":"<h6><span style=\"color: #ff0000;\"><strong><u> SIYANA F1 &#8211; F1<\/u><\/strong><\/span><\/h6>\n<h6><span style=\"color: #ff0000;\"><span class=\"post-meta-key\">Produc\u0103tor:FLORIAN -Bulgaria<\/span>,<\/span><\/h6>\n<h6><span style=\"color: #0000ff;\"><em><strong>Super timpuriu \u2013 Super gustos \u2013 Cu mo\u021b ! -Aceasta este caracterizatea pe scurt a acestui hibrid .<\/strong><\/em><\/span><\/h6>\n<h6><span style=\"color: #ff0000;\">Syiana F1 ,este un nou hibrid bulgaresc, nedeterminat \u0219i timpuriu, cu productivitate ridicat\u0103, fructe mari \u0219i calit\u0103\u021bi gustative excelente. Plantele au vigoare medie, cu internodii mediu-lungi. <\/span><\/h6>\n<h6>Fructele sunt rotunde, uneori plat-rotunde cu mo\u021b , care apare natural, nu \u00een urma aplic\u0103rii de biostimulatori, fara inel verde in jurul tulpinii, mari spre foarte mari cu greutatea medie de 250-350 grame chiar si mai mult , de culoare ro\u0219u-uniform \u0219i intens, netede, pana la u\u0219or costate in jurul codi\u021bei.<\/h6>\n<h6><span style=\"color: #ff0000;\">Fructele sunt c\u0103rnoase,cu o fermitate medie, dense,supergustoase \u0219i dulci.<\/span><\/h6>\n<h6><span style=\"color: #0000ff;\">Se recomand\u0103 pentru produc\u021bia extratimpurie -semitimpurie , in c\u00e2mp \u0219i spa\u021bii protejate (sere si solarii).<\/span><\/h6>\n<h6><span style=\"color: #ff0000;\">Destinat \u0219i pentru comercializare, \u00een special consumului in stare proaspat\u0103,dar \u0219i pentru conservat.<\/span><\/h6>\n<h6>Cultivare pe o singur\u0103 tulpin\u0103, pe un rand, cu o tulpina sus\u021binut\u0103, pe arac sau palisat,cu schema 80 cm \u00eentre r\u00e2nduri\/40 cm \u00eentre plante sau pe dou\u0103 r\u00e2nduri:80x55x40 cm<\/h6>\n<ul>\n<li>\n<h6>Perioada de semanare &#8211; pentru sere: ianuarie-februarie,in aer liber &#8211; februarie-martie.<\/h6>\n<\/li>\n<li>\n<h6>Perioada de plantare &#8211; pentru sere:martie-aprilie,in aer liber -15 aprilie-15 mai.<\/h6>\n<\/li>\n<\/ul>\n<h6><\/h6>\n<h6><\/h6>\n<h6><\/h6>\n","protected":false},"excerpt":{"rendered":"<h6><span style=\"color: #0000ff;\">100 SEMIN\u021aE<img loading=\"lazy\" decoding=\"async\" class=\"alignnone wp-image-5567\" src=\"https:\/\/vivasem.ro\/wp-content\/uploads\/2021\/11\/NOU3.jpg\" alt=\"\" width=\"61\" height=\"59\" srcset=\"https:\/\/vivasem.ro\/wp-content\/uploads\/2021\/11\/NOU3.jpg 270w, https:\/\/vivasem.ro\/wp-content\/uploads\/2021\/11\/NOU3-248x241.jpg 248w\" sizes=\"auto, (max-width: 61px) 100vw, 61px\" \/><\/span><\/h6>\n<h6><span style=\"color: #ff00ff;\">\u00a0GUSTOS \u0218I PRODUCTIV<\/span><\/h6>\n","protected":false},"featured_media":8664,"comment_status":"open","ping_status":"closed","template":"","meta":{"site-sidebar-layout":"default","site-content-layout":"default","ast-site-content-layout":"default","site-content-style":"default","site-sidebar-style":"default","ast-global-header-display":"","ast-banner-title-visibility":"","ast-main-header-display":"","ast-hfb-above-header-display":"","ast-hfb-below-header-display":"","ast-hfb-mobile-header-display":"","site-post-title":"","ast-breadcrumbs-content":"","ast-featured-img":"","footer-sml-layout":"","ast-disable-related-posts":"","theme-transparent-header-meta":"default","adv-header-id-meta":"","stick-header-meta":"","header-above-stick-meta":"","header-main-stick-meta":"","header-below-stick-meta":"","astra-migrate-meta-layouts":"set","ast-page-background-enabled":"default","ast-page-background-meta":{"desktop":{"background-color":"var(--ast-global-color-4)","background-image":"","background-repeat":"repeat","background-position":"center center","background-size":"auto","background-attachment":"scroll","background-type":"","background-media":"","overlay-type":"","overlay-color":"","overlay-opacity":"","overlay-gradient":""},"tablet":{"background-color":"","background-image":"","background-repeat":"repeat","background-position":"center center","background-size":"auto","background-attachment":"scroll","background-type":"","background-media":"","overlay-type":"","overlay-color":"","overlay-opacity":"","overlay-gradient":""},"mobile":{"background-color":"","background-image":"","background-repeat":"repeat","background-position":"center center","background-size":"auto","background-attachment":"scroll","background-type":"","background-media":"","overlay-type":"","overlay-color":"","overlay-opacity":"","overlay-gradient":""}},"ast-content-background-meta":{"desktop":{"background-color":"var(--ast-global-color-5)","background-image":"","background-repeat":"repeat","background-position":"center center","background-size":"auto","background-attachment":"scroll","background-type":"","background-media":"","overlay-type":"","overlay-color":"","overlay-opacity":"","overlay-gradient":""},"tablet":{"background-color":"var(--ast-global-color-5)","background-image":"","background-repeat":"repeat","background-position":"center center","background-size":"auto","background-attachment":"scroll","background-type":"","background-media":"","overlay-type":"","overlay-color":"","overlay-opacity":"","overlay-gradient":""},"mobile":{"background-color":"var(--ast-global-color-5)","background-image":"","background-repeat":"repeat","background-position":"center center","background-size":"auto","background-attachment":"scroll","background-type":"","background-media":"","overlay-type":"","overlay-color":"","overlay-opacity":"","overlay-gradient":""}}},"product_brand":[],"product_cat":[110,150],"product_tag":[],"class_list":{"0":"post-8667","1":"product","2":"type-product","3":"status-publish","4":"has-post-thumbnail","6":"product_cat-tomate-hibrid","7":"product_cat-hibrizi-bulgaresti","8":"desktop-align-left","9":"tablet-align-left","10":"mobile-align-left","12":"first","13":"outofstock","14":"taxable","15":"shipping-taxable","16":"purchasable","17":"product-type-simple"},"_links":{"self":[{"href":"https:\/\/vivasem.ro\/index.php?rest_route=\/wp\/v2\/product\/8667","targetHints":{"allow":["GET"]}}],"collection":[{"href":"https:\/\/vivasem.ro\/index.php?rest_route=\/wp\/v2\/product"}],"about":[{"href":"https:\/\/vivasem.ro\/index.php?rest_route=\/wp\/v2\/types\/product"}],"replies":[{"embeddable":true,"href":"https:\/\/vivasem.ro\/index.php?rest_route=%2Fwp%2Fv2%2Fcomments&post=8667"}],"wp:featuredmedia":[{"embeddable":true,"href":"https:\/\/vivasem.ro\/index.php?rest_route=\/wp\/v2\/media\/8664"}],"wp:attachment":[{"href":"https:\/\/vivasem.ro\/index.php?rest_route=%2Fwp%2Fv2%2Fmedia&parent=8667"}],"wp:term":[{"taxonomy":"product_brand","embeddable":true,"href":"https:\/\/vivasem.ro\/index.php?rest_route=%2Fwp%2Fv2%2Fproduct_brand&post=8667"},{"taxonomy":"product_cat","embeddable":true,"href":"https:\/\/vivasem.ro\/index.php?rest_route=%2Fwp%2Fv2%2Fproduct_cat&post=8667"},{"taxonomy":"product_tag","embeddable":true,"href":"https:\/\/vivasem.ro\/index.php?rest_route=%2Fwp%2Fv2%2Fproduct_tag&post=8667"}],"curies":[{"name":"wp","href":"https:\/\/api.w.org\/{rel}","templated":true}]}}