{"id":865,"date":"2021-11-08T16:13:43","date_gmt":"2021-11-08T14:13:43","guid":{"rendered":"https:\/\/vivasem.ro\/?post_type=product&#038;p=865"},"modified":"2024-03-26T07:10:11","modified_gmt":"2024-03-26T05:10:11","slug":"amana-orange","status":"publish","type":"product","link":"https:\/\/vivasem.ro\/?product=amana-orange","title":{"rendered":"\u201e\u201eAMANA ORANGE (Giant)"},"content":{"rendered":"<h6><span style=\"color: #ff0000;\">AMANA ORANGE (BURPEE-SUA),<\/span><\/h6>\n<h6><span style=\"color: #0000ff;\">SOI EXCEP\u021aIONAL, CELEBRU, PENTRU <strong>CALITATEA\u00a0 FRUCTELOR \u0218I M\u0102RIMEA LOR , FIIND IN FRUNTEA TOPURILOR CELOR MAI BUNE TOMATE !<\/strong><\/span><\/h6>\n<h6><strong>CULTIVAT DE MULT\u0102 VREME, ACEST SOI HEIRLOOM,\u00ce\u0218I TRAGE NUMELE DE LA COMUNITATEA DE COLONI\u0218TI AMANA ,<\/strong>DIN STATUL IOWA-SUA, CARE L-AU ADUS DIN GERMANIA.<\/h6>\n<h6>T<span style=\"color: #0000ff;\">OMATELE SUNT FOARTE MARI, MEDIA FIIND DE 250-500 grame, IAR UNELE AJUNG GIGANT,P\u00c2N\u0102 LA 1 kilogram.<\/span><\/h6>\n<h6><span style=\"color: #0000ff;\">GUSTUL ESTE DE EXCEP\u021aIE,<\/span> FOARTE DUCE, NEACID, CU O AROM\u0102 FIN\u0102, DE FRUCTE TROPICALE.<\/h6>\n<h6>PULPA ESTE TIP BEEFSTEAK, FERM\u0102, FOARTE DENS\u0102 DAR SUCULENT\u0102,CE SE POATE FELIA PERFECT.<\/h6>\n<h6>PRODUCTIVITATE \u00ceNALT\u0102, AM OB\u021aINUT \u0218I PESTE 1,2 kilograme \/ O PLANT\u0102\/LA O RECOLTARE.<\/h6>\n<h6>PLANTELE SUNT NEDETERMINATE, MEDIU-TIMPURII.<\/h6>\n","protected":false},"excerpt":{"rendered":"<h6><span style=\"color: #0000ff;\">25 SEMIN\u021aE<\/span><\/h6>\n<h6>SOI EXCEP\u021aIONAL !<\/h6>\n<h6>GUST EXTRAORDINAR !<\/h6>\n","protected":false},"featured_media":2431,"comment_status":"open","ping_status":"closed","template":"","meta":{"site-sidebar-layout":"default","site-content-layout":"default","ast-site-content-layout":"default","site-content-style":"default","site-sidebar-style":"default","ast-global-header-display":"","ast-banner-title-visibility":"","ast-main-header-display":"","ast-hfb-above-header-display":"","ast-hfb-below-header-display":"","ast-hfb-mobile-header-display":"","site-post-title":"","ast-breadcrumbs-content":"","ast-featured-img":"","footer-sml-layout":"","ast-disable-related-posts":"","theme-transparent-header-meta":"default","adv-header-id-meta":"","stick-header-meta":"","header-above-stick-meta":"","header-main-stick-meta":"","header-below-stick-meta":"","astra-migrate-meta-layouts":"set","ast-page-background-enabled":"default","ast-page-background-meta":{"desktop":{"background-color":"var(--ast-global-color-4)","background-image":"","background-repeat":"repeat","background-position":"center center","background-size":"auto","background-attachment":"scroll","background-type":"","background-media":"","overlay-type":"","overlay-color":"","overlay-opacity":"","overlay-gradient":""},"tablet":{"background-color":"","background-image":"","background-repeat":"repeat","background-position":"center center","background-size":"auto","background-attachment":"scroll","background-type":"","background-media":"","overlay-type":"","overlay-color":"","overlay-opacity":"","overlay-gradient":""},"mobile":{"background-color":"","background-image":"","background-repeat":"repeat","background-position":"center center","background-size":"auto","background-attachment":"scroll","background-type":"","background-media":"","overlay-type":"","overlay-color":"","overlay-opacity":"","overlay-gradient":""}},"ast-content-background-meta":{"desktop":{"background-color":"var(--ast-global-color-5)","background-image":"","background-repeat":"repeat","background-position":"center center","background-size":"auto","background-attachment":"scroll","background-type":"","background-media":"","overlay-type":"","overlay-color":"","overlay-opacity":"","overlay-gradient":""},"tablet":{"background-color":"var(--ast-global-color-5)","background-image":"","background-repeat":"repeat","background-position":"center center","background-size":"auto","background-attachment":"scroll","background-type":"","background-media":"","overlay-type":"","overlay-color":"","overlay-opacity":"","overlay-gradient":""},"mobile":{"background-color":"var(--ast-global-color-5)","background-image":"","background-repeat":"repeat","background-position":"center center","background-size":"auto","background-attachment":"scroll","background-type":"","background-media":"","overlay-type":"","overlay-color":"","overlay-opacity":"","overlay-gradient":""}}},"product_brand":[],"product_cat":[139,141,15],"product_tag":[],"class_list":{"0":"post-865","1":"product","2":"type-product","3":"status-publish","4":"has-post-thumbnail","6":"product_cat-tomate-galbene-orange-bicolore-verzi","7":"product_cat-soi-gigant-urias","8":"product_cat-tomate-soi","9":"desktop-align-left","10":"tablet-align-left","11":"mobile-align-left","13":"first","14":"outofstock","15":"taxable","16":"shipping-taxable","17":"purchasable","18":"product-type-simple"},"_links":{"self":[{"href":"https:\/\/vivasem.ro\/index.php?rest_route=\/wp\/v2\/product\/865","targetHints":{"allow":["GET"]}}],"collection":[{"href":"https:\/\/vivasem.ro\/index.php?rest_route=\/wp\/v2\/product"}],"about":[{"href":"https:\/\/vivasem.ro\/index.php?rest_route=\/wp\/v2\/types\/product"}],"replies":[{"embeddable":true,"href":"https:\/\/vivasem.ro\/index.php?rest_route=%2Fwp%2Fv2%2Fcomments&post=865"}],"wp:featuredmedia":[{"embeddable":true,"href":"https:\/\/vivasem.ro\/index.php?rest_route=\/wp\/v2\/media\/2431"}],"wp:attachment":[{"href":"https:\/\/vivasem.ro\/index.php?rest_route=%2Fwp%2Fv2%2Fmedia&parent=865"}],"wp:term":[{"taxonomy":"product_brand","embeddable":true,"href":"https:\/\/vivasem.ro\/index.php?rest_route=%2Fwp%2Fv2%2Fproduct_brand&post=865"},{"taxonomy":"product_cat","embeddable":true,"href":"https:\/\/vivasem.ro\/index.php?rest_route=%2Fwp%2Fv2%2Fproduct_cat&post=865"},{"taxonomy":"product_tag","embeddable":true,"href":"https:\/\/vivasem.ro\/index.php?rest_route=%2Fwp%2Fv2%2Fproduct_tag&post=865"}],"curies":[{"name":"wp","href":"https:\/\/api.w.org\/{rel}","templated":true}]}}