{"id":8644,"date":"2022-12-29T06:21:32","date_gmt":"2022-12-29T04:21:32","guid":{"rendered":"https:\/\/vivasem.ro\/?post_type=product&#038;p=8644"},"modified":"2023-08-18T07:55:09","modified_gmt":"2023-08-18T05:55:09","slug":"stara-mechta-f1-dorinta-veche-florian-bulgaria-50s","status":"publish","type":"product","link":"https:\/\/vivasem.ro\/?product=stara-mechta-f1-dorinta-veche-florian-bulgaria-50s","title":{"rendered":"\u201eSTARA MECHTA F1\/DORINT\u0102 VECHE (Florian-Bulgaria) 25s"},"content":{"rendered":"<h6><span style=\"color: #ff0000;\"><strong><u> STARA MECHTA F1 -(DORINT\u0102 VECHE) F1<\/u><\/strong><\/span><\/h6>\n<h6><span style=\"color: #ff0000;\"><span class=\"post-meta-key\">Produc\u0103tor:FLORIAN -Bulgaria<\/span>,<\/span><\/h6>\n<h6><span style=\"color: #0000ff;\"><strong>H<\/strong><\/span><span style=\"color: #0000ff;\">ibrid\u00a0 nou bulgaresc, la care fructele sunt mari \u0219i foarte mari, cu greutatea de 250-300 grame, rotunde, netede sau cu mici onduleuri in jurul cozii, cu fermitate medie \u0219i <span style=\"color: #ff0000;\">un gust excelent, aromat, care aminte\u0219te de soiurile vechi de tomate, de unde \u0219i numele soiului.<\/span><\/span><\/h6>\n<h6><span style=\"color: #0000ff;\">Fructele nu crap\u0103, au culoare ro\u0219u-intens,uniform, sunt c\u0103rnoase .<\/span><\/h6>\n<h6>\u00a0Plantele sunt nedeterminate, cu un sistem de r\u0103dacini foarte bine dezvoltat \u0219i o tulpin\u0103 puternic\u0103, groas\u0103 \u0219i cu multe frunze, care sunt medii ca lungime sau lungi,\u00a0 ceea ce m\u0103re\u0219te rezisten\u021ba soiului la temperaturi ridicate si sc\u0103zute.<\/h6>\n<h6><span style=\"color: #0000ff;\">Se recomand\u0103 pentru produc\u021bia semitimpurie , in c\u00e2mp \u0219i spa\u021bii protejate (sere si solarii).<\/span><\/h6>\n<h6>Reducerea numarului de flori pana la 4-5 in faza de inceput a imbobocirii ajuta la egalizarea fructelor in cadrul infloririlor, cu pastrarea dimensiunii acestora pentru infloriri superioare, iar greutatea acestora ajunge la 350 grame si chiar peste.<\/h6>\n<h6>Caracteristicile plantelor si fructelor fac hibridul ca fiind potrivit pentru fermierii mici si gradinari amatori.<\/h6>\n<ul>\n<li>\n<h6>Cultivare &#8211; pe un rand, cu o tulpina sus\u021binut\u0103, pe arac sau palisat,pe schema 80cm \u00eentre r\u00e2nduri\/40 cm \u00eentre plante.<\/h6>\n<\/li>\n<li>\n<h6><span style=\"color: #ff0000;\">Recolta este de 12-14 tone\/1000 mp.<\/span><\/h6>\n<\/li>\n<li>\n<h6>Soiul este rezistent la mozaicul tutunului, ofilirea verticiliana si fuzarioz\u0103.<\/h6>\n<\/li>\n<li>\n<h6>Perioada de semanare &#8211; pentru sere: ianuarie-februarie,in aer liber &#8211; februarie-martie.<\/h6>\n<\/li>\n<li>\n<h6>Perioada de plantare &#8211; pentru sere:martie-aprilie,in aer liber -15 aprilie-15 mai.<\/h6>\n<\/li>\n<\/ul>\n<h6><span style=\"color: #ff0000;\">Destinat \u0219i pentru comercializare, \u00een special consumului in stare proaspat\u0103,dar \u0219i pentru conservat.<\/span><\/h6>\n<h6><\/h6>\n<h6><\/h6>\n","protected":false},"excerpt":{"rendered":"<h6><span style=\"color: #0000ff;\">25 SEMIN\u021aE<img loading=\"lazy\" decoding=\"async\" class=\"alignnone wp-image-5567\" src=\"https:\/\/vivasem.ro\/wp-content\/uploads\/2021\/11\/NOU3.jpg\" alt=\"\" width=\"61\" height=\"59\" srcset=\"https:\/\/vivasem.ro\/wp-content\/uploads\/2021\/11\/NOU3.jpg 270w, https:\/\/vivasem.ro\/wp-content\/uploads\/2021\/11\/NOU3-248x241.jpg 248w\" sizes=\"auto, (max-width: 61px) 100vw, 61px\" \/><\/span><\/h6>\n<h6><span style=\"color: #ff00ff;\">REZISTENT \u0218I GUSTOS<\/span><\/h6>\n","protected":false},"featured_media":8653,"comment_status":"open","ping_status":"closed","template":"","meta":{"site-sidebar-layout":"default","site-content-layout":"default","ast-site-content-layout":"default","site-content-style":"default","site-sidebar-style":"default","ast-global-header-display":"","ast-banner-title-visibility":"","ast-main-header-display":"","ast-hfb-above-header-display":"","ast-hfb-below-header-display":"","ast-hfb-mobile-header-display":"","site-post-title":"","ast-breadcrumbs-content":"","ast-featured-img":"","footer-sml-layout":"","ast-disable-related-posts":"","theme-transparent-header-meta":"default","adv-header-id-meta":"","stick-header-meta":"","header-above-stick-meta":"","header-main-stick-meta":"","header-below-stick-meta":"","astra-migrate-meta-layouts":"default","ast-page-background-enabled":"default","ast-page-background-meta":{"desktop":{"background-color":"var(--ast-global-color-4)","background-image":"","background-repeat":"repeat","background-position":"center center","background-size":"auto","background-attachment":"scroll","background-type":"","background-media":"","overlay-type":"","overlay-color":"","overlay-opacity":"","overlay-gradient":""},"tablet":{"background-color":"","background-image":"","background-repeat":"repeat","background-position":"center center","background-size":"auto","background-attachment":"scroll","background-type":"","background-media":"","overlay-type":"","overlay-color":"","overlay-opacity":"","overlay-gradient":""},"mobile":{"background-color":"","background-image":"","background-repeat":"repeat","background-position":"center center","background-size":"auto","background-attachment":"scroll","background-type":"","background-media":"","overlay-type":"","overlay-color":"","overlay-opacity":"","overlay-gradient":""}},"ast-content-background-meta":{"desktop":{"background-color":"var(--ast-global-color-5)","background-image":"","background-repeat":"repeat","background-position":"center center","background-size":"auto","background-attachment":"scroll","background-type":"","background-media":"","overlay-type":"","overlay-color":"","overlay-opacity":"","overlay-gradient":""},"tablet":{"background-color":"var(--ast-global-color-5)","background-image":"","background-repeat":"repeat","background-position":"center center","background-size":"auto","background-attachment":"scroll","background-type":"","background-media":"","overlay-type":"","overlay-color":"","overlay-opacity":"","overlay-gradient":""},"mobile":{"background-color":"var(--ast-global-color-5)","background-image":"","background-repeat":"repeat","background-position":"center center","background-size":"auto","background-attachment":"scroll","background-type":"","background-media":"","overlay-type":"","overlay-color":"","overlay-opacity":"","overlay-gradient":""}}},"product_brand":[],"product_cat":[110,150],"product_tag":[],"class_list":{"0":"post-8644","1":"product","2":"type-product","3":"status-publish","4":"has-post-thumbnail","6":"product_cat-tomate-hibrid","7":"product_cat-hibrizi-bulgaresti","8":"desktop-align-left","9":"tablet-align-left","10":"mobile-align-left","12":"first","13":"outofstock","14":"taxable","15":"shipping-taxable","16":"purchasable","17":"product-type-simple"},"_links":{"self":[{"href":"https:\/\/vivasem.ro\/index.php?rest_route=\/wp\/v2\/product\/8644","targetHints":{"allow":["GET"]}}],"collection":[{"href":"https:\/\/vivasem.ro\/index.php?rest_route=\/wp\/v2\/product"}],"about":[{"href":"https:\/\/vivasem.ro\/index.php?rest_route=\/wp\/v2\/types\/product"}],"replies":[{"embeddable":true,"href":"https:\/\/vivasem.ro\/index.php?rest_route=%2Fwp%2Fv2%2Fcomments&post=8644"}],"wp:featuredmedia":[{"embeddable":true,"href":"https:\/\/vivasem.ro\/index.php?rest_route=\/wp\/v2\/media\/8653"}],"wp:attachment":[{"href":"https:\/\/vivasem.ro\/index.php?rest_route=%2Fwp%2Fv2%2Fmedia&parent=8644"}],"wp:term":[{"taxonomy":"product_brand","embeddable":true,"href":"https:\/\/vivasem.ro\/index.php?rest_route=%2Fwp%2Fv2%2Fproduct_brand&post=8644"},{"taxonomy":"product_cat","embeddable":true,"href":"https:\/\/vivasem.ro\/index.php?rest_route=%2Fwp%2Fv2%2Fproduct_cat&post=8644"},{"taxonomy":"product_tag","embeddable":true,"href":"https:\/\/vivasem.ro\/index.php?rest_route=%2Fwp%2Fv2%2Fproduct_tag&post=8644"}],"curies":[{"name":"wp","href":"https:\/\/api.w.org\/{rel}","templated":true}]}}