{"id":8629,"date":"2022-12-28T09:49:46","date_gmt":"2022-12-28T07:49:46","guid":{"rendered":"https:\/\/vivasem.ro\/?post_type=product&#038;p=8629"},"modified":"2023-11-20T12:35:25","modified_gmt":"2023-11-20T10:35:25","slug":"conopida-bianca-f1-100s-2","status":"publish","type":"product","link":"https:\/\/vivasem.ro\/?product=conopida-bianca-f1-100s-2","title":{"rendered":"\u201eCONOPID\u0102 BIANCA F1 (100s)"},"content":{"rendered":"<h6><span style=\"color: #ff0000;\"><u>CONOPID\u0102 BIANCA F1 <\/u><\/span><span style=\"color: #ff0000;\"><u>,<\/u><\/span><\/h6>\n<h6 style=\"text-align: left;\">-Produc\u0103tor : NONGWOO BIO -Korea de Sud\u00a0 \u00a0 \u00a0 \u00a0 \u00a0<span style=\"color: #ff0000;\"><u><a href=\"https:\/\/vivasem.ro\/wp-content\/uploads\/2022\/12\/NOONGWOO-BIO.jpg\"><img loading=\"lazy\" decoding=\"async\" class=\"alignnone size-medium wp-image-8500\" src=\"https:\/\/vivasem.ro\/wp-content\/uploads\/2022\/12\/NOONGWOO-BIO-300x56.jpg\" alt=\"\" width=\"300\" height=\"56\" srcset=\"https:\/\/vivasem.ro\/wp-content\/uploads\/2022\/12\/NOONGWOO-BIO-300x56.jpg 300w, https:\/\/vivasem.ro\/wp-content\/uploads\/2022\/12\/NOONGWOO-BIO-248x46.jpg 248w, https:\/\/vivasem.ro\/wp-content\/uploads\/2022\/12\/NOONGWOO-BIO.jpg 545w\" sizes=\"auto, (max-width: 300px) 100vw, 300px\" \/><\/a><\/u><\/span><\/h6>\n<div class=\"ast-oembed-container \" style=\"height: 100%;\"><iframe loading=\"lazy\" title=\"Hibridul de conopida Bianca F1 (NongWoo Bio) - autoinvelire perfecta si inflorescente compacte\" width=\"500\" height=\"281\" src=\"https:\/\/www.youtube.com\/embed\/NGmp2oqDLzQ?feature=oembed\" frameborder=\"0\" allow=\"accelerometer; autoplay; clipboard-write; encrypted-media; gyroscope; picture-in-picture; web-share\" referrerpolicy=\"strict-origin-when-cross-origin\" allowfullscreen><\/iframe><\/div>\n<h6 style=\"text-align: left;\"><span style=\"color: #0000ff;\"><strong>Hibrid profesional,c<\/strong>aracterizat prin productii foarte ridicate si comportament excelent, atat in conditii de temperatur\u0103 sc\u0103zut\u0103, c\u00e2t \u0219i in condi\u021bii de temperatur\u0103 ridicat\u0103.<\/span><\/h6>\n<h6 style=\"text-align: left;\"><span style=\"color: #ff0000;\">Auto-acoperirea inflorescen\u021belor este foarte bun\u0103 \u0219i ofer\u0103 protec\u021bie conopidei Bianca F1 la decolorarea survenit\u0103 de la soare.<\/span><\/h6>\n<h6><span style=\"color: #0000ff;\">Greutatea medie a unei cap\u0103\u021b\u00e2ni, in condi\u021bii normale de fertilizare, este de 2 &#8211; 3 kilograme.\u00a0<\/span><\/h6>\n<h6><strong>Conopida Bianca F1<\/strong> are o maturitate de 85 &#8211; 90 de zile \u0219i produce inflorescen\u021be foarte ferme si compacte, de culoare alb\u0103, imaculat\u0103.<\/h6>\n<h6><span style=\"color: #0000ff;\">\u00cen cazul culturilor de toamn\u0103, p<\/span><span style=\"color: #0000ff;\">erioada determinat\u0103 de vegeta\u021bie, este de 85 &#8211; 90 de zile . <\/span><\/h6>\n<h6><span style=\"color: #0000ff;\">Perioada de vegeta\u021bie scade,\u00a0 \u00een cazul culturilor de var\u0103, la 70 &#8211; 80 de zile,<strong>\u00a0Bianca F1<\/strong> av\u00e2nd o adaptabilitate excelenta la diferitele conditii climatice.\u00a0<\/span><\/h6>\n<h6><span style=\"color: #ff0000;\">C\u0103p\u0103\u021b\u00e2nile au forma de cupol\u0103, cu baza mare, ceea ce face ca hibridul de<strong> conopid\u0103 Bianca F1<\/strong> sa fie unul extrem de productiv.<\/span><\/h6>\n<h6><span style=\"color: #0000ff;\">Rezisten\u021ba mare \u00een c\u00e2mp este un alt atu oferit la folosirea hibridului de conopid\u0103 Bianca F1.\u00a0<\/span><\/h6>\n<p>&nbsp;<\/p>\n<h6><span style=\"color: #000080;\">PENTRU VARIANTELE DE CANTITATE , DE MAI JOS, SPECIFICA\u021aI \u00ceN FORMULARUL DE COMAND\u0102, LA RUBRICA *NOT\u0102 DE COMAND\u0102*, CANTITATEA DORIT\u0102:<\/span><\/h6>\n<h6><span style=\"color: #000080;\">250 SEMIN\u021aE \/33 LEI<\/span><\/h6>\n<h6><span style=\"color: #000080;\">50 SEMIN\u021aE \/9 LEI<\/span><\/h6>\n<p>&nbsp;<\/p>\n","protected":false},"excerpt":{"rendered":"<h6><span style=\"color: #0000ff;\">100 SEMIN\u021aE \/ 15 LEI<\/span><\/h6>\n<h6><span style=\"color: #ff00ff;\">HIBRID <\/span><span style=\"color: #ff00ff;\">FOARTE\u00a0 PRODUCTIV !<\/span><\/h6>\n<h6><span style=\"color: #0000ff;\">250 SEMIN\u021aE \/ 33 LEI<\/span><span style=\"color: #ff0000;\">-OFERT\u0102 !<\/span><\/h6>\n<p>&nbsp;<\/p>\n<p>&nbsp;<\/p>\n","protected":false},"featured_media":8627,"comment_status":"open","ping_status":"closed","template":"","meta":{"site-sidebar-layout":"default","site-content-layout":"default","ast-site-content-layout":"default","site-content-style":"default","site-sidebar-style":"default","ast-global-header-display":"","ast-banner-title-visibility":"","ast-main-header-display":"","ast-hfb-above-header-display":"","ast-hfb-below-header-display":"","ast-hfb-mobile-header-display":"","site-post-title":"","ast-breadcrumbs-content":"","ast-featured-img":"","footer-sml-layout":"","ast-disable-related-posts":"","theme-transparent-header-meta":"default","adv-header-id-meta":"","stick-header-meta":"","header-above-stick-meta":"","header-main-stick-meta":"","header-below-stick-meta":"","astra-migrate-meta-layouts":"set","ast-page-background-enabled":"default","ast-page-background-meta":{"desktop":{"background-color":"var(--ast-global-color-4)","background-image":"","background-repeat":"repeat","background-position":"center center","background-size":"auto","background-attachment":"scroll","background-type":"","background-media":"","overlay-type":"","overlay-color":"","overlay-opacity":"","overlay-gradient":""},"tablet":{"background-color":"","background-image":"","background-repeat":"repeat","background-position":"center center","background-size":"auto","background-attachment":"scroll","background-type":"","background-media":"","overlay-type":"","overlay-color":"","overlay-opacity":"","overlay-gradient":""},"mobile":{"background-color":"","background-image":"","background-repeat":"repeat","background-position":"center center","background-size":"auto","background-attachment":"scroll","background-type":"","background-media":"","overlay-type":"","overlay-color":"","overlay-opacity":"","overlay-gradient":""}},"ast-content-background-meta":{"desktop":{"background-color":"var(--ast-global-color-5)","background-image":"","background-repeat":"repeat","background-position":"center center","background-size":"auto","background-attachment":"scroll","background-type":"","background-media":"","overlay-type":"","overlay-color":"","overlay-opacity":"","overlay-gradient":""},"tablet":{"background-color":"var(--ast-global-color-5)","background-image":"","background-repeat":"repeat","background-position":"center center","background-size":"auto","background-attachment":"scroll","background-type":"","background-media":"","overlay-type":"","overlay-color":"","overlay-opacity":"","overlay-gradient":""},"mobile":{"background-color":"var(--ast-global-color-5)","background-image":"","background-repeat":"repeat","background-position":"center center","background-size":"auto","background-attachment":"scroll","background-type":"","background-media":"","overlay-type":"","overlay-color":"","overlay-opacity":"","overlay-gradient":""}}},"product_brand":[],"product_cat":[148],"product_tag":[],"class_list":{"0":"post-8629","1":"product","2":"type-product","3":"status-publish","4":"has-post-thumbnail","6":"product_cat-10-varza-varza-kale","7":"desktop-align-left","8":"tablet-align-left","9":"mobile-align-left","11":"first","12":"outofstock","13":"taxable","14":"shipping-taxable","15":"purchasable","16":"product-type-simple"},"_links":{"self":[{"href":"https:\/\/vivasem.ro\/index.php?rest_route=\/wp\/v2\/product\/8629","targetHints":{"allow":["GET"]}}],"collection":[{"href":"https:\/\/vivasem.ro\/index.php?rest_route=\/wp\/v2\/product"}],"about":[{"href":"https:\/\/vivasem.ro\/index.php?rest_route=\/wp\/v2\/types\/product"}],"replies":[{"embeddable":true,"href":"https:\/\/vivasem.ro\/index.php?rest_route=%2Fwp%2Fv2%2Fcomments&post=8629"}],"wp:featuredmedia":[{"embeddable":true,"href":"https:\/\/vivasem.ro\/index.php?rest_route=\/wp\/v2\/media\/8627"}],"wp:attachment":[{"href":"https:\/\/vivasem.ro\/index.php?rest_route=%2Fwp%2Fv2%2Fmedia&parent=8629"}],"wp:term":[{"taxonomy":"product_brand","embeddable":true,"href":"https:\/\/vivasem.ro\/index.php?rest_route=%2Fwp%2Fv2%2Fproduct_brand&post=8629"},{"taxonomy":"product_cat","embeddable":true,"href":"https:\/\/vivasem.ro\/index.php?rest_route=%2Fwp%2Fv2%2Fproduct_cat&post=8629"},{"taxonomy":"product_tag","embeddable":true,"href":"https:\/\/vivasem.ro\/index.php?rest_route=%2Fwp%2Fv2%2Fproduct_tag&post=8629"}],"curies":[{"name":"wp","href":"https:\/\/api.w.org\/{rel}","templated":true}]}}