{"id":862,"date":"2021-11-08T15:56:24","date_gmt":"2021-11-08T13:56:24","guid":{"rendered":"https:\/\/vivasem.ro\/?post_type=product&#038;p=862"},"modified":"2025-12-28T19:02:08","modified_gmt":"2025-12-28T17:02:08","slug":"mortgage-lifter","status":"publish","type":"product","link":"https:\/\/vivasem.ro\/?product=mortgage-lifter","title":{"rendered":"MORTGAGE LIFTER 25s"},"content":{"rendered":"<h6><span style=\"color: #ff0000;\">MORTGAGE LIFTER-SUA,<\/span><\/h6>\n<h6><span style=\"color: #0000ff;\">SOI EXCEP\u021aIONAL, \u00ceN TOP 10 MONDIAL AL CELOR MAI GUSTOASE SOIURI CU FRUCTE MARI, DE AST\u0102ZI .<\/span><\/h6>\n<h6>SOI HEIRLOOM CELEBRU AMERICAN,OBTINUT IN 1930 DIN INCRUCI\u0218AREA A 4 SOIURI URIA\u0218E, REZULT\u0102ND\u00a0<span style=\"color: #0000ff;\"> UN SOI CU FRUCTE GIGANTCE CARE POT AJUNGE \u0218I LA 1,8 KG, MEDIA FIIND \u00ceNTRE 300-800 grame.<\/span><\/h6>\n<h6><span style=\"color: #0000ff;\">GUSTUL ESTE DE EXCEP\u021aIE, DELICIOS, FOARTE DULCE, U\u0218OR ACID, PUTERNIC AROMAT.<\/span><\/h6>\n<h6>ACESTE TOMATE AU PULPA DE CULOARE DEOSEBIT\u0102, RO\u0218IE-PURPURIE, UNEORI ROZ \u00ceNCHIS,\u00a0 TIP BEEFSTEAK , FIN\u0102, C\u0102RNOAS\u0102, SUCULENT\u0102, SE FELIAZ\u0102 PERFECT.<\/h6>\n<h6><span style=\"color: #0000ff;\">PLANTELE AU O PRODUCTIVITATE FOARTE MARE, SUNT NEDETERMINATE, MEDIU-TIMPURII.<\/span><\/h6>\n","protected":false},"excerpt":{"rendered":"<h6><span style=\"color: #0000ff;\">25 SEMIN\u021aE<\/span><\/h6>\n<h6><span style=\"color: #ff6600;\">SOI DE EXCEP\u021aIE !<\/span><\/h6>\n<h6><span style=\"color: #000000;\">M\u0102RIME: 200-1800 gr.<\/span><\/h6>\n","protected":false},"featured_media":3583,"comment_status":"open","ping_status":"closed","template":"","meta":{"site-sidebar-layout":"default","site-content-layout":"default","ast-site-content-layout":"default","site-content-style":"default","site-sidebar-style":"default","ast-global-header-display":"","ast-banner-title-visibility":"","ast-main-header-display":"","ast-hfb-above-header-display":"","ast-hfb-below-header-display":"","ast-hfb-mobile-header-display":"","site-post-title":"","ast-breadcrumbs-content":"","ast-featured-img":"","footer-sml-layout":"","ast-disable-related-posts":"","theme-transparent-header-meta":"default","adv-header-id-meta":"","stick-header-meta":"","header-above-stick-meta":"","header-main-stick-meta":"","header-below-stick-meta":"","astra-migrate-meta-layouts":"set","ast-page-background-enabled":"default","ast-page-background-meta":{"desktop":{"background-color":"var(--ast-global-color-4)","background-image":"","background-repeat":"repeat","background-position":"center center","background-size":"auto","background-attachment":"scroll","background-type":"","background-media":"","overlay-type":"","overlay-color":"","overlay-opacity":"","overlay-gradient":""},"tablet":{"background-color":"","background-image":"","background-repeat":"repeat","background-position":"center center","background-size":"auto","background-attachment":"scroll","background-type":"","background-media":"","overlay-type":"","overlay-color":"","overlay-opacity":"","overlay-gradient":""},"mobile":{"background-color":"","background-image":"","background-repeat":"repeat","background-position":"center center","background-size":"auto","background-attachment":"scroll","background-type":"","background-media":"","overlay-type":"","overlay-color":"","overlay-opacity":"","overlay-gradient":""}},"ast-content-background-meta":{"desktop":{"background-color":"var(--ast-global-color-5)","background-image":"","background-repeat":"repeat","background-position":"center center","background-size":"auto","background-attachment":"scroll","background-type":"","background-media":"","overlay-type":"","overlay-color":"","overlay-opacity":"","overlay-gradient":""},"tablet":{"background-color":"var(--ast-global-color-5)","background-image":"","background-repeat":"repeat","background-position":"center center","background-size":"auto","background-attachment":"scroll","background-type":"","background-media":"","overlay-type":"","overlay-color":"","overlay-opacity":"","overlay-gradient":""},"mobile":{"background-color":"var(--ast-global-color-5)","background-image":"","background-repeat":"repeat","background-position":"center center","background-size":"auto","background-attachment":"scroll","background-type":"","background-media":"","overlay-type":"","overlay-color":"","overlay-opacity":"","overlay-gradient":""}}},"product_brand":[],"product_cat":[141,142,15],"product_tag":[],"class_list":{"0":"post-862","1":"product","2":"type-product","3":"status-publish","4":"has-post-thumbnail","6":"product_cat-soi-gigant-urias","7":"product_cat-soiuri-rosii-roz","8":"product_cat-tomate-soi","9":"desktop-align-left","10":"tablet-align-left","11":"mobile-align-left","13":"first","14":"instock","15":"taxable","16":"shipping-taxable","17":"purchasable","18":"product-type-simple"},"_links":{"self":[{"href":"https:\/\/vivasem.ro\/index.php?rest_route=\/wp\/v2\/product\/862","targetHints":{"allow":["GET"]}}],"collection":[{"href":"https:\/\/vivasem.ro\/index.php?rest_route=\/wp\/v2\/product"}],"about":[{"href":"https:\/\/vivasem.ro\/index.php?rest_route=\/wp\/v2\/types\/product"}],"replies":[{"embeddable":true,"href":"https:\/\/vivasem.ro\/index.php?rest_route=%2Fwp%2Fv2%2Fcomments&post=862"}],"wp:featuredmedia":[{"embeddable":true,"href":"https:\/\/vivasem.ro\/index.php?rest_route=\/wp\/v2\/media\/3583"}],"wp:attachment":[{"href":"https:\/\/vivasem.ro\/index.php?rest_route=%2Fwp%2Fv2%2Fmedia&parent=862"}],"wp:term":[{"taxonomy":"product_brand","embeddable":true,"href":"https:\/\/vivasem.ro\/index.php?rest_route=%2Fwp%2Fv2%2Fproduct_brand&post=862"},{"taxonomy":"product_cat","embeddable":true,"href":"https:\/\/vivasem.ro\/index.php?rest_route=%2Fwp%2Fv2%2Fproduct_cat&post=862"},{"taxonomy":"product_tag","embeddable":true,"href":"https:\/\/vivasem.ro\/index.php?rest_route=%2Fwp%2Fv2%2Fproduct_tag&post=862"}],"curies":[{"name":"wp","href":"https:\/\/api.w.org\/{rel}","templated":true}]}}