{"id":861,"date":"2021-11-08T15:44:33","date_gmt":"2021-11-08T13:44:33","guid":{"rendered":"https:\/\/vivasem.ro\/?post_type=product&#038;p=861"},"modified":"2026-01-07T17:19:02","modified_gmt":"2026-01-07T15:19:02","slug":"inima-boului-de-baleni","status":"publish","type":"product","link":"https:\/\/vivasem.ro\/?product=inima-boului-de-baleni","title":{"rendered":"_INIMA BOULUI DE\u00a0 B\u0102LENI"},"content":{"rendered":"<h6><span style=\"color: #ff0000;\">INIMA BOULUI DE\u00a0 B\u0102LENI\/ SERBOSKOE SERD\u021aE,<\/span><\/h6>\n<h6>SOI VECHI , MINUNAT, ADUS\u00a0 \u00ceN ROM\u0102NIA, DE C\u0102TRE\u00a0 GR\u0102DINARII EMIGRAN\u021aI DIN SERBIA \u0218I CARE S-AU STABILIT \u00ceN ZONA BAZINUL LEGUMICOL B\u0102LENI-S\u00c2RBI, DIN D\u00c2MBOVI\u021aA, <span style=\"color: #0000ff;\">CARACTERIZAT PRIN FRUCTE SUNT \u00ceNALTE, FOARTE MARI , \u00ceN MEDIE DE 250-500 grame, IAR UNELE AJUNG CU ADEV\u0102RAT URIA\u0218E, LA 1,5 kilograme.<\/span><\/h6>\n<h6>DIN TOATE ACESTEA, DOAR CATEVA ,CELE MAI MICI, P\u0102STREAZ\u0102 FORMA DE INIM\u0102,\u00a0 DAR TOATE <span style=\"color: #0000ff;\">AU GUST GUST EXCEP\u021aIONAL, DE RO\u0218IE CLASIC\u0102, INTENS AROMATE, DULCI, APROAPE NEACIDE.<\/span><\/h6>\n<h6>FRUCTELE SUNT COMPACTE, NETEDE, C\u0102RNOASE, CU PULP\u0102 TIP BEEFSTEAK ,CU\u00a0 FERMITATE BUN\u0102, CE PERMITE FELIEREA,SUCULENTE,CU PU\u021aINE SEMIN\u021aE.<\/h6>\n<h6>PLANTELE SUNT\u00a0 NEDETERMINATE, SEMITIMPURII, <span style=\"color: #0000ff;\">FOARTE PRODUCTIV.<\/span><\/h6>\n","protected":false},"excerpt":{"rendered":"<h6><span style=\"color: #0000ff;\">25 SEMIN\u021aE<\/span><\/h6>\n<h6>SOI GIGANT ROM\u00c2NESC ! GUST EXCEP\u021aIONAL !<\/h6>\n<p><img loading=\"lazy\" decoding=\"async\" class=\"alignnone size-medium wp-image-17985\" src=\"https:\/\/vivasem.ro\/wp-content\/uploads\/2025\/05\/SOI-ROMANESC-300x106.jpg\" alt=\"\" width=\"300\" height=\"106\" srcset=\"https:\/\/vivasem.ro\/wp-content\/uploads\/2025\/05\/SOI-ROMANESC-300x106.jpg 300w, https:\/\/vivasem.ro\/wp-content\/uploads\/2025\/05\/SOI-ROMANESC-150x53.jpg 150w, https:\/\/vivasem.ro\/wp-content\/uploads\/2025\/05\/SOI-ROMANESC-248x88.jpg 248w, https:\/\/vivasem.ro\/wp-content\/uploads\/2025\/05\/SOI-ROMANESC-590x209.jpg 590w, https:\/\/vivasem.ro\/wp-content\/uploads\/2025\/05\/SOI-ROMANESC.jpg 700w\" sizes=\"auto, (max-width: 300px) 100vw, 300px\" \/><\/p>\n<h6><\/h6>\n","protected":false},"featured_media":16334,"comment_status":"open","ping_status":"closed","template":"","meta":{"site-sidebar-layout":"default","site-content-layout":"default","ast-site-content-layout":"default","site-content-style":"default","site-sidebar-style":"default","ast-global-header-display":"","ast-banner-title-visibility":"","ast-main-header-display":"","ast-hfb-above-header-display":"","ast-hfb-below-header-display":"","ast-hfb-mobile-header-display":"","site-post-title":"","ast-breadcrumbs-content":"","ast-featured-img":"","footer-sml-layout":"","ast-disable-related-posts":"","theme-transparent-header-meta":"default","adv-header-id-meta":"","stick-header-meta":"","header-above-stick-meta":"","header-main-stick-meta":"","header-below-stick-meta":"","astra-migrate-meta-layouts":"set","ast-page-background-enabled":"default","ast-page-background-meta":{"desktop":{"background-color":"var(--ast-global-color-4)","background-image":"","background-repeat":"repeat","background-position":"center center","background-size":"auto","background-attachment":"scroll","background-type":"","background-media":"","overlay-type":"","overlay-color":"","overlay-opacity":"","overlay-gradient":""},"tablet":{"background-color":"","background-image":"","background-repeat":"repeat","background-position":"center center","background-size":"auto","background-attachment":"scroll","background-type":"","background-media":"","overlay-type":"","overlay-color":"","overlay-opacity":"","overlay-gradient":""},"mobile":{"background-color":"","background-image":"","background-repeat":"repeat","background-position":"center center","background-size":"auto","background-attachment":"scroll","background-type":"","background-media":"","overlay-type":"","overlay-color":"","overlay-opacity":"","overlay-gradient":""}},"ast-content-background-meta":{"desktop":{"background-color":"var(--ast-global-color-5)","background-image":"","background-repeat":"repeat","background-position":"center center","background-size":"auto","background-attachment":"scroll","background-type":"","background-media":"","overlay-type":"","overlay-color":"","overlay-opacity":"","overlay-gradient":""},"tablet":{"background-color":"var(--ast-global-color-5)","background-image":"","background-repeat":"repeat","background-position":"center center","background-size":"auto","background-attachment":"scroll","background-type":"","background-media":"","overlay-type":"","overlay-color":"","overlay-opacity":"","overlay-gradient":""},"mobile":{"background-color":"var(--ast-global-color-5)","background-image":"","background-repeat":"repeat","background-position":"center center","background-size":"auto","background-attachment":"scroll","background-type":"","background-media":"","overlay-type":"","overlay-color":"","overlay-opacity":"","overlay-gradient":""}}},"product_brand":[],"product_cat":[141,140,142,15],"product_tag":[],"class_list":{"0":"post-861","1":"product","2":"type-product","3":"status-publish","4":"has-post-thumbnail","6":"product_cat-soi-gigant-urias","7":"product_cat-soiuri-romanesti","8":"product_cat-soiuri-rosii-roz","9":"product_cat-tomate-soi","10":"desktop-align-left","11":"tablet-align-left","12":"mobile-align-left","14":"first","15":"instock","16":"taxable","17":"shipping-taxable","18":"purchasable","19":"product-type-simple"},"_links":{"self":[{"href":"https:\/\/vivasem.ro\/index.php?rest_route=\/wp\/v2\/product\/861","targetHints":{"allow":["GET"]}}],"collection":[{"href":"https:\/\/vivasem.ro\/index.php?rest_route=\/wp\/v2\/product"}],"about":[{"href":"https:\/\/vivasem.ro\/index.php?rest_route=\/wp\/v2\/types\/product"}],"replies":[{"embeddable":true,"href":"https:\/\/vivasem.ro\/index.php?rest_route=%2Fwp%2Fv2%2Fcomments&post=861"}],"wp:featuredmedia":[{"embeddable":true,"href":"https:\/\/vivasem.ro\/index.php?rest_route=\/wp\/v2\/media\/16334"}],"wp:attachment":[{"href":"https:\/\/vivasem.ro\/index.php?rest_route=%2Fwp%2Fv2%2Fmedia&parent=861"}],"wp:term":[{"taxonomy":"product_brand","embeddable":true,"href":"https:\/\/vivasem.ro\/index.php?rest_route=%2Fwp%2Fv2%2Fproduct_brand&post=861"},{"taxonomy":"product_cat","embeddable":true,"href":"https:\/\/vivasem.ro\/index.php?rest_route=%2Fwp%2Fv2%2Fproduct_cat&post=861"},{"taxonomy":"product_tag","embeddable":true,"href":"https:\/\/vivasem.ro\/index.php?rest_route=%2Fwp%2Fv2%2Fproduct_tag&post=861"}],"curies":[{"name":"wp","href":"https:\/\/api.w.org\/{rel}","templated":true}]}}