{"id":8603,"date":"2022-12-27T21:15:42","date_gmt":"2022-12-27T19:15:42","guid":{"rendered":"https:\/\/vivasem.ro\/?post_type=product&#038;p=8603"},"modified":"2025-02-02T17:16:22","modified_gmt":"2025-02-02T15:16:22","slug":"ardei-gras-amanda-superior-seeds-serbia","status":"publish","type":"product","link":"https:\/\/vivasem.ro\/?product=ardei-gras-amanda-superior-seeds-serbia","title":{"rendered":"\u201e\u201eARDEI GRAS AMANDA-Superior Seeds (Serbia) 100s"},"content":{"rendered":"<h6><span style=\"color: #ff0000;\"><strong><u>ARDEI GRAS AMANDA-Superior Seeds Serbia,<\/u><\/strong><\/span><\/h6>\n<h6><span style=\"color: #0000ff;\">Soi s\u00e2rbesc <strong>de ardei gras,<\/strong>dulce, tip potop,cu varful ascutit,ce face parte din gama Superior Seeds-Serbia.<\/span><\/h6>\n<h6><span style=\"color: #ff0000;\"><strong>F<\/strong>ructele sunt dulci, lungi, grele, ce depase\u0219c 160 de grame. Sunt c\u0103rnoase, cu pulpa groas\u0103 \u0219i la inceput au culoare g\u0103lbuie, ajungand ro\u0219ii la maturitate.<\/span><\/h6>\n<h6><span style=\"color: #0000ff;\">Are o productivitate foarte ridicat\u0103, de aproximativ 60 de tone\/ha,\u00a0 \u0219i este apreciat pentru gustul s\u0103u deosebit.<\/span><\/h6>\n<h6>Soiul de <strong>ardei Amanda<\/strong>\u00a0are o perioada de vegetatie de 120 de zile, destinat culturilor protejate si in camp deschis.<\/h6>\n<h6>Foliajul asigur\u0103 o bun\u0103 protec\u0163ie solar\u0103 a fructelor.<\/h6>\n<h6>Plantare: 60-70 cm \u00eentre r\u00e2nduri,25-30 cm \u00eentre plante.<\/h6>\n<h6><a href=\"https:\/\/vivasem.ro\/wp-content\/uploads\/2021\/11\/RECOMAND.jpg\"><img loading=\"lazy\" decoding=\"async\" class=\"alignnone wp-image-8306\" src=\"https:\/\/vivasem.ro\/wp-content\/uploads\/2021\/11\/RECOMAND.jpg\" alt=\"\" width=\"103\" height=\"100\" \/><\/a><\/h6>\n<h6><span style=\"color: #ff0000;\">\u0218i noi am cultivat acest soi \u0219i am fost foarte mul\u021bumi\u021bi, \u00een primul r\u0103nd de gustul foarte bun, \u00een special dac\u0103 fructele sunt coapte, la ro\u0219u \u0219i apoi de productivitate.<\/span><\/h6>\n","protected":false},"excerpt":{"rendered":"<h6><span style=\"color: #0000ff;\"><strong>100 SEMIN\u021aE<\/strong><\/span><\/h6>\n<h6><span style=\"color: #ff00ff;\">DULCE \u0218I FOARTE PRODUCTIV\u00a0 !<\/span><\/h6>\n","protected":false},"featured_media":10725,"comment_status":"open","ping_status":"closed","template":"","meta":{"site-sidebar-layout":"default","site-content-layout":"default","ast-site-content-layout":"default","site-content-style":"default","site-sidebar-style":"default","ast-global-header-display":"","ast-banner-title-visibility":"","ast-main-header-display":"","ast-hfb-above-header-display":"","ast-hfb-below-header-display":"","ast-hfb-mobile-header-display":"","site-post-title":"","ast-breadcrumbs-content":"","ast-featured-img":"","footer-sml-layout":"","ast-disable-related-posts":"","theme-transparent-header-meta":"default","adv-header-id-meta":"","stick-header-meta":"","header-above-stick-meta":"","header-main-stick-meta":"","header-below-stick-meta":"","astra-migrate-meta-layouts":"set","ast-page-background-enabled":"default","ast-page-background-meta":{"desktop":{"background-color":"var(--ast-global-color-4)","background-image":"","background-repeat":"repeat","background-position":"center center","background-size":"auto","background-attachment":"scroll","background-type":"","background-media":"","overlay-type":"","overlay-color":"","overlay-opacity":"","overlay-gradient":""},"tablet":{"background-color":"","background-image":"","background-repeat":"repeat","background-position":"center center","background-size":"auto","background-attachment":"scroll","background-type":"","background-media":"","overlay-type":"","overlay-color":"","overlay-opacity":"","overlay-gradient":""},"mobile":{"background-color":"","background-image":"","background-repeat":"repeat","background-position":"center center","background-size":"auto","background-attachment":"scroll","background-type":"","background-media":"","overlay-type":"","overlay-color":"","overlay-opacity":"","overlay-gradient":""}},"ast-content-background-meta":{"desktop":{"background-color":"var(--ast-global-color-5)","background-image":"","background-repeat":"repeat","background-position":"center center","background-size":"auto","background-attachment":"scroll","background-type":"","background-media":"","overlay-type":"","overlay-color":"","overlay-opacity":"","overlay-gradient":""},"tablet":{"background-color":"var(--ast-global-color-5)","background-image":"","background-repeat":"repeat","background-position":"center center","background-size":"auto","background-attachment":"scroll","background-type":"","background-media":"","overlay-type":"","overlay-color":"","overlay-opacity":"","overlay-gradient":""},"mobile":{"background-color":"var(--ast-global-color-5)","background-image":"","background-repeat":"repeat","background-position":"center center","background-size":"auto","background-attachment":"scroll","background-type":"","background-media":"","overlay-type":"","overlay-color":"","overlay-opacity":"","overlay-gradient":""}}},"product_brand":[],"product_cat":[84,146],"product_tag":[],"class_list":{"0":"post-8603","1":"product","2":"type-product","3":"status-publish","4":"has-post-thumbnail","6":"product_cat-ardei","7":"product_cat-ardei-soi","8":"desktop-align-left","9":"tablet-align-left","10":"mobile-align-left","12":"first","13":"outofstock","14":"taxable","15":"shipping-taxable","16":"purchasable","17":"product-type-simple"},"_links":{"self":[{"href":"https:\/\/vivasem.ro\/index.php?rest_route=\/wp\/v2\/product\/8603","targetHints":{"allow":["GET"]}}],"collection":[{"href":"https:\/\/vivasem.ro\/index.php?rest_route=\/wp\/v2\/product"}],"about":[{"href":"https:\/\/vivasem.ro\/index.php?rest_route=\/wp\/v2\/types\/product"}],"replies":[{"embeddable":true,"href":"https:\/\/vivasem.ro\/index.php?rest_route=%2Fwp%2Fv2%2Fcomments&post=8603"}],"wp:featuredmedia":[{"embeddable":true,"href":"https:\/\/vivasem.ro\/index.php?rest_route=\/wp\/v2\/media\/10725"}],"wp:attachment":[{"href":"https:\/\/vivasem.ro\/index.php?rest_route=%2Fwp%2Fv2%2Fmedia&parent=8603"}],"wp:term":[{"taxonomy":"product_brand","embeddable":true,"href":"https:\/\/vivasem.ro\/index.php?rest_route=%2Fwp%2Fv2%2Fproduct_brand&post=8603"},{"taxonomy":"product_cat","embeddable":true,"href":"https:\/\/vivasem.ro\/index.php?rest_route=%2Fwp%2Fv2%2Fproduct_cat&post=8603"},{"taxonomy":"product_tag","embeddable":true,"href":"https:\/\/vivasem.ro\/index.php?rest_route=%2Fwp%2Fv2%2Fproduct_tag&post=8603"}],"curies":[{"name":"wp","href":"https:\/\/api.w.org\/{rel}","templated":true}]}}