{"id":8601,"date":"2022-12-27T20:11:07","date_gmt":"2022-12-27T18:11:07","guid":{"rendered":"https:\/\/vivasem.ro\/?post_type=product&#038;p=8601"},"modified":"2025-10-22T10:55:51","modified_gmt":"2025-10-22T08:55:51","slug":"ardei-gras-silver-star-f1-25s","status":"publish","type":"product","link":"https:\/\/vivasem.ro\/?product=ardei-gras-silver-star-f1-25s","title":{"rendered":"ARDEI GRAS SILVER STAR F1"},"content":{"rendered":"<h6><span style=\"color: #ff0000;\"><u>ARDEI GRAS SILVER STAR F1 <\/u><\/span><strong>(Silver Bell F1)<\/strong><span style=\"color: #ff0000;\"><u>,<\/u><\/span><\/h6>\n<h6 style=\"text-align: left;\">-Produc\u0103tor semin\u021be: NONGWOO BIO -Korea de Sud\u00a0 \u00a0 \u00a0 \u00a0 \u00a0<span style=\"color: #ff0000;\"><u><a href=\"https:\/\/vivasem.ro\/wp-content\/uploads\/2022\/12\/NOONGWOO-BIO.jpg\"><img loading=\"lazy\" decoding=\"async\" class=\"alignnone size-medium wp-image-8500\" src=\"https:\/\/vivasem.ro\/wp-content\/uploads\/2022\/12\/NOONGWOO-BIO-300x56.jpg\" alt=\"\" width=\"300\" height=\"56\" srcset=\"https:\/\/vivasem.ro\/wp-content\/uploads\/2022\/12\/NOONGWOO-BIO-300x56.jpg 300w, https:\/\/vivasem.ro\/wp-content\/uploads\/2022\/12\/NOONGWOO-BIO-248x46.jpg 248w, https:\/\/vivasem.ro\/wp-content\/uploads\/2022\/12\/NOONGWOO-BIO.jpg 545w\" sizes=\"auto, (max-width: 300px) 100vw, 300px\" \/><\/a><\/u><\/span><\/h6>\n<h6><\/h6>\n<h6>Vezi video :<\/h6>\n<div class=\"ast-oembed-container \" style=\"height: 100%;\"><iframe loading=\"lazy\" title=\"Ardei gras Silver Star F1 \u2013 fructe uniforme \u0219i gata de recoltare | Cu Ionu\u021b printre culturi\" width=\"422\" height=\"750\" src=\"https:\/\/www.youtube.com\/embed\/EcePsJva878?feature=oembed\" frameborder=\"0\" allow=\"accelerometer; autoplay; clipboard-write; encrypted-media; gyroscope; picture-in-picture; web-share\" referrerpolicy=\"strict-origin-when-cross-origin\" allowfullscreen><\/iframe><\/div>\n<p>&nbsp;<\/p>\n<p>&nbsp;<\/p>\n<h6 style=\"text-align: left;\"><span style=\"color: #0000ff;\"><strong>Ardeiul gras Silver Star F1 <\/strong>\u00a0este caracterizat prin productii foarte ridicate si comportament excelent, atat in conditii de temperatur\u0103 sc\u0103zut\u0103, c\u00e2t \u0219i in condi\u021bii de temperatur\u0103 ridicat\u0103.\u00a0<\/span><\/h6>\n<h6 style=\"text-align: left;\"><strong>Silver Star F1<\/strong>\u00a0este un\u00a0<strong>ardei<\/strong>\u00a0care se poate cultiva cu succes, atat in sere si solarii, cat si in camp deschis.<\/h6>\n<h6 style=\"text-align: left;\">\u00a0<span style=\"color: #ff0000;\">In culturile de test din Romania<strong>\u00a0hibridul Silver Star F1<\/strong> , s-a remarcat prin legarea continu\u0103 \u0219i prin faptul c\u0103, fata de al\u021bi hibrizi, nu pierde florile pe timpul verii, la temperaturi ridicate, fermierii neav\u00e2nd astfel nici un timp de &#8222;pauz\u0103&#8221; in recoltare (la cultura din solar).\u00a0\u00a0<\/span><\/h6>\n<h6 style=\"text-align: left;\"><span style=\"color: #0000ff;\">Fructele sunt in 3-4 lobi, foarte multe pe plant\u0103, cu lungime medie de 9 centimetri si diametru de 7.5 centimetri. <\/span><\/h6>\n<h6 style=\"text-align: left;\"><span style=\"color: #0000ff;\">Peretii sunt grosi iar culoarea este alb-g\u0103lbuie, cu nuan\u021be de fildes.<\/span><\/h6>\n<h6><span style=\"color: #0000ff;\"><em><strong>Randament foarte ridicat atat datorit\u0103 perioadei de vegetatie lungi, c\u00e2t si produc\u021biei constante de fructe de calitate excelent\u0103.<\/strong><\/em><\/span><br \/>\n<em><strong>Este r<\/strong><\/em><em><strong>ezistent la TMLV4 -Virusul Mozaicului Tutunului.\u00a0<\/strong><\/em><\/h6>\n<h6><span style=\"color: #0000ff;\">DE CULTIVAT \u00ceN GR\u0102DIN\u0102 \u0218I \u00ceN SOLAR.<\/span><\/h6>\n<h6><\/h6>\n","protected":false},"excerpt":{"rendered":"<h6><span style=\"color: #ff00ff;\">EXTRATIMPURIU, <\/span><span style=\"color: #ff00ff;\">FOARTE\u00a0 PRODUCTIV !<\/span><\/h6>\n","protected":false},"featured_media":8501,"comment_status":"open","ping_status":"closed","template":"","meta":{"site-sidebar-layout":"default","site-content-layout":"default","ast-site-content-layout":"default","site-content-style":"default","site-sidebar-style":"default","ast-global-header-display":"","ast-banner-title-visibility":"","ast-main-header-display":"","ast-hfb-above-header-display":"","ast-hfb-below-header-display":"","ast-hfb-mobile-header-display":"","site-post-title":"","ast-breadcrumbs-content":"","ast-featured-img":"","footer-sml-layout":"","ast-disable-related-posts":"","theme-transparent-header-meta":"default","adv-header-id-meta":"","stick-header-meta":"","header-above-stick-meta":"","header-main-stick-meta":"","header-below-stick-meta":"","astra-migrate-meta-layouts":"set","ast-page-background-enabled":"default","ast-page-background-meta":{"desktop":{"background-color":"var(--ast-global-color-4)","background-image":"","background-repeat":"repeat","background-position":"center center","background-size":"auto","background-attachment":"scroll","background-type":"","background-media":"","overlay-type":"","overlay-color":"","overlay-opacity":"","overlay-gradient":""},"tablet":{"background-color":"","background-image":"","background-repeat":"repeat","background-position":"center center","background-size":"auto","background-attachment":"scroll","background-type":"","background-media":"","overlay-type":"","overlay-color":"","overlay-opacity":"","overlay-gradient":""},"mobile":{"background-color":"","background-image":"","background-repeat":"repeat","background-position":"center center","background-size":"auto","background-attachment":"scroll","background-type":"","background-media":"","overlay-type":"","overlay-color":"","overlay-opacity":"","overlay-gradient":""}},"ast-content-background-meta":{"desktop":{"background-color":"var(--ast-global-color-5)","background-image":"","background-repeat":"repeat","background-position":"center center","background-size":"auto","background-attachment":"scroll","background-type":"","background-media":"","overlay-type":"","overlay-color":"","overlay-opacity":"","overlay-gradient":""},"tablet":{"background-color":"var(--ast-global-color-5)","background-image":"","background-repeat":"repeat","background-position":"center center","background-size":"auto","background-attachment":"scroll","background-type":"","background-media":"","overlay-type":"","overlay-color":"","overlay-opacity":"","overlay-gradient":""},"mobile":{"background-color":"var(--ast-global-color-5)","background-image":"","background-repeat":"repeat","background-position":"center center","background-size":"auto","background-attachment":"scroll","background-type":"","background-media":"","overlay-type":"","overlay-color":"","overlay-opacity":"","overlay-gradient":""}}},"product_brand":[],"product_cat":[84,145],"product_tag":[],"class_list":{"0":"post-8601","1":"product","2":"type-product","3":"status-publish","4":"has-post-thumbnail","6":"product_cat-ardei","7":"product_cat-ardei-hibrid","8":"pa_cantitate-10-seminte","9":"pa_cantitate-100-seminte","10":"pa_cantitate-200-seminte","11":"pa_cantitate-25-seminte","12":"pa_cantitate-250-seminte","13":"pa_cantitate-5-seminte","14":"pa_cantitate-50-seminte","15":"pa_cantitate-500-seminte","16":"desktop-align-left","17":"tablet-align-left","18":"mobile-align-left","20":"first","21":"instock","22":"sale","23":"taxable","24":"shipping-taxable","25":"purchasable","26":"product-type-variable"},"_links":{"self":[{"href":"https:\/\/vivasem.ro\/index.php?rest_route=\/wp\/v2\/product\/8601","targetHints":{"allow":["GET"]}}],"collection":[{"href":"https:\/\/vivasem.ro\/index.php?rest_route=\/wp\/v2\/product"}],"about":[{"href":"https:\/\/vivasem.ro\/index.php?rest_route=\/wp\/v2\/types\/product"}],"replies":[{"embeddable":true,"href":"https:\/\/vivasem.ro\/index.php?rest_route=%2Fwp%2Fv2%2Fcomments&post=8601"}],"wp:featuredmedia":[{"embeddable":true,"href":"https:\/\/vivasem.ro\/index.php?rest_route=\/wp\/v2\/media\/8501"}],"wp:attachment":[{"href":"https:\/\/vivasem.ro\/index.php?rest_route=%2Fwp%2Fv2%2Fmedia&parent=8601"}],"wp:term":[{"taxonomy":"product_brand","embeddable":true,"href":"https:\/\/vivasem.ro\/index.php?rest_route=%2Fwp%2Fv2%2Fproduct_brand&post=8601"},{"taxonomy":"product_cat","embeddable":true,"href":"https:\/\/vivasem.ro\/index.php?rest_route=%2Fwp%2Fv2%2Fproduct_cat&post=8601"},{"taxonomy":"product_tag","embeddable":true,"href":"https:\/\/vivasem.ro\/index.php?rest_route=%2Fwp%2Fv2%2Fproduct_tag&post=8601"}],"curies":[{"name":"wp","href":"https:\/\/api.w.org\/{rel}","templated":true}]}}