{"id":8588,"date":"2022-12-26T18:21:15","date_gmt":"2022-12-26T16:21:15","guid":{"rendered":"https:\/\/vivasem.ro\/?post_type=product&#038;p=8588"},"modified":"2024-02-14T14:26:24","modified_gmt":"2024-02-14T12:26:24","slug":"ardei-capia-hibrid-redpia-f1-100s","status":"publish","type":"product","link":"https:\/\/vivasem.ro\/?product=ardei-capia-hibrid-redpia-f1-100s","title":{"rendered":"\u201e\u201eARDEI CAPIA HIBRID REDPIA F1 (100s)"},"content":{"rendered":"<h6 style=\"text-align: left;\"><span style=\"color: #ff0000;\"><u>ARDEI CAPIA REDPIA F1 ,<\/u><\/span><\/h6>\n<h6 style=\"text-align: left;\"><span style=\"color: #ff0000;\"><u>-Produc\u0103tor : NONGWOO BIO -Korea de Sud\u00a0 \u00a0 \u00a0 \u00a0 \u00a0<a href=\"https:\/\/vivasem.ro\/wp-content\/uploads\/2022\/12\/NOONGWOO-BIO.jpg\"><img loading=\"lazy\" decoding=\"async\" class=\"alignnone size-medium wp-image-8500\" src=\"https:\/\/vivasem.ro\/wp-content\/uploads\/2022\/12\/NOONGWOO-BIO-300x56.jpg\" alt=\"\" width=\"300\" height=\"56\" srcset=\"https:\/\/vivasem.ro\/wp-content\/uploads\/2022\/12\/NOONGWOO-BIO-300x56.jpg 300w, https:\/\/vivasem.ro\/wp-content\/uploads\/2022\/12\/NOONGWOO-BIO-248x46.jpg 248w, https:\/\/vivasem.ro\/wp-content\/uploads\/2022\/12\/NOONGWOO-BIO.jpg 545w\" sizes=\"auto, (max-width: 300px) 100vw, 300px\" \/><\/a><\/u><\/span><\/h6>\n<h6 style=\"text-align: left;\"><span style=\"color: #0000ff;\"><strong>Ardeiul <b>Redpia F1<\/b>\u00a0este o varietate noua de\u00a0<b>ardei capia<\/b>, cu vigoare medie \u0219i adaptabilitate excelent\u0103, atat in c\u00e2mp c\u00e2t \u0219i in solarii, caracterizat prin fructe in 2 lobi.<\/strong><\/span><\/h6>\n<h6 style=\"text-align: left;\">Fructele\u00a0<b>ardeiului Redpia F1\u00a0<\/b>sunt\u00a0 plate, ideale pentru copt. Aspectul este relativ similar cu cel al soiului Ureche de elefant.<\/h6>\n<h6 style=\"text-align: left;\"><span style=\"color: #0000ff;\">Lungimea este de 18 &#8211; 20 de centimetri, cu un diametru de 6 &#8211; 7 centimetri. Greutatea medie a fructelor ardeiului capia Redpia F1 este de 150 &#8211; 160 de grame.<\/span><\/h6>\n<h6 style=\"text-align: left;\"><b>Ardeiul Redpia F1<\/b> este caracterizat printr-o vigoare medie de cre\u0219tere \u0219i prezint\u0103 o planta compact\u0103 care se adapteaz\u0103 excelent at\u00e2t culturilor de c\u00e2mp, c\u00e2t \u0219i culturilor din sere \u0219i solarii.<\/h6>\n<h6 style=\"text-align: left;\">Hibridul este unul timpuriu, legarea \u00een prima faz\u0103 de cultur\u0103 fiind una excelent\u0103. Ardeiul Redpia F1 ofera continuitate la legare, pe tot sezonul.<\/h6>\n<h6 style=\"text-align: left;\"><\/h6>\n<h6 style=\"text-align: left;\"><span style=\"color: #0000ff;\">In testarile facute in Rom\u00e2nia,<strong> hibridul Redpia F1 a dovedit un comportament exemplar in condi\u021biile de infestare cu Fusarium si Verticilium.\u00a0<\/strong><\/span><\/h6>\n<h6><\/h6>\n<h6 style=\"text-align: left;\"><span style=\"color: #0000ff;\">\u00a0Asigur\u0103 produc\u021bii\u00a0 ridicate \u0219i comportament excelent, pe tot sezonul<\/span><\/h6>\n<h6 style=\"text-align: left;\"><strong>S<\/strong>e poate cultiva cu succes, atat in sere si solarii, cat si in camp deschis.<\/h6>\n<h6 style=\"text-align: left;\"><\/h6>\n<h6><\/h6>\n<h6><span style=\"color: #000080;\">PENTRU VARIANTELE DE CANTITATE , DE MAI JOS, SPECIFICA\u021aI \u00ceN FORMULARUL DE COMAND\u0102, LA RUBRICA *NOT\u0102 DE COMAND\u0102*, CANTITATEA DORIT\u0102:<\/span><\/h6>\n<h6><span style=\"color: #000080;\">250 SEMIN\u021aE\u00a0 60 \/LEI<\/span><\/h6>\n<h6><span style=\"color: #000080;\">50 SEMIN\u021aE \/\u00a0 16 LEI<\/span><\/h6>\n<h6><\/h6>\n<p>&nbsp;<\/p>\n","protected":false},"excerpt":{"rendered":"<h6><span style=\"color: #0000ff;\">100 SEMIN\u021aE \/28\u00a0 Lei <\/span><span style=\"color: #ff0000;\">-OFERT\u0102!<\/span><\/h6>\n<h6><span style=\"color: #ff00ff;\">EXTRATIMPURIU, <\/span><span style=\"color: #ff00ff;\">FOARTE\u00a0 PRODUCTIV !<\/span><\/h6>\n<h6><span style=\"color: #0000ff;\">250 SEMIN\u021aE \/ 60 LEI<\/span><\/h6>\n<p>&nbsp;<\/p>\n<p>&nbsp;<\/p>\n","protected":false},"featured_media":8587,"comment_status":"open","ping_status":"closed","template":"","meta":{"site-sidebar-layout":"default","site-content-layout":"default","ast-site-content-layout":"default","site-content-style":"default","site-sidebar-style":"default","ast-global-header-display":"","ast-banner-title-visibility":"","ast-main-header-display":"","ast-hfb-above-header-display":"","ast-hfb-below-header-display":"","ast-hfb-mobile-header-display":"","site-post-title":"","ast-breadcrumbs-content":"","ast-featured-img":"","footer-sml-layout":"","ast-disable-related-posts":"","theme-transparent-header-meta":"default","adv-header-id-meta":"","stick-header-meta":"","header-above-stick-meta":"","header-main-stick-meta":"","header-below-stick-meta":"","astra-migrate-meta-layouts":"set","ast-page-background-enabled":"default","ast-page-background-meta":{"desktop":{"background-color":"var(--ast-global-color-4)","background-image":"","background-repeat":"repeat","background-position":"center center","background-size":"auto","background-attachment":"scroll","background-type":"","background-media":"","overlay-type":"","overlay-color":"","overlay-opacity":"","overlay-gradient":""},"tablet":{"background-color":"","background-image":"","background-repeat":"repeat","background-position":"center center","background-size":"auto","background-attachment":"scroll","background-type":"","background-media":"","overlay-type":"","overlay-color":"","overlay-opacity":"","overlay-gradient":""},"mobile":{"background-color":"","background-image":"","background-repeat":"repeat","background-position":"center center","background-size":"auto","background-attachment":"scroll","background-type":"","background-media":"","overlay-type":"","overlay-color":"","overlay-opacity":"","overlay-gradient":""}},"ast-content-background-meta":{"desktop":{"background-color":"var(--ast-global-color-5)","background-image":"","background-repeat":"repeat","background-position":"center center","background-size":"auto","background-attachment":"scroll","background-type":"","background-media":"","overlay-type":"","overlay-color":"","overlay-opacity":"","overlay-gradient":""},"tablet":{"background-color":"var(--ast-global-color-5)","background-image":"","background-repeat":"repeat","background-position":"center center","background-size":"auto","background-attachment":"scroll","background-type":"","background-media":"","overlay-type":"","overlay-color":"","overlay-opacity":"","overlay-gradient":""},"mobile":{"background-color":"var(--ast-global-color-5)","background-image":"","background-repeat":"repeat","background-position":"center center","background-size":"auto","background-attachment":"scroll","background-type":"","background-media":"","overlay-type":"","overlay-color":"","overlay-opacity":"","overlay-gradient":""}}},"product_brand":[],"product_cat":[84,145],"product_tag":[],"class_list":{"0":"post-8588","1":"product","2":"type-product","3":"status-publish","4":"has-post-thumbnail","6":"product_cat-ardei","7":"product_cat-ardei-hibrid","8":"desktop-align-left","9":"tablet-align-left","10":"mobile-align-left","12":"first","13":"outofstock","14":"taxable","15":"shipping-taxable","16":"purchasable","17":"product-type-simple"},"_links":{"self":[{"href":"https:\/\/vivasem.ro\/index.php?rest_route=\/wp\/v2\/product\/8588","targetHints":{"allow":["GET"]}}],"collection":[{"href":"https:\/\/vivasem.ro\/index.php?rest_route=\/wp\/v2\/product"}],"about":[{"href":"https:\/\/vivasem.ro\/index.php?rest_route=\/wp\/v2\/types\/product"}],"replies":[{"embeddable":true,"href":"https:\/\/vivasem.ro\/index.php?rest_route=%2Fwp%2Fv2%2Fcomments&post=8588"}],"wp:featuredmedia":[{"embeddable":true,"href":"https:\/\/vivasem.ro\/index.php?rest_route=\/wp\/v2\/media\/8587"}],"wp:attachment":[{"href":"https:\/\/vivasem.ro\/index.php?rest_route=%2Fwp%2Fv2%2Fmedia&parent=8588"}],"wp:term":[{"taxonomy":"product_brand","embeddable":true,"href":"https:\/\/vivasem.ro\/index.php?rest_route=%2Fwp%2Fv2%2Fproduct_brand&post=8588"},{"taxonomy":"product_cat","embeddable":true,"href":"https:\/\/vivasem.ro\/index.php?rest_route=%2Fwp%2Fv2%2Fproduct_cat&post=8588"},{"taxonomy":"product_tag","embeddable":true,"href":"https:\/\/vivasem.ro\/index.php?rest_route=%2Fwp%2Fv2%2Fproduct_tag&post=8588"}],"curies":[{"name":"wp","href":"https:\/\/api.w.org\/{rel}","templated":true}]}}