{"id":8582,"date":"2022-12-26T17:47:45","date_gmt":"2022-12-26T15:47:45","guid":{"rendered":"https:\/\/vivasem.ro\/?post_type=product&#038;p=8582"},"modified":"2026-03-20T21:17:24","modified_gmt":"2026-03-20T19:17:24","slug":"ardei-lungi-ekstaza-superior-seeds-serbia-oferta","status":"publish","type":"product","link":"https:\/\/vivasem.ro\/?product=ardei-lungi-ekstaza-superior-seeds-serbia-oferta","title":{"rendered":"ARDEI EKSTAZA -SUPERIOR SEEDS Serbia"},"content":{"rendered":"<h6 style=\"text-align: left;\"><span style=\"color: #ff0000;\"><u>ARDEI LUNGI EKSTAZA,\u00a0 \u00a0 \u00a0 \u00a0 \u00a0 \u00a0 \u00a0 \u00a0 \u00a0 \u00a0 <img loading=\"lazy\" decoding=\"async\" class=\"alignnone wp-image-11688\" src=\"https:\/\/vivasem.ro\/wp-content\/uploads\/2023\/12\/SUPERIOR-PROFESIONAL-SEEDS-300x69.jpg\" alt=\"\" width=\"222\" height=\"51\" srcset=\"https:\/\/vivasem.ro\/wp-content\/uploads\/2023\/12\/SUPERIOR-PROFESIONAL-SEEDS-300x69.jpg 300w, https:\/\/vivasem.ro\/wp-content\/uploads\/2023\/12\/SUPERIOR-PROFESIONAL-SEEDS-original-248x57.jpg 248w, https:\/\/vivasem.ro\/wp-content\/uploads\/2023\/12\/SUPERIOR-PROFESIONAL-SEEDS-original.jpg 533w\" sizes=\"auto, (max-width: 222px) 100vw, 222px\" \/><\/u><\/span><\/h6>\n<h6 style=\"text-align: left;\"><span style=\"color: #ff0000;\"><u>-Produc\u0103tor : SUPERIOR SEEDS Serbia<img loading=\"lazy\" decoding=\"async\" class=\"alignnone wp-image-11678\" src=\"https:\/\/vivasem.ro\/wp-content\/uploads\/2022\/01\/SUPERIOR-SEEDS-SERBIA-300x192.jpg\" alt=\"\" width=\"71\" height=\"45\" srcset=\"https:\/\/vivasem.ro\/wp-content\/uploads\/2022\/01\/SUPERIOR-SEEDS-SERBIA-300x192.jpg 300w, https:\/\/vivasem.ro\/wp-content\/uploads\/2022\/01\/SUPERIOR-SEEDS-SERBIA-original-248x158.jpg 248w, https:\/\/vivasem.ro\/wp-content\/uploads\/2022\/01\/SUPERIOR-SEEDS-SERBIA-original.jpg 426w\" sizes=\"auto, (max-width: 71px) 100vw, 71px\" \/><\/u><\/span><\/h6>\n<h6 style=\"text-align: left;\"><\/h6>\n<div class=\"ast-oembed-container \" style=\"height: 100%;\"><iframe loading=\"lazy\" title=\"Ardei Extaza - foarte roditor\" width=\"500\" height=\"281\" src=\"https:\/\/www.youtube.com\/embed\/Pr7hfaUMn0Q?feature=oembed\" frameborder=\"0\" allow=\"accelerometer; autoplay; clipboard-write; encrypted-media; gyroscope; picture-in-picture; web-share\" referrerpolicy=\"strict-origin-when-cross-origin\" allowfullscreen><\/iframe><\/div>\n<h6 style=\"text-align: left;\"><span style=\"color: #0000ff;\"><strong>Soi timpuriu de ardei gras conic , cu performan\u021be excelente at\u00e2t in culturile din c\u00e2mp, c\u00e2t \u0219i \u00een cele din sere si solarii.<\/strong><\/span><\/h6>\n<h6 style=\"text-align: left;\">Fructele sunt de tip corn, dulci, gustoase \u0219i ating o lungime de 25-30 cm, diametru de 4-5 cm, av\u00e2nd o greutate medie \u00een jur de 130 g.<\/h6>\n<h6 style=\"text-align: left;\">\u00cen maturitatea tehnologic\u0103 sunt de culoarea verde deschis, iar \u00een cea fiziologic\u0103 sunt ro\u0219ii.<\/h6>\n<h6 style=\"text-align: left;\">Este excelent pentru produc\u021bia timpurie \u00een serele, destinat consumului \u00een stare proasp\u0103t\u0103 pe parcursul \u00eentregului an, iar \u00een toamn\u0103 este ideal pentru mur\u0103turi.<\/h6>\n<h6 style=\"text-align: left;\"><span style=\"color: #0000ff;\">\u00a0Asigur\u0103 productii\u00a0 ridicate si comportament excelent, atat in conditii de temperatur\u0103 sc\u0103zut\u0103, c\u00e2t \u0219i in condi\u021bii de temperatur\u0103 ridicat\u0103.\u00a0<\/span><\/h6>\n<h6 style=\"text-align: left;\"><strong>S<\/strong>e poate cultiva cu succes, atat in sere si solarii, cat si in camp deschis.<\/h6>\n<h6>+2<\/h6>\n","protected":false},"excerpt":{"rendered":"<h6><span style=\"color: #0000ff;\">2 grame\/260-300 SEMINTE<\/span><\/h6>\n<h6><span style=\"color: #ff00ff;\">EXTRATIMPURIU, <\/span><span style=\"color: #ff00ff;\">FOARTE\u00a0 PRODUCTIV !<\/span><\/h6>\n<h6><span style=\"color: #ff00ff;\"><span style=\"color: #ff0000;\">VEZI VIDEOCLIP<\/span><\/span><\/h6>\n<h6><\/h6>\n<p>&nbsp;<\/p>\n<p>&nbsp;<\/p>\n","protected":false},"featured_media":13679,"comment_status":"open","ping_status":"closed","template":"","meta":{"site-sidebar-layout":"default","site-content-layout":"default","ast-site-content-layout":"default","site-content-style":"default","site-sidebar-style":"default","ast-global-header-display":"","ast-banner-title-visibility":"","ast-main-header-display":"","ast-hfb-above-header-display":"","ast-hfb-below-header-display":"","ast-hfb-mobile-header-display":"","site-post-title":"","ast-breadcrumbs-content":"","ast-featured-img":"","footer-sml-layout":"","ast-disable-related-posts":"","theme-transparent-header-meta":"default","adv-header-id-meta":"","stick-header-meta":"","header-above-stick-meta":"","header-main-stick-meta":"","header-below-stick-meta":"","astra-migrate-meta-layouts":"set","ast-page-background-enabled":"default","ast-page-background-meta":{"desktop":{"background-color":"var(--ast-global-color-4)","background-image":"","background-repeat":"repeat","background-position":"center center","background-size":"auto","background-attachment":"scroll","background-type":"","background-media":"","overlay-type":"","overlay-color":"","overlay-opacity":"","overlay-gradient":""},"tablet":{"background-color":"","background-image":"","background-repeat":"repeat","background-position":"center center","background-size":"auto","background-attachment":"scroll","background-type":"","background-media":"","overlay-type":"","overlay-color":"","overlay-opacity":"","overlay-gradient":""},"mobile":{"background-color":"","background-image":"","background-repeat":"repeat","background-position":"center center","background-size":"auto","background-attachment":"scroll","background-type":"","background-media":"","overlay-type":"","overlay-color":"","overlay-opacity":"","overlay-gradient":""}},"ast-content-background-meta":{"desktop":{"background-color":"var(--ast-global-color-5)","background-image":"","background-repeat":"repeat","background-position":"center center","background-size":"auto","background-attachment":"scroll","background-type":"","background-media":"","overlay-type":"","overlay-color":"","overlay-opacity":"","overlay-gradient":""},"tablet":{"background-color":"var(--ast-global-color-5)","background-image":"","background-repeat":"repeat","background-position":"center center","background-size":"auto","background-attachment":"scroll","background-type":"","background-media":"","overlay-type":"","overlay-color":"","overlay-opacity":"","overlay-gradient":""},"mobile":{"background-color":"var(--ast-global-color-5)","background-image":"","background-repeat":"repeat","background-position":"center center","background-size":"auto","background-attachment":"scroll","background-type":"","background-media":"","overlay-type":"","overlay-color":"","overlay-opacity":"","overlay-gradient":""}}},"product_brand":[],"product_cat":[84,146],"product_tag":[],"class_list":{"0":"post-8582","1":"product","2":"type-product","3":"status-publish","4":"has-post-thumbnail","6":"product_cat-ardei","7":"product_cat-ardei-soi","8":"desktop-align-left","9":"tablet-align-left","10":"mobile-align-left","12":"first","13":"instock","14":"taxable","15":"shipping-taxable","16":"purchasable","17":"product-type-simple"},"_links":{"self":[{"href":"https:\/\/vivasem.ro\/index.php?rest_route=\/wp\/v2\/product\/8582","targetHints":{"allow":["GET"]}}],"collection":[{"href":"https:\/\/vivasem.ro\/index.php?rest_route=\/wp\/v2\/product"}],"about":[{"href":"https:\/\/vivasem.ro\/index.php?rest_route=\/wp\/v2\/types\/product"}],"replies":[{"embeddable":true,"href":"https:\/\/vivasem.ro\/index.php?rest_route=%2Fwp%2Fv2%2Fcomments&post=8582"}],"wp:featuredmedia":[{"embeddable":true,"href":"https:\/\/vivasem.ro\/index.php?rest_route=\/wp\/v2\/media\/13679"}],"wp:attachment":[{"href":"https:\/\/vivasem.ro\/index.php?rest_route=%2Fwp%2Fv2%2Fmedia&parent=8582"}],"wp:term":[{"taxonomy":"product_brand","embeddable":true,"href":"https:\/\/vivasem.ro\/index.php?rest_route=%2Fwp%2Fv2%2Fproduct_brand&post=8582"},{"taxonomy":"product_cat","embeddable":true,"href":"https:\/\/vivasem.ro\/index.php?rest_route=%2Fwp%2Fv2%2Fproduct_cat&post=8582"},{"taxonomy":"product_tag","embeddable":true,"href":"https:\/\/vivasem.ro\/index.php?rest_route=%2Fwp%2Fv2%2Fproduct_tag&post=8582"}],"curies":[{"name":"wp","href":"https:\/\/api.w.org\/{rel}","templated":true}]}}