{"id":858,"date":"2021-11-08T15:14:48","date_gmt":"2021-11-08T13:14:48","guid":{"rendered":"https:\/\/vivasem.ro\/?post_type=product&#038;p=858"},"modified":"2025-11-11T07:34:25","modified_gmt":"2025-11-11T05:34:25","slug":"millionaire","status":"publish","type":"product","link":"https:\/\/vivasem.ro\/?product=millionaire","title":{"rendered":".MILLIONAIRE"},"content":{"rendered":"<h6><span style=\"color: #ff0000;\">MILLIONAIRE,<\/span><\/h6>\n<h6>SOI AMERICAN VECHI DE PESTE 70 DE ANI ,DIN ZONA MUN\u021aILOR OZARK, AMELIORAT \u00ceN UCRAINA, DE LA CARE SE A\u0218TEAPT\u0102 CA, LA FIECARE PLANT\u0102 , <span style=\"color: #0000ff;\">S\u0102 PRODUC\u0102 M\u0102CAR O TOMAT\u0102 IN JUR DE 400 grame, MEDIA FIIND DE 200-300 grame, IAR UNELE POT AJUNGE URIA\u0218E,PESTE 800 grame.<\/span><\/h6>\n<h6>DATORIT\u0102 ORIGINII SALE, FIIND\u00a0 SOI DE MUNTE, <span style=\"color: #0000ff;\">BINE ADAPTAT \u00a0LA TEMPERATURI SC\u0102ZUTE,\u00a0 REZULT\u0102 \u0218I TIMPURIETATEA SA, PRODUCTIVITATEA BUN\u0102 , PE TOT SEZONUL.<\/span><\/h6>\n<h6>FRUCTELE\u00a0 SUNT DE CULOARE RO\u0218IE SPRE ROZ, <span style=\"color: #0000ff;\">CU GUST EXCEP\u021aIONAL, DE RO\u0218IE VECHE, DULCE, PARFUMAT.<\/span><\/h6>\n<h6>SUNT C\u0102RNOASE \u0218I SUCULENTE, AU COAJA SUB\u021aIRE.<\/h6>\n<h6>PLANTELE SUNT NEDETERMINATE , <span style=\"color: #0000ff;\">DE SEZON LUNG, REZISTENTE LA BOLI.<\/span><\/h6>\n","protected":false},"excerpt":{"rendered":"<h6><span style=\"color: #0000ff;\">30 SEMIN\u021aE<\/span><\/h6>\n<h6><span style=\"color: #ff6600;\">SOI GIGANT, GUST EXCEP\u021aIONAL !<\/span><\/h6>\n","protected":false},"featured_media":3598,"comment_status":"open","ping_status":"closed","template":"","meta":{"site-sidebar-layout":"default","site-content-layout":"default","ast-site-content-layout":"default","site-content-style":"default","site-sidebar-style":"default","ast-global-header-display":"","ast-banner-title-visibility":"","ast-main-header-display":"","ast-hfb-above-header-display":"","ast-hfb-below-header-display":"","ast-hfb-mobile-header-display":"","site-post-title":"","ast-breadcrumbs-content":"","ast-featured-img":"","footer-sml-layout":"","ast-disable-related-posts":"","theme-transparent-header-meta":"default","adv-header-id-meta":"","stick-header-meta":"","header-above-stick-meta":"","header-main-stick-meta":"","header-below-stick-meta":"","astra-migrate-meta-layouts":"set","ast-page-background-enabled":"default","ast-page-background-meta":{"desktop":{"background-color":"var(--ast-global-color-4)","background-image":"","background-repeat":"repeat","background-position":"center center","background-size":"auto","background-attachment":"scroll","background-type":"","background-media":"","overlay-type":"","overlay-color":"","overlay-opacity":"","overlay-gradient":""},"tablet":{"background-color":"","background-image":"","background-repeat":"repeat","background-position":"center center","background-size":"auto","background-attachment":"scroll","background-type":"","background-media":"","overlay-type":"","overlay-color":"","overlay-opacity":"","overlay-gradient":""},"mobile":{"background-color":"","background-image":"","background-repeat":"repeat","background-position":"center center","background-size":"auto","background-attachment":"scroll","background-type":"","background-media":"","overlay-type":"","overlay-color":"","overlay-opacity":"","overlay-gradient":""}},"ast-content-background-meta":{"desktop":{"background-color":"var(--ast-global-color-5)","background-image":"","background-repeat":"repeat","background-position":"center center","background-size":"auto","background-attachment":"scroll","background-type":"","background-media":"","overlay-type":"","overlay-color":"","overlay-opacity":"","overlay-gradient":""},"tablet":{"background-color":"var(--ast-global-color-5)","background-image":"","background-repeat":"repeat","background-position":"center center","background-size":"auto","background-attachment":"scroll","background-type":"","background-media":"","overlay-type":"","overlay-color":"","overlay-opacity":"","overlay-gradient":""},"mobile":{"background-color":"var(--ast-global-color-5)","background-image":"","background-repeat":"repeat","background-position":"center center","background-size":"auto","background-attachment":"scroll","background-type":"","background-media":"","overlay-type":"","overlay-color":"","overlay-opacity":"","overlay-gradient":""}}},"product_brand":[],"product_cat":[141,142,15],"product_tag":[],"class_list":{"0":"post-858","1":"product","2":"type-product","3":"status-publish","4":"has-post-thumbnail","6":"product_cat-soi-gigant-urias","7":"product_cat-soiuri-rosii-roz","8":"product_cat-tomate-soi","9":"desktop-align-left","10":"tablet-align-left","11":"mobile-align-left","13":"first","14":"instock","15":"taxable","16":"shipping-taxable","17":"purchasable","18":"product-type-simple"},"_links":{"self":[{"href":"https:\/\/vivasem.ro\/index.php?rest_route=\/wp\/v2\/product\/858","targetHints":{"allow":["GET"]}}],"collection":[{"href":"https:\/\/vivasem.ro\/index.php?rest_route=\/wp\/v2\/product"}],"about":[{"href":"https:\/\/vivasem.ro\/index.php?rest_route=\/wp\/v2\/types\/product"}],"replies":[{"embeddable":true,"href":"https:\/\/vivasem.ro\/index.php?rest_route=%2Fwp%2Fv2%2Fcomments&post=858"}],"wp:featuredmedia":[{"embeddable":true,"href":"https:\/\/vivasem.ro\/index.php?rest_route=\/wp\/v2\/media\/3598"}],"wp:attachment":[{"href":"https:\/\/vivasem.ro\/index.php?rest_route=%2Fwp%2Fv2%2Fmedia&parent=858"}],"wp:term":[{"taxonomy":"product_brand","embeddable":true,"href":"https:\/\/vivasem.ro\/index.php?rest_route=%2Fwp%2Fv2%2Fproduct_brand&post=858"},{"taxonomy":"product_cat","embeddable":true,"href":"https:\/\/vivasem.ro\/index.php?rest_route=%2Fwp%2Fv2%2Fproduct_cat&post=858"},{"taxonomy":"product_tag","embeddable":true,"href":"https:\/\/vivasem.ro\/index.php?rest_route=%2Fwp%2Fv2%2Fproduct_tag&post=858"}],"curies":[{"name":"wp","href":"https:\/\/api.w.org\/{rel}","templated":true}]}}