{"id":857,"date":"2021-11-08T09:19:03","date_gmt":"2021-11-08T07:19:03","guid":{"rendered":"https:\/\/vivasem.ro\/?post_type=product&#038;p=857"},"modified":"2025-11-11T10:12:18","modified_gmt":"2025-11-11T08:12:18","slug":"siberian-giant-sibirsky-gigant","status":"publish","type":"product","link":"https:\/\/vivasem.ro\/?product=siberian-giant-sibirsky-gigant","title":{"rendered":"SIBERIAN GIANT \/Sibirsky Gigant,"},"content":{"rendered":"<h6><span style=\"color: #ff0000;\"><strong>SIBERIAN GIANT \/Sibirsky Gigant,<\/strong><\/span><\/h6>\n<h6><span style=\"color: #0000ff;\"><strong>SOI URIA\u0218 RUSESC,HEIRLOOM, DE CLIM\u0102 RECE,CE FORMEAZ\u0102 CIORCHINI DOAR DE 2-3 FRUCTE,DAR CE RO\u0218II!<\/strong><\/span><\/h6>\n<h6><strong>GREUTATEA MEDIE VARIAZ\u0102 \u00ceNTRE 250 SI 400 grame, DAR SE AJUNGE FRECVENT LA 1 kilogram\u00a0 \u0218I CHIAR LA 1,2 kilograme.<\/strong><\/h6>\n<h6><span style=\"color: #0000ff;\"><strong>FRUCTELE SUNT FRUMOASE, NETEDE, APLATIZATE, DE CULOARE RO\u0218IE -ZMEURIE.<\/strong><\/span><\/h6>\n<h6><span style=\"color: #0000ff;\"><strong>PULPA ESTE TIP BEEFSTEAK,\u00a0 FOARTE\u00a0 C\u0102RNOAS\u0102, FIN\u0102, DELICAT\u0102\u00a0 \u0218I SUCULENT\u0102 DAR \u0218I FERM\u0102, CEEACE PERMITE FELIEREA, T\u0102IEREA \u00ceN CUBURI \u0218I OFER\u0102 REZISTEN\u021a\u0102 LA TRANSPORT.<\/strong><\/span><\/h6>\n<h6><span style=\"color: #ff0000;\"><strong>GUSTUL ESTE EXCELENT,CLASIC, DULCE, U\u0218OR ACID ,SPECIFIC TOMATELOR \u021a\u0102R\u0102NE\u0218TI ADEV\u0102RATE,DE ODINIOAR\u0102, CU AROM\u0102 INTENS\u0102.<\/strong><\/span><\/h6>\n<h6><strong>\u00a0SOI FOARTE PRODUCTIV, DE SEZON LUNG, NEDETERMINAT, SEMITIMPURIU-115 ZILE DE LA \u00ceNS\u0102M\u00c2N\u021aARE.<\/strong><\/h6>\n","protected":false},"excerpt":{"rendered":"<h6><span style=\"color: #0000ff;\">30 SEMIN\u021aE<\/span><\/h6>\n<h6><span style=\"color: #ff00ff;\">FOARTE REZISTENT \u0218I GUSTOS\u00a0<\/span><\/h6>\n","protected":false},"featured_media":7964,"comment_status":"open","ping_status":"closed","template":"","meta":{"site-sidebar-layout":"default","site-content-layout":"default","ast-site-content-layout":"default","site-content-style":"default","site-sidebar-style":"default","ast-global-header-display":"","ast-banner-title-visibility":"","ast-main-header-display":"","ast-hfb-above-header-display":"","ast-hfb-below-header-display":"","ast-hfb-mobile-header-display":"","site-post-title":"","ast-breadcrumbs-content":"","ast-featured-img":"","footer-sml-layout":"","ast-disable-related-posts":"","theme-transparent-header-meta":"default","adv-header-id-meta":"","stick-header-meta":"","header-above-stick-meta":"","header-main-stick-meta":"","header-below-stick-meta":"","astra-migrate-meta-layouts":"set","ast-page-background-enabled":"default","ast-page-background-meta":{"desktop":{"background-color":"var(--ast-global-color-4)","background-image":"","background-repeat":"repeat","background-position":"center center","background-size":"auto","background-attachment":"scroll","background-type":"","background-media":"","overlay-type":"","overlay-color":"","overlay-opacity":"","overlay-gradient":""},"tablet":{"background-color":"","background-image":"","background-repeat":"repeat","background-position":"center center","background-size":"auto","background-attachment":"scroll","background-type":"","background-media":"","overlay-type":"","overlay-color":"","overlay-opacity":"","overlay-gradient":""},"mobile":{"background-color":"","background-image":"","background-repeat":"repeat","background-position":"center center","background-size":"auto","background-attachment":"scroll","background-type":"","background-media":"","overlay-type":"","overlay-color":"","overlay-opacity":"","overlay-gradient":""}},"ast-content-background-meta":{"desktop":{"background-color":"var(--ast-global-color-5)","background-image":"","background-repeat":"repeat","background-position":"center center","background-size":"auto","background-attachment":"scroll","background-type":"","background-media":"","overlay-type":"","overlay-color":"","overlay-opacity":"","overlay-gradient":""},"tablet":{"background-color":"var(--ast-global-color-5)","background-image":"","background-repeat":"repeat","background-position":"center center","background-size":"auto","background-attachment":"scroll","background-type":"","background-media":"","overlay-type":"","overlay-color":"","overlay-opacity":"","overlay-gradient":""},"mobile":{"background-color":"var(--ast-global-color-5)","background-image":"","background-repeat":"repeat","background-position":"center center","background-size":"auto","background-attachment":"scroll","background-type":"","background-media":"","overlay-type":"","overlay-color":"","overlay-opacity":"","overlay-gradient":""}}},"product_brand":[],"product_cat":[141,142,15],"product_tag":[],"class_list":{"0":"post-857","1":"product","2":"type-product","3":"status-publish","4":"has-post-thumbnail","6":"product_cat-soi-gigant-urias","7":"product_cat-soiuri-rosii-roz","8":"product_cat-tomate-soi","9":"desktop-align-left","10":"tablet-align-left","11":"mobile-align-left","13":"first","14":"instock","15":"taxable","16":"shipping-taxable","17":"purchasable","18":"product-type-simple"},"_links":{"self":[{"href":"https:\/\/vivasem.ro\/index.php?rest_route=\/wp\/v2\/product\/857","targetHints":{"allow":["GET"]}}],"collection":[{"href":"https:\/\/vivasem.ro\/index.php?rest_route=\/wp\/v2\/product"}],"about":[{"href":"https:\/\/vivasem.ro\/index.php?rest_route=\/wp\/v2\/types\/product"}],"replies":[{"embeddable":true,"href":"https:\/\/vivasem.ro\/index.php?rest_route=%2Fwp%2Fv2%2Fcomments&post=857"}],"wp:featuredmedia":[{"embeddable":true,"href":"https:\/\/vivasem.ro\/index.php?rest_route=\/wp\/v2\/media\/7964"}],"wp:attachment":[{"href":"https:\/\/vivasem.ro\/index.php?rest_route=%2Fwp%2Fv2%2Fmedia&parent=857"}],"wp:term":[{"taxonomy":"product_brand","embeddable":true,"href":"https:\/\/vivasem.ro\/index.php?rest_route=%2Fwp%2Fv2%2Fproduct_brand&post=857"},{"taxonomy":"product_cat","embeddable":true,"href":"https:\/\/vivasem.ro\/index.php?rest_route=%2Fwp%2Fv2%2Fproduct_cat&post=857"},{"taxonomy":"product_tag","embeddable":true,"href":"https:\/\/vivasem.ro\/index.php?rest_route=%2Fwp%2Fv2%2Fproduct_tag&post=857"}],"curies":[{"name":"wp","href":"https:\/\/api.w.org\/{rel}","templated":true}]}}