{"id":8563,"date":"2022-12-26T09:33:10","date_gmt":"2022-12-26T07:33:10","guid":{"rendered":"https:\/\/vivasem.ro\/?post_type=product&#038;p=8563"},"modified":"2026-03-16T14:11:42","modified_gmt":"2026-03-16T12:11:42","slug":"pink-lord-f1-100s","status":"publish","type":"product","link":"https:\/\/vivasem.ro\/?product=pink-lord-f1-100s","title":{"rendered":".PINK LORD F1-NONGWOO BIO"},"content":{"rendered":"<h6><span style=\"color: #ff0000;\"><strong><u>PINK LORD F1<\/u><\/strong><\/span>, \u00a0\u00a0 \u00a0\u00a0 \u00a0\u00a0 \u00a0\u00a0 \u00a0\u00a0 \u00a0\u00a0 \u00a0\u00a0 \u00a0\u00a0 \u00a0\u00a0 \u00a0\u00a0 \u00a0\u00a0 \u00a0\u00a0 \u00a0\u00a0 \u00a0\u00a0 \u00a0\u00a0 \u00a0\u00a0 \u00a0\u00a0 \u00a0\u00a0 \u00a0\u00a0 \u00a0\u00a0 \u00a0\u00a0 \u00a0\u00a0 \u00a0\u00a0 \u00a0\u00a0 \u00a0\u00a0 \u00a0\u00a0 \u00a0\u00a0 \u00a0\u00a0 \u00a0\u00a0 \u00a0\u00a0<span style=\"color: #ff0000;\"><strong><u><a href=\"https:\/\/vivasem.ro\/wp-content\/uploads\/2022\/12\/NOONGWOO-BIO.jpg\"><img loading=\"lazy\" decoding=\"async\" class=\"alignnone wp-image-8500\" src=\"https:\/\/vivasem.ro\/wp-content\/uploads\/2022\/12\/NOONGWOO-BIO-300x56.jpg\" alt=\"\" width=\"204\" height=\"38\" srcset=\"https:\/\/vivasem.ro\/wp-content\/uploads\/2022\/12\/NOONGWOO-BIO-300x56.jpg 300w, https:\/\/vivasem.ro\/wp-content\/uploads\/2022\/12\/NOONGWOO-BIO-248x46.jpg 248w, https:\/\/vivasem.ro\/wp-content\/uploads\/2022\/12\/NOONGWOO-BIO.jpg 545w\" sizes=\"auto, (max-width: 204px) 100vw, 204px\" \/><\/a><\/u><\/strong><\/span><\/h6>\n<h6><span style=\"color: #ff0000;\">PRODUC\u0102TOR : NONGWOO BIO -KOREA DE SUD\u00a0 \u00a0 \u00a0 \u00a0 <\/span><\/h6>\n<h6><span style=\"color: #0000ff;\"><strong>Hibrid nou, foarte productiv, cu fructe\u00a0 gustoase, <\/strong>\u00a0mari, cu greutate \u00eentre 250-300 gr.,de culoare roz-\u00eenchis. <\/span><\/h6>\n<h6><span style=\"color: #0000ff;\">Acestea au un aspect comercial\u00a0 excelent, sunt lucioase, netede, de form\u0103\u00a0 rotund-turtit\u0103, cu umeri u\u0219or ondula\u021bi, !<\/span><\/h6>\n<h6>Pulpa c\u0103rnoas\u0103, ferm\u0103,cu rezisten\u021b\u0103 foarte bun\u0103 la transport.<\/h6>\n<h6>Nu prezint\u0103 cotor mare, lemnos.<\/h6>\n<h6><span style=\"color: #0000ff;\">Hibridul de tomate <strong>Pink Lord F1\u00a0<\/strong>leag\u0103 excelent \u00een diverse condi\u021bii, at\u00e2t \u00een cele din primavar\u0103, cu temperaturi sc\u0103zute, c\u00e2t si cele din var\u0103 ,cu temperaturi foarte ridicate<\/span>.<\/h6>\n<h6>Plante nedeterminate, au vigoare medie si prezinta fructe frumoase, de culoare roz.,<\/h6>\n<h6><span style=\"color: #ff0000;\">Pe langa avantajele prezentate mai sus, hibridul de tomate roz\u00a0<strong>Pink Lord F1\u00a0<\/strong>prezinta un pachet excelent de rezistente la boli.<\/span><\/h6>\n<h6><span style=\"color: #0000ff;\">Rezistente la boli:<\/span><\/h6>\n<ul>\n<li>\n<h6><span style=\"color: #0000ff;\">ToMV &#8211;\u00a0Virusul mozaicul tomatelor;<\/span><\/h6>\n<\/li>\n<li>\n<h6><span style=\"color: #0000ff;\">Ff:A-E &#8211; Patarea cafenie a frunzelor de tomate;<\/span><\/h6>\n<\/li>\n<li>\n<h6><span style=\"color: #0000ff;\">Fol:1,2 &#8211; Fuzarioza;<\/span><\/h6>\n<\/li>\n<li>\n<h6><span style=\"color: #0000ff;\">Vd &#8211; Verticilioza &#8211; Verticilium dahliae;<\/span><\/h6>\n<\/li>\n<li>\n<h6><span style=\"color: #0000ff;\">TYLCV &#8211;\u00a0Tomato yellow leaf curl virus;<\/span><\/h6>\n<\/li>\n<li>\n<h6><span style=\"color: #0000ff;\">Ma, Mi, Mj &#8211; Nematozi.<\/span><\/h6>\n<\/li>\n<\/ul>\n","protected":false},"excerpt":{"rendered":"<h6><span style=\"color: #0000ff;\">10-100 SEMIN\u021aE<\/span><\/h6>\n<h6><span style=\"color: #ff00ff;\">HIBRID REZISTENT CU FRUCTE <\/span><span style=\"color: #ff00ff;\">DEOSEBIT DE GUSTOASE \u0218I ASPECTUASE .<\/span><\/h6>\n","protected":false},"featured_media":8561,"comment_status":"open","ping_status":"closed","template":"","meta":{"site-sidebar-layout":"default","site-content-layout":"default","ast-site-content-layout":"default","site-content-style":"default","site-sidebar-style":"default","ast-global-header-display":"","ast-banner-title-visibility":"","ast-main-header-display":"","ast-hfb-above-header-display":"","ast-hfb-below-header-display":"","ast-hfb-mobile-header-display":"","site-post-title":"","ast-breadcrumbs-content":"","ast-featured-img":"","footer-sml-layout":"","ast-disable-related-posts":"","theme-transparent-header-meta":"default","adv-header-id-meta":"","stick-header-meta":"","header-above-stick-meta":"","header-main-stick-meta":"","header-below-stick-meta":"","astra-migrate-meta-layouts":"set","ast-page-background-enabled":"default","ast-page-background-meta":{"desktop":{"background-color":"var(--ast-global-color-4)","background-image":"","background-repeat":"repeat","background-position":"center center","background-size":"auto","background-attachment":"scroll","background-type":"","background-media":"","overlay-type":"","overlay-color":"","overlay-opacity":"","overlay-gradient":""},"tablet":{"background-color":"","background-image":"","background-repeat":"repeat","background-position":"center center","background-size":"auto","background-attachment":"scroll","background-type":"","background-media":"","overlay-type":"","overlay-color":"","overlay-opacity":"","overlay-gradient":""},"mobile":{"background-color":"","background-image":"","background-repeat":"repeat","background-position":"center center","background-size":"auto","background-attachment":"scroll","background-type":"","background-media":"","overlay-type":"","overlay-color":"","overlay-opacity":"","overlay-gradient":""}},"ast-content-background-meta":{"desktop":{"background-color":"var(--ast-global-color-5)","background-image":"","background-repeat":"repeat","background-position":"center center","background-size":"auto","background-attachment":"scroll","background-type":"","background-media":"","overlay-type":"","overlay-color":"","overlay-opacity":"","overlay-gradient":""},"tablet":{"background-color":"var(--ast-global-color-5)","background-image":"","background-repeat":"repeat","background-position":"center center","background-size":"auto","background-attachment":"scroll","background-type":"","background-media":"","overlay-type":"","overlay-color":"","overlay-opacity":"","overlay-gradient":""},"mobile":{"background-color":"var(--ast-global-color-5)","background-image":"","background-repeat":"repeat","background-position":"center center","background-size":"auto","background-attachment":"scroll","background-type":"","background-media":"","overlay-type":"","overlay-color":"","overlay-opacity":"","overlay-gradient":""}}},"product_brand":[],"product_cat":[110],"product_tag":[],"class_list":{"0":"post-8563","1":"product","2":"type-product","3":"status-publish","4":"has-post-thumbnail","6":"product_cat-tomate-hibrid","7":"pa_cantitate-10-seminte","8":"pa_cantitate-100-seminte","9":"pa_cantitate-200-seminte","10":"pa_cantitate-25-seminte","11":"pa_cantitate-250-seminte","12":"pa_cantitate-5-seminte","13":"pa_cantitate-50-seminte","14":"pa_cantitate-500-seminte","15":"desktop-align-left","16":"tablet-align-left","17":"mobile-align-left","19":"first","20":"instock","21":"sale","22":"taxable","23":"shipping-taxable","24":"purchasable","25":"product-type-variable"},"_links":{"self":[{"href":"https:\/\/vivasem.ro\/index.php?rest_route=\/wp\/v2\/product\/8563","targetHints":{"allow":["GET"]}}],"collection":[{"href":"https:\/\/vivasem.ro\/index.php?rest_route=\/wp\/v2\/product"}],"about":[{"href":"https:\/\/vivasem.ro\/index.php?rest_route=\/wp\/v2\/types\/product"}],"replies":[{"embeddable":true,"href":"https:\/\/vivasem.ro\/index.php?rest_route=%2Fwp%2Fv2%2Fcomments&post=8563"}],"wp:featuredmedia":[{"embeddable":true,"href":"https:\/\/vivasem.ro\/index.php?rest_route=\/wp\/v2\/media\/8561"}],"wp:attachment":[{"href":"https:\/\/vivasem.ro\/index.php?rest_route=%2Fwp%2Fv2%2Fmedia&parent=8563"}],"wp:term":[{"taxonomy":"product_brand","embeddable":true,"href":"https:\/\/vivasem.ro\/index.php?rest_route=%2Fwp%2Fv2%2Fproduct_brand&post=8563"},{"taxonomy":"product_cat","embeddable":true,"href":"https:\/\/vivasem.ro\/index.php?rest_route=%2Fwp%2Fv2%2Fproduct_cat&post=8563"},{"taxonomy":"product_tag","embeddable":true,"href":"https:\/\/vivasem.ro\/index.php?rest_route=%2Fwp%2Fv2%2Fproduct_tag&post=8563"}],"curies":[{"name":"wp","href":"https:\/\/api.w.org\/{rel}","templated":true}]}}