{"id":8553,"date":"2022-12-25T22:17:07","date_gmt":"2022-12-25T20:17:07","guid":{"rendered":"https:\/\/vivasem.ro\/?post_type=product&#038;p=8553"},"modified":"2024-10-17T19:37:13","modified_gmt":"2024-10-17T17:37:13","slug":"havanna-f1-bakker-brothers-25s","status":"publish","type":"product","link":"https:\/\/vivasem.ro\/?product=havanna-f1-bakker-brothers-25s","title":{"rendered":"\u201e\u201eHAVANNA F1 -BAKKER BROTHERS (25s)"},"content":{"rendered":"<h6><span style=\"color: #333399;\"><u><b><span style=\"color: #ff0000;\">HAVANNA F1 -Produc\u0103tor :<\/span><a href=\"https:\/\/vivasem.ro\/wp-content\/uploads\/2022\/12\/BAKKER-BROTHERS.jpg\"><img loading=\"lazy\" decoding=\"async\" class=\"alignnone wp-image-8498\" src=\"https:\/\/vivasem.ro\/wp-content\/uploads\/2022\/12\/BAKKER-BROTHERS-300x106.jpg\" alt=\"\" width=\"187\" height=\"66\" srcset=\"https:\/\/vivasem.ro\/wp-content\/uploads\/2022\/12\/BAKKER-BROTHERS-300x106.jpg 300w, https:\/\/vivasem.ro\/wp-content\/uploads\/2022\/12\/BAKKER-BROTHERS-248x88.jpg 248w, https:\/\/vivasem.ro\/wp-content\/uploads\/2022\/12\/BAKKER-BROTHERS.jpg 412w\" sizes=\"auto, (max-width: 187px) 100vw, 187px\" \/><\/a><\/b><\/u><\/span><\/h6>\n<h6><\/h6>\n<h6><span style=\"color: #ff0000;\"><strong>Hibridul<\/strong> profesional de <strong>tomate Havanna F1<\/strong> se caracterizeaza prin vigoare puternica de cre\u0219tere si fructe de 190 &#8211; 220 de grame, dar pot dep\u0103\u0219i 300 grame, ferme dar cu gust.<\/span><\/h6>\n<h6><span style=\"color: #0000ff;\">Fructul este rotund, u\u0219or turtit \u0219i costat, cu aspect comercial deosebit. <\/span><\/h6>\n<h6><span style=\"color: #0000ff;\">Unul dintre <strong>avantajele cultivarii<\/strong>\u00a0hibridului de tomate Havanna F1 este dat de\u00a0<strong>culoarea rosu-aprinsa<\/strong> a fructelor, care impreuna cu uniformitatea excelenta, (un procent foarte mare de rosii are dimensiuni cuprinse intre 190 &#8211; 220 grame) dau un aspect comercial deosebit.<\/span><\/h6>\n<h6>Fermitatea fructelor este excelenta, Havanna fiind alegerea ideala in cazul vanzarii en-gross. Rosiile sunt mari, frumoase \u0219i au o via\u021b\u0103 de raft bun\u0103.<\/h6>\n<h6>Gustul este dulce, echilibrat acri\u0219or.<span style=\"color: #ff0000;\"> Cu toate ca vorbim despre un hibrid cu fermitate bun\u0103, gustul nu este acela fad, Havanna chiar av\u00e2nd gust de ro\u0219ie clasic\u0103.\u00a0<\/span><\/h6>\n<h6>Rosiile Havanna F1 nu au umeri verzi \/ capac verde.<\/h6>\n<h6><span style=\"color: #000000;\">Planta are o crestere ordonat\u0103 \u0219i un foliaj puternic, de culoare verde inchis. <\/span><\/h6>\n<h6><span style=\"color: #000000;\">Distanta intre internodii este medie si vigoarea de cre\u0219tere este buna.\u00a0<\/span><\/h6>\n<h6><span style=\"color: #ff0000;\">Havanna F1 reuseste sa lege, in medie 5 &#8211; 7\u00a0 fructe pe ciorchine.\u00a0<\/span><\/h6>\n<h6><span style=\"color: #ff0000;\">Legarea fructelor este excelent\u0103, atat in perioadele reci, din primavara, c\u00e2t \u0219i in perioadele calde, din vara fapt ce face ca hibridul s\u0103 se preteze atat pentru culturile pe ciclul I, cat si pentru cele pe ciclul II. <\/span><\/h6>\n<h6><span style=\"color: #0000ff;\">Vigoarea de cre\u0219tere si capacitatea de legare continu\u0103, fac hibridul potrivit \u0219i pentru culturile pe ciclul lung sau cele pe ciclu intermediar.\u00a0<\/span><\/h6>\n<h6>Pe langa caracteristicile descrise mai sus, pachetul de rezistente la boli este unul excelent si include si toleranta la TSWV si nematozi.<\/h6>\n<h6>Rezistenta la boli:<\/h6>\n<ul>\n<li><em>Fusarium oxysporum f. sp. lycopersici<\/em>\u00a0(Fol) 1, 2;<\/li>\n<li><em>Meloydogine incognita<\/em>\u00a0(Mi) &#8211; Nematozi;<\/li>\n<li><em>ToMV &#8211;\u00a0<\/em>Virusul mozaicul tomatelor;<\/li>\n<li><em>TSWV &#8211;\u00a0<\/em>Virusul petelor de bronz;<\/li>\n<li><em>TYLCV &#8211;\u00a0<\/em>Tomato Yellow Leaved Curled Virus &#8211; IR;<\/li>\n<li><i>Verticilium albo-atrum\u00a0<\/i>Va;<\/li>\n<\/ul>\n<h6><span style=\"color: #0000ff;\">Alte trasaturi ale hibridului observate in culturile de test<\/span><\/h6>\n<ul>\n<li>\n<h6><span style=\"color: #0000ff;\">Comportament excelent in perioada de la inceputul verii, cand apar conditii de Fusarium;\u00a0<\/span><\/h6>\n<\/li>\n<li>\n<h6><span style=\"color: #0000ff;\">Hibridul se preteaza la stimularea florilor cu Tomatostim, 36C Tipo B sau celelalte substante uzuale, folosite in bazinele legumicole din Romania. <\/span><\/h6>\n<\/li>\n<li>\n<h6><span style=\"color: #0000ff;\">Nu apar deformari si dezvolta mucron;\u00a0<\/span><\/h6>\n<\/li>\n<li>\n<h6><span style=\"color: #0000ff;\">Culoarea rosiilor este una foarte atractiva, ro\u0219u &#8211; aprins;\u00a0<\/span><\/h6>\n<\/li>\n<li>\n<h6><span style=\"color: #0000ff;\">Gustul este dulce, chiar daca rosiile sunt foarte ferme;\u00a0<\/span><\/h6>\n<\/li>\n<li>\n<h6><span style=\"color: #0000ff;\">Comportament bun chiar si sub presiunea infestarii cu trips.<\/span><\/h6>\n<\/li>\n<li>\n<h6><strong style=\"color: #0000ff; font-size: 17.6px;\">Havanna F1<\/strong><span style=\"color: #0000ff; font-size: 17.6px;\">\u00a0este un\u00a0<\/span><strong style=\"color: #0000ff; font-size: 17.6px;\">hibrid<\/strong><span style=\"color: #0000ff; font-size: 17.6px;\">\u00a0profesional de\u00a0<\/span><strong style=\"color: #0000ff; font-size: 17.6px;\">tomate<\/strong><span style=\"color: #0000ff; font-size: 17.6px;\">\u00a0cu\u00a0<\/span><strong style=\"color: #0000ff; font-size: 17.6px;\">crestere nedeterminata<\/strong><span style=\"color: #0000ff; font-size: 17.6px;\">\u00a0si fructe mari si ferme, <\/span><span style=\"color: #ff0000;\">cu un pachet excelent de rezistente la boli, pretabil pentru cultivarea pe toate ciclurile de cultura.<\/span><\/h6>\n<\/li>\n<\/ul>\n<h6><span style=\"color: #333399; font-size: 17.6px;\">PENTRU VARIANTELE DE CANTITATE , DE MAI JOS, SPECIFICA\u021aI \u00ceN FORMULARUL DE COMAND\u0102, LA RUBRICA *NOT\u0102 DE COMAND\u0102*, CANTITATEA DORIT\u0102:<\/span><\/h6>\n<h6><span style=\"color: #333399;\"><strong>50 semin\u021be= 29 lei<\/strong><\/span><\/h6>\n<h6><span style=\"color: #333399;\"><strong>100 semin\u021be= 49 lei<\/strong><\/span><\/h6>\n<h6><span style=\"color: #333399;\"><strong>250 semin\u021be= 113 lei<\/strong><\/span><\/h6>\n","protected":false},"excerpt":{"rendered":"<h6><span style=\"color: #0000ff;\"><strong>25 semin\u021be=17 lei <\/strong><\/span><\/h6>\n<h6><span style=\"color: #ff00ff;\"><strong>HIBRID FOARTE PRODUCTIV \u0218I GUSTOS.<\/strong><\/span><\/h6>\n<h6><\/h6>\n","protected":false},"featured_media":8559,"comment_status":"open","ping_status":"closed","template":"","meta":{"site-sidebar-layout":"default","site-content-layout":"default","ast-site-content-layout":"default","site-content-style":"default","site-sidebar-style":"default","ast-global-header-display":"","ast-banner-title-visibility":"","ast-main-header-display":"","ast-hfb-above-header-display":"","ast-hfb-below-header-display":"","ast-hfb-mobile-header-display":"","site-post-title":"","ast-breadcrumbs-content":"","ast-featured-img":"","footer-sml-layout":"","ast-disable-related-posts":"","theme-transparent-header-meta":"default","adv-header-id-meta":"","stick-header-meta":"","header-above-stick-meta":"","header-main-stick-meta":"","header-below-stick-meta":"","astra-migrate-meta-layouts":"set","ast-page-background-enabled":"default","ast-page-background-meta":{"desktop":{"background-color":"var(--ast-global-color-4)","background-image":"","background-repeat":"repeat","background-position":"center center","background-size":"auto","background-attachment":"scroll","background-type":"","background-media":"","overlay-type":"","overlay-color":"","overlay-opacity":"","overlay-gradient":""},"tablet":{"background-color":"","background-image":"","background-repeat":"repeat","background-position":"center center","background-size":"auto","background-attachment":"scroll","background-type":"","background-media":"","overlay-type":"","overlay-color":"","overlay-opacity":"","overlay-gradient":""},"mobile":{"background-color":"","background-image":"","background-repeat":"repeat","background-position":"center center","background-size":"auto","background-attachment":"scroll","background-type":"","background-media":"","overlay-type":"","overlay-color":"","overlay-opacity":"","overlay-gradient":""}},"ast-content-background-meta":{"desktop":{"background-color":"var(--ast-global-color-5)","background-image":"","background-repeat":"repeat","background-position":"center center","background-size":"auto","background-attachment":"scroll","background-type":"","background-media":"","overlay-type":"","overlay-color":"","overlay-opacity":"","overlay-gradient":""},"tablet":{"background-color":"var(--ast-global-color-5)","background-image":"","background-repeat":"repeat","background-position":"center center","background-size":"auto","background-attachment":"scroll","background-type":"","background-media":"","overlay-type":"","overlay-color":"","overlay-opacity":"","overlay-gradient":""},"mobile":{"background-color":"var(--ast-global-color-5)","background-image":"","background-repeat":"repeat","background-position":"center center","background-size":"auto","background-attachment":"scroll","background-type":"","background-media":"","overlay-type":"","overlay-color":"","overlay-opacity":"","overlay-gradient":""}}},"product_brand":[],"product_cat":[110],"product_tag":[],"class_list":{"0":"post-8553","1":"product","2":"type-product","3":"status-publish","4":"has-post-thumbnail","6":"product_cat-tomate-hibrid","7":"desktop-align-left","8":"tablet-align-left","9":"mobile-align-left","11":"first","12":"outofstock","13":"taxable","14":"shipping-taxable","15":"purchasable","16":"product-type-simple"},"_links":{"self":[{"href":"https:\/\/vivasem.ro\/index.php?rest_route=\/wp\/v2\/product\/8553","targetHints":{"allow":["GET"]}}],"collection":[{"href":"https:\/\/vivasem.ro\/index.php?rest_route=\/wp\/v2\/product"}],"about":[{"href":"https:\/\/vivasem.ro\/index.php?rest_route=\/wp\/v2\/types\/product"}],"replies":[{"embeddable":true,"href":"https:\/\/vivasem.ro\/index.php?rest_route=%2Fwp%2Fv2%2Fcomments&post=8553"}],"wp:featuredmedia":[{"embeddable":true,"href":"https:\/\/vivasem.ro\/index.php?rest_route=\/wp\/v2\/media\/8559"}],"wp:attachment":[{"href":"https:\/\/vivasem.ro\/index.php?rest_route=%2Fwp%2Fv2%2Fmedia&parent=8553"}],"wp:term":[{"taxonomy":"product_brand","embeddable":true,"href":"https:\/\/vivasem.ro\/index.php?rest_route=%2Fwp%2Fv2%2Fproduct_brand&post=8553"},{"taxonomy":"product_cat","embeddable":true,"href":"https:\/\/vivasem.ro\/index.php?rest_route=%2Fwp%2Fv2%2Fproduct_cat&post=8553"},{"taxonomy":"product_tag","embeddable":true,"href":"https:\/\/vivasem.ro\/index.php?rest_route=%2Fwp%2Fv2%2Fproduct_tag&post=8553"}],"curies":[{"name":"wp","href":"https:\/\/api.w.org\/{rel}","templated":true}]}}