{"id":854,"date":"2021-11-07T10:48:56","date_gmt":"2021-11-07T08:48:56","guid":{"rendered":"https:\/\/vivasem.ro\/?post_type=product&#038;p=854"},"modified":"2026-03-22T17:43:54","modified_gmt":"2026-03-22T15:43:54","slug":"beauty-lorraine-beauty-lottringa","status":"publish","type":"product","link":"https:\/\/vivasem.ro\/?product=beauty-lorraine-beauty-lottringa","title":{"rendered":"\u201e\u201eBEAUTY LORRAINE (BEAUTY LOTTRINGA)"},"content":{"rendered":"<h6><span style=\"color: #ff0000;\">BEAUTY LORRAINE\/(BEAUTY LOTTRINGA)\/FRUMOASA LORRAINE,<\/span><\/h6>\n<h6>Lot cu germina\u021bie de 90-100%.<\/h6>\n<h6><span style=\"color: #0000ff;\">SOI EXCEP\u021aIONAL, UNA DINTRE CELE MAI FRUMOASE RO\u0218II DIN LUME<\/span>, MERIT\u00c2NDU-\u0218I NUMELE PE DEPLIN, CU ASPECT DE CRIZANTEM\u0102 URIA\u0218\u0102, DE CULOARE RO\u0218U-INTENS.<\/h6>\n<h6>FRUCTELE NU SUNT DOAR FRUMOASE, CI \u0218I SUNT\u00a0 <span style=\"color: #0000ff;\">MARII \u0218I FOARTE MARI, IN GREUTATE MEDIE DE 200-400 GRAME, IAR UNELE DEP\u0102\u0218IND 500 grame, DEVENIND URIA\u0218E ,\u00a0 LA PESTE 700 grame.<\/span><\/h6>\n<h6>PULPA ESTE C\u0102RNOAS\u0102,SUCULENT\u0102.<\/h6>\n<h6>\u0218I<span style=\"color: #0000ff;\"> GUSTUL ATINGE PERFEC\u021aIUNEA<\/span> , ARMONIOS ECHILIBRAT DULCE-ACRI\u0218OR, CU AROM\u0102,VECHE, APROAPE F\u0102R\u0102 SEMIN\u021aE.<\/h6>\n<h6>PRODUCTIVITATEA ESTE MARE,\u00a0 PLANTELE POT FI DIRIJATE PE 2-3 BRA\u021aE,ASTFEL SE OB\u021aIN RECOLTE \u00ceNALTE.<\/h6>\n<h6>NOI AM OB\u021aINUT \u0218I 1,5 kilograme\/LA O PLANT\u0102\/LA O RECOLTARE,VEZI FOTO.<\/h6>\n<h6>SOIUL ESTE AMERICAN,LA ORIGINE,DAR VARIETATEA NOASTR\u0102 ESTE DIN UCRAINA, FIIND BINE ADAPTAT\u0102 LA TEMPERATURI SC\u0102ZUTE, ASTFEL C\u0102, PRODUCE P\u00c2N\u0102 LA \u00ceNGHE\u021a.NEDETERMIMAT, MEDIU-TIMPURIU.<\/h6>\n<p>&nbsp;<\/p>\n","protected":false},"excerpt":{"rendered":"<h6><span style=\"color: #0000ff;\">25 SEMIN\u021aE<\/span><\/h6>\n<h6>SOI EXCEP\u021aIONAL !<\/h6>\n<h6>GUST DEOSEBIT !<\/h6>\n<h6>FOARTE PRODUCTIV !<\/h6>\n","protected":false},"featured_media":3301,"comment_status":"open","ping_status":"closed","template":"","meta":{"site-sidebar-layout":"default","site-content-layout":"default","ast-site-content-layout":"default","site-content-style":"default","site-sidebar-style":"default","ast-global-header-display":"","ast-banner-title-visibility":"","ast-main-header-display":"","ast-hfb-above-header-display":"","ast-hfb-below-header-display":"","ast-hfb-mobile-header-display":"","site-post-title":"","ast-breadcrumbs-content":"","ast-featured-img":"","footer-sml-layout":"","ast-disable-related-posts":"","theme-transparent-header-meta":"default","adv-header-id-meta":"","stick-header-meta":"","header-above-stick-meta":"","header-main-stick-meta":"","header-below-stick-meta":"","astra-migrate-meta-layouts":"set","ast-page-background-enabled":"default","ast-page-background-meta":{"desktop":{"background-color":"var(--ast-global-color-4)","background-image":"","background-repeat":"repeat","background-position":"center center","background-size":"auto","background-attachment":"scroll","background-type":"","background-media":"","overlay-type":"","overlay-color":"","overlay-opacity":"","overlay-gradient":""},"tablet":{"background-color":"","background-image":"","background-repeat":"repeat","background-position":"center center","background-size":"auto","background-attachment":"scroll","background-type":"","background-media":"","overlay-type":"","overlay-color":"","overlay-opacity":"","overlay-gradient":""},"mobile":{"background-color":"","background-image":"","background-repeat":"repeat","background-position":"center center","background-size":"auto","background-attachment":"scroll","background-type":"","background-media":"","overlay-type":"","overlay-color":"","overlay-opacity":"","overlay-gradient":""}},"ast-content-background-meta":{"desktop":{"background-color":"var(--ast-global-color-5)","background-image":"","background-repeat":"repeat","background-position":"center center","background-size":"auto","background-attachment":"scroll","background-type":"","background-media":"","overlay-type":"","overlay-color":"","overlay-opacity":"","overlay-gradient":""},"tablet":{"background-color":"var(--ast-global-color-5)","background-image":"","background-repeat":"repeat","background-position":"center center","background-size":"auto","background-attachment":"scroll","background-type":"","background-media":"","overlay-type":"","overlay-color":"","overlay-opacity":"","overlay-gradient":""},"mobile":{"background-color":"var(--ast-global-color-5)","background-image":"","background-repeat":"repeat","background-position":"center center","background-size":"auto","background-attachment":"scroll","background-type":"","background-media":"","overlay-type":"","overlay-color":"","overlay-opacity":"","overlay-gradient":""}}},"product_brand":[],"product_cat":[141,142,15],"product_tag":[],"class_list":{"0":"post-854","1":"product","2":"type-product","3":"status-publish","4":"has-post-thumbnail","6":"product_cat-soi-gigant-urias","7":"product_cat-soiuri-rosii-roz","8":"product_cat-tomate-soi","9":"desktop-align-left","10":"tablet-align-left","11":"mobile-align-left","13":"first","14":"outofstock","15":"taxable","16":"shipping-taxable","17":"purchasable","18":"product-type-simple"},"_links":{"self":[{"href":"https:\/\/vivasem.ro\/index.php?rest_route=\/wp\/v2\/product\/854","targetHints":{"allow":["GET"]}}],"collection":[{"href":"https:\/\/vivasem.ro\/index.php?rest_route=\/wp\/v2\/product"}],"about":[{"href":"https:\/\/vivasem.ro\/index.php?rest_route=\/wp\/v2\/types\/product"}],"replies":[{"embeddable":true,"href":"https:\/\/vivasem.ro\/index.php?rest_route=%2Fwp%2Fv2%2Fcomments&post=854"}],"wp:featuredmedia":[{"embeddable":true,"href":"https:\/\/vivasem.ro\/index.php?rest_route=\/wp\/v2\/media\/3301"}],"wp:attachment":[{"href":"https:\/\/vivasem.ro\/index.php?rest_route=%2Fwp%2Fv2%2Fmedia&parent=854"}],"wp:term":[{"taxonomy":"product_brand","embeddable":true,"href":"https:\/\/vivasem.ro\/index.php?rest_route=%2Fwp%2Fv2%2Fproduct_brand&post=854"},{"taxonomy":"product_cat","embeddable":true,"href":"https:\/\/vivasem.ro\/index.php?rest_route=%2Fwp%2Fv2%2Fproduct_cat&post=854"},{"taxonomy":"product_tag","embeddable":true,"href":"https:\/\/vivasem.ro\/index.php?rest_route=%2Fwp%2Fv2%2Fproduct_tag&post=854"}],"curies":[{"name":"wp","href":"https:\/\/api.w.org\/{rel}","templated":true}]}}