{"id":8522,"date":"2022-12-25T19:14:42","date_gmt":"2022-12-25T17:14:42","guid":{"rendered":"https:\/\/vivasem.ro\/?post_type=product&#038;p=8522"},"modified":"2025-10-09T10:06:27","modified_gmt":"2025-10-09T08:06:27","slug":"castraveti-trilogy-rz-f1-25s","status":"publish","type":"product","link":"https:\/\/vivasem.ro\/?product=castraveti-trilogy-rz-f1-25s","title":{"rendered":"Castraveti TRILOGY RZ F1"},"content":{"rendered":"<h6><span style=\"color: #ff0000;\">Castrave\u021bi TRILOGY RZ F1,\u00a0 \u00a0 \u00a0 \u00a0 \u00a0 \u00a0 \u00a0 \u00a0 \u00a0 \u00a0 \u00a0 \u00a0 \u00a0 \u00a0 \u00a0 \u00a0 \u00a0 \u00a0 \u00a0 \u00a0 \u00a0 \u00a0 <img loading=\"lazy\" decoding=\"async\" class=\"alignnone size-medium wp-image-14882\" src=\"https:\/\/vivasem.ro\/wp-content\/uploads\/2022\/03\/RIJK-ZWAAN-300x71.jpg\" alt=\"\" width=\"300\" height=\"71\" srcset=\"https:\/\/vivasem.ro\/wp-content\/uploads\/2022\/03\/RIJK-ZWAAN-300x71.jpg 300w, https:\/\/vivasem.ro\/wp-content\/uploads\/2022\/03\/RIJK-ZWAAN-248x58.jpg 248w, https:\/\/vivasem.ro\/wp-content\/uploads\/2022\/03\/RIJK-ZWAAN-150x35.jpg 150w, https:\/\/vivasem.ro\/wp-content\/uploads\/2022\/03\/RIJK-ZWAAN.jpg 526w\" sizes=\"auto, (max-width: 300px) 100vw, 300px\" \/><\/span><\/h6>\n<h6><span style=\"color: #ff0000;\">Produc\u0103tor semin\u021be:Rijk Zwaan.Olanda,<\/span><\/h6>\n<ul>\n<li>\n<h6><span class=\"post-meta-key\" style=\"color: #0000ff;\">Descriere plant\u0103: <\/span><\/h6>\n<\/li>\n<li>\n<h6><span style=\"color: #ff0000;\">-Hibrid partenocarpic, de tip multifruct, foarte productiv, de mare succes, ce formeaz\u0103 fructe pe tulpina principal\u0103. <\/span><\/h6>\n<\/li>\n<li>\n<h6>\u2013 <span style=\"color: #ff0000;\">Plantele au vigoare mare<\/span> \u0219i dezvolt\u0103 foarte pu\u021bini l\u0103stari laterali.<\/h6>\n<\/li>\n<li>\n<h6>\u2013 Frunzele sunt s\u0103n\u0103toase \u0219i sunt de m\u0103rime medie.<\/h6>\n<\/li>\n<li>\n<h6>\u2013 Costuri sc\u0103zute cu for\u021ba de munc\u0103 manual\u0103.<\/h6>\n<\/li>\n<li>\n<h6><span class=\"post-meta-key\" style=\"color: #0000ff;\">Descriere fructe:<\/span><\/h6>\n<\/li>\n<li>\n<h6>\u2013 Fructele prezint\u0103 peri\u0219ori fini, au form\u0103 cilindric\u0103 \u0219i sunt de culoare verde \u00eenchis, u\u0219or marmorate.<\/h6>\n<\/li>\n<li>\n<h6><span style=\"color: #ff0000;\"> \u2013 \u00cen medie produce 4-6 fructe\/axil \u2013 hibrid de tip multifruct.\u00a0<\/span><\/h6>\n<\/li>\n<li>\n<h6>\u2013 Raport L:D \u2013 3,2:1.<\/h6>\n<\/li>\n<li>\n<h6><span style=\"color: #ff0000;\">\u2013 Procentul de pierdere al fructelor (avortarea) este foarte sc\u0103zut, aproape inexistent.<\/span><\/h6>\n<\/li>\n<li>\n<h6><span class=\"post-meta-key\" style=\"color: #0000ff;\">Cultur\u0103:<\/span><\/h6>\n<\/li>\n<li>\n<h6>Produc\u0103torul recomand\u0103 <span style=\"color: #ff0000;\">cultivarea palisat\u0103 at\u00e2t \u00een sere \u0219i solarii, pentru cicul I \u0219i II, c\u00e2t \u0219i \u00een c\u00e2mp deschis.<\/span><\/h6>\n<\/li>\n<li>\n<h6><em><strong>\u2013 2,0-2,4 plante\/ m2<\/strong><\/em><\/h6>\n<\/li>\n<li>\n<h6><span class=\"post-meta-key\"><span style=\"color: #0000ff;\">Rezisten\u021b\u0103 la agen\u021bi patogeni<\/span>:<\/span><\/h6>\n<\/li>\n<li>\n<h6>\u2013 CMV (Cucumber Mosaic Virus) &#8211; Virusul mozaicului la castrave\u021bi.<\/h6>\n<\/li>\n<li>\n<h6>\u2013 Ccu (Cladosporium cucumerinum) &#8211; Cladosporioza castrave\u021bilor.<\/h6>\n<\/li>\n<li>\n<h6>\u2013 Sf (Sphaerotheca fuliginea) &#8211; F\u0103inarea castrave\u021bilor.<\/h6>\n<\/li>\n<li>\n<h6>\u2013 Toleran\u021b\u0103 bun\u0103 la Mana castrave\u021bilor (Pseudoperonospora cubensis)<\/h6>\n<\/li>\n<\/ul>\n<h6><\/h6>\n<h6><\/h6>\n","protected":false},"excerpt":{"rendered":"<h6><strong><span style=\"color: #ff00ff;\">Hibrid multifruct, rezistent \u0219i foarte productiv !<\/span><\/strong><\/h6>\n<h6><span style=\"color: #0000ff;\"><img loading=\"lazy\" decoding=\"async\" class=\"alignnone wp-image-5567\" src=\"https:\/\/vivasem.ro\/wp-content\/uploads\/2021\/11\/NOU3.jpg\" alt=\"\" width=\"66\" height=\"64\" srcset=\"https:\/\/vivasem.ro\/wp-content\/uploads\/2021\/11\/NOU3.jpg 270w, https:\/\/vivasem.ro\/wp-content\/uploads\/2021\/11\/NOU3-248x241.jpg 248w\" sizes=\"auto, (max-width: 66px) 100vw, 66px\" \/><\/span><\/h6>\n<h6><\/h6>\n","protected":false},"featured_media":8524,"comment_status":"open","ping_status":"closed","template":"","meta":{"site-sidebar-layout":"default","site-content-layout":"default","ast-site-content-layout":"default","site-content-style":"default","site-sidebar-style":"default","ast-global-header-display":"","ast-banner-title-visibility":"","ast-main-header-display":"","ast-hfb-above-header-display":"","ast-hfb-below-header-display":"","ast-hfb-mobile-header-display":"","site-post-title":"","ast-breadcrumbs-content":"","ast-featured-img":"","footer-sml-layout":"","ast-disable-related-posts":"","theme-transparent-header-meta":"default","adv-header-id-meta":"","stick-header-meta":"","header-above-stick-meta":"","header-main-stick-meta":"","header-below-stick-meta":"","astra-migrate-meta-layouts":"set","ast-page-background-enabled":"default","ast-page-background-meta":{"desktop":{"background-color":"var(--ast-global-color-4)","background-image":"","background-repeat":"repeat","background-position":"center center","background-size":"auto","background-attachment":"scroll","background-type":"","background-media":"","overlay-type":"","overlay-color":"","overlay-opacity":"","overlay-gradient":""},"tablet":{"background-color":"","background-image":"","background-repeat":"repeat","background-position":"center center","background-size":"auto","background-attachment":"scroll","background-type":"","background-media":"","overlay-type":"","overlay-color":"","overlay-opacity":"","overlay-gradient":""},"mobile":{"background-color":"","background-image":"","background-repeat":"repeat","background-position":"center center","background-size":"auto","background-attachment":"scroll","background-type":"","background-media":"","overlay-type":"","overlay-color":"","overlay-opacity":"","overlay-gradient":""}},"ast-content-background-meta":{"desktop":{"background-color":"var(--ast-global-color-5)","background-image":"","background-repeat":"repeat","background-position":"center center","background-size":"auto","background-attachment":"scroll","background-type":"","background-media":"","overlay-type":"","overlay-color":"","overlay-opacity":"","overlay-gradient":""},"tablet":{"background-color":"var(--ast-global-color-5)","background-image":"","background-repeat":"repeat","background-position":"center center","background-size":"auto","background-attachment":"scroll","background-type":"","background-media":"","overlay-type":"","overlay-color":"","overlay-opacity":"","overlay-gradient":""},"mobile":{"background-color":"var(--ast-global-color-5)","background-image":"","background-repeat":"repeat","background-position":"center center","background-size":"auto","background-attachment":"scroll","background-type":"","background-media":"","overlay-type":"","overlay-color":"","overlay-opacity":"","overlay-gradient":""}}},"product_brand":[],"product_cat":[83],"product_tag":[],"class_list":{"0":"post-8522","1":"product","2":"type-product","3":"status-publish","4":"has-post-thumbnail","6":"product_cat-castraveti-hibrid","7":"pa_cantitate-10-seminte","8":"pa_cantitate-100-seminte","9":"pa_cantitate-200-seminte","10":"pa_cantitate-25-seminte","11":"pa_cantitate-250-seminte","12":"pa_cantitate-5-seminte","13":"pa_cantitate-50-seminte","14":"pa_cantitate-500-seminte","15":"desktop-align-left","16":"tablet-align-left","17":"mobile-align-left","19":"first","20":"instock","21":"sale","22":"taxable","23":"shipping-taxable","24":"purchasable","25":"product-type-variable"},"_links":{"self":[{"href":"https:\/\/vivasem.ro\/index.php?rest_route=\/wp\/v2\/product\/8522","targetHints":{"allow":["GET"]}}],"collection":[{"href":"https:\/\/vivasem.ro\/index.php?rest_route=\/wp\/v2\/product"}],"about":[{"href":"https:\/\/vivasem.ro\/index.php?rest_route=\/wp\/v2\/types\/product"}],"replies":[{"embeddable":true,"href":"https:\/\/vivasem.ro\/index.php?rest_route=%2Fwp%2Fv2%2Fcomments&post=8522"}],"wp:featuredmedia":[{"embeddable":true,"href":"https:\/\/vivasem.ro\/index.php?rest_route=\/wp\/v2\/media\/8524"}],"wp:attachment":[{"href":"https:\/\/vivasem.ro\/index.php?rest_route=%2Fwp%2Fv2%2Fmedia&parent=8522"}],"wp:term":[{"taxonomy":"product_brand","embeddable":true,"href":"https:\/\/vivasem.ro\/index.php?rest_route=%2Fwp%2Fv2%2Fproduct_brand&post=8522"},{"taxonomy":"product_cat","embeddable":true,"href":"https:\/\/vivasem.ro\/index.php?rest_route=%2Fwp%2Fv2%2Fproduct_cat&post=8522"},{"taxonomy":"product_tag","embeddable":true,"href":"https:\/\/vivasem.ro\/index.php?rest_route=%2Fwp%2Fv2%2Fproduct_tag&post=8522"}],"curies":[{"name":"wp","href":"https:\/\/api.w.org\/{rel}","templated":true}]}}