{"id":852,"date":"2021-11-07T10:29:28","date_gmt":"2021-11-07T08:29:28","guid":{"rendered":"https:\/\/vivasem.ro\/?post_type=product&#038;p=852"},"modified":"2026-01-01T11:44:26","modified_gmt":"2026-01-01T09:44:26","slug":"greek-domata","status":"publish","type":"product","link":"https:\/\/vivasem.ro\/?product=greek-domata","title":{"rendered":"GREEK DOMATA  (Ofert\u0103 pret\/G. 60-80%)"},"content":{"rendered":"<h6><span style=\"color: #ff0000;\">GREEK DOMATA,<\/span><\/h6>\n<h6><span style=\"color: #000080;\">Lot cu germinatie de 60-80%.<\/span><\/h6>\n<h6><span style=\"color: #ff0000;\">EXCEP\u021aIONAL SOI VECHI,GRECESC, DE LA MUNTELE ATHOS, CREEAT DE C\u0102LUG\u0102RII M\u00c2N\u0102STIRII SF.DIONISIE (Dionysiou ), VARIETATEA NOASTR\u0102 FIIND ACLIMATIZAT\u0102 IN UCRAINA .<\/span><\/h6>\n<h6><span style=\"color: #000080;\"><span style=\"color: #ff0000;\">PRODUCTIVITATEA\u00a0 EXTRAORDINAR\u0102 <\/span>ESTE ASIGURAT\u0102 DE \u00a0CIORCHINII DE 4-5\u00a0 FRUCTE MARI, RO\u0218U-ROZ ZMEURIU, FOARTE C\u0102RNOASE TIP BEEFSTEAK, CU <span style=\"color: #ff0000;\">GUST EXCEP\u021aIONAL, DULCE ,ARMONIOS ECHILIBRAT CU ACID \u0218I\u00a0 AROM\u0102 MINUNATE DE RO\u0218IE VECHE. NOI AM OB\u021aINUT \u0218I 2 kilograme , LA O PLANT\u0102, LA O RECOLTARE.<\/span><\/span><\/h6>\n<h6><span style=\"color: #000080;\">GREUTATEA TOMATELOR ESTE MARE \u0218I FOARTE MARE, AV\u00c2ND \u00ceN MEDIE 250-500 grame, IAR UNELE DEP\u0102\u0218IND 600 grame.<\/span><\/h6>\n<h6><span style=\"color: #000080;\">ARE O FOARTE BUN\u0102 REZISTEN\u021a\u0102 LA BOLI \u0218I VARIA\u021aII TERMICE , LA TEMPERATURI SC\u0102ZUTE,ASTFEL ,OB\u021aIN\u00c2NDU-SE PRODUC\u021aII MARI .<\/span><\/h6>\n<h6>SOI NEDETERMINAT, MEDIU-TIMPURIU.<\/h6>\n","protected":false},"excerpt":{"rendered":"<h6><span style=\"color: #ff00ff;\">DE LA MUNTELE ATHOS,<\/span><\/h6>\n<h6><span style=\"color: #ff00ff;\">SOI URIA\u0218 EXTREM DE PRODUCTIV, GUST EXCEP\u021aIONAL !<\/span><\/h6>\n<h6><\/h6>\n<h6><\/h6>\n","protected":false},"featured_media":10553,"comment_status":"open","ping_status":"closed","template":"","meta":{"site-sidebar-layout":"default","site-content-layout":"default","ast-site-content-layout":"default","site-content-style":"default","site-sidebar-style":"default","ast-global-header-display":"","ast-banner-title-visibility":"","ast-main-header-display":"","ast-hfb-above-header-display":"","ast-hfb-below-header-display":"","ast-hfb-mobile-header-display":"","site-post-title":"","ast-breadcrumbs-content":"","ast-featured-img":"","footer-sml-layout":"","ast-disable-related-posts":"","theme-transparent-header-meta":"default","adv-header-id-meta":"","stick-header-meta":"","header-above-stick-meta":"","header-main-stick-meta":"","header-below-stick-meta":"","astra-migrate-meta-layouts":"set","ast-page-background-enabled":"default","ast-page-background-meta":{"desktop":{"background-color":"var(--ast-global-color-4)","background-image":"","background-repeat":"repeat","background-position":"center center","background-size":"auto","background-attachment":"scroll","background-type":"","background-media":"","overlay-type":"","overlay-color":"","overlay-opacity":"","overlay-gradient":""},"tablet":{"background-color":"","background-image":"","background-repeat":"repeat","background-position":"center center","background-size":"auto","background-attachment":"scroll","background-type":"","background-media":"","overlay-type":"","overlay-color":"","overlay-opacity":"","overlay-gradient":""},"mobile":{"background-color":"","background-image":"","background-repeat":"repeat","background-position":"center center","background-size":"auto","background-attachment":"scroll","background-type":"","background-media":"","overlay-type":"","overlay-color":"","overlay-opacity":"","overlay-gradient":""}},"ast-content-background-meta":{"desktop":{"background-color":"var(--ast-global-color-5)","background-image":"","background-repeat":"repeat","background-position":"center center","background-size":"auto","background-attachment":"scroll","background-type":"","background-media":"","overlay-type":"","overlay-color":"","overlay-opacity":"","overlay-gradient":""},"tablet":{"background-color":"var(--ast-global-color-5)","background-image":"","background-repeat":"repeat","background-position":"center center","background-size":"auto","background-attachment":"scroll","background-type":"","background-media":"","overlay-type":"","overlay-color":"","overlay-opacity":"","overlay-gradient":""},"mobile":{"background-color":"var(--ast-global-color-5)","background-image":"","background-repeat":"repeat","background-position":"center center","background-size":"auto","background-attachment":"scroll","background-type":"","background-media":"","overlay-type":"","overlay-color":"","overlay-opacity":"","overlay-gradient":""}}},"product_brand":[],"product_cat":[141,142,15],"product_tag":[],"class_list":{"0":"post-852","1":"product","2":"type-product","3":"status-publish","4":"has-post-thumbnail","6":"product_cat-soi-gigant-urias","7":"product_cat-soiuri-rosii-roz","8":"product_cat-tomate-soi","9":"pa_numar-30-s-202","10":"pa_numar-30-s-1200-seminte","11":"pa_numar-30-s-150-seminte","12":"pa_numar-30-s-1500-seminte","13":"pa_numar-30-s-180-seminte","14":"pa_numar-30-s-210-seminte","15":"pa_numar-30-s-240-seminte","16":"pa_numar-30-s-270-seminte","17":"pa_numar-30-s-30-seminte","18":"pa_numar-30-s-300-seminte","19":"pa_numar-30-s-60-seminte","20":"pa_numar-30-s-600-seminte","21":"pa_numar-30-s-90-seminte","22":"pa_numar-30-s-900-seminte","23":"desktop-align-left","24":"tablet-align-left","25":"mobile-align-left","27":"first","28":"instock","29":"sale","30":"taxable","31":"shipping-taxable","32":"purchasable","33":"product-type-variable"},"_links":{"self":[{"href":"https:\/\/vivasem.ro\/index.php?rest_route=\/wp\/v2\/product\/852","targetHints":{"allow":["GET"]}}],"collection":[{"href":"https:\/\/vivasem.ro\/index.php?rest_route=\/wp\/v2\/product"}],"about":[{"href":"https:\/\/vivasem.ro\/index.php?rest_route=\/wp\/v2\/types\/product"}],"replies":[{"embeddable":true,"href":"https:\/\/vivasem.ro\/index.php?rest_route=%2Fwp%2Fv2%2Fcomments&post=852"}],"wp:featuredmedia":[{"embeddable":true,"href":"https:\/\/vivasem.ro\/index.php?rest_route=\/wp\/v2\/media\/10553"}],"wp:attachment":[{"href":"https:\/\/vivasem.ro\/index.php?rest_route=%2Fwp%2Fv2%2Fmedia&parent=852"}],"wp:term":[{"taxonomy":"product_brand","embeddable":true,"href":"https:\/\/vivasem.ro\/index.php?rest_route=%2Fwp%2Fv2%2Fproduct_brand&post=852"},{"taxonomy":"product_cat","embeddable":true,"href":"https:\/\/vivasem.ro\/index.php?rest_route=%2Fwp%2Fv2%2Fproduct_cat&post=852"},{"taxonomy":"product_tag","embeddable":true,"href":"https:\/\/vivasem.ro\/index.php?rest_route=%2Fwp%2Fv2%2Fproduct_tag&post=852"}],"curies":[{"name":"wp","href":"https:\/\/api.w.org\/{rel}","templated":true}]}}