{"id":851,"date":"2021-11-07T10:05:21","date_gmt":"2021-11-07T08:05:21","guid":{"rendered":"https:\/\/vivasem.ro\/?post_type=product&#038;p=851"},"modified":"2025-11-11T07:42:39","modified_gmt":"2025-11-11T05:42:39","slug":"beefsteak-sua","status":"publish","type":"product","link":"https:\/\/vivasem.ro\/?product=beefsteak-sua","title":{"rendered":"BEEFSTEAK (HOLMES SEED)"},"content":{"rendered":"<h6><span style=\"color: #ff0000;\">BEEFSTEAK -semin\u021be de la HOLMES SEED Co.SUA,<\/span><\/h6>\n<h6><span style=\"color: #0000ff;\"><strong>ESTE CONSIDERAT CEL MAI BUN SOI DIN LUME, SOI DE REFERIN\u021a\u0102 EXCEP\u021aIONAL, VECHI, HEIRLOOM, DIN CARE S-AU CREEAT NUMEROASE VARIET\u0102\u021aI \u0218I HIBRIZI.<\/strong><\/span><\/h6>\n<h6><span style=\"color: #0000ff;\"><strong>O\u00a0 CARACTERISTICA DEFINITORIE ESTE PULPA CONSISTENT\u0102, FOARTE C\u0102RNOAS\u0102,ROSU- INTENS, DULCE, GUSTOS\u0102 ,CARE, DE\u0218I FRAGED\u0102, POATE FI FELIAT\u0102 PERFECT \u0218I T\u0102IAT\u0102 CUBURI, CU PU\u021aINE SEMIN\u021aE, <\/strong>DE AICI \u0218I\u00a0 STANDARDIZAREA DENUMIRII EI,\u00a0 **PULP\u0102 TIP BEEFSTEAK **.<\/span><\/h6>\n<h6>O TR\u0102S\u0102TUR\u0102 IMPORTANT\u0102 ESTE M\u0102RIMEA FRUCTELOR,\u00a0<span style=\"color: #0000ff;\"> FIIND MARI \u0218I FOARTE MARI, \u00ceN MEDIE DE 200-400 grame, IAR UNELE AJUNG GIGANT, LA PESTE 1 kilogram.<\/span><\/h6>\n<h6><span style=\"color: #0000ff;\">TOT DEOSEBIT\u0102 ESTE \u0218I PRODUCTIVITATEA \u00ceNALT\u0102, NOI AM OB\u021aINUT \u0218I 2 kilograme LA\u00a0 O PLANT\u0102, LA O RECOLTARE.<\/span><\/h6>\n<h6>O ALT\u0102 CARACTERISTIC\u0102 ,DEVENIT\u0102 \u0218ABLON, ESTE ASPECTUL FRUCTULUI, **FORMA TIP BEEFSTEAK**, ADIC\u0102 FRUCTE MARI, TURTITE, CARE PREZINT\u0102 ONDULEURI,\u00a0 LUCIOASE , FRUMOASE ; IMAGINEA UNUI ASTFEL DE FRUCT, DEVENIND LA PRIMA VEDERE, O GARAN\u021aIE A CALIT\u0102\u021aII.<\/h6>\n<h6>PLANTELE SUNT NEDETERMINATE, MEDIU-TIMPURII.<\/h6>\n<h6>SOI DIN SUA<\/h6>\n","protected":false},"excerpt":{"rendered":"<h6><span style=\"color: #0000ff;\">25 SEMIN\u021aE<\/span><\/h6>\n<h6><span style=\"color: #ff00ff;\">ESTE CONSIDERAT CEL MAI BUN SOI DIN LUME !<\/span><\/h6>\n<h6><span style=\"color: #ff00ff;\">GUST EXCEP\u021aIONAL !<\/span><\/h6>\n","protected":false},"featured_media":4664,"comment_status":"open","ping_status":"closed","template":"","meta":{"site-sidebar-layout":"default","site-content-layout":"default","ast-site-content-layout":"default","site-content-style":"default","site-sidebar-style":"default","ast-global-header-display":"","ast-banner-title-visibility":"","ast-main-header-display":"","ast-hfb-above-header-display":"","ast-hfb-below-header-display":"","ast-hfb-mobile-header-display":"","site-post-title":"","ast-breadcrumbs-content":"","ast-featured-img":"","footer-sml-layout":"","ast-disable-related-posts":"","theme-transparent-header-meta":"default","adv-header-id-meta":"","stick-header-meta":"","header-above-stick-meta":"","header-main-stick-meta":"","header-below-stick-meta":"","astra-migrate-meta-layouts":"set","ast-page-background-enabled":"default","ast-page-background-meta":{"desktop":{"background-color":"var(--ast-global-color-4)","background-image":"","background-repeat":"repeat","background-position":"center center","background-size":"auto","background-attachment":"scroll","background-type":"","background-media":"","overlay-type":"","overlay-color":"","overlay-opacity":"","overlay-gradient":""},"tablet":{"background-color":"","background-image":"","background-repeat":"repeat","background-position":"center center","background-size":"auto","background-attachment":"scroll","background-type":"","background-media":"","overlay-type":"","overlay-color":"","overlay-opacity":"","overlay-gradient":""},"mobile":{"background-color":"","background-image":"","background-repeat":"repeat","background-position":"center center","background-size":"auto","background-attachment":"scroll","background-type":"","background-media":"","overlay-type":"","overlay-color":"","overlay-opacity":"","overlay-gradient":""}},"ast-content-background-meta":{"desktop":{"background-color":"var(--ast-global-color-5)","background-image":"","background-repeat":"repeat","background-position":"center center","background-size":"auto","background-attachment":"scroll","background-type":"","background-media":"","overlay-type":"","overlay-color":"","overlay-opacity":"","overlay-gradient":""},"tablet":{"background-color":"var(--ast-global-color-5)","background-image":"","background-repeat":"repeat","background-position":"center center","background-size":"auto","background-attachment":"scroll","background-type":"","background-media":"","overlay-type":"","overlay-color":"","overlay-opacity":"","overlay-gradient":""},"mobile":{"background-color":"var(--ast-global-color-5)","background-image":"","background-repeat":"repeat","background-position":"center center","background-size":"auto","background-attachment":"scroll","background-type":"","background-media":"","overlay-type":"","overlay-color":"","overlay-opacity":"","overlay-gradient":""}}},"product_brand":[],"product_cat":[141,142,15],"product_tag":[],"class_list":{"0":"post-851","1":"product","2":"type-product","3":"status-publish","4":"has-post-thumbnail","6":"product_cat-soi-gigant-urias","7":"product_cat-soiuri-rosii-roz","8":"product_cat-tomate-soi","9":"desktop-align-left","10":"tablet-align-left","11":"mobile-align-left","13":"first","14":"instock","15":"taxable","16":"shipping-taxable","17":"purchasable","18":"product-type-simple"},"_links":{"self":[{"href":"https:\/\/vivasem.ro\/index.php?rest_route=\/wp\/v2\/product\/851","targetHints":{"allow":["GET"]}}],"collection":[{"href":"https:\/\/vivasem.ro\/index.php?rest_route=\/wp\/v2\/product"}],"about":[{"href":"https:\/\/vivasem.ro\/index.php?rest_route=\/wp\/v2\/types\/product"}],"replies":[{"embeddable":true,"href":"https:\/\/vivasem.ro\/index.php?rest_route=%2Fwp%2Fv2%2Fcomments&post=851"}],"wp:featuredmedia":[{"embeddable":true,"href":"https:\/\/vivasem.ro\/index.php?rest_route=\/wp\/v2\/media\/4664"}],"wp:attachment":[{"href":"https:\/\/vivasem.ro\/index.php?rest_route=%2Fwp%2Fv2%2Fmedia&parent=851"}],"wp:term":[{"taxonomy":"product_brand","embeddable":true,"href":"https:\/\/vivasem.ro\/index.php?rest_route=%2Fwp%2Fv2%2Fproduct_brand&post=851"},{"taxonomy":"product_cat","embeddable":true,"href":"https:\/\/vivasem.ro\/index.php?rest_route=%2Fwp%2Fv2%2Fproduct_cat&post=851"},{"taxonomy":"product_tag","embeddable":true,"href":"https:\/\/vivasem.ro\/index.php?rest_route=%2Fwp%2Fv2%2Fproduct_tag&post=851"}],"curies":[{"name":"wp","href":"https:\/\/api.w.org\/{rel}","templated":true}]}}