{"id":849,"date":"2021-11-07T09:25:32","date_gmt":"2021-11-07T07:25:32","guid":{"rendered":"https:\/\/vivasem.ro\/?post_type=product&#038;p=849"},"modified":"2025-12-14T10:53:22","modified_gmt":"2025-12-14T08:53:22","slug":"italian-american-goldmans-amish-tomato","status":"publish","type":"product","link":"https:\/\/vivasem.ro\/?product=italian-american-goldmans-amish-tomato","title":{"rendered":"_ ITALIAN-AMERICAN GOLDMANS (AMISH TOMATO)"},"content":{"rendered":"<h6><span style=\"color: #ff0000;\">ITALIAN-AMERICAN GOLDMANS-AMISH TOMATO ,<\/span><\/h6>\n<h6><span style=\"color: #0000ff;\">EXCEP\u021aIONAL SOI VECHI, HEIRLOOM, AL COMUNIT\u0102\u021aII AMISH DIN SUA ,CU ORIGINE\u00a0 \u00ceN SOIURILE TIP INIM\u0102 DE BOU ITALIENE, DEOSEBIT DE\u00a0 PRODUCTIV.<\/span><\/h6>\n<h6><span style=\"color: #0000ff;\">\u00a0FRUCTELE SUNT MARI, \u00ceN MEDIE \u00ceNTRE 150- 300 grame, DAR POT AJUNGE \u0218I PESTE 500 grame \u0218I CHIAR LA 1 kilogram.<\/span><\/h6>\n<h6>TOMATELE DEOSEBIT DE FRUMOASE,DE CULOARE RO\u0218U-INTENS, SUNT PUTERNIC ONDULATE.<\/h6>\n<h6>DELICIOASE, DULCI \u0218I EXTREM DE\u00a0 GUSTOASE,CU AROM\u0102 DE RO\u0218IE VECHE, C\u0102RNOASE ,SUCULENTE,CU PU\u021aINE SEMIN\u021aE ,PU\u021aIN GEL, UNEORI CU GOLURI, PERFECTE PENTRU SALATE \u0218I SOSURI.<\/h6>\n<h6><span style=\"color: #0000ff;\">ACEAST\u0102 VARIETATE A FOST ACLIMATIZAT\u0102 \u00ceN UCRAINA\u00a0 \u0218I\u00a0 A DEVENIT MAI REZISTENT\u0102 LA TEMPERATURI SC\u0102ZUTE \u0218I VARIA\u021aII TERMICE, FAPT CONFIRMAT DE REZULTATELE EXCELENTE \u00ceN GR\u0102DINA NOASTR\u0102 DE LA POALELE MUN\u021aILOR.<\/span><\/h6>\n<h6><span style=\"color: #0000ff;\">PLANTELE SUNT NEDETERMINATE, MEDIU-TIMPURII.<\/span><\/h6>\n<h6><span style=\"color: #ff00ff;\">DESPRE ACEST MINUNAT SOI , A\u0218 SUBLINIA C\u0102 , A FOST CREEAT PRINTR-O CONTRIBU\u021aIE INTERNA\u021aIONAL\u0102 , ESTE LA ORIGINE ITALIAN, AMELIORAT \u00ceN STATELE UNITE DE C\u0102TRE GOLDMANS, UN EVREU, PRELUAT DE COMUNITATEA AMISH, CARE SUNT OLANDEZI \u0218I NOI L-AM PRELUAT, MAI BINE C\u0102LIT DE LA UCRAINEENI.<\/span><\/h6>\n","protected":false},"excerpt":{"rendered":"<h6><span style=\"color: #0000ff;\">25 SEMIN\u021aE<\/span><\/h6>\n<h6><span style=\"color: #ff00ff;\">FOARTE PRODUCTIV !<\/span><\/h6>\n<h6><span style=\"color: #ff00ff;\">GUST EXCEP\u021aIONAL !<\/span><\/h6>\n","protected":false},"featured_media":3685,"comment_status":"open","ping_status":"closed","template":"","meta":{"site-sidebar-layout":"default","site-content-layout":"default","ast-site-content-layout":"default","site-content-style":"default","site-sidebar-style":"default","ast-global-header-display":"","ast-banner-title-visibility":"","ast-main-header-display":"","ast-hfb-above-header-display":"","ast-hfb-below-header-display":"","ast-hfb-mobile-header-display":"","site-post-title":"","ast-breadcrumbs-content":"","ast-featured-img":"","footer-sml-layout":"","ast-disable-related-posts":"","theme-transparent-header-meta":"default","adv-header-id-meta":"","stick-header-meta":"","header-above-stick-meta":"","header-main-stick-meta":"","header-below-stick-meta":"","astra-migrate-meta-layouts":"set","ast-page-background-enabled":"default","ast-page-background-meta":{"desktop":{"background-color":"var(--ast-global-color-4)","background-image":"","background-repeat":"repeat","background-position":"center center","background-size":"auto","background-attachment":"scroll","background-type":"","background-media":"","overlay-type":"","overlay-color":"","overlay-opacity":"","overlay-gradient":""},"tablet":{"background-color":"","background-image":"","background-repeat":"repeat","background-position":"center center","background-size":"auto","background-attachment":"scroll","background-type":"","background-media":"","overlay-type":"","overlay-color":"","overlay-opacity":"","overlay-gradient":""},"mobile":{"background-color":"","background-image":"","background-repeat":"repeat","background-position":"center center","background-size":"auto","background-attachment":"scroll","background-type":"","background-media":"","overlay-type":"","overlay-color":"","overlay-opacity":"","overlay-gradient":""}},"ast-content-background-meta":{"desktop":{"background-color":"var(--ast-global-color-5)","background-image":"","background-repeat":"repeat","background-position":"center center","background-size":"auto","background-attachment":"scroll","background-type":"","background-media":"","overlay-type":"","overlay-color":"","overlay-opacity":"","overlay-gradient":""},"tablet":{"background-color":"var(--ast-global-color-5)","background-image":"","background-repeat":"repeat","background-position":"center center","background-size":"auto","background-attachment":"scroll","background-type":"","background-media":"","overlay-type":"","overlay-color":"","overlay-opacity":"","overlay-gradient":""},"mobile":{"background-color":"var(--ast-global-color-5)","background-image":"","background-repeat":"repeat","background-position":"center center","background-size":"auto","background-attachment":"scroll","background-type":"","background-media":"","overlay-type":"","overlay-color":"","overlay-opacity":"","overlay-gradient":""}}},"product_brand":[],"product_cat":[151,141,142,144,15],"product_tag":[],"class_list":{"0":"post-849","1":"product","2":"type-product","3":"status-publish","4":"has-post-thumbnail","6":"product_cat-soiuri-italiene","7":"product_cat-soi-gigant-urias","8":"product_cat-soiuri-rosii-roz","9":"product_cat-soiuri-tip-inima-de-bou","10":"product_cat-tomate-soi","11":"desktop-align-left","12":"tablet-align-left","13":"mobile-align-left","15":"first","16":"instock","17":"taxable","18":"shipping-taxable","19":"purchasable","20":"product-type-simple"},"_links":{"self":[{"href":"https:\/\/vivasem.ro\/index.php?rest_route=\/wp\/v2\/product\/849","targetHints":{"allow":["GET"]}}],"collection":[{"href":"https:\/\/vivasem.ro\/index.php?rest_route=\/wp\/v2\/product"}],"about":[{"href":"https:\/\/vivasem.ro\/index.php?rest_route=\/wp\/v2\/types\/product"}],"replies":[{"embeddable":true,"href":"https:\/\/vivasem.ro\/index.php?rest_route=%2Fwp%2Fv2%2Fcomments&post=849"}],"wp:featuredmedia":[{"embeddable":true,"href":"https:\/\/vivasem.ro\/index.php?rest_route=\/wp\/v2\/media\/3685"}],"wp:attachment":[{"href":"https:\/\/vivasem.ro\/index.php?rest_route=%2Fwp%2Fv2%2Fmedia&parent=849"}],"wp:term":[{"taxonomy":"product_brand","embeddable":true,"href":"https:\/\/vivasem.ro\/index.php?rest_route=%2Fwp%2Fv2%2Fproduct_brand&post=849"},{"taxonomy":"product_cat","embeddable":true,"href":"https:\/\/vivasem.ro\/index.php?rest_route=%2Fwp%2Fv2%2Fproduct_cat&post=849"},{"taxonomy":"product_tag","embeddable":true,"href":"https:\/\/vivasem.ro\/index.php?rest_route=%2Fwp%2Fv2%2Fproduct_tag&post=849"}],"curies":[{"name":"wp","href":"https:\/\/api.w.org\/{rel}","templated":true}]}}