{"id":8458,"date":"2022-12-11T14:27:20","date_gmt":"2022-12-11T12:27:20","guid":{"rendered":"https:\/\/vivasem.ro\/?post_type=product&#038;p=8458"},"modified":"2023-03-23T09:37:32","modified_gmt":"2023-03-23T07:37:32","slug":"ardei-kapya-max-oferta-21","status":"publish","type":"product","link":"https:\/\/vivasem.ro\/?product=ardei-kapya-max-oferta-21","title":{"rendered":".ARDEI KAPYA MAX (OFERTA 2+1)"},"content":{"rendered":"<h6><span style=\"color: #ff0000;\"><strong><u>ARDEI KAPYA MAX-OLANDA,<\/u><\/strong><\/span><\/h6>\n<h6><span style=\"color: #0000ff;\"><strong>Soi foarte viguros \u0219i foarte productiv,pentru cultura \u00een c\u00e2mp \u0219i spa\u021bii protejate,cu fructe mari<\/strong>.<\/span><\/h6>\n<h6><span style=\"color: #0000ff;\">Fructele au 15 &#8211; 17 cm \u00een lungime \u0219i 6 &#8211; 7 cm diametrul \u0219i sunt de culoare verde \u00eenchis, iar la maturitate devin ro\u0219u intens.<\/span><\/h6>\n<h6><span style=\"color: #0000ff;\">Greutatea medie este cuprins\u0103 \u00eentre 150 &#8211; 250 g.<\/span><\/h6>\n<h6><span style=\"color: #ff0000;\">Gust deosebit, pulp\u0103 groas\u0103, recomandat pentru consum \u00een stare proasp\u0103t\u0103,\u0219i pentru conservare .<\/span><\/h6>\n<h6><span style=\"color: #ff0000;\">Prezint\u0103 rezisten\u021b\u0103 la boli.<\/span><\/h6>\n<h6><span style=\"color: #0000ff;\">Poten\u021bial biologic de produc\u021bie ridicat.<\/span><\/h6>\n","protected":false},"excerpt":{"rendered":"<h6><span style=\"color: #0000ff;\">420 SEMIN\u021aE (3&#215;140 =2+1 Gratis)<\/span><\/h6>\n<h6><span style=\"color: #0000ff;\"><span style=\"color: #ff00ff;\">SOI FOARTE PRODUCTIV !<\/span><\/span><\/h6>\n","protected":false},"featured_media":5029,"comment_status":"open","ping_status":"closed","template":"","meta":{"site-sidebar-layout":"default","site-content-layout":"default","ast-site-content-layout":"default","site-content-style":"default","site-sidebar-style":"default","ast-global-header-display":"","ast-banner-title-visibility":"","ast-main-header-display":"","ast-hfb-above-header-display":"","ast-hfb-below-header-display":"","ast-hfb-mobile-header-display":"","site-post-title":"","ast-breadcrumbs-content":"","ast-featured-img":"","footer-sml-layout":"","ast-disable-related-posts":"","theme-transparent-header-meta":"default","adv-header-id-meta":"","stick-header-meta":"","header-above-stick-meta":"","header-main-stick-meta":"","header-below-stick-meta":"","astra-migrate-meta-layouts":"default","ast-page-background-enabled":"default","ast-page-background-meta":{"desktop":{"background-color":"var(--ast-global-color-4)","background-image":"","background-repeat":"repeat","background-position":"center center","background-size":"auto","background-attachment":"scroll","background-type":"","background-media":"","overlay-type":"","overlay-color":"","overlay-opacity":"","overlay-gradient":""},"tablet":{"background-color":"","background-image":"","background-repeat":"repeat","background-position":"center center","background-size":"auto","background-attachment":"scroll","background-type":"","background-media":"","overlay-type":"","overlay-color":"","overlay-opacity":"","overlay-gradient":""},"mobile":{"background-color":"","background-image":"","background-repeat":"repeat","background-position":"center center","background-size":"auto","background-attachment":"scroll","background-type":"","background-media":"","overlay-type":"","overlay-color":"","overlay-opacity":"","overlay-gradient":""}},"ast-content-background-meta":{"desktop":{"background-color":"var(--ast-global-color-5)","background-image":"","background-repeat":"repeat","background-position":"center center","background-size":"auto","background-attachment":"scroll","background-type":"","background-media":"","overlay-type":"","overlay-color":"","overlay-opacity":"","overlay-gradient":""},"tablet":{"background-color":"var(--ast-global-color-5)","background-image":"","background-repeat":"repeat","background-position":"center center","background-size":"auto","background-attachment":"scroll","background-type":"","background-media":"","overlay-type":"","overlay-color":"","overlay-opacity":"","overlay-gradient":""},"mobile":{"background-color":"var(--ast-global-color-5)","background-image":"","background-repeat":"repeat","background-position":"center center","background-size":"auto","background-attachment":"scroll","background-type":"","background-media":"","overlay-type":"","overlay-color":"","overlay-opacity":"","overlay-gradient":""}}},"product_brand":[],"product_cat":[149],"product_tag":[],"class_list":{"0":"post-8458","1":"product","2":"type-product","3":"status-publish","4":"has-post-thumbnail","6":"product_cat-33-produse-epuizate","7":"desktop-align-left","8":"tablet-align-left","9":"mobile-align-left","11":"first","12":"outofstock","13":"taxable","14":"shipping-taxable","15":"purchasable","16":"product-type-simple"},"_links":{"self":[{"href":"https:\/\/vivasem.ro\/index.php?rest_route=\/wp\/v2\/product\/8458","targetHints":{"allow":["GET"]}}],"collection":[{"href":"https:\/\/vivasem.ro\/index.php?rest_route=\/wp\/v2\/product"}],"about":[{"href":"https:\/\/vivasem.ro\/index.php?rest_route=\/wp\/v2\/types\/product"}],"replies":[{"embeddable":true,"href":"https:\/\/vivasem.ro\/index.php?rest_route=%2Fwp%2Fv2%2Fcomments&post=8458"}],"wp:featuredmedia":[{"embeddable":true,"href":"https:\/\/vivasem.ro\/index.php?rest_route=\/wp\/v2\/media\/5029"}],"wp:attachment":[{"href":"https:\/\/vivasem.ro\/index.php?rest_route=%2Fwp%2Fv2%2Fmedia&parent=8458"}],"wp:term":[{"taxonomy":"product_brand","embeddable":true,"href":"https:\/\/vivasem.ro\/index.php?rest_route=%2Fwp%2Fv2%2Fproduct_brand&post=8458"},{"taxonomy":"product_cat","embeddable":true,"href":"https:\/\/vivasem.ro\/index.php?rest_route=%2Fwp%2Fv2%2Fproduct_cat&post=8458"},{"taxonomy":"product_tag","embeddable":true,"href":"https:\/\/vivasem.ro\/index.php?rest_route=%2Fwp%2Fv2%2Fproduct_tag&post=8458"}],"curies":[{"name":"wp","href":"https:\/\/api.w.org\/{rel}","templated":true}]}}