{"id":845,"date":"2021-11-06T21:51:41","date_gmt":"2021-11-06T19:51:41","guid":{"rendered":"https:\/\/vivasem.ro\/?post_type=product&#038;p=845"},"modified":"2026-03-16T20:21:53","modified_gmt":"2026-03-16T18:21:53","slug":"gigant-bulgaresti","status":"publish","type":"product","link":"https:\/\/vivasem.ro\/?product=gigant-bulgaresti","title":{"rendered":"\u201eGIGANT BULG\u0102RESTI"},"content":{"rendered":"<h6><span style=\"color: #ff0000;\"><strong>GIGANT BULG\u0102RE\u0218TI,<\/strong><\/span><\/h6>\n<h6><span style=\"color: #0000ff;\"><strong>UN EXCEP\u021aIONAL SOI TRADI\u021aIONAL ,\u021a\u0102R\u0102NESC, CU ORIGINI \u00ceN BULGARIA, CULTIVAT CU FOARTE BUNE REZULTATE \u00ceN TOATE ZONELE ROM\u00c2NIEI, DATORIT\u0102 REZISTEN\u021aEI EXCELENT\u0102 LA TEMPERATURI RIDICATE, DAR \u0218I MAI SC\u0102ZUTE, FIIND UNUL DIN SOIURILE CU REZULTATELE CELE MAI BUNE ,\u0218I LA NOI , LA BRA\u0218OV.<\/strong><\/span><\/h6>\n<h6><span style=\"color: #ff0000;\"><strong>ESTE EXTREM DE PRODUCTIV,CU FRUCTE IN GREUTATE MEDIE DE 200-350 grame, DAR UN PROCENT MARE DE RO\u0218II POT AJUNGE\u00a0 LA PESTE 400- 500 grame \u0218I UNELE POT AJUNGE \u00ceN JUR DE 1 kilogram.<\/strong><\/span><\/h6>\n<h6><span style=\"color: #333399;\">TOMATELE SUNT DE CULOARE\u00a0 RO\u0218IE-INTENS\u0102, DELICIOASE, INTENS AROMATE, FOARTE DULCI , NEACIDE, SUCULENTE, CU GUST DE RO\u0218IE VECHE.<\/span><\/h6>\n<h6>PLANTE MARI, VIGUROASE, NEDETERMINATE, SEMITIMPURII CU REZISTEN\u021a\u0102 BUN\u0102 LA TEMPERATURI RIDICATE.<\/h6>\n<h6><span style=\"color: #0000ff;\"><strong>DATORIT\u0102 BUNEI REZISTEN\u021aE LA VARIA\u021aII TERMICE \u0218I LA BOLI, ESTE DE CULTIVAT IN SPECIAL \u00ceN GR\u0102DIN\u0102, DAR \u0218I \u00ceN SOLARII UNDE ARE REZULTATE EXCEP\u021aIONALE .\u00a0<\/strong><\/span><\/h6>\n","protected":false},"excerpt":{"rendered":"<h6><span style=\"color: #0000ff;\">25 SEMIN\u021aE<\/span><\/h6>\n<h6><span style=\"color: #ff00ff;\">SOI URIA\u0218 EXTREM DE PRODUCTIV, FOARTE REZISTENT, <\/span><span style=\"color: #ff00ff;\">GUST EXCEP\u021aIONAL<\/span> !<\/h6>\n<p><a href=\"https:\/\/vivasem.ro\/wp-content\/uploads\/2021\/11\/RO-1-e1669582350814.jpg\"><img loading=\"lazy\" decoding=\"async\" class=\"alignnone size-full wp-image-7098\" src=\"https:\/\/vivasem.ro\/wp-content\/uploads\/2021\/11\/RO-1-e1669582350814.jpg\" alt=\"\" width=\"297\" height=\"105\" \/><\/a><\/p>\n","protected":false},"featured_media":1363,"comment_status":"open","ping_status":"closed","template":"","meta":{"site-sidebar-layout":"default","site-content-layout":"default","ast-site-content-layout":"default","site-content-style":"default","site-sidebar-style":"default","ast-global-header-display":"","ast-banner-title-visibility":"","ast-main-header-display":"","ast-hfb-above-header-display":"","ast-hfb-below-header-display":"","ast-hfb-mobile-header-display":"","site-post-title":"","ast-breadcrumbs-content":"","ast-featured-img":"","footer-sml-layout":"","ast-disable-related-posts":"","theme-transparent-header-meta":"default","adv-header-id-meta":"","stick-header-meta":"","header-above-stick-meta":"","header-main-stick-meta":"","header-below-stick-meta":"","astra-migrate-meta-layouts":"set","ast-page-background-enabled":"default","ast-page-background-meta":{"desktop":{"background-color":"var(--ast-global-color-4)","background-image":"","background-repeat":"repeat","background-position":"center center","background-size":"auto","background-attachment":"scroll","background-type":"","background-media":"","overlay-type":"","overlay-color":"","overlay-opacity":"","overlay-gradient":""},"tablet":{"background-color":"","background-image":"","background-repeat":"repeat","background-position":"center center","background-size":"auto","background-attachment":"scroll","background-type":"","background-media":"","overlay-type":"","overlay-color":"","overlay-opacity":"","overlay-gradient":""},"mobile":{"background-color":"","background-image":"","background-repeat":"repeat","background-position":"center center","background-size":"auto","background-attachment":"scroll","background-type":"","background-media":"","overlay-type":"","overlay-color":"","overlay-opacity":"","overlay-gradient":""}},"ast-content-background-meta":{"desktop":{"background-color":"var(--ast-global-color-5)","background-image":"","background-repeat":"repeat","background-position":"center center","background-size":"auto","background-attachment":"scroll","background-type":"","background-media":"","overlay-type":"","overlay-color":"","overlay-opacity":"","overlay-gradient":""},"tablet":{"background-color":"var(--ast-global-color-5)","background-image":"","background-repeat":"repeat","background-position":"center center","background-size":"auto","background-attachment":"scroll","background-type":"","background-media":"","overlay-type":"","overlay-color":"","overlay-opacity":"","overlay-gradient":""},"mobile":{"background-color":"var(--ast-global-color-5)","background-image":"","background-repeat":"repeat","background-position":"center center","background-size":"auto","background-attachment":"scroll","background-type":"","background-media":"","overlay-type":"","overlay-color":"","overlay-opacity":"","overlay-gradient":""}}},"product_brand":[],"product_cat":[141,140,142,15],"product_tag":[],"class_list":{"0":"post-845","1":"product","2":"type-product","3":"status-publish","4":"has-post-thumbnail","6":"product_cat-soi-gigant-urias","7":"product_cat-soiuri-romanesti","8":"product_cat-soiuri-rosii-roz","9":"product_cat-tomate-soi","10":"desktop-align-left","11":"tablet-align-left","12":"mobile-align-left","14":"first","15":"instock","16":"taxable","17":"shipping-taxable","18":"purchasable","19":"product-type-simple"},"_links":{"self":[{"href":"https:\/\/vivasem.ro\/index.php?rest_route=\/wp\/v2\/product\/845","targetHints":{"allow":["GET"]}}],"collection":[{"href":"https:\/\/vivasem.ro\/index.php?rest_route=\/wp\/v2\/product"}],"about":[{"href":"https:\/\/vivasem.ro\/index.php?rest_route=\/wp\/v2\/types\/product"}],"replies":[{"embeddable":true,"href":"https:\/\/vivasem.ro\/index.php?rest_route=%2Fwp%2Fv2%2Fcomments&post=845"}],"wp:featuredmedia":[{"embeddable":true,"href":"https:\/\/vivasem.ro\/index.php?rest_route=\/wp\/v2\/media\/1363"}],"wp:attachment":[{"href":"https:\/\/vivasem.ro\/index.php?rest_route=%2Fwp%2Fv2%2Fmedia&parent=845"}],"wp:term":[{"taxonomy":"product_brand","embeddable":true,"href":"https:\/\/vivasem.ro\/index.php?rest_route=%2Fwp%2Fv2%2Fproduct_brand&post=845"},{"taxonomy":"product_cat","embeddable":true,"href":"https:\/\/vivasem.ro\/index.php?rest_route=%2Fwp%2Fv2%2Fproduct_cat&post=845"},{"taxonomy":"product_tag","embeddable":true,"href":"https:\/\/vivasem.ro\/index.php?rest_route=%2Fwp%2Fv2%2Fproduct_tag&post=845"}],"curies":[{"name":"wp","href":"https:\/\/api.w.org\/{rel}","templated":true}]}}