{"id":8446,"date":"2022-12-11T10:55:35","date_gmt":"2022-12-11T08:55:35","guid":{"rendered":"https:\/\/vivasem.ro\/?post_type=product&#038;p=8446"},"modified":"2022-12-11T11:29:14","modified_gmt":"2022-12-11T09:29:14","slug":"rucsac-prescolar","status":"publish","type":"product","link":"https:\/\/vivasem.ro\/?product=rucsac-prescolar","title":{"rendered":"FUNDI\u021aE PENTRU CADOURI, 50 x 2 cm. DIVERSE CULORI"},"content":{"rendered":"<table style=\"height: 18px;\" width=\"1441\">\n<tbody>\n<tr>\n<td width=\"363\">\n<h6><span style=\"color: #0000ff;\">FUNDI\u021aE PENTRU CADOURI, \u00ceN LUNGIME NEMONTAT\u0102, DE 50\u00a0 cm. \u0218I L\u0102\u021aIME DE 2 cm. <\/span><\/h6>\n<h6><span style=\"color: #0000ff;\">PRE\u021aURI NEGOCIABILE LA CANTITATE MAI MARE.<\/span><\/h6>\n<h6>PENTRU VARIANTELE DE CULOARE DE MAI JOS, VEZI FOTO, SPECIFICA\u021aI \u00ceN FORMULARUL DE COMAND\u0102, LA RUBRICA *NOT\u0102 DE COMAND\u0102*, CULOAREA DORIT\u0102:<\/h6>\n<h6><span style=\"color: #0000ff;\">-VERDE KAKI<\/span><\/h6>\n<h6><span style=\"color: #0000ff;\">-VI\u0218INIU<\/span><\/h6>\n<h6><span style=\"color: #0000ff;\">-VERNIL<\/span><\/h6>\n<h6><span style=\"color: #0000ff;\">-ORANGE<\/span><\/h6>\n<\/td>\n<\/tr>\n<\/tbody>\n<\/table>\n","protected":false},"excerpt":{"rendered":"<p>FUNDI\u021aE PENTRU CADOURI, \u00ceN LUNGIME NEMONTAT\u0102, DE 50\u00a0 cm. \u0218I L\u0102\u021aIME DE 2 cm. PRE\u021aURI NEGOCIABILE LA CANTITATE MAI MARE. PENTRU VARIANTELE DE CULOARE DE MAI JOS, VEZI FOTO, SPECIFICA\u021aI \u00ceN FORMULARUL DE COMAND\u0102, LA RUBRICA *NOT\u0102 DE COMAND\u0102*, CULOAREA DORIT\u0102: -VERDE KAKI -VI\u0218INIU -VERNIL -ORANGE<\/p>\n","protected":false},"featured_media":8450,"comment_status":"open","ping_status":"closed","template":"","meta":{"site-sidebar-layout":"default","site-content-layout":"default","ast-site-content-layout":"default","site-content-style":"default","site-sidebar-style":"default","ast-global-header-display":"","ast-banner-title-visibility":"","ast-main-header-display":"","ast-hfb-above-header-display":"","ast-hfb-below-header-display":"","ast-hfb-mobile-header-display":"","site-post-title":"","ast-breadcrumbs-content":"","ast-featured-img":"","footer-sml-layout":"","ast-disable-related-posts":"","theme-transparent-header-meta":"default","adv-header-id-meta":"","stick-header-meta":"","header-above-stick-meta":"","header-main-stick-meta":"","header-below-stick-meta":"","astra-migrate-meta-layouts":"default","ast-page-background-enabled":"default","ast-page-background-meta":{"desktop":{"background-color":"var(--ast-global-color-4)","background-image":"","background-repeat":"repeat","background-position":"center center","background-size":"auto","background-attachment":"scroll","background-type":"","background-media":"","overlay-type":"","overlay-color":"","overlay-opacity":"","overlay-gradient":""},"tablet":{"background-color":"","background-image":"","background-repeat":"repeat","background-position":"center center","background-size":"auto","background-attachment":"scroll","background-type":"","background-media":"","overlay-type":"","overlay-color":"","overlay-opacity":"","overlay-gradient":""},"mobile":{"background-color":"","background-image":"","background-repeat":"repeat","background-position":"center center","background-size":"auto","background-attachment":"scroll","background-type":"","background-media":"","overlay-type":"","overlay-color":"","overlay-opacity":"","overlay-gradient":""}},"ast-content-background-meta":{"desktop":{"background-color":"var(--ast-global-color-5)","background-image":"","background-repeat":"repeat","background-position":"center center","background-size":"auto","background-attachment":"scroll","background-type":"","background-media":"","overlay-type":"","overlay-color":"","overlay-opacity":"","overlay-gradient":""},"tablet":{"background-color":"var(--ast-global-color-5)","background-image":"","background-repeat":"repeat","background-position":"center center","background-size":"auto","background-attachment":"scroll","background-type":"","background-media":"","overlay-type":"","overlay-color":"","overlay-opacity":"","overlay-gradient":""},"mobile":{"background-color":"var(--ast-global-color-5)","background-image":"","background-repeat":"repeat","background-position":"center center","background-size":"auto","background-attachment":"scroll","background-type":"","background-media":"","overlay-type":"","overlay-color":"","overlay-opacity":"","overlay-gradient":""}}},"product_brand":[],"product_cat":[92],"product_tag":[],"class_list":{"0":"post-8446","1":"product","2":"type-product","3":"status-publish","4":"has-post-thumbnail","6":"product_cat-papetarie","7":"desktop-align-left","8":"tablet-align-left","9":"mobile-align-left","11":"first","12":"instock","13":"taxable","14":"shipping-taxable","15":"purchasable","16":"product-type-simple"},"_links":{"self":[{"href":"https:\/\/vivasem.ro\/index.php?rest_route=\/wp\/v2\/product\/8446","targetHints":{"allow":["GET"]}}],"collection":[{"href":"https:\/\/vivasem.ro\/index.php?rest_route=\/wp\/v2\/product"}],"about":[{"href":"https:\/\/vivasem.ro\/index.php?rest_route=\/wp\/v2\/types\/product"}],"replies":[{"embeddable":true,"href":"https:\/\/vivasem.ro\/index.php?rest_route=%2Fwp%2Fv2%2Fcomments&post=8446"}],"wp:featuredmedia":[{"embeddable":true,"href":"https:\/\/vivasem.ro\/index.php?rest_route=\/wp\/v2\/media\/8450"}],"wp:attachment":[{"href":"https:\/\/vivasem.ro\/index.php?rest_route=%2Fwp%2Fv2%2Fmedia&parent=8446"}],"wp:term":[{"taxonomy":"product_brand","embeddable":true,"href":"https:\/\/vivasem.ro\/index.php?rest_route=%2Fwp%2Fv2%2Fproduct_brand&post=8446"},{"taxonomy":"product_cat","embeddable":true,"href":"https:\/\/vivasem.ro\/index.php?rest_route=%2Fwp%2Fv2%2Fproduct_cat&post=8446"},{"taxonomy":"product_tag","embeddable":true,"href":"https:\/\/vivasem.ro\/index.php?rest_route=%2Fwp%2Fv2%2Fproduct_tag&post=8446"}],"curies":[{"name":"wp","href":"https:\/\/api.w.org\/{rel}","templated":true}]}}